{"id":9986,"date":"2023-07-07T14:37:52","date_gmt":"2023-07-07T07:37:52","guid":{"rendered":"https:\/\/prima.com.vn\/product\/ch\u01b0a%20ph\u00e2n%20lo\u1ea1i\/ngua-tien-3\/"},"modified":"2026-01-02T14:17:42","modified_gmt":"2026-01-02T07:17:42","slug":"ngua-tien-3","status":"publish","type":"product","link":"https:\/\/prima.com.vn\/en\/product\/prima-art\/chu-de\/\/ngua-tien-3\/","title":{"rendered":"Tranh M\u1ef9 Ngh\u1ec7 Ph\u1ee7 V\u00e0ng 24K PRIMA ART -NG\u1ef0A TI\u1ec0N"},"content":{"rendered":"<p>M\u1ee5c \u0111\u1ed3ng th\u1ed5i s\u00e1o l\u00e0 m\u1ed9t trong nh\u1eefng tranh d\u00e2n gian \u0111\u1eb7c s\u1eafc c\u1ee7a Vi\u1ec7t Nam. Ch\u1ec9 v\u1edbi h\u00ecnh \u1ea3nh c\u1eadu b\u00e9 c\u01b0\u1ee1i tr\u00ean l\u01b0ng tr\u00e2u \u0111ang vi vu th\u1ed5i s\u00e1o nh\u01b0ng c\u0169ng \u0111\u1ee7 l\u00e0m to\u00e1t l\u00ean m\u1ed9t h\u00ecnh \u1ea3nh r\u1ea5t \u0111\u1ed7i quen thu\u1ed9c c\u1ee7a l\u00e0ng qu\u00ea x\u01b0a khi\u1ebfn nh\u1eefng ng\u01b0\u1eddi con \u0111\u1ea5t Vi\u1ec7t t\u1eebng m\u1ed9t th\u1eddi g\u1eafn b\u00f3 v\u1edbi \u0111\u1ed3ng ru\u1ed9ng, l\u0169y tre, ao l\u00e0ng, m\u00e1i \u0111\u00ecnh, gi\u1ebfng n\u01b0\u1edbc,&#8230; \u0111\u1ec1u c\u1ea3m th\u1ea5y b\u1ed3i h\u1ed3i, x\u00fac \u0111\u1ed9ng khi ngh\u0129 v\u1ec1 nh\u1eefng th\u00e1ng ng\u00e0y y\u00ean b\u00ecnh \u0111\u1ea5y.<\/p>\n<p>\ud83d\udc8cCH\u00cdNH S\u00c1CH B\u1ea2O H\u00c0NH<\/p>\n<p>\u0110\u00e2y l\u00e0 s\u1ea3n ph\u1ea9m s\u00e1ng t\u1ea1o ch\u1ea5t l\u01b0\u1ee3ng cao c\u1ee7a th\u01b0\u01a1ng hi\u1ec7u PRIMA ART, \u0111\u01b0\u1ee3c thi\u1ebft k\u1ebf v\u00e0 ch\u1ebf t\u1ea1o quy tr\u00ecnh nghi\u00eam ng\u1eb7t c\u1ee7a Cty TNHH Pranda Vi\u1ec7t Nam, th\u00e0nh vi\u00ean c\u1ee7a T\u1eadp \u0111o\u00e0n Pranda, Th\u00e1i Lan. M\u1ed7i s\u1ea3n ph\u1ea9m PRIMA t\u00e1c ph\u1ea9m ngh\u1ec7 thu\u1eadt th\u1ee7 c\u00f4ng s\u1eed d\u1ee5ng v\u00e0ng 24K, ch\u1ebf t\u00e1c b\u1edfi c\u00e1c th\u1ee3 kim ho\u00e0n c\u00f3 tay ngh\u1ec1 cao v\u1edbi k\u1ef9 thu\u1eadt hi\u1ec7n \u0111\u1ea1i.<\/p>\n<p>\ud83d\udc8cQuy \u0111\u1ecbnh v\u00e0 \u0111i\u1ec1u ki\u1ec7n:<\/p>\n<p>Th\u1eddi h\u1ea1n b\u1ea3o h\u00e0nh 02 n\u0103m k\u1ec3 t\u1eeb ng\u00e0y mua ghi tr\u00ean phi\u1ebfu\/th\u1ebb b\u1ea3o h\u00e0nh.<\/p>\n<p>\u2714\ufe0fS\u1ea3n ph\u1ea9m \u0111\u01b0\u1ee3c b\u1ea3o h\u00e0nh trong c\u00e1c tr\u01b0\u1eddng h\u1ee3p sau:<\/p>\n<p>&#8211; L\u1ed7i k\u1ef9 thu\u1eadt s\u1ea3n ph\u1ea9m ph\u00e1t sinh trong qu\u00e1 tr\u00ecnh s\u1ea3n xu\u1ea5t, \u0111\u01b0\u1ee3c ki\u1ec3m tra b\u1edfi Cty TNHH Pranda Vi\u1ec7t Nam.<\/p>\n<p>&#8211; Th\u1eddi gian b\u1ea3o h\u00e0nh c\u00f2n hi\u1ec7u l\u1ef1c. Phi\u1ebfu\/th\u1ebb b\u1ea3o h\u00e0nh c\u00f2n nguy\u00ean v\u00e0 \u0111\u1ea7y \u0111\u1ee7 th\u00f4ng tin s\u1ea3n ph\u1ea9m.<\/p>\n<p>\ud83d\udc8cS\u1ea3n ph\u1ea9m kh\u00f4ng \u0111\u01b0\u1ee3c b\u1ea3o h\u00e0nh trong c\u00e1c tr\u01b0\u1eddng h\u1ee3p sau:<\/p>\n<p>&#8211; H\u01b0 h\u1ea1i do (i) s\u1eed d\u1ee5ng \/ v\u1eadn chuy\u1ec3n kh\u00f4ng \u0111\u00fang c\u00e1ch, sai m\u1ee5c \u0111\u00edch, t\u1ef1 \u00fd thay \u0111\u1ed5i \/ s\u1eeda ch\u1eefa c\u00e1c linh ki\u1ec7n v.v\u2026v\u00e0 s\u1ea3n ph\u1ea9m kh\u00f4ng c\u00f2n nguy\u00ean tr\u1ea1ng nh\u01b0 s\u1ea3n ph\u1ea9m ban \u0111\u1ea7u, (ii) b\u1ea5t kh\u1ea3 kh\u00e1ng (kh\u00ed h\u1eadu, chi\u1ebfn tranh, v.v).<\/p>\n<p>&#8211; Kh\u00e1ch h\u00e0ng c\u00f3 th\u1ec3 ph\u1ea3i tr\u1ea3 ph\u00ed b\u1ea3o h\u00e0nh ho\u1eb7c s\u1eeda ch\u1eefa.<\/p>\n<p>&#8211; Th\u1eddi gian b\u1ea3o h\u00e0nh ho\u1eb7c s\u1eeda ch\u1eefa t\u1eeb 10 ng\u00e0y t\u1ea1i H\u1ed3 Ch\u00ed Minh v\u00e0 t\u1eeb 14 ng\u00e0y t\u1ea1i H\u00e0 N\u1ed9i. C\u00e1c tr\u01b0\u1eddng h\u1ee3p s\u1ea3n ph\u1ea9m b\u1ecb h\u01b0 h\u1ecfng n\u1eb7ng \u0111\u01b0\u1ee3c quy\u1ebft \u0111\u1ecbnh b\u1edfi Cty TNHH Pranda Vi\u1ec7t Nam, th\u1eddi gian s\u1ebd m\u1ea5t kho\u1ea3ng t\u1eeb 25 \u0111\u1ebfn 30 ng\u00e0y t\u00f9y tr\u01b0\u1eddng h\u1ee3p.<\/p>\n<p>\u2714\ufe0fCH\u00cdNH S\u00c1CH TH\u00c2U \u0110\u1ed4I<\/p>\n<p>PRIMA Vi\u1ec7t Nam KH\u00d4NG NH\u1eacN TH\u00c2U \u0110\u1ed4I \u0110\u1ed0I V\u1edaI S\u1ea2N PH\u1ea8M TRANH &amp; QU\u00c0 T\u1eb6NG V\u00c0NG<\/p>\n<p>*L\u01afU \u00dd: GI\u00c1 S\u1ea2N PH\u1ea8M CH\u01afA BAO G\u1ed2M PH\u00cd V\u1eacN CHUY\u1ec2N<\/p>\n<p>\ud83d\udc8c MI\u1ec4N PH\u00cd V\u1eacN CHUY\u1ec2N khu v\u1ef1c n\u1ed9i th\u00e0nh H\u1ed2 CH\u00cd MINH v\u00e0 H\u00c0 N\u1ed8I<\/p>\n<p>Exquisite handcrafted gold-coated artwork:<\/p>\n<p>\u2022PRIMA ART is crafted using a unique technique: Pure 24K gold is processed into fine particles and carefully coated onto a special base material. Skilled artisans then meticulously cut, carve, and assemble each detail by hand, creating vivid, dimensional, and highly valuable works of art. <\/p>","protected":false},"excerpt":{"rendered":"<p>T\u00e1c ph\u1ea9m Ng\u1ef1a Ch\u00e2u B\u00e1u l\u00e0 bi\u1ec3u t\u01b0\u1ee3ng c\u1ee7a t\u00e0i l\u1ed9c, s\u1ee9c m\u1ea1nh v\u00e0 s\u1ef1 b\u1ea3o v\u1ec7. \u0110\u01b0\u1ee3c ch\u1ebf t\u00e1c tinh x\u1ea3o, t\u00e1c ph\u1ea9m kh\u1eafc h\u1ecda h\u00ecnh \u1ea3nh ch\u00fa ng\u1ef1a oai phong \u0111ang canh gi\u1eef kho b\u00e1u qu\u00fd gi\u00e1, \u0111\u1ea1i di\u1ec7n cho v\u1ecb th\u1ea7n h\u1ed9 m\u1ec7nh c\u1ee7a s\u1ef1 th\u1ecbnh v\u01b0\u1ee3ng v\u00e0 sung t\u00fac. Ho\u00e0n h\u1ea3o \u0111\u1ec3 tr\u01b0ng b\u00e0y trong m\u1ecdi kh\u00f4ng gian, t\u00e1c ph\u1ea9m mang l\u1ea1i ngu\u1ed3n n\u0103ng l\u01b0\u1ee3ng c\u1ee7a s\u1ef1 an to\u00e0n v\u00e0 gi\u00e0u c\u00f3, truy\u1ec1n c\u1ea3m h\u1ee9ng \u0111\u1ec3 b\u1ea1n tr\u00e2n tr\u1ecdng v\u00e0 g\u00ecn gi\u1eef nh\u1eefng gi\u00e1 tr\u1ecb qu\u00fd b\u00e1u trong cu\u1ed9c s\u1ed1ng.<\/p>","protected":false},"featured_media":8529,"comment_status":"open","ping_status":"closed","template":"","meta":[],"product_cat":[249,374,375,127,291,384,259],"product_tag":[],"class_list":{"0":"post-9986","1":"product","2":"type-product","3":"status-publish","4":"has-post-thumbnail","6":"product_cat-qua-tang-tri-an","7":"product_cat-trang-tri-nha-cua","8":"product_cat-trang-tri-van-phong","9":"product_cat-tranh-vang","10":"product_cat-van-hoa-va-di-san","11":"product_cat-van-hoa-viet-nam","12":"product_cat-vang-24k-metal-prima-art","14":"first","15":"instock","16":"shipping-taxable","17":"purchasable","18":"product-type-simple"},"acf":[],"_links":{"self":[{"href":"https:\/\/prima.com.vn\/en\/wp-json\/wp\/v2\/product\/9986","targetHints":{"allow":["GET"]}}],"collection":[{"href":"https:\/\/prima.com.vn\/en\/wp-json\/wp\/v2\/product"}],"about":[{"href":"https:\/\/prima.com.vn\/en\/wp-json\/wp\/v2\/types\/product"}],"replies":[{"embeddable":true,"href":"https:\/\/prima.com.vn\/en\/wp-json\/wp\/v2\/comments?post=9986"}],"version-history":[{"count":10,"href":"https:\/\/prima.com.vn\/en\/wp-json\/wp\/v2\/product\/9986\/revisions"}],"predecessor-version":[{"id":16375,"href":"https:\/\/prima.com.vn\/en\/wp-json\/wp\/v2\/product\/9986\/revisions\/16375"}],"wp:featuredmedia":[{"embeddable":true,"href":"https:\/\/prima.com.vn\/en\/wp-json\/wp\/v2\/media\/8529"}],"wp:attachment":[{"href":"https:\/\/prima.com.vn\/en\/wp-json\/wp\/v2\/media?parent=9986"}],"wp:term":[{"taxonomy":"product_cat","embeddable":true,"href":"https:\/\/prima.com.vn\/en\/wp-json\/wp\/v2\/product_cat?post=9986"},{"taxonomy":"product_tag","embeddable":true,"href":"https:\/\/prima.com.vn\/en\/wp-json\/wp\/v2\/product_tag?post=9986"}],"curies":[{"name":"wp","href":"https:\/\/api.w.org\/{rel}","templated":true}]}}