{"id":9982,"date":"2023-07-07T14:37:51","date_gmt":"2023-07-07T07:37:51","guid":{"rendered":"https:\/\/prima.com.vn\/product\/ch\u01b0a%20ph\u00e2n%20lo\u1ea1i\/ga-vang-phu-quy-17-x-15-x-22-cm\/"},"modified":"2026-01-02T14:19:53","modified_gmt":"2026-01-02T07:19:53","slug":"ga-vang-phu-quy-17-x-15-x-22-cm","status":"publish","type":"product","link":"https:\/\/prima.com.vn\/en\/product\/prima-art\/chu-de\/\/ga-vang-phu-quy-17-x-15-x-22-cm\/","title":{"rendered":"T\u01b0\u1ee3ng M\u1ef9 Ngh\u1ec7 M\u1ea1 V\u00e0ng 24K &#8211;  G\u00c0 V\u00e0ng PH\u00da QU\u00dd &#8211; 17 x 15 x 22 cm"},"content":{"rendered":"<p>Ng\u00e0y nay, \u00fd ngh\u0129a c\u1ee7a hoa phong lan \u0111\u01b0\u1ee3c coi l\u00e0 m\u1ed9t bi\u1ec3u t\u01b0\u1ee3ng c\u1ee7a v\u1ebb \u0111\u1eb9p hi\u1ebfm th\u1ea5y v\u00e0 tinh t\u1ebf. Hoa lan l\u00e0 lo\u1ea1i hoa \u0111\u01b0\u1ee3c tr\u1ed3ng \u0111\u1ec3 l\u00e0m \u0111\u1eb9p cho ng\u00f4i nh\u00e0 ph\u1ed5 bi\u1ebfn nh\u1ea5t, c\u00f9ng v\u1edbi hoa lily. \u0110\u1ed1i v\u1edbi m\u1ed7i ng\u01b0\u1eddi, m\u1ed7i qu\u1ed1c gia, m\u1ed7i v\u00f9ng mi\u1ec1n, hoa lan \u0111\u1ec1u mang nh\u1eefng \u00fd ngh\u0129a kh\u00e1c nh\u01b0ng tr\u00ean h\u1ebft ch\u00fang l\u00e0 nh\u1eefng \u0111\u00f3a hoa t\u01b0\u1ee3ng tr\u01b0ng cho v\u1ebb \u0111\u1eb9p cao sang, qu\u00fd ph\u00e1i v\u00e0 l\u00e0 \u201cN\u1eef ho\u00e0ng c\u1ee7a c\u00e1c lo\u00e0i hoa\u201d.<\/p>\n<p>\ud83d\udc8cCH\u00cdNH S\u00c1CH B\u1ea2O H\u00c0NH<\/p>\n<p>\u0110\u00e2y l\u00e0 s\u1ea3n ph\u1ea9m s\u00e1ng t\u1ea1o ch\u1ea5t l\u01b0\u1ee3ng cao c\u1ee7a th\u01b0\u01a1ng hi\u1ec7u PRIMA ART, \u0111\u01b0\u1ee3c thi\u1ebft k\u1ebf v\u00e0 ch\u1ebf t\u1ea1o quy tr\u00ecnh nghi\u00eam ng\u1eb7t c\u1ee7a Cty TNHH Pranda Vi\u1ec7t Nam, th\u00e0nh vi\u00ean c\u1ee7a T\u1eadp \u0111o\u00e0n Pranda, Th\u00e1i Lan. M\u1ed7i s\u1ea3n ph\u1ea9m PRIMA t\u00e1c ph\u1ea9m ngh\u1ec7 thu\u1eadt th\u1ee7 c\u00f4ng s\u1eed d\u1ee5ng v\u00e0ng 24K, ch\u1ebf t\u00e1c b\u1edfi c\u00e1c th\u1ee3 kim ho\u00e0n c\u00f3 tay ngh\u1ec1 cao v\u1edbi k\u1ef9 thu\u1eadt hi\u1ec7n \u0111\u1ea1i.<\/p>\n<p>\ud83d\udc8cQuy \u0111\u1ecbnh v\u00e0 \u0111i\u1ec1u ki\u1ec7n:<\/p>\n<p>Th\u1eddi h\u1ea1n b\u1ea3o h\u00e0nh 02 n\u0103m k\u1ec3 t\u1eeb ng\u00e0y mua ghi tr\u00ean phi\u1ebfu\/th\u1ebb b\u1ea3o h\u00e0nh.<\/p>\n<p>\u2714\ufe0fS\u1ea3n ph\u1ea9m \u0111\u01b0\u1ee3c b\u1ea3o h\u00e0nh trong c\u00e1c tr\u01b0\u1eddng h\u1ee3p sau:<\/p>\n<p>&#8211; L\u1ed7i k\u1ef9 thu\u1eadt s\u1ea3n ph\u1ea9m ph\u00e1t sinh trong qu\u00e1 tr\u00ecnh s\u1ea3n xu\u1ea5t, \u0111\u01b0\u1ee3c ki\u1ec3m tra b\u1edfi Cty TNHH Pranda Vi\u1ec7t Nam.<\/p>\n<p>&#8211; Th\u1eddi gian b\u1ea3o h\u00e0nh c\u00f2n hi\u1ec7u l\u1ef1c. Phi\u1ebfu\/th\u1ebb b\u1ea3o h\u00e0nh c\u00f2n nguy\u00ean v\u00e0 \u0111\u1ea7y \u0111\u1ee7 th\u00f4ng tin s\u1ea3n ph\u1ea9m.<\/p>\n<p>\ud83d\udc8cS\u1ea3n ph\u1ea9m kh\u00f4ng \u0111\u01b0\u1ee3c b\u1ea3o h\u00e0nh trong c\u00e1c tr\u01b0\u1eddng h\u1ee3p sau:<\/p>\n<p>&#8211; H\u01b0 h\u1ea1i do (i) s\u1eed d\u1ee5ng \/ v\u1eadn chuy\u1ec3n kh\u00f4ng \u0111\u00fang c\u00e1ch, sai m\u1ee5c \u0111\u00edch, t\u1ef1 \u00fd thay \u0111\u1ed5i \/ s\u1eeda ch\u1eefa c\u00e1c linh ki\u1ec7n v.v\u2026v\u00e0 s\u1ea3n ph\u1ea9m kh\u00f4ng c\u00f2n nguy\u00ean tr\u1ea1ng nh\u01b0 s\u1ea3n ph\u1ea9m ban \u0111\u1ea7u, (ii) b\u1ea5t kh\u1ea3 kh\u00e1ng (kh\u00ed h\u1eadu, chi\u1ebfn tranh, v.v).<\/p>\n<p>&#8211; Kh\u00e1ch h\u00e0ng c\u00f3 th\u1ec3 ph\u1ea3i tr\u1ea3 ph\u00ed b\u1ea3o h\u00e0nh ho\u1eb7c s\u1eeda ch\u1eefa.<\/p>\n<p>&#8211; Th\u1eddi gian b\u1ea3o h\u00e0nh ho\u1eb7c s\u1eeda ch\u1eefa t\u1eeb 10 ng\u00e0y t\u1ea1i H\u1ed3 Ch\u00ed Minh v\u00e0 t\u1eeb 14 ng\u00e0y t\u1ea1i H\u00e0 N\u1ed9i. C\u00e1c tr\u01b0\u1eddng h\u1ee3p s\u1ea3n ph\u1ea9m b\u1ecb h\u01b0 h\u1ecfng n\u1eb7ng \u0111\u01b0\u1ee3c quy\u1ebft \u0111\u1ecbnh b\u1edfi Cty TNHH Pranda Vi\u1ec7t Nam, th\u1eddi gian s\u1ebd m\u1ea5t kho\u1ea3ng t\u1eeb 25 \u0111\u1ebfn 30 ng\u00e0y t\u00f9y tr\u01b0\u1eddng h\u1ee3p.<\/p>\n<p>\u2714\ufe0fCH\u00cdNH S\u00c1CH TH\u00c2U \u0110\u1ed4I<\/p>\n<p>PRIMA Vi\u1ec7t Nam KH\u00d4NG NH\u1eacN TH\u00c2U \u0110\u1ed4I \u0110\u1ed0I V\u1edaI S\u1ea2N PH\u1ea8M TRANH &amp; QU\u00c0 T\u1eb6NG V\u00c0NG<\/p>\n<p>*L\u01afU \u00dd: GI\u00c1 S\u1ea2N PH\u1ea8M CH\u01afA BAO G\u1ed2M PH\u00cd V\u1eacN CHUY\u1ec2N<\/p>\n<p>\ud83d\udc8c MI\u1ec4N PH\u00cd V\u1eacN CHUY\u1ec2N khu v\u1ef1c n\u1ed9i th\u00e0nh H\u1ed2 CH\u00cd MINH v\u00e0 H\u00c0 N\u1ed8I<\/p>\n<p>Exquisite handcrafted gold-coated artwork:<\/p>\n<p>\u2022PRIMA ART is crafted using a unique technique: Pure 24K gold is processed into fine particles and carefully coated onto a special base material. Skilled artisans then meticulously cut, carve, and assemble each detail by hand, creating vivid, dimensional, and highly valuable works of art. <\/p>","protected":false},"excerpt":{"rendered":"<p>T\u01b0\u1ee3ng &#8220;G\u00e0 V\u00e0ng Ph\u00fa Qu\u00fd&#8221; l\u00e0 bi\u1ec3u t\u01b0\u1ee3ng c\u1ee7a t\u00e0i l\u1ed9c, th\u1ecbnh v\u01b0\u1ee3ng v\u00e0 may m\u1eafn. T\u00e1c ph\u1ea9m \u0111\u01b0\u1ee3c ch\u1ebf t\u00e1c tinh x\u1ea3o, t\u00e1i hi\u1ec7n h\u00ecnh \u1ea3nh g\u00e0 tr\u1ed1ng oai phong &#8211; \u0111\u1ea1i di\u1ec7n cho s\u1ef1 t\u1ec9nh th\u1ee9c, th\u00e0nh c\u00f4ng v\u00e0 v\u01b0\u1ee3ng kh\u00ed. Ho\u00e0n h\u1ea3o \u0111\u1ec3 tr\u01b0ng b\u00e0y trong b\u1ea5t k\u1ef3 kh\u00f4ng gian n\u00e0o, t\u01b0\u1ee3ng mang \u0111\u1ebfn c\u1ea3m gi\u00e1c ph\u00fa qu\u00fd, h\u1ee9a h\u1eb9n s\u1ef1 hanh th\u00f4ng v\u00e0 th\u00e0nh c\u00f4ng b\u1ec1n v\u1eefng cho gia ch\u1ee7.<\/p>","protected":false},"featured_media":8843,"comment_status":"open","ping_status":"closed","template":"","meta":[],"product_cat":[372,249,374,375,127,291,384,259],"product_tag":[],"class_list":{"0":"post-9982","1":"product","2":"type-product","3":"status-publish","4":"has-post-thumbnail","6":"product_cat-qua-mung-tan-gia","7":"product_cat-qua-tang-tri-an","8":"product_cat-trang-tri-nha-cua","9":"product_cat-trang-tri-van-phong","10":"product_cat-tranh-vang","11":"product_cat-van-hoa-va-di-san","12":"product_cat-van-hoa-viet-nam","13":"product_cat-vang-24k-metal-prima-art","15":"first","16":"instock","17":"shipping-taxable","18":"purchasable","19":"product-type-simple"},"acf":[],"_links":{"self":[{"href":"https:\/\/prima.com.vn\/en\/wp-json\/wp\/v2\/product\/9982","targetHints":{"allow":["GET"]}}],"collection":[{"href":"https:\/\/prima.com.vn\/en\/wp-json\/wp\/v2\/product"}],"about":[{"href":"https:\/\/prima.com.vn\/en\/wp-json\/wp\/v2\/types\/product"}],"replies":[{"embeddable":true,"href":"https:\/\/prima.com.vn\/en\/wp-json\/wp\/v2\/comments?post=9982"}],"version-history":[{"count":7,"href":"https:\/\/prima.com.vn\/en\/wp-json\/wp\/v2\/product\/9982\/revisions"}],"predecessor-version":[{"id":16449,"href":"https:\/\/prima.com.vn\/en\/wp-json\/wp\/v2\/product\/9982\/revisions\/16449"}],"wp:featuredmedia":[{"embeddable":true,"href":"https:\/\/prima.com.vn\/en\/wp-json\/wp\/v2\/media\/8843"}],"wp:attachment":[{"href":"https:\/\/prima.com.vn\/en\/wp-json\/wp\/v2\/media?parent=9982"}],"wp:term":[{"taxonomy":"product_cat","embeddable":true,"href":"https:\/\/prima.com.vn\/en\/wp-json\/wp\/v2\/product_cat?post=9982"},{"taxonomy":"product_tag","embeddable":true,"href":"https:\/\/prima.com.vn\/en\/wp-json\/wp\/v2\/product_tag?post=9982"}],"curies":[{"name":"wp","href":"https:\/\/api.w.org\/{rel}","templated":true}]}}