{"id":9944,"date":"2023-07-07T14:37:28","date_gmt":"2023-07-07T07:37:28","guid":{"rendered":"https:\/\/prima.com.vn\/product\/ch\u01b0a%20ph\u00e2n%20lo\u1ea1i\/ca-chep-vang-3\/"},"modified":"2026-01-02T14:15:50","modified_gmt":"2026-01-02T07:15:50","slug":"ca-chep-vang-3","status":"publish","type":"product","link":"https:\/\/prima.com.vn\/en\/product\/prima-art\/chu-de\/\/ca-chep-vang-3\/","title":{"rendered":"Tranh M\u1ef9 Ngh\u1ec7 Ph\u1ee7 V\u00e0ng 24K PRIMA ART -C\u00c1 CH\u00c9P V\u00e0ng 3"},"content":{"rendered":"<p>R\u1ed3ng l\u00e0 lo\u00e0i v\u1eadt linh thi\u00eang theo truy\u1ec1n thuy\u1ebft t\u1eeb xa x\u01b0a c\u1ee7a ng\u01b0\u1eddi ph\u01b0\u01a1ng \u0110\u00f4ng,<br \/>\n\u0111\u01b0\u1ee3c coi l\u00e0 h\u00ecnh \u1ea3nh t\u01b0\u01a1ng tr\u01b0ng cho \u0111i\u1ec1u t\u1ed1t l\u00e0nh.<br \/>\n&#8220;Long kh\u00ed&#8221; l\u00e0 sinh l\u1ef1c c\u1ee7a v\u0169 tr\u1ee5, n\u00f3 \u1ea9n hi\u1ec7n trong l\u00f2ng \u0111\u1ea5t, v\u1eadn chuy\u1ec3n th\u00e0nh long m\u1ea1ch, m\u00e0 t\u1eeb x\u01b0a c\u00e1c \u0111\u1ea1i s\u01b0 phong th\u1ee7y \u0111\u00e3 d\u00e0y c\u00f4ng t\u00ecm ki\u1ebfm&#8230; Ngu\u1ed3n sinh kh\u00ed v\u0129 \u0111\u1ea1i \u1ea5y xu\u1ea5t ph\u00e1t t\u1eeb h\u01b0\u1edbng \u0110\u00f4ng, n\u00ean c\u00e1c \u0111\u1ea1i s\u01b0 phong th\u1ee7y \u0111\u00e3 t\u00ecm nhi\u1ec1u c\u00e1ch v\u1eadn d\u1ee5ng v\u00e0 k\u00edch th\u00edch sinh kh\u00ed \u1edf h\u01b0\u1edbng n\u00e0y<br \/>\nTreo tranh r\u1ed3ng ho\u1eb7c \u0111\u1eb7t t\u01b0\u1ee3ng r\u1ed3ng \u1edf h\u01b0\u1edbng \u0110\u00f4ng.<\/p>\n<p>\ud83d\udc8cCH\u00cdNH S\u00c1CH B\u1ea2O H\u00c0NH<\/p>\n<p>\u0110\u00e2y l\u00e0 s\u1ea3n ph\u1ea9m s\u00e1ng t\u1ea1o ch\u1ea5t l\u01b0\u1ee3ng cao c\u1ee7a th\u01b0\u01a1ng hi\u1ec7u PRIMA ART, \u0111\u01b0\u1ee3c thi\u1ebft k\u1ebf v\u00e0 ch\u1ebf t\u1ea1o quy tr\u00ecnh nghi\u00eam ng\u1eb7t c\u1ee7a Cty TNHH Pranda Vi\u1ec7t Nam, th\u00e0nh vi\u00ean c\u1ee7a T\u1eadp \u0111o\u00e0n Pranda, Th\u00e1i Lan. M\u1ed7i s\u1ea3n ph\u1ea9m PRIMA t\u00e1c ph\u1ea9m ngh\u1ec7 thu\u1eadt th\u1ee7 c\u00f4ng s\u1eed d\u1ee5ng v\u00e0ng 24K, ch\u1ebf t\u00e1c b\u1edfi c\u00e1c th\u1ee3 kim ho\u00e0n c\u00f3 tay ngh\u1ec1 cao v\u1edbi k\u1ef9 thu\u1eadt hi\u1ec7n \u0111\u1ea1i.<\/p>\n<p>\ud83d\udc8cQuy \u0111\u1ecbnh v\u00e0 \u0111i\u1ec1u ki\u1ec7n:<\/p>\n<p>Th\u1eddi h\u1ea1n b\u1ea3o h\u00e0nh 02 n\u0103m k\u1ec3 t\u1eeb ng\u00e0y mua ghi tr\u00ean phi\u1ebfu\/th\u1ebb b\u1ea3o h\u00e0nh.<\/p>\n<p>\u2714\ufe0fS\u1ea3n ph\u1ea9m \u0111\u01b0\u1ee3c b\u1ea3o h\u00e0nh trong c\u00e1c tr\u01b0\u1eddng h\u1ee3p sau:<\/p>\n<p>&#8211; L\u1ed7i k\u1ef9 thu\u1eadt s\u1ea3n ph\u1ea9m ph\u00e1t sinh trong qu\u00e1 tr\u00ecnh s\u1ea3n xu\u1ea5t, \u0111\u01b0\u1ee3c ki\u1ec3m tra b\u1edfi Cty TNHH Pranda Vi\u1ec7t Nam.<\/p>\n<p>&#8211; Th\u1eddi gian b\u1ea3o h\u00e0nh c\u00f2n hi\u1ec7u l\u1ef1c. Phi\u1ebfu\/th\u1ebb b\u1ea3o h\u00e0nh c\u00f2n nguy\u00ean v\u00e0 \u0111\u1ea7y \u0111\u1ee7 th\u00f4ng tin s\u1ea3n ph\u1ea9m.<\/p>\n<p>\ud83d\udc8cS\u1ea3n ph\u1ea9m kh\u00f4ng \u0111\u01b0\u1ee3c b\u1ea3o h\u00e0nh trong c\u00e1c tr\u01b0\u1eddng h\u1ee3p sau:<\/p>\n<p>&#8211; H\u01b0 h\u1ea1i do (i) s\u1eed d\u1ee5ng \/ v\u1eadn chuy\u1ec3n kh\u00f4ng \u0111\u00fang c\u00e1ch, sai m\u1ee5c \u0111\u00edch, t\u1ef1 \u00fd thay \u0111\u1ed5i \/ s\u1eeda ch\u1eefa c\u00e1c linh ki\u1ec7n v.v\u2026v\u00e0 s\u1ea3n ph\u1ea9m kh\u00f4ng c\u00f2n nguy\u00ean tr\u1ea1ng nh\u01b0 s\u1ea3n ph\u1ea9m ban \u0111\u1ea7u, (ii) b\u1ea5t kh\u1ea3 kh\u00e1ng (kh\u00ed h\u1eadu, chi\u1ebfn tranh, v.v).<\/p>\n<p>&#8211; Kh\u00e1ch h\u00e0ng c\u00f3 th\u1ec3 ph\u1ea3i tr\u1ea3 ph\u00ed b\u1ea3o h\u00e0nh ho\u1eb7c s\u1eeda ch\u1eefa.<\/p>\n<p>&#8211; Th\u1eddi gian b\u1ea3o h\u00e0nh ho\u1eb7c s\u1eeda ch\u1eefa t\u1eeb 10 ng\u00e0y t\u1ea1i H\u1ed3 Ch\u00ed Minh v\u00e0 t\u1eeb 14 ng\u00e0y t\u1ea1i H\u00e0 N\u1ed9i. C\u00e1c tr\u01b0\u1eddng h\u1ee3p s\u1ea3n ph\u1ea9m b\u1ecb h\u01b0 h\u1ecfng n\u1eb7ng \u0111\u01b0\u1ee3c quy\u1ebft \u0111\u1ecbnh b\u1edfi Cty TNHH Pranda Vi\u1ec7t Nam, th\u1eddi gian s\u1ebd m\u1ea5t kho\u1ea3ng t\u1eeb 25 \u0111\u1ebfn 30 ng\u00e0y t\u00f9y tr\u01b0\u1eddng h\u1ee3p.<\/p>\n<p>\u2714\ufe0fCH\u00cdNH S\u00c1CH TH\u00c2U \u0110\u1ed4I<\/p>\n<p>PRIMA Vi\u1ec7t Nam KH\u00d4NG NH\u1eacN TH\u00c2U \u0110\u1ed4I \u0110\u1ed0I V\u1edaI S\u1ea2N PH\u1ea8M TRANH &amp; QU\u00c0 T\u1eb6NG V\u00c0NG<\/p>\n<p>*L\u01afU \u00dd: GI\u00c1 S\u1ea2N PH\u1ea8M CH\u01afA BAO G\u1ed2M PH\u00cd V\u1eacN CHUY\u1ec2N<\/p>\n<p>\ud83d\udc8c MI\u1ec4N PH\u00cd V\u1eacN CHUY\u1ec2N khu v\u1ef1c n\u1ed9i th\u00e0nh H\u1ed2 CH\u00cd MINH v\u00e0 H\u00c0 N\u1ed8I<\/p>\n<p>Exquisite handcrafted gold-coated artwork:<\/p>\n<p>\u2022PRIMA ART is crafted using a unique technique: Pure 24K gold is processed into fine particles and carefully coated onto a special base material. Skilled artisans then meticulously cut, carve, and assemble each detail by hand, creating vivid, dimensional, and highly valuable works of art. <\/p>","protected":false},"excerpt":{"rendered":"<p>T\u00e1c ph\u1ea9m C\u00e1 Ch\u00e9p V\u00e0ng Vui V\u1ebb t\u01b0\u1ee3ng tr\u01b0ng cho h\u1ea1nh ph\u00fac, th\u1ecbnh v\u01b0\u1ee3ng v\u00e0 may m\u1eafn. H\u00ecnh \u1ea3nh \u0111\u00f4i c\u00e1 ch\u00e9p b\u01a1i l\u1ed9i vui v\u1ebb \u0111\u01b0\u1ee3c ch\u1ebf t\u00e1c tinh x\u1ea3o, th\u1ec3 hi\u1ec7n tr\u1ecdn v\u1eb9n ngu\u1ed3n n\u0103ng l\u01b0\u1ee3ng t\u01b0\u01a1i vui v\u00e0 sinh \u0111\u1ed9ng. Ph\u00f9 h\u1ee3p v\u1edbi m\u1ecdi kh\u00f4ng gian tr\u01b0ng b\u00e0y, t\u00e1c ph\u1ea9m mang \u0111\u1ebfn ngu\u1ed3n n\u0103ng l\u01b0\u1ee3ng t\u00edch c\u1ef1c v\u00e0 c\u1ea3m gi\u00e1c h\u00e2n hoan, truy\u1ec1n c\u1ea3m h\u1ee9ng \u0111\u1ec3 b\u1ea1n \u0111\u00f3n nh\u1eadn s\u1ef1 \u0111\u1ee7 \u0111\u1ea7y v\u00e0 nh\u1eefng c\u01a1 h\u1ed9i c\u1ee7a cu\u1ed9c s\u1ed1ng v\u1edbi m\u1ed9t tr\u00e1i tim r\u1ea1ng r\u1ee1.<\/p>","protected":false},"featured_media":8486,"comment_status":"open","ping_status":"closed","template":"","meta":[],"product_cat":[134,372,379,247,249,335,378,375,127,259],"product_tag":[],"class_list":{"0":"post-9944","1":"product","2":"type-product","3":"status-publish","4":"has-post-thumbnail","6":"product_cat-phong-thuy-thinh-vuong","7":"product_cat-qua-mung-tan-gia","8":"product_cat-qua-mung-thang-tien-qua-tang-tri-anqua-tang","9":"product_cat-qua-tang-sinh-nhat","10":"product_cat-qua-tang-tri-an","11":"product_cat-quyen-quy","12":"product_cat-trang-tri-nha-cua-qua-tang-tri-anqua-tang","13":"product_cat-trang-tri-van-phong","14":"product_cat-tranh-vang","15":"product_cat-vang-24k-metal-prima-art","17":"first","18":"instock","19":"shipping-taxable","20":"purchasable","21":"product-type-simple"},"acf":[],"_links":{"self":[{"href":"https:\/\/prima.com.vn\/en\/wp-json\/wp\/v2\/product\/9944","targetHints":{"allow":["GET"]}}],"collection":[{"href":"https:\/\/prima.com.vn\/en\/wp-json\/wp\/v2\/product"}],"about":[{"href":"https:\/\/prima.com.vn\/en\/wp-json\/wp\/v2\/types\/product"}],"replies":[{"embeddable":true,"href":"https:\/\/prima.com.vn\/en\/wp-json\/wp\/v2\/comments?post=9944"}],"version-history":[{"count":9,"href":"https:\/\/prima.com.vn\/en\/wp-json\/wp\/v2\/product\/9944\/revisions"}],"predecessor-version":[{"id":16334,"href":"https:\/\/prima.com.vn\/en\/wp-json\/wp\/v2\/product\/9944\/revisions\/16334"}],"wp:featuredmedia":[{"embeddable":true,"href":"https:\/\/prima.com.vn\/en\/wp-json\/wp\/v2\/media\/8486"}],"wp:attachment":[{"href":"https:\/\/prima.com.vn\/en\/wp-json\/wp\/v2\/media?parent=9944"}],"wp:term":[{"taxonomy":"product_cat","embeddable":true,"href":"https:\/\/prima.com.vn\/en\/wp-json\/wp\/v2\/product_cat?post=9944"},{"taxonomy":"product_tag","embeddable":true,"href":"https:\/\/prima.com.vn\/en\/wp-json\/wp\/v2\/product_tag?post=9944"}],"curies":[{"name":"wp","href":"https:\/\/api.w.org\/{rel}","templated":true}]}}