{"id":9919,"date":"2023-07-07T14:37:17","date_gmt":"2023-07-07T07:37:17","guid":{"rendered":"https:\/\/prima.com.vn\/product\/ch\u01b0a%20ph\u00e2n%20lo\u1ea1i\/bieu-tuong-tuat\/"},"modified":"2026-01-02T14:14:54","modified_gmt":"2026-01-02T07:14:54","slug":"bieu-tuong-tuat","status":"publish","type":"product","link":"https:\/\/prima.com.vn\/en\/product\/prima-art\/chu-de\/\/bieu-tuong-tuat\/","title":{"rendered":"Qu\u00e0 t\u1eb7ng M\u1ef9 Ngh\u1ec7 Ph\u1ee7 V\u00e0ng 24K  ( Ch\u1eb7n gi\u1ea5y) &#8211; BI\u1ec2U T\u01af\u1ee2NG TU\u1ea4T"},"content":{"rendered":"<p>Tranh ng\u1ef1a &#8221; M\u00e3 \u0110\u00e1o Th\u00e0nh C\u00f4ng &#8221; theo ti\u1ebfng H\u00e1n s\u1ed1 8 \u0111\u1ecdc theo h\u00e1n ng\u1eef c\u00f9ng m\u1ed9t \u00e2m v\u1edbi ch\u1eef Ph\u00e1t, t\u1ee9c l\u00e0 Ph\u00e1t \u0110\u1ea1t. M\u00e3 \u0111\u00e1o c\u00f3 ngh\u0129a l\u00e0 may m\u1eafn quay v\u1ec1, \u0111i v\u1ec1.<br \/>\nTrong phong th\u1ee7y, \u201cM\u00e3 \u0110\u00e1o Th\u00e0nh C\u00f4ng \u201d th\u01b0\u1eddng ch\u1ec9 d\u00e0nh t\u1eb7ng nh\u1eefng ng\u01b0\u1eddi m\u1edbi b\u1eaft \u0111\u1ea7u l\u00e0m \u0103n bu\u00f4n b\u00e1n, m\u1edbi khai tr\u01b0\u01a1ng ho\u1eb7c nh\u1eefng ng\u01b0\u1eddi \u0111ang tr\u00ean \u0111\u01b0\u1eddng l\u1eadp c\u00f4ng danh<\/p>\n<p>\ud83d\udc8cCH\u00cdNH S\u00c1CH B\u1ea2O H\u00c0NH<\/p>\n<p>\u0110\u00e2y l\u00e0 s\u1ea3n ph\u1ea9m s\u00e1ng t\u1ea1o ch\u1ea5t l\u01b0\u1ee3ng cao c\u1ee7a th\u01b0\u01a1ng hi\u1ec7u PRIMA ART, \u0111\u01b0\u1ee3c thi\u1ebft k\u1ebf v\u00e0 ch\u1ebf t\u1ea1o quy tr\u00ecnh nghi\u00eam ng\u1eb7t c\u1ee7a Cty TNHH Pranda Vi\u1ec7t Nam, th\u00e0nh vi\u00ean c\u1ee7a T\u1eadp \u0111o\u00e0n Pranda, Th\u00e1i Lan. M\u1ed7i s\u1ea3n ph\u1ea9m PRIMA t\u00e1c ph\u1ea9m ngh\u1ec7 thu\u1eadt th\u1ee7 c\u00f4ng s\u1eed d\u1ee5ng v\u00e0ng 24K, ch\u1ebf t\u00e1c b\u1edfi c\u00e1c th\u1ee3 kim ho\u00e0n c\u00f3 tay ngh\u1ec1 cao v\u1edbi k\u1ef9 thu\u1eadt hi\u1ec7n \u0111\u1ea1i.<\/p>\n<p>\ud83d\udc8cQuy \u0111\u1ecbnh v\u00e0 \u0111i\u1ec1u ki\u1ec7n:<\/p>\n<p>Th\u1eddi h\u1ea1n b\u1ea3o h\u00e0nh 02 n\u0103m k\u1ec3 t\u1eeb ng\u00e0y mua ghi tr\u00ean phi\u1ebfu\/th\u1ebb b\u1ea3o h\u00e0nh.<\/p>\n<p>\u2714\ufe0fS\u1ea3n ph\u1ea9m \u0111\u01b0\u1ee3c b\u1ea3o h\u00e0nh trong c\u00e1c tr\u01b0\u1eddng h\u1ee3p sau:<\/p>\n<p>&#8211; L\u1ed7i k\u1ef9 thu\u1eadt s\u1ea3n ph\u1ea9m ph\u00e1t sinh trong qu\u00e1 tr\u00ecnh s\u1ea3n xu\u1ea5t, \u0111\u01b0\u1ee3c ki\u1ec3m tra b\u1edfi Cty TNHH Pranda Vi\u1ec7t Nam.<\/p>\n<p>&#8211; Th\u1eddi gian b\u1ea3o h\u00e0nh c\u00f2n hi\u1ec7u l\u1ef1c. Phi\u1ebfu\/th\u1ebb b\u1ea3o h\u00e0nh c\u00f2n nguy\u00ean v\u00e0 \u0111\u1ea7y \u0111\u1ee7 th\u00f4ng tin s\u1ea3n ph\u1ea9m.<\/p>\n<p>\ud83d\udc8cS\u1ea3n ph\u1ea9m kh\u00f4ng \u0111\u01b0\u1ee3c b\u1ea3o h\u00e0nh trong c\u00e1c tr\u01b0\u1eddng h\u1ee3p sau:<\/p>\n<p>&#8211; H\u01b0 h\u1ea1i do (i) s\u1eed d\u1ee5ng \/ v\u1eadn chuy\u1ec3n kh\u00f4ng \u0111\u00fang c\u00e1ch, sai m\u1ee5c \u0111\u00edch, t\u1ef1 \u00fd thay \u0111\u1ed5i \/ s\u1eeda ch\u1eefa c\u00e1c linh ki\u1ec7n v.v\u2026v\u00e0 s\u1ea3n ph\u1ea9m kh\u00f4ng c\u00f2n nguy\u00ean tr\u1ea1ng nh\u01b0 s\u1ea3n ph\u1ea9m ban \u0111\u1ea7u, (ii) b\u1ea5t kh\u1ea3 kh\u00e1ng (kh\u00ed h\u1eadu, chi\u1ebfn tranh, v.v).<\/p>\n<p>&#8211; Kh\u00e1ch h\u00e0ng c\u00f3 th\u1ec3 ph\u1ea3i tr\u1ea3 ph\u00ed b\u1ea3o h\u00e0nh ho\u1eb7c s\u1eeda ch\u1eefa.<\/p>\n<p>&#8211; Th\u1eddi gian b\u1ea3o h\u00e0nh ho\u1eb7c s\u1eeda ch\u1eefa t\u1eeb 10 ng\u00e0y t\u1ea1i H\u1ed3 Ch\u00ed Minh v\u00e0 t\u1eeb 14 ng\u00e0y t\u1ea1i H\u00e0 N\u1ed9i. C\u00e1c tr\u01b0\u1eddng h\u1ee3p s\u1ea3n ph\u1ea9m b\u1ecb h\u01b0 h\u1ecfng n\u1eb7ng \u0111\u01b0\u1ee3c quy\u1ebft \u0111\u1ecbnh b\u1edfi Cty TNHH Pranda Vi\u1ec7t Nam, th\u1eddi gian s\u1ebd m\u1ea5t kho\u1ea3ng t\u1eeb 25 \u0111\u1ebfn 30 ng\u00e0y t\u00f9y tr\u01b0\u1eddng h\u1ee3p.<\/p>\n<p>\u2714\ufe0fCH\u00cdNH S\u00c1CH TH\u00c2U \u0110\u1ed4I<\/p>\n<p>PRIMA Vi\u1ec7t Nam KH\u00d4NG NH\u1eacN TH\u00c2U \u0110\u1ed4I \u0110\u1ed0I V\u1edaI S\u1ea2N PH\u1ea8M TRANH &amp; QU\u00c0 T\u1eb6NG V\u00c0NG<\/p>\n<p>*L\u01afU \u00dd: GI\u00c1 S\u1ea2N PH\u1ea8M CH\u01afA BAO G\u1ed2M PH\u00cd V\u1eacN CHUY\u1ec2N<\/p>\n<p>\ud83d\udc8c MI\u1ec4N PH\u00cd V\u1eacN CHUY\u1ec2N khu v\u1ef1c n\u1ed9i th\u00e0nh H\u1ed2 CH\u00cd MINH v\u00e0 H\u00c0 N\u1ed8I<\/p>\n<p>Exquisite handcrafted gold-coated artwork:<\/p>\n<p>\u2022PRIMA ART is crafted using a unique technique: Pure 24K gold is processed into fine particles and carefully coated onto a special base material. Skilled artisans then meticulously cut, carve, and assemble each detail by hand, creating vivid, dimensional, and highly valuable works of art.<\/p>","protected":false},"excerpt":{"rendered":"<p>\u0110\u1ed3 d\u00f9ng gi\u1eef gi\u1ea5y Tu\u1ea5t V\u00e0ng May M\u1eafn n\u00e0y t\u01b0\u1ee3ng tr\u01b0ng cho s\u1ef1 trung th\u00e0nh, b\u1ea3o v\u1ec7 v\u00e0 may m\u1eafn. S\u1ea3n ph\u1ea9m \u0111\u00e1ng y\u00eau n\u00e0y b\u1eaft l\u1ea5y b\u1ea3n ch\u1ea5t c\u1ee7a con ch\u00f3 may m\u1eafn, \u0111\u01b0\u1ee3c tin r\u1eb1ng mang l\u1ea1i s\u1ef1 \u1ed5n \u0111\u1ecbnh v\u00e0 th\u00e0nh c\u00f4ng. L\u00e0 l\u1ef1a ch\u1ecdn l\u00fd t\u01b0\u1edfng cho b\u1ea5t k\u1ef3 b\u00e0n l\u00e0m vi\u1ec7c n\u00e0o, n\u00f3 mang \u0111\u1ebfn m\u1ed9t ch\u00fat may m\u1eafn v\u00e0 n\u0103ng l\u01b0\u1ee3ng t\u00edch c\u1ef1c cho kh\u00f4ng gian l\u00e0m vi\u1ec7c c\u1ee7a b\u1ea1n.<\/p>","protected":false},"featured_media":8852,"comment_status":"open","ping_status":"closed","template":"","meta":[],"product_cat":[380,134,372,373,247,249,381,374,375,127,259],"product_tag":[],"class_list":{"0":"post-9919","1":"product","2":"type-product","3":"status-publish","4":"has-post-thumbnail","6":"product_cat-may-man","7":"product_cat-phong-thuy-thinh-vuong","8":"product_cat-qua-mung-tan-gia","9":"product_cat-qua-mung-thang-tien","10":"product_cat-qua-tang-sinh-nhat","11":"product_cat-qua-tang-tri-an","12":"product_cat-sung-tuc-thinh-vuong","13":"product_cat-trang-tri-nha-cua","14":"product_cat-trang-tri-van-phong","15":"product_cat-tranh-vang","16":"product_cat-vang-24k-metal-prima-art","18":"first","19":"instock","20":"shipping-taxable","21":"purchasable","22":"product-type-simple"},"acf":[],"_links":{"self":[{"href":"https:\/\/prima.com.vn\/en\/wp-json\/wp\/v2\/product\/9919","targetHints":{"allow":["GET"]}}],"collection":[{"href":"https:\/\/prima.com.vn\/en\/wp-json\/wp\/v2\/product"}],"about":[{"href":"https:\/\/prima.com.vn\/en\/wp-json\/wp\/v2\/types\/product"}],"replies":[{"embeddable":true,"href":"https:\/\/prima.com.vn\/en\/wp-json\/wp\/v2\/comments?post=9919"}],"version-history":[{"count":8,"href":"https:\/\/prima.com.vn\/en\/wp-json\/wp\/v2\/product\/9919\/revisions"}],"predecessor-version":[{"id":16116,"href":"https:\/\/prima.com.vn\/en\/wp-json\/wp\/v2\/product\/9919\/revisions\/16116"}],"wp:featuredmedia":[{"embeddable":true,"href":"https:\/\/prima.com.vn\/en\/wp-json\/wp\/v2\/media\/8852"}],"wp:attachment":[{"href":"https:\/\/prima.com.vn\/en\/wp-json\/wp\/v2\/media?parent=9919"}],"wp:term":[{"taxonomy":"product_cat","embeddable":true,"href":"https:\/\/prima.com.vn\/en\/wp-json\/wp\/v2\/product_cat?post=9919"},{"taxonomy":"product_tag","embeddable":true,"href":"https:\/\/prima.com.vn\/en\/wp-json\/wp\/v2\/product_tag?post=9919"}],"curies":[{"name":"wp","href":"https:\/\/api.w.org\/{rel}","templated":true}]}}