{"id":9896,"date":"2023-07-07T14:36:55","date_gmt":"2023-07-07T07:36:55","guid":{"rendered":"https:\/\/prima.com.vn\/product\/ch\u01b0a%20ph\u00e2n%20lo\u1ea1i\/thap-van-xuong-9-tang\/"},"modified":"2026-01-02T14:18:23","modified_gmt":"2026-01-02T07:18:23","slug":"thap-van-xuong-9-tang","status":"publish","type":"product","link":"https:\/\/prima.com.vn\/en\/product\/prima-art\/chu-de\/\/thap-van-xuong-9-tang\/","title":{"rendered":"Tranh M\u1ef9 Ngh\u1ec7 Ph\u1ee7 V\u00e0ng 24K PRIMA ART -TH\u00c1P V\u0102N X\u01af\u01a0NG 9 T\u1ea6NG"},"content":{"rendered":"<p>Th\u00e1p V\u0103n X\u01b0\u01a1ng c\u00f2n g\u1ecdi l\u00e0 th\u00e1p V\u0103n Phong, th\u00e1p H\u00e0nh V\u0103n, \u0111\u01b0\u1ee3c coi l\u00e0 bi\u1ec3u t\u01b0\u1ee3ng c\u1ee7a danh l\u1ee3i, h\u1ecdc v\u1ea5n v\u00e0 \u0111\u1ed7 \u0111\u1ea1t. t\u01b0\u1ee3ng tr\u01b0ng cho tr\u00ed tu\u1ec7 v\u00e0 ph\u00e1p l\u1ef1c v\u00f4 bi\u00ean c\u1ee7a nh\u00e0 Ph\u1eadt n\u00ean th\u00e1p b\u00e0y trong nh\u00e0 s\u1ebd c\u00f3 t\u00e1c d\u1ee5ng b\u1ea3o v\u1ec7 v\u00e0 \u0111em l\u1ea1i may m\u1eafn, thu\u1eadn l\u1ee3i ng\u01b0\u1eddi l\u1edbn c\u00f4ng th\u00e0nh danh to\u1ea1i, th\u0103ng quan ti\u1ebfn ch\u1ee9c, tr\u1ebb nh\u1ecf th\u00ec h\u1ecdc h\u00e0nh t\u1ea5n t\u1edbi, thi c\u1eed \u0111\u1ed7 \u0111\u1ea1t. T\u1ed1t nh\u1ea5t l\u00e0 th\u00e1p V\u0103n X\u01b0\u01a1ng cao 13 t\u1ea7ng. Tuy nhi\u00ean, \u0111\u1ed1i v\u1edbi nam gi\u1edbi th\u00ec th\u00e1p V\u0103n X\u01b0\u01a1ng 9 t\u1ea7ng m\u1edbi l\u00e0 v\u01b0\u1ee3ng nh\u1ea5t, th\u00edch h\u1ee3p nh\u1ea5t. V\u00ec s\u1ed1 9 c\u00f3 ngh\u0129a l\u00e0 ch\u00ed t\u00f4n t\u1ed1i cao, trong ti\u1ec1m th\u1ee9c phong th\u1ee7y hay t\u00f4n gi\u00e1o \u0111\u1ec1u l\u00e0 con s\u1ed1 c\u00e1t t\u01b0\u1eddng, \u0111\u1ea1i di\u1ec7n cho ng\u01b0\u1eddi \u0111\u00e0n \u00f4ng.<\/p>\n<p>\ud83d\udc8cCH\u00cdNH S\u00c1CH B\u1ea2O H\u00c0NH<\/p>\n<p>\u0110\u00e2y l\u00e0 s\u1ea3n ph\u1ea9m s\u00e1ng t\u1ea1o ch\u1ea5t l\u01b0\u1ee3ng cao c\u1ee7a th\u01b0\u01a1ng hi\u1ec7u PRIMA ART, \u0111\u01b0\u1ee3c thi\u1ebft k\u1ebf v\u00e0 ch\u1ebf t\u1ea1o quy tr\u00ecnh nghi\u00eam ng\u1eb7t c\u1ee7a Cty TNHH Pranda Vi\u1ec7t Nam, th\u00e0nh vi\u00ean c\u1ee7a T\u1eadp \u0111o\u00e0n Pranda, Th\u00e1i Lan. M\u1ed7i s\u1ea3n ph\u1ea9m PRIMA t\u00e1c ph\u1ea9m ngh\u1ec7 thu\u1eadt th\u1ee7 c\u00f4ng s\u1eed d\u1ee5ng v\u00e0ng 24K, ch\u1ebf t\u00e1c b\u1edfi c\u00e1c th\u1ee3 kim ho\u00e0n c\u00f3 tay ngh\u1ec1 cao v\u1edbi k\u1ef9 thu\u1eadt hi\u1ec7n \u0111\u1ea1i.<\/p>\n<p>\ud83d\udc8cQuy \u0111\u1ecbnh v\u00e0 \u0111i\u1ec1u ki\u1ec7n:<\/p>\n<p>Th\u1eddi h\u1ea1n b\u1ea3o h\u00e0nh 02 n\u0103m k\u1ec3 t\u1eeb ng\u00e0y mua ghi tr\u00ean phi\u1ebfu\/th\u1ebb b\u1ea3o h\u00e0nh.<\/p>\n<p>\u2714\ufe0fS\u1ea3n ph\u1ea9m \u0111\u01b0\u1ee3c b\u1ea3o h\u00e0nh trong c\u00e1c tr\u01b0\u1eddng h\u1ee3p sau:<\/p>\n<p>&#8211; L\u1ed7i k\u1ef9 thu\u1eadt s\u1ea3n ph\u1ea9m ph\u00e1t sinh trong qu\u00e1 tr\u00ecnh s\u1ea3n xu\u1ea5t, \u0111\u01b0\u1ee3c ki\u1ec3m tra b\u1edfi Cty TNHH Pranda Vi\u1ec7t Nam.<\/p>\n<p>&#8211; Th\u1eddi gian b\u1ea3o h\u00e0nh c\u00f2n hi\u1ec7u l\u1ef1c. Phi\u1ebfu\/th\u1ebb b\u1ea3o h\u00e0nh c\u00f2n nguy\u00ean v\u00e0 \u0111\u1ea7y \u0111\u1ee7 th\u00f4ng tin s\u1ea3n ph\u1ea9m.<\/p>\n<p>\ud83d\udc8cS\u1ea3n ph\u1ea9m kh\u00f4ng \u0111\u01b0\u1ee3c b\u1ea3o h\u00e0nh trong c\u00e1c tr\u01b0\u1eddng h\u1ee3p sau:<\/p>\n<p>&#8211; H\u01b0 h\u1ea1i do (i) s\u1eed d\u1ee5ng \/ v\u1eadn chuy\u1ec3n kh\u00f4ng \u0111\u00fang c\u00e1ch, sai m\u1ee5c \u0111\u00edch, t\u1ef1 \u00fd thay \u0111\u1ed5i \/ s\u1eeda ch\u1eefa c\u00e1c linh ki\u1ec7n v.v\u2026v\u00e0 s\u1ea3n ph\u1ea9m kh\u00f4ng c\u00f2n nguy\u00ean tr\u1ea1ng nh\u01b0 s\u1ea3n ph\u1ea9m ban \u0111\u1ea7u, (ii) b\u1ea5t kh\u1ea3 kh\u00e1ng (kh\u00ed h\u1eadu, chi\u1ebfn tranh, v.v).<\/p>\n<p>&#8211; Kh\u00e1ch h\u00e0ng c\u00f3 th\u1ec3 ph\u1ea3i tr\u1ea3 ph\u00ed b\u1ea3o h\u00e0nh ho\u1eb7c s\u1eeda ch\u1eefa.<\/p>\n<p>&#8211; Th\u1eddi gian b\u1ea3o h\u00e0nh ho\u1eb7c s\u1eeda ch\u1eefa t\u1eeb 10 ng\u00e0y t\u1ea1i H\u1ed3 Ch\u00ed Minh v\u00e0 t\u1eeb 14 ng\u00e0y t\u1ea1i H\u00e0 N\u1ed9i. C\u00e1c tr\u01b0\u1eddng h\u1ee3p s\u1ea3n ph\u1ea9m b\u1ecb h\u01b0 h\u1ecfng n\u1eb7ng \u0111\u01b0\u1ee3c quy\u1ebft \u0111\u1ecbnh b\u1edfi Cty TNHH Pranda Vi\u1ec7t Nam, th\u1eddi gian s\u1ebd m\u1ea5t kho\u1ea3ng t\u1eeb 25 \u0111\u1ebfn 30 ng\u00e0y t\u00f9y tr\u01b0\u1eddng h\u1ee3p.<\/p>\n<p>\u2714\ufe0fCH\u00cdNH S\u00c1CH TH\u00c2U \u0110\u1ed4I<\/p>\n<p>PRIMA Vi\u1ec7t Nam KH\u00d4NG NH\u1eacN TH\u00c2U \u0110\u1ed4I \u0110\u1ed0I V\u1edaI S\u1ea2N PH\u1ea8M TRANH &amp; QU\u00c0 T\u1eb6NG V\u00c0NG<\/p>\n<p>*L\u01afU \u00dd: GI\u00c1 S\u1ea2N PH\u1ea8M CH\u01afA BAO G\u1ed2M PH\u00cd V\u1eacN CHUY\u1ec2N<\/p>\n<p>\ud83d\udc8c MI\u1ec4N PH\u00cd V\u1eacN CHUY\u1ec2N khu v\u1ef1c n\u1ed9i th\u00e0nh H\u1ed2 CH\u00cd MINH v\u00e0 H\u00c0 N\u1ed8I<\/p>\n<p>Exquisite handcrafted gold-coated artwork:<\/p>\n<p>\u2022PRIMA ART is crafted using a unique technique: Pure 24K gold is processed into fine particles and carefully coated onto a special base material. Skilled artisans then meticulously cut, carve, and assemble each detail by hand, creating vivid, dimensional, and highly valuable works of art. <\/p>","protected":false},"excerpt":{"rendered":"<p>Th\u00e1p V\u0103n X\u01b0\u01a1ng, c\u00f2n g\u1ecdi l\u00e0 th\u00e1p V\u0103n Phong hay th\u00e1p H\u00e0nh V\u0103n, t\u1eeb l\u00e2u \u0111\u00e3 \u0111\u01b0\u1ee3c xem l\u00e0 bi\u1ec3u t\u01b0\u1ee3ng c\u1ee7a h\u1ecdc v\u1ea5n, c\u00f4ng danh v\u00e0 s\u1ef1 th\u00e0nh \u0111\u1ea1t. Trong phong th\u1ee7y, th\u00e1p \u0111\u1ea1i di\u1ec7n cho tr\u00ed tu\u1ec7, s\u1ef1 khai s\u00e1ng v\u00e0 ph\u00e1p l\u1ef1c v\u00f4 bi\u00ean c\u1ee7a nh\u00e0 Ph\u1eadt, gi\u00fap mang l\u1ea1i may m\u1eafn, b\u1ea3o v\u1ec7 gia ch\u1ee7, h\u1ed7 tr\u1ee3 ng\u01b0\u1eddi l\u1edbn th\u0103ng quan ti\u1ebfn ch\u1ee9c, c\u00f4ng th\u00e0nh danh to\u1ea1i, c\u00f2n tr\u1ebb nh\u1ecf th\u00ec h\u1ecdc h\u00e0nh t\u1ea5n t\u1edbi, thi c\u1eed \u0111\u1ed7 \u0111\u1ea1t. Th\u00e1p V\u0103n X\u01b0\u01a1ng cao 13 t\u1ea7ng \u0111\u01b0\u1ee3c xem l\u00e0 t\u1ed1t nh\u1ea5t, song \u0111\u1ed1i v\u1edbi nam gi\u1edbi, th\u00e1p 9 t\u1ea7ng l\u1ea1i \u0111\u1eb7c bi\u1ec7t ph\u00f9 h\u1ee3p v\u00ec s\u1ed1 9 t\u01b0\u1ee3ng tr\u01b0ng cho ch\u00ed t\u00f4n, quy\u1ec1n uy t\u1ed1i th\u01b0\u1ee3ng &#8211; con s\u1ed1 c\u00e1t t\u01b0\u1eddng \u0111\u1ea1i di\u1ec7n cho ph\u00e1i m\u1ea1nh trong c\u1ea3 phong th\u1ee7y l\u1eabn t\u00edn ng\u01b0\u1ee1ng.<\/p>","protected":false},"featured_media":8602,"comment_status":"open","ping_status":"closed","template":"","meta":[],"product_cat":[383,374,375,127,291,259],"product_tag":[],"class_list":{"0":"post-9896","1":"product","2":"type-product","3":"status-publish","4":"has-post-thumbnail","6":"product_cat-dia-danh","7":"product_cat-trang-tri-nha-cua","8":"product_cat-trang-tri-van-phong","9":"product_cat-tranh-vang","10":"product_cat-van-hoa-va-di-san","11":"product_cat-vang-24k-metal-prima-art","13":"first","14":"instock","15":"shipping-taxable","16":"purchasable","17":"product-type-simple"},"acf":[],"_links":{"self":[{"href":"https:\/\/prima.com.vn\/en\/wp-json\/wp\/v2\/product\/9896","targetHints":{"allow":["GET"]}}],"collection":[{"href":"https:\/\/prima.com.vn\/en\/wp-json\/wp\/v2\/product"}],"about":[{"href":"https:\/\/prima.com.vn\/en\/wp-json\/wp\/v2\/types\/product"}],"replies":[{"embeddable":true,"href":"https:\/\/prima.com.vn\/en\/wp-json\/wp\/v2\/comments?post=9896"}],"version-history":[{"count":6,"href":"https:\/\/prima.com.vn\/en\/wp-json\/wp\/v2\/product\/9896\/revisions"}],"predecessor-version":[{"id":16400,"href":"https:\/\/prima.com.vn\/en\/wp-json\/wp\/v2\/product\/9896\/revisions\/16400"}],"wp:featuredmedia":[{"embeddable":true,"href":"https:\/\/prima.com.vn\/en\/wp-json\/wp\/v2\/media\/8602"}],"wp:attachment":[{"href":"https:\/\/prima.com.vn\/en\/wp-json\/wp\/v2\/media?parent=9896"}],"wp:term":[{"taxonomy":"product_cat","embeddable":true,"href":"https:\/\/prima.com.vn\/en\/wp-json\/wp\/v2\/product_cat?post=9896"},{"taxonomy":"product_tag","embeddable":true,"href":"https:\/\/prima.com.vn\/en\/wp-json\/wp\/v2\/product_tag?post=9896"}],"curies":[{"name":"wp","href":"https:\/\/api.w.org\/{rel}","templated":true}]}}