{"id":9877,"date":"2023-07-07T14:36:32","date_gmt":"2023-07-07T07:36:32","guid":{"rendered":"https:\/\/prima.com.vn\/product\/ch\u01b0a%20ph\u00e2n%20lo\u1ea1i\/ho-quyen-luc\/"},"modified":"2026-01-02T14:17:17","modified_gmt":"2026-01-02T07:17:17","slug":"ho-quyen-luc","status":"publish","type":"product","link":"https:\/\/prima.com.vn\/en\/product\/prima-art\/chu-de\/\/ho-quyen-luc\/","title":{"rendered":"Tranh M\u1ef9 Ngh\u1ec7 Ph\u1ee7 V\u00e0ng 24K PRIMA ART -H\u1ed4 QUY\u1ec0N L\u1ef0C"},"content":{"rendered":"<p>C\u00e2y b\u00e1t b\u1ea3o bao g\u1ed3m 8 bi\u1ec3u t\u01b0\u1ee3ng may m\u1eafn trong phong th\u1ee7y c\u0169ng nh\u01b0 \u0111\u1eddi s\u1ed1ng nh\u01b0 :<br \/>\n1) Ch\u1eef Ph\u00fac : c\u1ea7u ch\u00fac may m\u1eafn , \u0111i\u1ec1m l\u00e0nh<br \/>\n2) \u0110\u00e8n l\u1ed3ng :  bi\u1ec3u t\u01b0\u1ee3ng c\u1ee7a h\u00f4n nh\u00e2n, v\u1edbi s\u1ef1 h\u00f2a h\u1ee3p<br \/>\n3) Con d\u01a1i : trong ti\u1ebfng H\u00e1n, ch\u1eef &#8220;b\u1ee9c&#8221; (con d\u01a1i) c\u00f3 ph\u00e1t \u00e2m gi\u1ed1ng v\u1edbi ch\u1eef &#8220;ph\u00fac&#8221;, t\u1ee9c c\u00e1ch n\u00f3i chung v\u1ec1 nh\u1eefng \u0111i\u1ec1u may m\u1eafn nh\u01b0 \u00fd<br \/>\n4) Th\u1ecfi v\u00e0ng ( Kim nguy\u00ean b\u1ea3o ) : c\u00f3 \u00fd ngh\u0129a mang \u0111\u1ebfn t\u00e0i v\u1eadn li\u00ean ti\u1ebfp cho gia \u0111\u00ecnh, ti\u1ec1n sinh ti\u1ec1n<br \/>\n5) \u0110\u00f4i c\u00e1 ch\u00e9p : c\u00e1 Ch\u00e9p t\u01b0\u1ee3ng tr\u01b0ng cho s\u1ee9c kh\u1ecfe v\u00e0 t\u00e0i l\u1ed9c bi\u1ec3u t\u01b0\u1ee3ng c\u1ee7a s\u1ef1 th\u0103ng ti\u1ebfn, c\u00f4ng danh<br \/>\n6) T\u00fai v\u00e0ng : l\u00e0 n\u01a1i c\u1ea5t tr\u1eef t\u00e0i s\u1ea3n, t\u1ee5 l\u1ed9c, gia t\u0103ng t\u00e0i s\u1ea3n<br \/>\n7) Ch\u00f9m ph\u00e1o hoa : th\u1eddi c\u1ed5, ng\u01b0\u1eddi ta \u0111\u1ed1t ph\u00e1o hoa \u0111\u1ec3 \u0111u\u1ed5i t\u00e0, b\u00e0i tr\u1eeb s\u1ef1 xui r\u1ee7i<br \/>\n8) C\u00e2y qu\u1ea1t c\u1ea7m tay : trong ti\u1ebfng H\u00e1n g\u1ecdi chi\u1ebfc qu\u1ea1t l\u00e0 \u201cPHI\u1ebeN\u201d khi \u0111\u1ecdc n\u00f3 c\u00f3 \u00e2m g\u1ea7n gi\u1ed1ng nh\u01b0 \u201cTHI\u1ec6N\u201d. nh\u01b0 nh\u1eafc nh\u1edf con ch\u00e1u ph\u1ea3i ch\u0103m l\u00e0m vi\u1ec7c thi\u1ec7n, t\u00edch \u0111\u1ee9c , l\u00e0m l\u00e0nh<\/p>\n<p>\ud83d\udc8cCH\u00cdNH S\u00c1CH B\u1ea2O H\u00c0NH<\/p>\n<p>\u0110\u00e2y l\u00e0 s\u1ea3n ph\u1ea9m s\u00e1ng t\u1ea1o ch\u1ea5t l\u01b0\u1ee3ng cao c\u1ee7a th\u01b0\u01a1ng hi\u1ec7u PRIMA ART, \u0111\u01b0\u1ee3c thi\u1ebft k\u1ebf v\u00e0 ch\u1ebf t\u1ea1o quy tr\u00ecnh nghi\u00eam ng\u1eb7t c\u1ee7a Cty TNHH Pranda Vi\u1ec7t Nam, th\u00e0nh vi\u00ean c\u1ee7a T\u1eadp \u0111o\u00e0n Pranda, Th\u00e1i Lan. M\u1ed7i s\u1ea3n ph\u1ea9m PRIMA t\u00e1c ph\u1ea9m ngh\u1ec7 thu\u1eadt th\u1ee7 c\u00f4ng s\u1eed d\u1ee5ng v\u00e0ng 24K, ch\u1ebf t\u00e1c b\u1edfi c\u00e1c th\u1ee3 kim ho\u00e0n c\u00f3 tay ngh\u1ec1 cao v\u1edbi k\u1ef9 thu\u1eadt hi\u1ec7n \u0111\u1ea1i.<\/p>\n<p>\ud83d\udc8cQuy \u0111\u1ecbnh v\u00e0 \u0111i\u1ec1u ki\u1ec7n:<\/p>\n<p>Th\u1eddi h\u1ea1n b\u1ea3o h\u00e0nh 02 n\u0103m k\u1ec3 t\u1eeb ng\u00e0y mua ghi tr\u00ean phi\u1ebfu\/th\u1ebb b\u1ea3o h\u00e0nh.<\/p>\n<p>\u2714\ufe0fS\u1ea3n ph\u1ea9m \u0111\u01b0\u1ee3c b\u1ea3o h\u00e0nh trong c\u00e1c tr\u01b0\u1eddng h\u1ee3p sau:<\/p>\n<p>&#8211; L\u1ed7i k\u1ef9 thu\u1eadt s\u1ea3n ph\u1ea9m ph\u00e1t sinh trong qu\u00e1 tr\u00ecnh s\u1ea3n xu\u1ea5t, \u0111\u01b0\u1ee3c ki\u1ec3m tra b\u1edfi Cty TNHH Pranda Vi\u1ec7t Nam.<\/p>\n<p>&#8211; Th\u1eddi gian b\u1ea3o h\u00e0nh c\u00f2n hi\u1ec7u l\u1ef1c. Phi\u1ebfu\/th\u1ebb b\u1ea3o h\u00e0nh c\u00f2n nguy\u00ean v\u00e0 \u0111\u1ea7y \u0111\u1ee7 th\u00f4ng tin s\u1ea3n ph\u1ea9m.<\/p>\n<p>\ud83d\udc8cS\u1ea3n ph\u1ea9m kh\u00f4ng \u0111\u01b0\u1ee3c b\u1ea3o h\u00e0nh trong c\u00e1c tr\u01b0\u1eddng h\u1ee3p sau:<\/p>\n<p>&#8211; H\u01b0 h\u1ea1i do (i) s\u1eed d\u1ee5ng \/ v\u1eadn chuy\u1ec3n kh\u00f4ng \u0111\u00fang c\u00e1ch, sai m\u1ee5c \u0111\u00edch, t\u1ef1 \u00fd thay \u0111\u1ed5i \/ s\u1eeda ch\u1eefa c\u00e1c linh ki\u1ec7n v.v\u2026v\u00e0 s\u1ea3n ph\u1ea9m kh\u00f4ng c\u00f2n nguy\u00ean tr\u1ea1ng nh\u01b0 s\u1ea3n ph\u1ea9m ban \u0111\u1ea7u, (ii) b\u1ea5t kh\u1ea3 kh\u00e1ng (kh\u00ed h\u1eadu, chi\u1ebfn tranh, v.v).<\/p>\n<p>&#8211; Kh\u00e1ch h\u00e0ng c\u00f3 th\u1ec3 ph\u1ea3i tr\u1ea3 ph\u00ed b\u1ea3o h\u00e0nh ho\u1eb7c s\u1eeda ch\u1eefa.<\/p>\n<p>&#8211; Th\u1eddi gian b\u1ea3o h\u00e0nh ho\u1eb7c s\u1eeda ch\u1eefa t\u1eeb 10 ng\u00e0y t\u1ea1i H\u1ed3 Ch\u00ed Minh v\u00e0 t\u1eeb 14 ng\u00e0y t\u1ea1i H\u00e0 N\u1ed9i. C\u00e1c tr\u01b0\u1eddng h\u1ee3p s\u1ea3n ph\u1ea9m b\u1ecb h\u01b0 h\u1ecfng n\u1eb7ng \u0111\u01b0\u1ee3c quy\u1ebft \u0111\u1ecbnh b\u1edfi Cty TNHH Pranda Vi\u1ec7t Nam, th\u1eddi gian s\u1ebd m\u1ea5t kho\u1ea3ng t\u1eeb 25 \u0111\u1ebfn 30 ng\u00e0y t\u00f9y tr\u01b0\u1eddng h\u1ee3p.<\/p>\n<p>\u2714\ufe0fCH\u00cdNH S\u00c1CH TH\u00c2U \u0110\u1ed4I<\/p>\n<p>PRIMA Vi\u1ec7t Nam KH\u00d4NG NH\u1eacN TH\u00c2U \u0110\u1ed4I \u0110\u1ed0I V\u1edaI S\u1ea2N PH\u1ea8M TRANH &amp; QU\u00c0 T\u1eb6NG V\u00c0NG<\/p>\n<p>*L\u01afU \u00dd: GI\u00c1 S\u1ea2N PH\u1ea8M CH\u01afA BAO G\u1ed2M PH\u00cd V\u1eacN CHUY\u1ec2N<\/p>\n<p>\ud83d\udc8c MI\u1ec4N PH\u00cd V\u1eacN CHUY\u1ec2N khu v\u1ef1c n\u1ed9i th\u00e0nh H\u1ed2 CH\u00cd MINH v\u00e0 H\u00c0 N\u1ed8I<\/p>\n<p>Exquisite handcrafted gold-coated artwork:<\/p>\n<p>\u2022PRIMA ART is crafted using a unique technique: Pure 24K gold is processed into fine particles and carefully coated onto a special base material. Skilled artisans then meticulously cut, carve, and assemble each detail by hand, creating vivid, dimensional, and highly valuable works of art. <\/p>","protected":false},"excerpt":{"rendered":"<p>T\u00e1c ph\u1ea9m H\u1ed5 Quy\u1ec1n L\u1ef1c kh\u1eafc h\u1ecda h\u00ecnh \u1ea3nh ch\u00fa h\u1ed5 s\u1ea3i b\u01b0\u1edbc uy\u1ec3n chuy\u1ec3n v\u1edbi nh\u1eefng chi\u1ebfc v\u00f2ng v\u00e0ng tr\u00ean ch\u00e2n, t\u01b0\u1ee3ng tr\u01b0ng cho s\u1ee9c m\u1ea1nh, quy\u1ec1n uy v\u00e0 s\u1ef1 t\u1ef1 tin. T\u00e1c ph\u1ea9m th\u1ec3 hi\u1ec7n tr\u1ecdn v\u1eb9n kh\u00ed ch\u1ea5t d\u0169ng m\u00e3nh v\u00e0 oai phong c\u1ee7a lo\u00e0i h\u1ed5. Ph\u00f9 h\u1ee3p v\u1edbi m\u1ecdi kh\u00f4ng gian tr\u01b0ng b\u00e0y, t\u00e1c ph\u1ea9m mang \u0111\u1ebfn ngu\u1ed3n n\u0103ng l\u01b0\u1ee3ng m\u1ea1nh m\u1ebd v\u00e0 l\u1eddi h\u1ee9a v\u1ec1 th\u00e0nh c\u00f4ng v\u01b0\u1ee3t tr\u1ed9i.<\/p>","protected":false},"featured_media":8547,"comment_status":"open","ping_status":"closed","template":"","meta":[],"product_cat":[380,134,372,373,247,249,381,374,375,127,259],"product_tag":[],"class_list":{"0":"post-9877","1":"product","2":"type-product","3":"status-publish","4":"has-post-thumbnail","6":"product_cat-may-man","7":"product_cat-phong-thuy-thinh-vuong","8":"product_cat-qua-mung-tan-gia","9":"product_cat-qua-mung-thang-tien","10":"product_cat-qua-tang-sinh-nhat","11":"product_cat-qua-tang-tri-an","12":"product_cat-sung-tuc-thinh-vuong","13":"product_cat-trang-tri-nha-cua","14":"product_cat-trang-tri-van-phong","15":"product_cat-tranh-vang","16":"product_cat-vang-24k-metal-prima-art","18":"first","19":"instock","20":"shipping-taxable","21":"purchasable","22":"product-type-simple"},"acf":[],"_links":{"self":[{"href":"https:\/\/prima.com.vn\/en\/wp-json\/wp\/v2\/product\/9877","targetHints":{"allow":["GET"]}}],"collection":[{"href":"https:\/\/prima.com.vn\/en\/wp-json\/wp\/v2\/product"}],"about":[{"href":"https:\/\/prima.com.vn\/en\/wp-json\/wp\/v2\/types\/product"}],"replies":[{"embeddable":true,"href":"https:\/\/prima.com.vn\/en\/wp-json\/wp\/v2\/comments?post=9877"}],"version-history":[{"count":8,"href":"https:\/\/prima.com.vn\/en\/wp-json\/wp\/v2\/product\/9877\/revisions"}],"predecessor-version":[{"id":16369,"href":"https:\/\/prima.com.vn\/en\/wp-json\/wp\/v2\/product\/9877\/revisions\/16369"}],"wp:featuredmedia":[{"embeddable":true,"href":"https:\/\/prima.com.vn\/en\/wp-json\/wp\/v2\/media\/8547"}],"wp:attachment":[{"href":"https:\/\/prima.com.vn\/en\/wp-json\/wp\/v2\/media?parent=9877"}],"wp:term":[{"taxonomy":"product_cat","embeddable":true,"href":"https:\/\/prima.com.vn\/en\/wp-json\/wp\/v2\/product_cat?post=9877"},{"taxonomy":"product_tag","embeddable":true,"href":"https:\/\/prima.com.vn\/en\/wp-json\/wp\/v2\/product_tag?post=9877"}],"curies":[{"name":"wp","href":"https:\/\/api.w.org\/{rel}","templated":true}]}}