{"id":6717,"date":"2023-04-06T09:47:27","date_gmt":"2023-04-06T02:47:27","guid":{"rendered":"https:\/\/prima.com.vn\/product\/ch\u01b0a%20ph\u00e2n%20lo\u1ea1i\/mat-day-chuyen-vang-24k-prima-gold-zodiac-tuoi-mui-may-man-111p1931\/"},"modified":"2026-03-07T13:29:04","modified_gmt":"2026-03-07T06:29:04","slug":"mat-day-chuyen-vang-24k-prima-gold-zodiac-tuoi-mui-may-man-111p1931","status":"publish","type":"product","link":"https:\/\/prima.com.vn\/en\/product\/trang-suc\/metal\/\/mat-day-chuyen-vang-24k-prima-gold-zodiac-tuoi-mui-may-man-111p1931\/","title":{"rendered":"M\u1eb7t D\u00e2y Chuy\u1ec1n V\u00e0ng 24K &#8211; Tu\u1ed5i M\u00f9i May M\u1eafn &#8211; BST Zodiac PRIMA"},"content":{"rendered":"<p>L\u1ea5y \u00fd t\u01b0\u1edfng t\u1eeb h\u00ecnh \u1ea3nh 12 con gi\u00e1p, b\u1ed9 s\u01b0u t\u1eadp ZODIAC v\u1eeba \u0111\u01b0\u1ee3c nh\u00e0 Prima cho ra m\u1eaft v\u1edbi 12 thi\u1ebft k\u1ebf tr\u1ebb trung v\u00e0 hi\u1ec7n \u0111\u1ea1i kh\u00e1c nhau. B\u1ed9 s\u01b0u t\u1eadp \u0111\u01b0\u1ee3c ch\u1ebf t\u00e1c th\u1ee7 c\u00f4ng tr\u00ean ch\u1ea5t li\u1ec7u v\u00e0ng 24K cao c\u1ea5p.<br \/>\n\u0110\u00e2y l\u00e0 m\u00f3n qu\u00e0 \u00fd ngh\u0129a d\u00e0nh cho ng\u01b0\u1eddi h\u1ee3p tu\u1ed5i, thay l\u1eddi ch\u00fac may m\u1eafn g\u1eedi \u0111\u1ebfn nh\u1eefng ng\u01b0\u1eddi th\u00e2n y\u00eau. Ngo\u00e0i ra, \u0111\u00e2y c\u00f2n l\u00e0 b\u1ea3o b\u1ed1i may m\u1eafn \u201ct\u1ef1 th\u01b0\u1edfng\u201d cho ri\u00eang b\u1ea3n th\u00e2n, mang \u00fd ngh\u0129a b\u00ecnh an v\u00e0 h\u1ea1nh ph\u00fac.<\/p>","protected":false},"excerpt":{"rendered":"<p>Zodiac Charms -D\u1ea5u \u1ea5n c\u00e1 nh\u00e2n, n\u00e9t duy\u00ean ri\u00eang &#038; l\u1eddi ch\u00fac c\u00e1t l\u00e0nh<br \/>\nL\u1ea5y c\u1ea3m h\u1ee9ng t\u1eeb 12 con gi\u00e1p trong v\u0103n h\u00f3a \u00c1 \u0110\u00f4ng, b\u1ed9 s\u01b0u t\u1eadp Zodiac Charms mang \u0111\u1ebfn nh\u1eefng thi\u1ebft k\u1ebf \u0111\u00e1ng y\u00eau, s\u1ed1ng \u0111\u1ed9ng v\u00e0 \u0111\u1ea7y \u00fd ngh\u0129a. M\u1ed7i charm \u0111\u01b0\u1ee3c ch\u1ebf t\u00e1c tinh x\u1ea3o t\u1eeb v\u00e0ng 24K nguy\u00ean ch\u1ea5t, kh\u00f4ng ch\u1ec9 t\u00e1i hi\u1ec7n h\u00ecnh t\u01b0\u1ee3ng b\u1ea3n m\u1ec7nh m\u00e0 c\u00f2n truy\u1ec1n t\u1ea3i ngu\u1ed3n n\u0103ng l\u01b0\u1ee3ng t\u00edch c\u1ef1c, t\u00e0i l\u1ed9c v\u00e0 may m\u1eafn cho c\u1ea3 n\u0103m. L\u00e0 m\u00f3n qu\u00e0 g\u1eedi g\u1eafm l\u1eddi ch\u00fac t\u1ed1t l\u00e0nh \u0111\u1ebfn ng\u01b0\u1eddi th\u00e2n, hay l\u01b0u gi\u1eef nh\u01b0 m\u1ed9t k\u1ef7 v\u1eadt thi\u00eang li\u00eang -g\u1eafn b\u00f3 v\u1edbi c\u00e1 t\u00ednh, ni\u1ec1m tin v\u00e0 truy\u1ec1n th\u1ed1ng gia \u0111\u00ecnh.<\/p>\n<p>M\u00f9i (D\u00ea) &#8211; Bi\u1ec3u t\u01b0\u1ee3ng c\u1ee7a t\u00e0i l\u1ed9c v\u00e0 th\u00e0nh c\u00f4ng. C\u1ecf 4 l\u00e1 l\u00e0 d\u1ea5u hi\u1ec7u c\u1ee7a s\u1ef1 may m\u1eafn.<\/p>","protected":false},"featured_media":7423,"comment_status":"open","ping_status":"closed","template":"","meta":[],"product_cat":[162,196,153],"product_tag":[],"class_list":{"0":"post-6717","1":"product","2":"type-product","3":"status-publish","4":"has-post-thumbnail","6":"product_cat-24k-gold","7":"product_cat-mat-day","8":"product_cat-zodiac","10":"first","11":"instock","12":"shipping-taxable","13":"purchasable","14":"product-type-simple"},"acf":[],"_links":{"self":[{"href":"https:\/\/prima.com.vn\/en\/wp-json\/wp\/v2\/product\/6717","targetHints":{"allow":["GET"]}}],"collection":[{"href":"https:\/\/prima.com.vn\/en\/wp-json\/wp\/v2\/product"}],"about":[{"href":"https:\/\/prima.com.vn\/en\/wp-json\/wp\/v2\/types\/product"}],"replies":[{"embeddable":true,"href":"https:\/\/prima.com.vn\/en\/wp-json\/wp\/v2\/comments?post=6717"}],"version-history":[{"count":5,"href":"https:\/\/prima.com.vn\/en\/wp-json\/wp\/v2\/product\/6717\/revisions"}],"predecessor-version":[{"id":16485,"href":"https:\/\/prima.com.vn\/en\/wp-json\/wp\/v2\/product\/6717\/revisions\/16485"}],"wp:featuredmedia":[{"embeddable":true,"href":"https:\/\/prima.com.vn\/en\/wp-json\/wp\/v2\/media\/7423"}],"wp:attachment":[{"href":"https:\/\/prima.com.vn\/en\/wp-json\/wp\/v2\/media?parent=6717"}],"wp:term":[{"taxonomy":"product_cat","embeddable":true,"href":"https:\/\/prima.com.vn\/en\/wp-json\/wp\/v2\/product_cat?post=6717"},{"taxonomy":"product_tag","embeddable":true,"href":"https:\/\/prima.com.vn\/en\/wp-json\/wp\/v2\/product_tag?post=6717"}],"curies":[{"name":"wp","href":"https:\/\/api.w.org\/{rel}","templated":true}]}}