{"id":6712,"date":"2023-04-06T09:47:26","date_gmt":"2023-04-06T02:47:26","guid":{"rendered":"https:\/\/prima.com.vn\/product\/ch\u01b0a%20ph\u00e2n%20lo\u1ea1i\/mat-day-chuyen-vang-24k-prima-gold-bo-suu-tap-papillon-hinh-buom-165p0527\/"},"modified":"2025-11-14T15:12:11","modified_gmt":"2025-11-14T08:12:11","slug":"mat-day-chuyen-vang-24k-prima-gold-bo-suu-tap-papillon-hinh-buom-165p0527","status":"publish","type":"product","link":"https:\/\/prima.com.vn\/en\/product\/trang-suc\/metal\/\/mat-day-chuyen-vang-24k-prima-gold-bo-suu-tap-papillon-hinh-buom-165p0527\/","title":{"rendered":"M\u1eb7t D\u00e2y Chuy\u1ec1n V\u00e0ng 24K &#8211; B\u01b0\u1edbm v\u00e0 Ng\u1ecdc Trai &#8211; BST Papillon PRIMA"},"content":{"rendered":"<p>V\u1edbi b\u1ed9 s\u01b0u t\u1eadp Papillon, ng\u1ecdc trai &#8211; m\u00f3n qu\u00e0 c\u1ee7a bi\u1ec3n \u0111\u01b0\u1ee3c c\u00e1c ngh\u1ec7 nh\u00e2n Prima kh\u00e9o l\u00e9o k\u1ebft h\u1ee3p c\u00f9ng nh\u1eefng c\u00e1nh b\u01b0\u1edbm t\u1eeb v\u00e0ng 24K th\u01b0\u1ee3ng h\u1ea1ng, t\u1ea1o th\u00e0nh t\u00e1c ph\u1ea9m mang v\u1ebb \u0111\u1eb9p d\u1ecbu d\u00e0ng, tinh t\u1ebf. V\u1edbi s\u1eafc h\u1ed3ng lung linh t\u1eeb ng\u1ecdc trai, b\u1ed9 s\u01b0u t\u1eadp c\u00f2n g\u1ee3i nh\u1eafc nh\u1eefng x\u00fac c\u1ea3m trong tr\u1ebbo, thu\u1ea7n khi\u1ebft nh\u01b0 ch\u00ednh n\u00e9t \u0111\u1eb9p kh\u00f4ng bao gi\u1edd phai nh\u1ea1t c\u1ee7a th\u1eddi thanh xu\u00e2n.<\/p>","protected":false},"excerpt":{"rendered":"<p>T\u1eeb l\u00e2u, ng\u1ecdc trai \u0111\u00e3 \u0111\u01b0\u1ee3c m\u1ec7nh danh l\u00e0 \u201cnh\u1ea5t h\u1eadu\u201d trong l\u00e0ng \u0111\u00e1 qu\u00fd b\u1edfi v\u1ebb \u0111\u1eb9p cu\u1ed1n h\u00fat, tr\u01b0\u1eddng t\u1ed3n v\u1edbi th\u1eddi gian c\u00f9ng \u00e1nh s\u00e1ng l\u1ea5p l\u00e1nh t\u1ecfa ra tuy\u1ec7t \u0111\u1eb9p. V\u1ebb \u0111\u1eb9p tinh t\u1ebf c\u1ee7a ng\u1ecdc trai c\u00f2n l\u00e0 bi\u1ec3u t\u01b0\u1ee3ng c\u1ee7a s\u1ef1 thanh l\u1ecbch, t\u00f4n l\u00ean n\u00e9t \u0111\u1eb9p sang tr\u1ecdng v\u00e0 quy\u1ec1n qu\u00fd c\u1ee7a ng\u01b0\u1eddi ph\u1ee5 n\u1eef.<\/p>\n<p>BST \u0111\u01b0\u1ee3c ch\u1ebf t\u00e1c t\u1eeb v\u00e0ng 24K k\u1ebft h\u1ee3p c\u00f9ng \u201cnh\u1ea5t h\u1eadu\u201d \u0111\u00e1 qu\u00fd ng\u1ecdc trai b\u1eb1ng k\u0129 thu\u1eadt ch\u1ebf t\u00e1c tinh x\u1ea3o t\u1eeb nh\u1eefng ngh\u1ec7 nh\u00e2n PRIMA. V\u1ebb \u0111\u1eb9p t\u1eeb BST Pearl kh\u00f4ng nh\u1eefng gi\u00fap qu\u00fd c\u00f4 th\u00eam ph\u1ea7n thanh l\u1ecbch m\u00e0 c\u00f2n t\u00f4n l\u00ean n\u00e9t \u0111\u1eb9p trang nh\u00e3, quy\u1ec1n qu\u00fd to\u00e1t ra t\u1eeb kh\u00ed ch\u1ea5t c\u1ee7a m\u1ed9t qu\u00fd c\u00f4 ki\u00eau k\u1ef3.<\/p>","protected":false},"featured_media":7429,"comment_status":"open","ping_status":"closed","template":"","meta":[],"product_cat":[162,196,156,244],"product_tag":[],"class_list":{"0":"post-6712","1":"product","2":"type-product","3":"status-publish","4":"has-post-thumbnail","6":"product_cat-24k-gold","7":"product_cat-mat-day","8":"product_cat-ngoc-trai","9":"product_cat-papillon","11":"first","12":"instock","13":"shipping-taxable","14":"purchasable","15":"product-type-simple"},"acf":[],"_links":{"self":[{"href":"https:\/\/prima.com.vn\/en\/wp-json\/wp\/v2\/product\/6712","targetHints":{"allow":["GET"]}}],"collection":[{"href":"https:\/\/prima.com.vn\/en\/wp-json\/wp\/v2\/product"}],"about":[{"href":"https:\/\/prima.com.vn\/en\/wp-json\/wp\/v2\/types\/product"}],"replies":[{"embeddable":true,"href":"https:\/\/prima.com.vn\/en\/wp-json\/wp\/v2\/comments?post=6712"}],"version-history":[{"count":4,"href":"https:\/\/prima.com.vn\/en\/wp-json\/wp\/v2\/product\/6712\/revisions"}],"predecessor-version":[{"id":16435,"href":"https:\/\/prima.com.vn\/en\/wp-json\/wp\/v2\/product\/6712\/revisions\/16435"}],"wp:featuredmedia":[{"embeddable":true,"href":"https:\/\/prima.com.vn\/en\/wp-json\/wp\/v2\/media\/7429"}],"wp:attachment":[{"href":"https:\/\/prima.com.vn\/en\/wp-json\/wp\/v2\/media?parent=6712"}],"wp:term":[{"taxonomy":"product_cat","embeddable":true,"href":"https:\/\/prima.com.vn\/en\/wp-json\/wp\/v2\/product_cat?post=6712"},{"taxonomy":"product_tag","embeddable":true,"href":"https:\/\/prima.com.vn\/en\/wp-json\/wp\/v2\/product_tag?post=6712"}],"curies":[{"name":"wp","href":"https:\/\/api.w.org\/{rel}","templated":true}]}}