{"id":6699,"date":"2023-04-06T09:47:03","date_gmt":"2023-04-06T02:47:03","guid":{"rendered":"https:\/\/prima.com.vn\/product\/ch\u01b0a%20ph\u00e2n%20lo\u1ea1i\/mat-day-chuyen-vang-24k-prima-gold-bo-suu-tap-first-diamond-165p0365\/"},"modified":"2025-11-14T15:12:06","modified_gmt":"2025-11-14T08:12:06","slug":"mat-day-chuyen-vang-24k-prima-gold-bo-suu-tap-first-diamond-165p0365","status":"publish","type":"product","link":"https:\/\/prima.com.vn\/en\/product\/trang-suc\/metal\/\/mat-day-chuyen-vang-24k-prima-gold-bo-suu-tap-first-diamond-165p0365\/","title":{"rendered":"M\u1eb7t D\u00e2y Chuy\u1ec1n V\u00e0ng 24K &#8211; \u0110\u00ednh Kim C\u01b0\u01a1ng &#8211; BST First Diamond PRIMA"},"content":{"rendered":"<p>M\u1eb7t d\u00e2y chuy\u1ec1n First Diamond ch\u1ebf t\u00e1c t\u1eeb ch\u1ea5t li\u1ec7u V\u00e0ng 24K k\u1ebft h\u1ee3p c\u00f9ng Kim C\u01b0\u01a1ng, v\u1edbi thi\u1ebft k\u1ebf tinh gi\u1ea3n nh\u01b0ng kh\u00f4ng h\u1ec1 \u0111\u01a1n \u0111i\u1ec7u, nh\u1ea5n nh\u00e1 b\u1edfi nh\u1eefng \u0111\u01b0\u1eddng \u201ck\u00e9o l\u1ee5a\u201d s\u1eafc s\u1ea3o, m\u1eabu thi\u1ebft k\u1ebf b\u1eebng l\u00ean s\u1ef1 sang tr\u1ecdng, qu\u00fd ph\u00e1i, \u0111\u1ec3 qu\u00fd c\u00f4 kh\u1eb3ng \u0111\u1ecbnh gu th\u1eddi trang ri\u00eang c\u1ee7a m\u00ecnh!<\/p>","protected":false},"excerpt":{"rendered":"<p>Thu\u1ed9c BST First Diamond, m\u1eb7t d\u00e2y chuy\u1ec1n v\u00e0ng 24K v\u1edbi thi\u1ebft k\u1ebf t\u1ed1i gi\u1ea3n, n\u1ed5i b\u1eadt v\u1edbi vi\u00ean \u0111\u00e1 s\u00e1ng l\u1ea5p l\u00e1nh \u1edf trung t\u00e2m l\u00e0 bi\u1ec3u t\u01b0\u1ee3ng cho d\u1ea5u m\u1ed1c \u0111\u1ea7u ti\u00ean \u0111\u00e1ng nh\u1edb: l\u1ea7n \u0111\u1ea7u y\u00eau, l\u1ea7n \u0111\u1ea7u ch\u1ea1m \u0111\u1ebfn th\u00e0nh c\u00f4ng, hay kho\u1ea3nh kh\u1eafc b\u1ea1n ch\u1ecdn y\u00eau th\u01b0\u01a1ng ch\u00ednh m\u00ecnh.<\/p>","protected":false},"featured_media":11369,"comment_status":"open","ping_status":"closed","template":"","meta":[],"product_cat":[162,228,155,196],"product_tag":[],"class_list":{"0":"post-6699","1":"product","2":"type-product","3":"status-publish","4":"has-post-thumbnail","6":"product_cat-24k-gold","7":"product_cat-first-diamond","8":"product_cat-kim-cuong","9":"product_cat-mat-day","11":"first","12":"instock","13":"shipping-taxable","14":"purchasable","15":"product-type-simple"},"acf":[],"_links":{"self":[{"href":"https:\/\/prima.com.vn\/en\/wp-json\/wp\/v2\/product\/6699","targetHints":{"allow":["GET"]}}],"collection":[{"href":"https:\/\/prima.com.vn\/en\/wp-json\/wp\/v2\/product"}],"about":[{"href":"https:\/\/prima.com.vn\/en\/wp-json\/wp\/v2\/types\/product"}],"replies":[{"embeddable":true,"href":"https:\/\/prima.com.vn\/en\/wp-json\/wp\/v2\/comments?post=6699"}],"version-history":[{"count":4,"href":"https:\/\/prima.com.vn\/en\/wp-json\/wp\/v2\/product\/6699\/revisions"}],"predecessor-version":[{"id":16409,"href":"https:\/\/prima.com.vn\/en\/wp-json\/wp\/v2\/product\/6699\/revisions\/16409"}],"wp:featuredmedia":[{"embeddable":true,"href":"https:\/\/prima.com.vn\/en\/wp-json\/wp\/v2\/media\/11369"}],"wp:attachment":[{"href":"https:\/\/prima.com.vn\/en\/wp-json\/wp\/v2\/media?parent=6699"}],"wp:term":[{"taxonomy":"product_cat","embeddable":true,"href":"https:\/\/prima.com.vn\/en\/wp-json\/wp\/v2\/product_cat?post=6699"},{"taxonomy":"product_tag","embeddable":true,"href":"https:\/\/prima.com.vn\/en\/wp-json\/wp\/v2\/product_tag?post=6699"}],"curies":[{"name":"wp","href":"https:\/\/api.w.org\/{rel}","templated":true}]}}