{"id":6691,"date":"2023-04-06T09:46:48","date_gmt":"2023-04-06T02:46:48","guid":{"rendered":"https:\/\/prima.com.vn\/product\/ch\u01b0a%20ph\u00e2n%20lo\u1ea1i\/day-chuyen-vang-18k-prima-gold-bo-suu-tap-love-has-no-limit-vong-tron-long-ghep-love-105n0402\/"},"modified":"2025-11-14T15:12:05","modified_gmt":"2025-11-14T08:12:05","slug":"day-chuyen-vang-18k-prima-gold-bo-suu-tap-love-has-no-limit-vong-tron-long-ghep-love-105n0402","status":"publish","type":"product","link":"https:\/\/prima.com.vn\/en\/product\/trang-suc\/metal\/\/day-chuyen-vang-18k-prima-gold-bo-suu-tap-love-has-no-limit-vong-tron-long-ghep-love-105n0402\/","title":{"rendered":"D\u00e2y chuy\u1ec1n V\u00e0ng 18K PRIMA GOLD &#8211; BST Love Has No Limit &#8211; V\u00f2ng tr\u00f2n l\u1ed3ng gh\u00e9p Love &#8211; 105N0402"},"content":{"rendered":"<p>D\u00f9 di\u1ec5n ra nh\u1eb9 nh\u00e0ng hay l\u00f4i cu\u1ed1n, kho\u1ea3nh kh\u1eafc y\u00eau \u0111\u1ec1u mang \u00fd ngh\u0129a \u0111\u1eb7c bi\u1ec7t v\u1edbi m\u1ed7i ng\u01b0\u1eddi. \u0110\u00e3 bao m\u00f9a y\u00eau tr\u00f4i qua, gi\u00e1 tr\u1ecb c\u1ea3m x\u00fac v\u1eabn \u0111\u01b0\u1ee3c c\u1ea5t gi\u1eef trong nh\u1eefng m\u00f3n qu\u00e0 ng\u1ecdt ng\u00e0o, v\u1eb9n nguy\u00ean qua n\u0103m th\u00e1ng.<br \/>\nPrima ra m\u1eaft b\u1ed9 s\u01b0u t\u1eadp Love, v\u1edbi \u00fd t\u01b0\u1edfng l\u00e0 nh\u1eefng v\u00f2ng tr\u00f2n \u0111an xen, t\u01b0\u1ee3ng tr\u01b0ng cho g\u1eafn k\u1ebft t\u00ecnh y\u00eau b\u1ec1n v\u1eefng. S\u1ea3n ph\u1ea9m \u0111\u01b0\u1ee3c ch\u1ebf t\u00e1c th\u1ee7 c\u00f4ng t\u1ec9 m\u1ec9 tr\u00ean ch\u1ea5t li\u1ec7u v\u00e0ng 18K cao c\u1ea5p, l\u00e0 s\u1ee3i d\u00e2y t\u00ecnh c\u1ea3m li\u00ean k\u1ebft m\u1ed7i c\u00e1 nh\u00e2n b\u1eb1ng nh\u1eefng cung b\u1eadc c\u1ea3m x\u00fac tinh t\u1ebf. B\u1ed9 s\u01b0u t\u1eadp truy\u1ec1n t\u1ea3i tr\u1ecdn v\u1eb9n c\u1ea3m x\u00fac, l\u00e0 m\u00f3n qu\u00e0 ho\u00e0n h\u1ea3o d\u00e0nh cho nh\u1eefng ng\u01b0\u1eddi th\u00e2n, b\u1ea1n b\u00e8.<\/p>","protected":false},"excerpt":{"rendered":"<p>Love Has No Limits &#8211; T\u00ecnh y\u00eau kh\u00f4ng ranh gi\u1edbi, v\u1ebb \u0111\u1eb9p kh\u00f4ng gi\u1edbi h\u1ea1n.<br \/>\nL\u1ea5y c\u1ea3m h\u1ee9ng t\u1eeb t\u00ecnh y\u00eau v\u01b0\u1ee3t qua m\u1ecdi ranh gi\u1edbi, b\u1ed9 s\u01b0u t\u1eadp l\u00e0 s\u1ef1 h\u00f2a quy\u1ec7n tinh t\u1ebf gi\u1eefa s\u1eafc v\u00e0ng tr\u1eafng v\u00e0 v\u00e0ng c\u1ed5 \u0111i\u1ec3n trong nh\u1eefng thi\u1ebft k\u1ebf hi\u1ec7n \u0111\u1ea1i. M\u1ed7i m\u00f3n trang s\u1ee9c l\u00e0 l\u1eddi kh\u1eb3ng \u0111\u1ecbnh cho phong c\u00e1ch c\u00e1 nh\u00e2n &#8211; thanh l\u1ecbch v\u00e0 \u0111\u1ea7y cu\u1ed1n h\u00fat.<\/p>","protected":false},"featured_media":7624,"comment_status":"open","ping_status":"closed","template":"","meta":[],"product_cat":[161,155,216,188],"product_tag":[],"class_list":{"0":"post-6691","1":"product","2":"type-product","3":"status-publish","4":"has-post-thumbnail","6":"product_cat-18k-gold","7":"product_cat-kim-cuong","8":"product_cat-love-has-no-limit","9":"product_cat-vong-co","11":"first","12":"instock","13":"shipping-taxable","14":"purchasable","15":"product-type-simple"},"acf":[],"_links":{"self":[{"href":"https:\/\/prima.com.vn\/en\/wp-json\/wp\/v2\/product\/6691","targetHints":{"allow":["GET"]}}],"collection":[{"href":"https:\/\/prima.com.vn\/en\/wp-json\/wp\/v2\/product"}],"about":[{"href":"https:\/\/prima.com.vn\/en\/wp-json\/wp\/v2\/types\/product"}],"replies":[{"embeddable":true,"href":"https:\/\/prima.com.vn\/en\/wp-json\/wp\/v2\/comments?post=6691"}],"version-history":[{"count":4,"href":"https:\/\/prima.com.vn\/en\/wp-json\/wp\/v2\/product\/6691\/revisions"}],"predecessor-version":[{"id":16206,"href":"https:\/\/prima.com.vn\/en\/wp-json\/wp\/v2\/product\/6691\/revisions\/16206"}],"wp:featuredmedia":[{"embeddable":true,"href":"https:\/\/prima.com.vn\/en\/wp-json\/wp\/v2\/media\/7624"}],"wp:attachment":[{"href":"https:\/\/prima.com.vn\/en\/wp-json\/wp\/v2\/media?parent=6691"}],"wp:term":[{"taxonomy":"product_cat","embeddable":true,"href":"https:\/\/prima.com.vn\/en\/wp-json\/wp\/v2\/product_cat?post=6691"},{"taxonomy":"product_tag","embeddable":true,"href":"https:\/\/prima.com.vn\/en\/wp-json\/wp\/v2\/product_tag?post=6691"}],"curies":[{"name":"wp","href":"https:\/\/api.w.org\/{rel}","templated":true}]}}