{"id":6668,"date":"2023-04-06T09:45:12","date_gmt":"2023-04-06T02:45:12","guid":{"rendered":"https:\/\/prima.com.vn\/product\/ch\u01b0a%20ph\u00e2n%20lo\u1ea1i\/lac-tay-vang-24k-prima-gold-bo-suu-tap-butterfly-concerto-hinh-buom-nu-tinh-kich-thuoc-16-5-cm-165l0480\/"},"modified":"2025-11-14T15:12:03","modified_gmt":"2025-11-14T08:12:03","slug":"lac-tay-vang-24k-prima-gold-bo-suu-tap-butterfly-concerto-hinh-buom-nu-tinh-kich-thuoc-16-5-cm-165l0480","status":"publish","type":"product","link":"https:\/\/prima.com.vn\/en\/product\/trang-suc\/metal\/\/lac-tay-vang-24k-prima-gold-bo-suu-tap-butterfly-concerto-hinh-buom-nu-tinh-kich-thuoc-16-5-cm-165l0480\/","title":{"rendered":"L\u1eafc tay V\u00e0ng 24K PRIMA GOLD &#8211; BST Butterfly Concerto &#8211; H\u00ecnh B\u01b0\u1edbm n\u1eef t\u00ednh &#8211; K\u00edch th\u01b0\u1edbc 16.5 cm &#8211; 165L0480"},"content":{"rendered":"<p>M\u1ed7i tuy\u1ec7t t\u00e1c t\u1eeb Prima lu\u00f4n ch\u1ee9a \u0111\u1ef1ng nh\u1eefng \u00fd ngh\u0129a v\u00e0 phong c\u00e1ch ri\u00eang gi\u00fap n\u00e0ng th\u1ecfa s\u1ee9c th\u1ec3 hi\u1ec7n c\u00e1 t\u00ednh. N\u1ebfu b\u1ea1n mang trong m\u00ecnh v\u1ebb t\u1ef1 do \u0111\u1ea7y ph\u00f3ng kho\u00e1ng nh\u01b0ng c\u0169ng kh\u00f4ng k\u00e9m ph\u1ea7n n\u1eef t\u00ednh, Butterfly Concerto s\u1ebd l\u00e0 l\u1ef1a ch\u1ecdn ho\u00e0n h\u1ea3o.<br \/>\nB\u1ed9 s\u01b0u t\u1eadp l\u1ea5y c\u1ea3m h\u1ee9ng t\u1eeb nh\u1eefng c\u00e1nh b\u01b0\u1edbm tung bay trong khu v\u01b0\u1eddn m\u00f9a xu\u00e2n r\u1ef1c r\u1ee1. Ch\u1ea5t li\u1ec7u v\u00e0ng 24k k\u1ebft h\u1ee3p c\u00f9ng \u0111\u00e1 saphire h\u1ed3ng sang tr\u1ecdng trong thi\u1ebft k\u1ebf n\u00e0y mang l\u1ea1i cho n\u00e0ng v\u1ebb \u0111\u1eb9p tr\u1ebb trung, quy\u1ebfn r\u0169 thu h\u00fat m\u1ecdi \u00e1nh nh\u00ecn.<\/p>","protected":false},"excerpt":{"rendered":"<p>B\u1ea3n h\u00f2a t\u1ea5u c\u1ee7a t\u1ef1 do v\u00e0 ngh\u1ec7 thu\u1eadt<br \/>\nL\u1ea5y c\u1ea3m h\u1ee9ng t\u1eeb h\u00ecnh \u1ea3nh c\u00e1nh b\u01b0\u1edbm uy\u1ec3n chuy\u1ec3n, Butterfly Concerto t\u00e1i hi\u1ec7n v\u1ebb \u0111\u1eb9p nh\u1eb9 nh\u00e0ng qua nh\u1eefng thi\u1ebft k\u1ebf tr\u00ean ch\u1ea5t li\u1ec7u v\u00e0ng 24K, k\u1ebft h\u1ee3p v\u1edbi k\u1ef9 thu\u1eadt ch\u1ea1m kh\u1eafc tinh x\u1ea3o. T\u1eebng chi ti\u1ebft \u0111\u01b0\u1ee3c ch\u1ebf t\u00e1c b\u1edfi b\u00e0n tay ngh\u1ec7 nh\u00e2n l\u00e0nh ngh\u1ec1, mang \u0111\u1ebfn chi\u1ec1u s\u00e2u, s\u1ef1 thanh l\u1ecbch v\u00e0 n\u00e9t duy\u00ean d\u00e1ng ri\u00eang bi\u1ec7t. Kh\u00f4ng ch\u1ec9 l\u00e0 m\u00f3n trang s\u1ee9c, \u0111\u00e2y c\u00f2n l\u00e0 m\u00f3n qu\u00e0 \u0111\u1ea7y \u00fd ngh\u0129a &#8211; \u0111\u01b0\u1ee3c t\u1ea1o n\u00ean \u0111\u1ec3 n\u00e2ng niu, g\u00ecn gi\u1eef v\u00e0 trao g\u1eedi theo th\u1eddi gian.<\/p>","protected":false},"featured_media":6276,"comment_status":"open","ping_status":"closed","template":"","meta":[],"product_cat":[162,219,157,155,189],"product_tag":[],"class_list":{"0":"post-6668","1":"product","2":"type-product","3":"status-publish","4":"has-post-thumbnail","6":"product_cat-24k-gold","7":"product_cat-butterfly-concerto","8":"product_cat-da-ruby","9":"product_cat-kim-cuong","10":"product_cat-vong-tay","12":"first","13":"instock","14":"shipping-taxable","15":"purchasable","16":"product-type-simple"},"acf":[],"_links":{"self":[{"href":"https:\/\/prima.com.vn\/en\/wp-json\/wp\/v2\/product\/6668","targetHints":{"allow":["GET"]}}],"collection":[{"href":"https:\/\/prima.com.vn\/en\/wp-json\/wp\/v2\/product"}],"about":[{"href":"https:\/\/prima.com.vn\/en\/wp-json\/wp\/v2\/types\/product"}],"replies":[{"embeddable":true,"href":"https:\/\/prima.com.vn\/en\/wp-json\/wp\/v2\/comments?post=6668"}],"version-history":[{"count":2,"href":"https:\/\/prima.com.vn\/en\/wp-json\/wp\/v2\/product\/6668\/revisions"}],"predecessor-version":[{"id":16037,"href":"https:\/\/prima.com.vn\/en\/wp-json\/wp\/v2\/product\/6668\/revisions\/16037"}],"wp:featuredmedia":[{"embeddable":true,"href":"https:\/\/prima.com.vn\/en\/wp-json\/wp\/v2\/media\/6276"}],"wp:attachment":[{"href":"https:\/\/prima.com.vn\/en\/wp-json\/wp\/v2\/media?parent=6668"}],"wp:term":[{"taxonomy":"product_cat","embeddable":true,"href":"https:\/\/prima.com.vn\/en\/wp-json\/wp\/v2\/product_cat?post=6668"},{"taxonomy":"product_tag","embeddable":true,"href":"https:\/\/prima.com.vn\/en\/wp-json\/wp\/v2\/product_tag?post=6668"}],"curies":[{"name":"wp","href":"https:\/\/api.w.org\/{rel}","templated":true}]}}