{"id":6665,"date":"2023-04-06T09:44:55","date_gmt":"2023-04-06T02:44:55","guid":{"rendered":"https:\/\/prima.com.vn\/product\/ch\u01b0a%20ph\u00e2n%20lo\u1ea1i\/lac-tay-vang-18k-prima-gold-bst-monochic-hinh-bong-hoa-ngoi-sao-trai-tim-dang-yeu-size-18cm-105l0270\/"},"modified":"2025-11-14T15:12:03","modified_gmt":"2025-11-14T08:12:03","slug":"lac-tay-vang-18k-prima-gold-bst-monochic-hinh-bong-hoa-ngoi-sao-trai-tim-dang-yeu-size-18cm-105l0270","status":"publish","type":"product","link":"https:\/\/prima.com.vn\/en\/product\/trang-suc\/metal\/\/lac-tay-vang-18k-prima-gold-bst-monochic-hinh-bong-hoa-ngoi-sao-trai-tim-dang-yeu-size-18cm-105l0270\/","title":{"rendered":"L\u1eafc tay V\u00e0ng 18K PRIMA GOLD &#8211; MONO CHIC &#8211; H\u00ecnh B\u00f4ng hoa Ng\u00f4i Sao Tr\u00e1i tim \u0111\u00e1ng y\u00eau &#8211; Size 18cm &#8211; 105L0270"},"content":{"rendered":"<p>B\u1ed9 s\u01b0u t\u1eadp Monochic \u0111\u01b0\u1ee3c l\u1ea5y \u00fd t\u01b0\u1edfng t\u1eeb nh\u1eefng bi\u1ec3u t\u01b0\u1ee3ng quen thu\u1ed9c nh\u01b0ng \u0111\u01b0\u1ee3c c\u00e1ch \u0111i\u1ec7u h\u00f3a m\u1ed9t c\u00e1ch kh\u00e9o l\u00e9o \u0111\u1ec3 t\u1ea1o n\u00ean nh\u1eefng thi\u1ebft k\u1ebf v\u00f4 c\u00f9ng \u0111\u1ed9c \u0111\u00e1o v\u00e0 tinh t\u1ebf tr\u00ean ch\u1ea5t li\u1ec7u v\u00e0ng cao c\u1ea5p v\u1edbi nh\u1eefng \u0111\u01b0\u1eddng &#8220;k\u00e9o l\u1ee5a&#8221; th\u1ee7 c\u00f4ng \u0111\u1eb7c tr\u01b0ng t\u1eeb Prima.<br \/>\nN\u1ebfu c\u00e1c n\u00e0ng \u0111ang mu\u1ed1n t\u00ecm ki\u1ebfm cho m\u00ecnh nh\u1eefng m\u00f3n trang s\u1ee9c \u0111\u1ed9c \u0111\u00e1o \u0111\u1ec3 c\u00f3 th\u1ec3 thay \u0111\u1ed5i h\u00e0ng ng\u00e0y, v\u1eeba th\u1ec3 hi\u1ec7n \u0111\u01b0\u1ee3c c\u00e1 t\u00ednh v\u1eeba c\u00f3 th\u1ec3 t\u1ea1o ra s\u1ee9c h\u00fat ri\u00eang c\u1ee7a b\u1ea3n th\u00e2n m\u00ecnh th\u00ec \u0111\u00e2y ho\u00e0n to\u00e0n l\u00e0 s\u1ef1 l\u1ef1a ch\u1ecdn h\u1ee3p l\u00fd. Ngo\u00e0i ra, v\u1edbi \u0111a d\u1ea1ng c\u00e1c thi\u1ebft k\u1ebf th\u00ec Monochic c\u00f3 th\u1ec3 d\u1ec5 d\u00e0ng k\u1ebft h\u1ee3p v\u1edbi c\u1ea3 nh\u1eefng trang ph\u1ee5c h\u00e8 tr\u1ebb trung trong nh\u1eefng chuy\u1ebfn du l\u1ecbch c\u1ee7a c\u00e1c qu\u00fd c\u00f4.<\/p>","protected":false},"excerpt":{"rendered":"<p>Mono Chic &#8211; M\u1ed9t ch\u00fat duy\u00ean, c\u1ea3 ng\u00e0y xinh.<br \/>\nMono Chic mang \u0111\u1ebfn n\u00e9t ch\u1ea5m ph\u00e1 tinh ngh\u1ecbch cho phong c\u00e1ch t\u1ed1i gi\u1ea3n, v\u1edbi nh\u1eefng thi\u1ebft k\u1ebf nh\u1ecf xinh \u0111\u01b0\u1ee3c ch\u1ebf t\u00e1c t\u1eeb v\u00e0ng 24K, v\u00e0ng 18K v\u00e0 v\u00e0ng 9K. T\u1eebng m\u00f3n trang s\u1ee9c \u0111\u01b0\u1ee3c t\u1ea1o n\u00ean \u0111\u1ec3 b\u1ea1n d\u1ec5 d\u00e0ng ph\u1ed1i h\u1ee3p, s\u00e1ng t\u1ea1o v\u00e0 th\u1ec3 hi\u1ec7n phong c\u00e1ch ri\u00eang m\u1ed7i ng\u00e0y.<br \/>\n\u0110\u01a1n gi\u1ea3n &#8211; Nh\u1eb9 nh\u00e0ng &#8211; L\u00e0 ch\u00ednh b\u1ea1n<\/p>","protected":false},"featured_media":6663,"comment_status":"open","ping_status":"closed","template":"","meta":[],"product_cat":[161,155,182,189],"product_tag":[],"class_list":{"0":"post-6665","1":"product","2":"type-product","3":"status-publish","4":"has-post-thumbnail","6":"product_cat-18k-gold","7":"product_cat-kim-cuong","8":"product_cat-monochic","9":"product_cat-vong-tay","11":"first","12":"instock","13":"shipping-taxable","14":"purchasable","15":"product-type-simple"},"acf":[],"_links":{"self":[{"href":"https:\/\/prima.com.vn\/en\/wp-json\/wp\/v2\/product\/6665","targetHints":{"allow":["GET"]}}],"collection":[{"href":"https:\/\/prima.com.vn\/en\/wp-json\/wp\/v2\/product"}],"about":[{"href":"https:\/\/prima.com.vn\/en\/wp-json\/wp\/v2\/types\/product"}],"replies":[{"embeddable":true,"href":"https:\/\/prima.com.vn\/en\/wp-json\/wp\/v2\/comments?post=6665"}],"version-history":[{"count":3,"href":"https:\/\/prima.com.vn\/en\/wp-json\/wp\/v2\/product\/6665\/revisions"}],"predecessor-version":[{"id":16277,"href":"https:\/\/prima.com.vn\/en\/wp-json\/wp\/v2\/product\/6665\/revisions\/16277"}],"wp:featuredmedia":[{"embeddable":true,"href":"https:\/\/prima.com.vn\/en\/wp-json\/wp\/v2\/media\/6663"}],"wp:attachment":[{"href":"https:\/\/prima.com.vn\/en\/wp-json\/wp\/v2\/media?parent=6665"}],"wp:term":[{"taxonomy":"product_cat","embeddable":true,"href":"https:\/\/prima.com.vn\/en\/wp-json\/wp\/v2\/product_cat?post=6665"},{"taxonomy":"product_tag","embeddable":true,"href":"https:\/\/prima.com.vn\/en\/wp-json\/wp\/v2\/product_tag?post=6665"}],"curies":[{"name":"wp","href":"https:\/\/api.w.org\/{rel}","templated":true}]}}