{"id":6649,"date":"2023-04-06T09:44:04","date_gmt":"2023-04-06T02:44:04","guid":{"rendered":"https:\/\/prima.com.vn\/product\/ch\u01b0a%20ph\u00e2n%20lo\u1ea1i\/lac-tay-vang-24k-prima-gold-bst-infinity-love-tinh-yeu-vo-cuc-111l3287\/"},"modified":"2026-03-07T13:29:10","modified_gmt":"2026-03-07T06:29:10","slug":"lac-tay-vang-24k-prima-gold-bst-infinity-love-tinh-yeu-vo-cuc-111l3287","status":"publish","type":"product","link":"https:\/\/prima.com.vn\/en\/product\/trang-suc\/metal\/\/lac-tay-vang-24k-prima-gold-bst-infinity-love-tinh-yeu-vo-cuc-111l3287\/","title":{"rendered":"L\u1eafc tay V\u00e0ng 24K PRIMA GOLD &#8211; BST Infinity Love &#8211; T\u00ecnh Y\u00eau V\u00f4 C\u1ef1c &#8211; 111L3287"},"content":{"rendered":"<p>L\u1ea5y \u00fd t\u01b0\u1edfng t\u1eeb k\u00fd hi\u1ec7u v\u00f4 c\u1ef1c trong To\u00e1n H\u1ecdc \u0111\u1ec3 th\u1ec3 hi\u1ec7n t\u00ecnh y\u00eau m\u00e3nh li\u1ec7t, \u0111\u1eadm s\u00e2u v\u00e0 m\u00e3i m\u00e3i d\u00e0nh cho n\u1eeda kia Th\u1ebf gi\u1edbi.<br \/>\nB\u1ed9 s\u01b0u t\u1eadp Infinity Love th\u00edch h\u1ee3p \u0111\u1ec3 d\u00e0nh t\u1eb7ng d\u00e0nh cho n\u1eeda c\u1ee7a m\u00ecnh \u0111\u1ec3 th\u1ec3 hi\u1ec7n t\u00ecnh y\u00eau, ho\u1eb7c c\u00e1c c\u00f4 n\u00e0ng c\u0169ng c\u00f3 th\u1ec3 t\u1ef1 th\u01b0\u1edfng cho b\u1ea3n th\u00e2n m\u00ecnh. L\u1eafc tay thi\u1ebft k\u1ebf tinh x\u1ea3o trong t\u1eebng \u0111\u01b0\u1eddng k\u00e9o l\u1ee5a v\u00e0 mang t\u00ednh \u1ee9ng d\u1ee5ng cao. C\u00f3 th\u1ec3 k\u1ebf h\u1ee3p v\u1edbi nhi\u1ec1u lo\u1ea1i trang ph\u1ee5c v\u1edbi c\u00e1c phong c\u00e1ch kh\u00e1c nhau (n\u1eef t\u00ednh, sang tr\u1ecdng,&#8230;), c\u00f3 th\u1ec3 \u0111eo h\u1eb1ng ng\u00e0y \u0111\u1ec3 \u0111i h\u1ecdc ho\u1eb7c \u0111i l\u00e0m, \u0111i ch\u01a1i, \u0111i d\u1ef1 ti\u1ec7c.<\/p>","protected":false},"excerpt":{"rendered":"<p>Infinity Love -L\u1eddi h\u1ee9a c\u1ee7a m\u1ed9t t\u00ecnh y\u00eau v\u0129nh c\u1eedu<br \/>\nL\u1ea5y c\u1ea3m h\u1ee9ng t\u1eeb bi\u1ec3u t\u01b0\u1ee3ng v\u00f4 c\u1ef1c, Infinity Love t\u00f4n vinh t\u00ecnh y\u00eau b\u1ec1n v\u1eefng, kh\u00f4ng gi\u1edbi h\u1ea1n v\u00e0 kh\u00f4ng phai nh\u00f2a theo th\u1eddi gian. M\u1ed7i thi\u1ebft k\u1ebf \u0111\u01b0\u1ee3c ch\u1ebf t\u00e1c t\u1eeb v\u00e0ng 24K nguy\u00ean ch\u1ea5t, mang phong c\u00e1ch t\u1ed1i gi\u1ea3n m\u00e0 \u0111\u1ea7y c\u1ea3m x\u00fac, l\u00e0 m\u00f3n trang s\u1ee9c l\u01b0u gi\u1eef kho\u1ea3nh kh\u1eafc thi\u00eang li\u00eang -nh\u01b0 m\u1ed9t l\u1eddi nh\u1eafc nh\u1edf d\u1ecbu d\u00e0ng v\u1ec1 t\u00ecnh y\u00eau ch\u00e2n th\u00e0nh, m\u00e3i m\u00e3i.<\/p>","protected":false},"featured_media":6647,"comment_status":"open","ping_status":"closed","template":"","meta":[],"product_cat":[162,236,189],"product_tag":[],"class_list":{"0":"post-6649","1":"product","2":"type-product","3":"status-publish","4":"has-post-thumbnail","6":"product_cat-24k-gold","7":"product_cat-infinity-love","8":"product_cat-vong-tay","10":"first","11":"instock","12":"shipping-taxable","13":"purchasable","14":"product-type-simple"},"acf":[],"_links":{"self":[{"href":"https:\/\/prima.com.vn\/en\/wp-json\/wp\/v2\/product\/6649","targetHints":{"allow":["GET"]}}],"collection":[{"href":"https:\/\/prima.com.vn\/en\/wp-json\/wp\/v2\/product"}],"about":[{"href":"https:\/\/prima.com.vn\/en\/wp-json\/wp\/v2\/types\/product"}],"replies":[{"embeddable":true,"href":"https:\/\/prima.com.vn\/en\/wp-json\/wp\/v2\/comments?post=6649"}],"version-history":[{"count":2,"href":"https:\/\/prima.com.vn\/en\/wp-json\/wp\/v2\/product\/6649\/revisions"}],"predecessor-version":[{"id":16151,"href":"https:\/\/prima.com.vn\/en\/wp-json\/wp\/v2\/product\/6649\/revisions\/16151"}],"wp:featuredmedia":[{"embeddable":true,"href":"https:\/\/prima.com.vn\/en\/wp-json\/wp\/v2\/media\/6647"}],"wp:attachment":[{"href":"https:\/\/prima.com.vn\/en\/wp-json\/wp\/v2\/media?parent=6649"}],"wp:term":[{"taxonomy":"product_cat","embeddable":true,"href":"https:\/\/prima.com.vn\/en\/wp-json\/wp\/v2\/product_cat?post=6649"},{"taxonomy":"product_tag","embeddable":true,"href":"https:\/\/prima.com.vn\/en\/wp-json\/wp\/v2\/product_tag?post=6649"}],"curies":[{"name":"wp","href":"https:\/\/api.w.org\/{rel}","templated":true}]}}