{"id":6632,"date":"2023-04-06T09:43:26","date_gmt":"2023-04-06T02:43:26","guid":{"rendered":"https:\/\/prima.com.vn\/product\/ch\u01b0a%20ph\u00e2n%20lo\u1ea1i\/nhan-vang-18k-prima-gold-bst-stack-rings-mau-rose-gold-105r3980\/"},"modified":"2025-11-14T15:11:58","modified_gmt":"2025-11-14T08:11:58","slug":"nhan-vang-18k-prima-gold-bst-stack-rings-mau-rose-gold-105r3980","status":"publish","type":"product","link":"https:\/\/prima.com.vn\/en\/product\/trang-suc\/metal\/\/nhan-vang-18k-prima-gold-bst-stack-rings-mau-rose-gold-105r3980\/","title":{"rendered":"Nh\u1eabn V\u00e0ng 18K PRIMA GOLD &#8211; BST Stack Rings &#8211; M\u00e0u Rose Gold &#8211; 105R3980"},"content":{"rendered":"<p>B\u1ed9 s\u01b0u t\u1eadp nh\u1eabn Stack Ring \u0111\u01b0\u1ee3c t\u1ea1o n\u00ean t\u1eeb ch\u1ea5t li\u1ec7u 24K v\u00e0 18K sang tr\u1ecdng, k\u1ebft h\u1ee3p c\u00f9ng ki\u1ec3u d\u00e1ng tinh t\u1ebf, \u0111\u01a1n gi\u1ea3n, \u0111\u01b0\u1ee3c ch\u1ea1m kh\u1eafc tinh x\u1ea3o v\u1edbi \u0111\u01b0\u1eddng n\u00e9t u\u1ed1n l\u01b0\u1ee3n b\u1eaft m\u1eaft.<br \/>\nS\u1ef1 k\u1ebft h\u1ee3p gi\u1eefa 3 tone m\u00e0u Silver &#8211; Gold &#8211; Rose Gold \u0111\u00e3 t\u1ea1o n\u00ean m\u1ed9t \u201cb\u1ea3n h\u00f2a t\u1ea5u\u201d v\u00f4 c\u00f9ng \u0111\u1ed9c \u0111\u00e1o, h\u1ee9a h\u1eb9n s\u1ebd mang \u0111\u1ebfn th\u1ea7n th\u00e1i m\u1edbi m\u1ebb \u0111\u1ebfn cho ng\u01b0\u1eddi mang. B\u00ean c\u1ea1nh \u0111\u00f3, ngh\u1ec7 thu\u1eadt \u0111\u00ednh kim c\u01b0\u01a1ng m\u1edbi l\u1ea1 \u0111\u1ebfn t\u1eeb PRIMA c\u0169ng gi\u00fap cho Stack Ring tr\u1edf n\u00ean n\u1ed5i b\u1eadt v\u00e0 l\u1ea5p l\u00e1nh h\u01a1n.<br \/>\nV\u1edbi trang s\u1ee9c Stack Rings, ng\u01b0\u1eddi mang c\u00f3 th\u1ec3 t\u00f9y \u00fd k\u1ebft h\u1ee3p \u0111eo nh\u1eabn \u0111\u01a1n ho\u1eb7c \u0111eo k\u1ebft h\u1ee3p nhi\u1ec1u nh\u1eabn v\u1edbi nhau, t\u00f9y thu\u1ed9c theo outfit v\u00e0 phong c\u00e1ch ri\u00eang c\u1ee7a b\u1ea3n th\u00e2n. Kh\u00f4ng ch\u1ec9 l\u00e0 m\u00f3n trang s\u1ee9c sang tr\u1ecdng d\u00e0nh t\u1eb7ng b\u1ea3n th\u00e2n, Stack Ring c\u00f2n l\u00e0 s\u1ef1 l\u1ef1a ch\u1ecdn ho\u00e0n h\u1ea3o d\u00e0nh cho nh\u00f3m b\u1ea1n mu\u1ed1n c\u00f9ng nhau th\u1ec3 hi\u1ec7n c\u00e1 t\u00ednh m\u1ecdi l\u00fac m\u1ecdi n\u01a1i.<\/p>","protected":false},"excerpt":{"rendered":"<p>M\u1ed7i chi\u1ebfc nh\u1eabn trong b\u1ed9 s\u01b0u t\u1eadp Stack Rings kh\u00f4ng ch\u1ec9 l\u00e0 m\u1ed9t m\u00f3n trang s\u1ee9c, m\u00e0 c\u00f2n l\u00e0 m\u1ed9t d\u1ea5u \u1ea5n c\u00e1 nh\u00e2n, l\u01b0u gi\u1eef t\u1eebng kho\u1ea3nh kh\u1eafc trong h\u00e0nh tr\u00ecnh cu\u1ed9c s\u1ed1ng. H\u00e3y t\u1ef1 do k\u1ebft h\u1ee3p v\u00e0 s\u00e1ng t\u1ea1o \u0111\u1ec3 t\u1ea1o n\u00ean b\u1ea3n s\u1eafc ri\u00eang, l\u1ea5p l\u00e1nh v\u1edbi phong c\u00e1ch v\u00e0 c\u00e1 t\u00ednh ch\u1ec9 thu\u1ed9c v\u1ec1 b\u1ea1n.<\/p>","protected":false},"featured_media":6030,"comment_status":"open","ping_status":"closed","template":"","meta":[],"product_cat":[161,155,144,226],"product_tag":[],"class_list":{"0":"post-6632","1":"product","2":"type-product","3":"status-publish","4":"has-post-thumbnail","6":"product_cat-18k-gold","7":"product_cat-kim-cuong","8":"product_cat-nhan","9":"product_cat-stack-rings","11":"first","12":"instock","13":"shipping-taxable","14":"purchasable","15":"product-type-simple"},"acf":[],"_links":{"self":[{"href":"https:\/\/prima.com.vn\/en\/wp-json\/wp\/v2\/product\/6632","targetHints":{"allow":["GET"]}}],"collection":[{"href":"https:\/\/prima.com.vn\/en\/wp-json\/wp\/v2\/product"}],"about":[{"href":"https:\/\/prima.com.vn\/en\/wp-json\/wp\/v2\/types\/product"}],"replies":[{"embeddable":true,"href":"https:\/\/prima.com.vn\/en\/wp-json\/wp\/v2\/comments?post=6632"}],"version-history":[{"count":3,"href":"https:\/\/prima.com.vn\/en\/wp-json\/wp\/v2\/product\/6632\/revisions"}],"predecessor-version":[{"id":16218,"href":"https:\/\/prima.com.vn\/en\/wp-json\/wp\/v2\/product\/6632\/revisions\/16218"}],"wp:featuredmedia":[{"embeddable":true,"href":"https:\/\/prima.com.vn\/en\/wp-json\/wp\/v2\/media\/6030"}],"wp:attachment":[{"href":"https:\/\/prima.com.vn\/en\/wp-json\/wp\/v2\/media?parent=6632"}],"wp:term":[{"taxonomy":"product_cat","embeddable":true,"href":"https:\/\/prima.com.vn\/en\/wp-json\/wp\/v2\/product_cat?post=6632"},{"taxonomy":"product_tag","embeddable":true,"href":"https:\/\/prima.com.vn\/en\/wp-json\/wp\/v2\/product_tag?post=6632"}],"curies":[{"name":"wp","href":"https:\/\/api.w.org\/{rel}","templated":true}]}}