{"id":6609,"date":"2023-04-06T09:41:55","date_gmt":"2023-04-06T02:41:55","guid":{"rendered":"https:\/\/prima.com.vn\/product\/ch\u01b0a%20ph\u00e2n%20lo\u1ea1i\/nhan-vang-18k-prima-gold-bo-suu-tap-mini-heart-hai-mau-vang-trang-105r3804\/"},"modified":"2025-11-14T15:11:56","modified_gmt":"2025-11-14T08:11:56","slug":"nhan-vang-18k-prima-gold-bo-suu-tap-mini-heart-hai-mau-vang-trang-105r3804","status":"publish","type":"product","link":"https:\/\/prima.com.vn\/en\/product\/trang-suc\/metal\/\/nhan-vang-18k-prima-gold-bo-suu-tap-mini-heart-hai-mau-vang-trang-105r3804\/","title":{"rendered":"Nh\u1eabn V\u00e0ng 18K PRIMA GOLD &#8211; BST Mini Heart &#8211; Hai m\u00e0u V\u00e0ng Tr\u1eafng &#8211; 105R3804"},"content":{"rendered":"<p>BST Mini Heart v\u1edbi h\u00ecnh \u1ea3nh \u0111\u00f4i tim \u0111\u01b0\u1ee3c l\u1ed3ng v\u00e0o nhau b\u1eb1ng ch\u1ea5t li\u1ec7u V\u00e0ng 18K v\u00e0 Kim C\u01b0\u01a1ng mang \u00fd ngh\u0129a v\u1ec1 s\u1ef1 h\u1ee3p nh\u1ea5t trong t\u00ecnh y\u00eau. B\u1ed9 n\u1eef trang n\u00e0y ch\u00ednh l\u00e0 qu\u00e0 t\u1eb7ng tuy\u1ec7t v\u1eddi thay l\u1eddi mu\u1ed1n n\u00f3i g\u1eedi \u0111\u1ebfn ng\u01b0\u1eddi b\u1ea1n y\u00eau th\u01b0\u01a1ng.<\/p>","protected":false},"excerpt":{"rendered":"<p>M\u1ed9t ch\u00fat l\u1ea5p l\u00e1nh, nhi\u1ec1u ch\u00fat y\u00eau th\u01b0\u01a1ng<br \/>\nMini Heart t\u1eeb PRIMA mang v\u1ebb \u0111\u1eb9p t\u1ed1i gi\u1ea3n tr\u1edf n\u00ean ng\u1ecdt ng\u00e0o \u0111\u1ebfn kh\u00f3 c\u01b0\u1ee1ng. \u0110\u01b0\u1ee3c ch\u1ebf t\u00e1c t\u1eeb v\u00e0ng 24K nguy\u00ean ch\u1ea5t, m\u1ed7i thi\u1ebft k\u1ebf t\u1ecfa ra n\u00e9t l\u1ea5p l\u00e1nh d\u1ecbu d\u00e0ng c\u00f9ng v\u1edbi n\u00e9t cu\u1ed1n h\u00fat \u0111\u1ea7y tinh t\u1ebf, l\u00e0 l\u1ef1a ch\u1ecdn ho\u00e0n h\u1ea3o \u0111\u1ec3 b\u1ea1n g\u1eedi g\u1eafm y\u00eau th\u01b0\u01a1ng theo m\u1ed9t c\u00e1ch \u0111\u00e1ng y\u00eau v\u00e0 ri\u00eang bi\u1ec7t m\u1ed7i ng\u00e0y.<\/p>","protected":false},"featured_media":9695,"comment_status":"open","ping_status":"closed","template":"","meta":[],"product_cat":[161,155,195,144],"product_tag":[],"class_list":{"0":"post-6609","1":"product","2":"type-product","3":"status-publish","4":"has-post-thumbnail","6":"product_cat-18k-gold","7":"product_cat-kim-cuong","8":"product_cat-mini-heart","9":"product_cat-nhan","11":"first","12":"instock","13":"shipping-taxable","14":"purchasable","15":"product-type-simple"},"acf":[],"_links":{"self":[{"href":"https:\/\/prima.com.vn\/en\/wp-json\/wp\/v2\/product\/6609","targetHints":{"allow":["GET"]}}],"collection":[{"href":"https:\/\/prima.com.vn\/en\/wp-json\/wp\/v2\/product"}],"about":[{"href":"https:\/\/prima.com.vn\/en\/wp-json\/wp\/v2\/types\/product"}],"replies":[{"embeddable":true,"href":"https:\/\/prima.com.vn\/en\/wp-json\/wp\/v2\/comments?post=6609"}],"version-history":[{"count":3,"href":"https:\/\/prima.com.vn\/en\/wp-json\/wp\/v2\/product\/6609\/revisions"}],"predecessor-version":[{"id":16286,"href":"https:\/\/prima.com.vn\/en\/wp-json\/wp\/v2\/product\/6609\/revisions\/16286"}],"wp:featuredmedia":[{"embeddable":true,"href":"https:\/\/prima.com.vn\/en\/wp-json\/wp\/v2\/media\/9695"}],"wp:attachment":[{"href":"https:\/\/prima.com.vn\/en\/wp-json\/wp\/v2\/media?parent=6609"}],"wp:term":[{"taxonomy":"product_cat","embeddable":true,"href":"https:\/\/prima.com.vn\/en\/wp-json\/wp\/v2\/product_cat?post=6609"},{"taxonomy":"product_tag","embeddable":true,"href":"https:\/\/prima.com.vn\/en\/wp-json\/wp\/v2\/product_tag?post=6609"}],"curies":[{"name":"wp","href":"https:\/\/api.w.org\/{rel}","templated":true}]}}