{"id":6606,"date":"2023-04-06T09:41:39","date_gmt":"2023-04-06T02:41:39","guid":{"rendered":"https:\/\/prima.com.vn\/product\/ch\u01b0a%20ph\u00e2n%20lo\u1ea1i\/nhan-vang-18k-prima-gold-bo-suu-tap-meridian-hinh-co-bon-la-105r4493\/"},"modified":"2025-11-14T15:11:56","modified_gmt":"2025-11-14T08:11:56","slug":"nhan-vang-18k-prima-gold-bo-suu-tap-meridian-hinh-co-bon-la-105r4493","status":"publish","type":"product","link":"https:\/\/prima.com.vn\/en\/product\/trang-suc\/metal\/\/nhan-vang-18k-prima-gold-bo-suu-tap-meridian-hinh-co-bon-la-105r4493\/","title":{"rendered":"Nh\u1eabn V\u00e0ng 18K PRIMA GOLD &#8211; BST Meridian &#8211; H\u00ecnh C\u1ecf b\u1ed1n l\u00e1 &#8211; 105R4493"},"content":{"rendered":"<p>Meridian Collection \u0111\u01b0\u1ee3c l\u1ea5y c\u1ea3m h\u1ee9ng t\u1eeb c\u1ecf b\u1ed1n l\u00e1 t\u01b0\u1ee3ng tr\u01b0ng cho s\u1ef1 may m\u1eafn v\u00e0 hy v\u1ecdng. Nh\u1eefng chi\u1ebfc l\u00e1 \u0111\u01b0\u1ee3c l\u1ed3ng v\u00e0o v\u00f2ng tr\u00f2n ho\u1eb7c tr\u00e1i ch\u00e2u tr\u00f2n, th\u1ec3 hi\u1ec7n s\u1ef1 vi\u00ean m\u00e3n, tr\u00f2n \u0111\u1ea7y.<br \/>\nV\u1edbi ch\u1ea5t li\u1ec7u V\u00e0ng 18K sang tr\u1ecdng, thi\u1ebft k\u1ebf nh\u01b0 m\u1ed9t m\u00f3n qu\u00e0 \u0111\u1ea7y b\u1ea5t ng\u1edd d\u00e0nh t\u1eb7ng ng\u01b0\u1eddi th\u00e2n, b\u1ea1n b\u00e8 hay ch\u00ednh b\u1ea3n th\u00e2n v\u00e0o th\u1eddi kh\u1eafc \u0111\u1eb9p v\u00e0 \u0111\u00e1ng nh\u1edb nh\u1ea5t trong n\u0103m.<\/p>","protected":false},"excerpt":{"rendered":"<p>V\u1ebb \u0111\u1eb9p thanh l\u1ecbch k\u1ebft h\u1ee3p bi\u1ec3u t\u01b0\u1ee3ng may m\u1eafn.<br \/>\n L\u1ea5y c\u1ea3m h\u1ee9ng t\u1eeb l\u00e1 may m\u1eafn &#8211; bi\u1ec3u t\u01b0\u1ee3ng v\u01b0\u1ee3t th\u1eddi gian c\u1ee7a s\u1ef1 th\u1ecbnh v\u01b0\u1ee3ng &#8211; Meridian Collection n\u1ed5i b\u1eadt v\u1edbi kim c\u01b0\u01a1ng E Color \u0111\u01b0\u1ee3c x\u1ebfp th\u00e0nh c\u00e1c v\u00f2ng tr\u00f2n li\u1ec1n m\u1ea1ch tinh x\u1ea3o. Thi\u1ebft k\u1ebf mang n\u00e9t hi\u1ec7n \u0111\u1ea1i, thanh l\u1ecbch v\u00e0 \u0111\u1ea7y cu\u1ed1n h\u00fat &#8211; th\u1ec3 hi\u1ec7n c\u00e1 t\u00ednh ri\u00eang c\u1ee7a ng\u01b0\u1eddi s\u1edf h\u1eefu.<\/p>","protected":false},"featured_media":6033,"comment_status":"open","ping_status":"closed","template":"","meta":[],"product_cat":[161,155,224,144],"product_tag":[],"class_list":{"0":"post-6606","1":"product","2":"type-product","3":"status-publish","4":"has-post-thumbnail","6":"product_cat-18k-gold","7":"product_cat-kim-cuong","8":"product_cat-meridian","9":"product_cat-nhan","11":"first","12":"instock","13":"shipping-taxable","14":"purchasable","15":"product-type-simple"},"acf":[],"_links":{"self":[{"href":"https:\/\/prima.com.vn\/en\/wp-json\/wp\/v2\/product\/6606","targetHints":{"allow":["GET"]}}],"collection":[{"href":"https:\/\/prima.com.vn\/en\/wp-json\/wp\/v2\/product"}],"about":[{"href":"https:\/\/prima.com.vn\/en\/wp-json\/wp\/v2\/types\/product"}],"replies":[{"embeddable":true,"href":"https:\/\/prima.com.vn\/en\/wp-json\/wp\/v2\/comments?post=6606"}],"version-history":[{"count":2,"href":"https:\/\/prima.com.vn\/en\/wp-json\/wp\/v2\/product\/6606\/revisions"}],"predecessor-version":[{"id":16472,"href":"https:\/\/prima.com.vn\/en\/wp-json\/wp\/v2\/product\/6606\/revisions\/16472"}],"wp:featuredmedia":[{"embeddable":true,"href":"https:\/\/prima.com.vn\/en\/wp-json\/wp\/v2\/media\/6033"}],"wp:attachment":[{"href":"https:\/\/prima.com.vn\/en\/wp-json\/wp\/v2\/media?parent=6606"}],"wp:term":[{"taxonomy":"product_cat","embeddable":true,"href":"https:\/\/prima.com.vn\/en\/wp-json\/wp\/v2\/product_cat?post=6606"},{"taxonomy":"product_tag","embeddable":true,"href":"https:\/\/prima.com.vn\/en\/wp-json\/wp\/v2\/product_tag?post=6606"}],"curies":[{"name":"wp","href":"https:\/\/api.w.org\/{rel}","templated":true}]}}