{"id":6597,"date":"2023-04-06T09:41:24","date_gmt":"2023-04-06T02:41:24","guid":{"rendered":"https:\/\/prima.com.vn\/product\/ch\u01b0a%20ph\u00e2n%20lo\u1ea1i\/bong-tai-vang-18k-prima-gold-bst-butterfly-concerto-hinh-buom-sang-trong-dinh-kim-cuong-105e1211\/"},"modified":"2025-11-14T15:11:52","modified_gmt":"2025-11-14T08:11:52","slug":"bong-tai-vang-18k-prima-gold-bst-butterfly-concerto-hinh-buom-sang-trong-dinh-kim-cuong-105e1211","status":"publish","type":"product","link":"https:\/\/prima.com.vn\/en\/product\/trang-suc\/metal\/\/bong-tai-vang-18k-prima-gold-bst-butterfly-concerto-hinh-buom-sang-trong-dinh-kim-cuong-105e1211\/","title":{"rendered":"B\u00f4ng Tai V\u00e0ng 18K PRIMA GOLD &#8211; BST Butterfly Concerto &#8211; H\u00ecnh B\u01b0\u1edbm sang tr\u1ecdng \u0111\u00ednh kim c\u01b0\u01a1ng &#8211; 105E1211"},"content":{"rendered":"<p>M\u1ed7i tuy\u1ec7t t\u00e1c t\u1eeb Prima lu\u00f4n ch\u1ee9a \u0111\u1ef1ng nh\u1eefng \u00fd ngh\u0129a v\u00e0 phong c\u00e1ch ri\u00eang gi\u00fap n\u00e0ng th\u1ecfa s\u1ee9c th\u1ec3 hi\u1ec7n c\u00e1 t\u00ednh. N\u1ebfu b\u1ea1n mang trong m\u00ecnh v\u1ebb t\u1ef1 do \u0111\u1ea7y ph\u00f3ng kho\u00e1ng nh\u01b0ng c\u0169ng kh\u00f4ng k\u00e9m ph\u1ea7n n\u1eef t\u00ednh, Butterfly Concerto s\u1ebd l\u00e0 l\u1ef1a ch\u1ecdn ho\u00e0n h\u1ea3o.<br \/>\nB\u1ed9 s\u01b0u t\u1eadp l\u1ea5y c\u1ea3m h\u1ee9ng t\u1eeb nh\u1eefng c\u00e1nh b\u01b0\u1edbm tung bay trong khu v\u01b0\u1eddn m\u00f9a xu\u00e2n r\u1ef1c r\u1ee1. Ch\u1ea5t li\u1ec7u v\u00e0ng 18K (V\u00e0ng v\u00e0ng &amp; V\u00e0ng Tr\u1eafng) k\u1ebft h\u1ee3p c\u00f9ng kim c\u01b0\u01a1ng sang tr\u1ecdng trong thi\u1ebft k\u1ebf n\u00e0y mang l\u1ea1i cho n\u00e0ng v\u1ebb \u0111\u1eb9p tr\u1ebb trung, quy\u1ebfn r\u0169 thu h\u00fat m\u1ecdi \u00e1nh nh\u00ecn.<\/p>","protected":false},"excerpt":{"rendered":"<p>V\u1ebb \u0111\u1eb9p nh\u1eb9 nh\u00e0ng nh\u01b0 nh\u1eefng c\u00e1nh b\u01b0\u1edbm gi\u1eefa v\u01b0\u1eddn hoa.<br \/>\nL\u1ea5y c\u1ea3m h\u1ee9ng t\u1eeb nh\u1eefng c\u00e1nh b\u01b0\u1edbm bay l\u01b0\u1ee3n &#8211; bi\u1ec3u t\u01b0\u1ee3ng c\u1ee7a s\u1ef1 t\u1ef1 do v\u00e0 v\u1ebb \u0111\u1eb9p thanh tho\u00e1t, Butterfly Concerto t\u00e1i hi\u1ec7n chuy\u1ec3n \u0111\u1ed9ng nh\u1eb9 nh\u00e0ng c\u1ee7a ch\u00fang gi\u1eefa khu v\u01b0\u1eddn thi\u00ean nhi\u00ean m\u00f9a h\u1ea1. \u0110\u01b0\u1ee3c ch\u1ebf t\u00e1c t\u1eeb v\u00e0ng 18K k\u1ebft h\u1ee3p kim c\u01b0\u01a1ng cao c\u1ea5p, m\u1ed7i thi\u1ebft k\u1ebf l\u00e0 m\u1ed9t \u0111i\u1ec3m ch\u1ea1m duy\u00ean d\u00e1ng, \u0111\u1ea7y thi v\u1ecb v\u00e0 cu\u1ed1n h\u00fat.<\/p>","protected":false},"featured_media":7489,"comment_status":"open","ping_status":"closed","template":"","meta":[],"product_cat":[161,219,183,155],"product_tag":[],"class_list":{"0":"post-6597","1":"product","2":"type-product","3":"status-publish","4":"has-post-thumbnail","6":"product_cat-18k-gold","7":"product_cat-butterfly-concerto","8":"product_cat-hoa-tai","9":"product_cat-kim-cuong","11":"first","12":"instock","13":"shipping-taxable","14":"purchasable","15":"product-type-simple"},"acf":[],"_links":{"self":[{"href":"https:\/\/prima.com.vn\/en\/wp-json\/wp\/v2\/product\/6597","targetHints":{"allow":["GET"]}}],"collection":[{"href":"https:\/\/prima.com.vn\/en\/wp-json\/wp\/v2\/product"}],"about":[{"href":"https:\/\/prima.com.vn\/en\/wp-json\/wp\/v2\/types\/product"}],"replies":[{"embeddable":true,"href":"https:\/\/prima.com.vn\/en\/wp-json\/wp\/v2\/comments?post=6597"}],"version-history":[{"count":2,"href":"https:\/\/prima.com.vn\/en\/wp-json\/wp\/v2\/product\/6597\/revisions"}],"predecessor-version":[{"id":16467,"href":"https:\/\/prima.com.vn\/en\/wp-json\/wp\/v2\/product\/6597\/revisions\/16467"}],"wp:featuredmedia":[{"embeddable":true,"href":"https:\/\/prima.com.vn\/en\/wp-json\/wp\/v2\/media\/7489"}],"wp:attachment":[{"href":"https:\/\/prima.com.vn\/en\/wp-json\/wp\/v2\/media?parent=6597"}],"wp:term":[{"taxonomy":"product_cat","embeddable":true,"href":"https:\/\/prima.com.vn\/en\/wp-json\/wp\/v2\/product_cat?post=6597"},{"taxonomy":"product_tag","embeddable":true,"href":"https:\/\/prima.com.vn\/en\/wp-json\/wp\/v2\/product_tag?post=6597"}],"curies":[{"name":"wp","href":"https:\/\/api.w.org\/{rel}","templated":true}]}}