{"id":6589,"date":"2023-04-06T09:41:05","date_gmt":"2023-04-06T02:41:05","guid":{"rendered":"https:\/\/prima.com.vn\/product\/ch\u01b0a%20ph\u00e2n%20lo\u1ea1i\/bong-tai-vang-18k-prima-gold-bst-impression-hinh-bong-hoa-105e0725\/"},"modified":"2025-11-14T15:11:51","modified_gmt":"2025-11-14T08:11:51","slug":"bong-tai-vang-18k-prima-gold-bst-impression-hinh-bong-hoa-105e0725","status":"publish","type":"product","link":"https:\/\/prima.com.vn\/en\/product\/trang-suc\/metal\/\/bong-tai-vang-18k-prima-gold-bst-impression-hinh-bong-hoa-105e0725\/","title":{"rendered":"B\u00f4ng Tai V\u00e0ng 18K PRIMA GOLD &#8211; BST Impression &#8211; H\u00ecnh B\u00f4ng Hoa &#8211; 105E0725"},"content":{"rendered":"<p>L\u1ea5y \u00fd t\u01b0\u1edfng t\u1eeb h\u00ecnh \u1ea3nh hoa l\u00e1 thi\u00ean nhi\u00ean &#8211; m\u1ec1m m\u1ea1i v\u00e0 quy\u1ebfn r\u0169, b\u1ed9 s\u01b0u t\u1eadp l\u00e0 s\u1ef1 k\u1ebft h\u1ee3p tinh t\u1ebf gi\u1eefa ch\u1ea5t li\u1ec7u v\u00e0ng v\u00e0 kim c\u01b0\u01a1ng tinh cao c\u1ea5p, \u0111\u01b0\u1ee3c c\u00e1c ngh\u1ec7 nh\u00e2n th\u1ee7 c\u00f4ng l\u00e0nh ngh\u1ec1 t\u1ea1i x\u01b0\u1edfng ch\u1ebf t\u00e1c Prima trau chu\u1ed1t k\u0129 l\u01b0\u1ee1ng.<br \/>\nM\u1ed7i t\u00e1c ph\u1ea9m th\u1ea5p tho\u00e1ng v\u1ebb \u0111\u1eb9p t\u1ef1 nhi\u00ean c\u1ee7a hoa l\u00e1, kho\u00e1c l\u00ean s\u1ef1 d\u1ecbu d\u00e0ng v\u00e0 n\u1eef t\u00ednh. B\u1ed9 s\u01b0u t\u1eadp THE IMPRESSION l\u00e0 s\u1ef1 l\u1ef1a ch\u1ecdn ho\u00e0n h\u1ea3o cho qu\u00fd c\u00f4 trong d\u1ecbp n\u0103m m\u1edbi, d\u1ec5 d\u00e0ng k\u1ebft h\u1ee3p c\u00f9ng nhi\u1ec1u phong c\u00e1ch v\u00e0 ki\u1ec3u trang ph\u1ee5c kh\u00e1c nhau b\u1edfi thi\u1ebft k\u1ebf tinh t\u1ebf.<\/p>","protected":false},"excerpt":{"rendered":"<p>Impression &#8211; Thanh l\u1ecbch trong m\u1ecdi kho\u1ea3nh kh\u1eafc.<br \/>\nImpression t\u00f4n vinh v\u1ebb \u0111\u1eb9p thanh l\u1ecbch qua t\u1eebng \u0111\u01b0\u1eddng n\u00e9t tinh g\u1ecdn, \u0111\u01b0\u1ee3c ch\u1ebf t\u00e1c t\u1eeb kim c\u01b0\u01a1ng tuy\u1ec3n ch\u1ecdn v\u00e0 ho\u00e0n thi\u1ec7n v\u1edbi \u0111\u1ed9 t\u1ec9 m\u1ec9 cao.<br \/>\nM\u1ed7i thi\u1ebft k\u1ebf nh\u01b0 \u00e1nh s\u00e1ng d\u1ecbu d\u00e0ng, d\u1ec5 d\u00e0ng h\u00f2a nh\u1ecbp v\u1edbi m\u1ecdi phong c\u00e1ch &#8211; mang \u0111\u1ebfn s\u1ef1 t\u1ef1 tin nh\u1eb9 nh\u00e0ng v\u00e0 v\u1ebb r\u1ea1ng r\u1ee1 trong t\u1eebng kho\u1ea3nh kh\u1eafc th\u01b0\u1eddng nh\u1eadt.<\/p>","protected":false},"featured_media":7497,"comment_status":"open","ping_status":"closed","template":"","meta":[],"product_cat":[161,183,212,155],"product_tag":[],"class_list":{"0":"post-6589","1":"product","2":"type-product","3":"status-publish","4":"has-post-thumbnail","6":"product_cat-18k-gold","7":"product_cat-hoa-tai","8":"product_cat-impression","9":"product_cat-kim-cuong","11":"first","12":"instock","13":"shipping-taxable","14":"purchasable","15":"product-type-simple"},"acf":[],"_links":{"self":[{"href":"https:\/\/prima.com.vn\/en\/wp-json\/wp\/v2\/product\/6589","targetHints":{"allow":["GET"]}}],"collection":[{"href":"https:\/\/prima.com.vn\/en\/wp-json\/wp\/v2\/product"}],"about":[{"href":"https:\/\/prima.com.vn\/en\/wp-json\/wp\/v2\/types\/product"}],"replies":[{"embeddable":true,"href":"https:\/\/prima.com.vn\/en\/wp-json\/wp\/v2\/comments?post=6589"}],"version-history":[{"count":2,"href":"https:\/\/prima.com.vn\/en\/wp-json\/wp\/v2\/product\/6589\/revisions"}],"predecessor-version":[{"id":16147,"href":"https:\/\/prima.com.vn\/en\/wp-json\/wp\/v2\/product\/6589\/revisions\/16147"}],"wp:featuredmedia":[{"embeddable":true,"href":"https:\/\/prima.com.vn\/en\/wp-json\/wp\/v2\/media\/7497"}],"wp:attachment":[{"href":"https:\/\/prima.com.vn\/en\/wp-json\/wp\/v2\/media?parent=6589"}],"wp:term":[{"taxonomy":"product_cat","embeddable":true,"href":"https:\/\/prima.com.vn\/en\/wp-json\/wp\/v2\/product_cat?post=6589"},{"taxonomy":"product_tag","embeddable":true,"href":"https:\/\/prima.com.vn\/en\/wp-json\/wp\/v2\/product_tag?post=6589"}],"curies":[{"name":"wp","href":"https:\/\/api.w.org\/{rel}","templated":true}]}}