{"id":6588,"date":"2023-04-06T09:41:01","date_gmt":"2023-04-06T02:41:01","guid":{"rendered":"https:\/\/prima.com.vn\/product\/ch\u01b0a%20ph\u00e2n%20lo\u1ea1i\/bong-tai-vang-24k-prima-gold-bo-suu-tap-little-rose-hoa-hong-may-man-111e2580\/"},"modified":"2026-03-07T13:29:09","modified_gmt":"2026-03-07T06:29:09","slug":"bong-tai-vang-24k-prima-gold-bo-suu-tap-little-rose-hoa-hong-may-man-111e2580","status":"publish","type":"product","link":"https:\/\/prima.com.vn\/en\/product\/trang-suc\/metal\/\/bong-tai-vang-24k-prima-gold-bo-suu-tap-little-rose-hoa-hong-may-man-111e2580\/","title":{"rendered":"B\u00f4ng Tai V\u00e0ng 24K PRIMA GOLD &#8211; BST Little Rose &#8211; Hoa H\u1ed3ng May M\u1eafn  ( Chu\u00f4i &#038; Ch\u1ed1t  V\u00e0ng 18K)  &#8211; 111E2580 (1 \u0111\u00f4i)"},"content":{"rendered":"<p>\u0110\u1ebfn t\u1eeb BST Charming Sunflower, Morning Rose, Blooming Rose v\u00e0 Gloria Collection, nh\u1eabn hoa \u0111a s\u1eafc nh\u01b0 th\u1ed5i b\u1eebng v\u1ebb \u0111\u1eb9p t\u01b0\u01a1i m\u1edbi, t\u00f4n vinh n\u00e9t sang tr\u1ecdng, thanh l\u1ecbch c\u1ee7a n\u1eef ch\u1ee7 nh\u00e2n.<\/p>","protected":false},"excerpt":{"rendered":"<p>Tinh t\u1ebf nh\u01b0 m\u1ed9t n\u1ee5 h\u1ed3ng v\u1eeba h\u00e9, \u0111\u00f4i b\u00f4ng tai Little Rose \u0111\u01b0\u1ee3c ch\u1ebf t\u00e1c t\u1eeb v\u00e0ng 24K v\u1edbi nh\u1eefng c\u00e1nh hoa x\u1ebfp l\u1edbp m\u1ec1m m\u1ea1i v\u00e0 s\u1ed1ng \u0111\u1ed9ng. Thi\u1ebft k\u1ebf nh\u1ecf xinh nh\u01b0ng \u0111\u1ea7y s\u1ee9c h\u00fat, mang \u0111\u1ebfn v\u1ebb \u0111\u1eb9p n\u1eef t\u00ednh, thanh l\u1ecbch v\u00e0 kh\u00f4ng k\u00e9m ph\u1ea7n cu\u1ed1n h\u00fat &#8211; nh\u01b0 ch\u00ednh nh\u1eefng ng\u01b0\u1eddi ph\u1ee5 n\u1eef bi\u1ebft y\u00eau b\u1ea3n th\u00e2n v\u00e0 tr\u00e2n tr\u1ecdng t\u1eebng kho\u1ea3nh kh\u1eafc m\u00ecnh t\u1ecfa s\u00e1ng.<\/p>","protected":false},"featured_media":6048,"comment_status":"open","ping_status":"closed","template":"","meta":[],"product_cat":[162,183,215],"product_tag":[],"class_list":{"0":"post-6588","1":"product","2":"type-product","3":"status-publish","4":"has-post-thumbnail","6":"product_cat-24k-gold","7":"product_cat-hoa-tai","8":"product_cat-little-rose","10":"first","11":"instock","12":"shipping-taxable","13":"purchasable","14":"product-type-simple"},"acf":[],"_links":{"self":[{"href":"https:\/\/prima.com.vn\/en\/wp-json\/wp\/v2\/product\/6588","targetHints":{"allow":["GET"]}}],"collection":[{"href":"https:\/\/prima.com.vn\/en\/wp-json\/wp\/v2\/product"}],"about":[{"href":"https:\/\/prima.com.vn\/en\/wp-json\/wp\/v2\/types\/product"}],"replies":[{"embeddable":true,"href":"https:\/\/prima.com.vn\/en\/wp-json\/wp\/v2\/comments?post=6588"}],"version-history":[{"count":3,"href":"https:\/\/prima.com.vn\/en\/wp-json\/wp\/v2\/product\/6588\/revisions"}],"predecessor-version":[{"id":16410,"href":"https:\/\/prima.com.vn\/en\/wp-json\/wp\/v2\/product\/6588\/revisions\/16410"}],"wp:featuredmedia":[{"embeddable":true,"href":"https:\/\/prima.com.vn\/en\/wp-json\/wp\/v2\/media\/6048"}],"wp:attachment":[{"href":"https:\/\/prima.com.vn\/en\/wp-json\/wp\/v2\/media?parent=6588"}],"wp:term":[{"taxonomy":"product_cat","embeddable":true,"href":"https:\/\/prima.com.vn\/en\/wp-json\/wp\/v2\/product_cat?post=6588"},{"taxonomy":"product_tag","embeddable":true,"href":"https:\/\/prima.com.vn\/en\/wp-json\/wp\/v2\/product_tag?post=6588"}],"curies":[{"name":"wp","href":"https:\/\/api.w.org\/{rel}","templated":true}]}}