{"id":6581,"date":"2023-04-06T09:40:35","date_gmt":"2023-04-06T02:40:35","guid":{"rendered":"https:\/\/prima.com.vn\/product\/ch\u01b0a%20ph\u00e2n%20lo\u1ea1i\/bong-tai-vang-18k-prima-gold-bst-golden-fish-hinh-con-ca-105e1112\/"},"modified":"2025-11-14T15:11:51","modified_gmt":"2025-11-14T08:11:51","slug":"bong-tai-vang-18k-prima-gold-bst-golden-fish-hinh-con-ca-105e1112","status":"publish","type":"product","link":"https:\/\/prima.com.vn\/en\/product\/trang-suc\/metal\/\/bong-tai-vang-18k-prima-gold-bst-golden-fish-hinh-con-ca-105e1112\/","title":{"rendered":"B\u00f4ng Tai V\u00e0ng 18K PRIMA GOLD &#8211; BST Golden Fish &#8211; H\u00ecnh Con C\u00e1 &#8211; 105E1112"},"content":{"rendered":"<p>S\u1ea3n ph\u1ea9m thu\u1ed9c B\u1ed9 s\u01b0u T\u1eadp Golden Fish &#8211; C\u00e1 V\u00e0ng S\u1eed d\u1ee5ng h\u00ecnh \u1ea3nh ch\u00fa c\u00e1 nh\u1ecf xinh , \u0111\u00e1ng y\u00eau \u0111ang tung t\u0103ng b\u01a1i l\u1ed9i t\u01b0 do trong n\u01b0\u1edbc c\u00e1c ngh\u1ec7 nh\u00e2n c\u1ee7a Prima \u0111\u00e3 kh\u00e9o l\u00e9o k\u1ebft h\u1ee3p nhi\u1ec1u ch\u1ea5t li\u1ec7u s\u1ea3n ph\u1ea9m nh\u01b0 v\u00e0ng 24K , 18K c\u00f9ng c\u00e1c lo\u1ea1i \u0111\u00e1 qu\u00fd nh\u01b0 Saphire , Kim C\u01b0\u01a1ng \u0111\u00e3 cho ra \u0111\u1eddi b\u1ed9 s\u01b0u t\u1eadp C\u00e1 V\u00e0ng \u0111\u00e1ng y\u00eau n\u00e0y<\/p>","protected":false},"excerpt":{"rendered":"<p>L\u1ea5y c\u1ea3m h\u1ee9ng t\u1eeb h\u00ecnh \u1ea3nh c\u00e1 v\u00e0ng &#8211; bi\u1ec3u t\u01b0\u1ee3ng c\u1ee7a t\u00e0i l\u1ed9c, sung t\u00fac v\u00e0 s\u1ef1 th\u1ecbnh v\u01b0\u1ee3ng trong v\u0103n h\u00f3a \u00c1 \u0110\u00f4ng, \u0111\u00f4i b\u00f4ng tai Golden Fish \u0111\u01b0\u1ee3c ch\u1ebf t\u00e1c tinh x\u1ea3o t\u1eeb v\u00e0ng 18K, n\u1ed5i b\u1eadt v\u1edbi chi ti\u1ebft v\u1ea3y ch\u1ea1m kh\u1eafc t\u1ec9 m\u1ec9 v\u00e0 \u0111\u00f4i m\u1eaft \u0111\u00e1 m\u00e0u sinh \u0111\u1ed9ng. Thi\u1ebft k\u1ebf \u0111\u00e1ng y\u00eau, \u0111\u1ea7y n\u0103ng l\u01b0\u1ee3ng t\u00edch c\u1ef1c, nh\u01b0 mang theo l\u1eddi ch\u00fac may m\u1eafn b\u00ean b\u1ea1n m\u1ed7i ng\u00e0y.<\/p>","protected":false},"featured_media":5982,"comment_status":"open","ping_status":"closed","template":"","meta":[],"product_cat":[161,210,183,155],"product_tag":[],"class_list":{"0":"post-6581","1":"product","2":"type-product","3":"status-publish","4":"has-post-thumbnail","6":"product_cat-18k-gold","7":"product_cat-golden-fish","8":"product_cat-hoa-tai","9":"product_cat-kim-cuong","11":"first","12":"instock","13":"shipping-taxable","14":"purchasable","15":"product-type-simple"},"acf":[],"_links":{"self":[{"href":"https:\/\/prima.com.vn\/en\/wp-json\/wp\/v2\/product\/6581","targetHints":{"allow":["GET"]}}],"collection":[{"href":"https:\/\/prima.com.vn\/en\/wp-json\/wp\/v2\/product"}],"about":[{"href":"https:\/\/prima.com.vn\/en\/wp-json\/wp\/v2\/types\/product"}],"replies":[{"embeddable":true,"href":"https:\/\/prima.com.vn\/en\/wp-json\/wp\/v2\/comments?post=6581"}],"version-history":[{"count":2,"href":"https:\/\/prima.com.vn\/en\/wp-json\/wp\/v2\/product\/6581\/revisions"}],"predecessor-version":[{"id":16164,"href":"https:\/\/prima.com.vn\/en\/wp-json\/wp\/v2\/product\/6581\/revisions\/16164"}],"wp:featuredmedia":[{"embeddable":true,"href":"https:\/\/prima.com.vn\/en\/wp-json\/wp\/v2\/media\/5982"}],"wp:attachment":[{"href":"https:\/\/prima.com.vn\/en\/wp-json\/wp\/v2\/media?parent=6581"}],"wp:term":[{"taxonomy":"product_cat","embeddable":true,"href":"https:\/\/prima.com.vn\/en\/wp-json\/wp\/v2\/product_cat?post=6581"},{"taxonomy":"product_tag","embeddable":true,"href":"https:\/\/prima.com.vn\/en\/wp-json\/wp\/v2\/product_tag?post=6581"}],"curies":[{"name":"wp","href":"https:\/\/api.w.org\/{rel}","templated":true}]}}