{"id":6573,"date":"2023-04-06T09:39:44","date_gmt":"2023-04-06T02:39:44","guid":{"rendered":"https:\/\/prima.com.vn\/product\/ch\u01b0a%20ph\u00e2n%20lo\u1ea1i\/bong-tai-vang-24k-prima-gold-bo-suu-tap-ngoi-sao-111e3223\/"},"modified":"2026-03-07T13:29:01","modified_gmt":"2026-03-07T06:29:01","slug":"bong-tai-vang-24k-prima-gold-bo-suu-tap-ngoi-sao-111e3223","status":"publish","type":"product","link":"https:\/\/prima.com.vn\/en\/product\/trang-suc\/metal\/\/bong-tai-vang-24k-prima-gold-bo-suu-tap-ngoi-sao-111e3223\/","title":{"rendered":"B\u00f4ng tai V\u00e0ng 24K PRIMA GOLD &#8211; BST Ng\u00f4i Sao ( Chu\u00f4i &#038; Ch\u1ed1t  V\u00e0ng 18K)  &#8211; 111E3223 ( 1 \u0111\u00f4i)"},"content":{"rendered":"<p>D\u00f9 b\u1ea5t c\u1ee9 m\u00f9a n\u00e0o trong n\u0103m, nh\u1eefng ng\u00f4i sao 5 c\u00e1nh &#8211; h\u1ecda ti\u1ebft kinh \u0111i\u1ec3n c\u1ee7a th\u1eddi trang &#8211; lu\u00f4n mang \u0111\u1ebfn nhi\u1ec1u x\u00fac c\u1ea3m m\u1edbi m\u1ebb. BST ng\u00f4i sao t\u1eeb Prima Gold v\u00ec th\u1ebf kh\u00f4ng ch\u1ec9 kh\u01a1i ngu\u1ed3n c\u1ea3m h\u1ee9ng cho phong c\u00e1ch h\u1eb1ng ng\u00e0y, m\u00e0 c\u00f2n gi\u00fap ch\u1ee7 nh\u00e2n g\u1eb7p th\u1eadt nhi\u1ec1u may m\u1eafn, v\u00ec \u0111\u01b0\u1ee3c l\u00e0m t\u1eeb ch\u00ednh nguy\u00ean li\u1ec7u v\u00e0ng 24K.<\/p>","protected":false},"excerpt":{"rendered":"<p>\u0110\u00f4i b\u00f4ng tai v\u00e0ng 24K l\u1ea5y c\u1ea3m h\u1ee9ng t\u1eeb nh\u1eefng ng\u00f4i sao l\u1ea5p l\u00e1nh tr\u00ean b\u1ea7u tr\u1eddi \u0111\u00eam &#8211; v\u1edbi thi\u1ebft k\u1ebf ng\u00f4i sao l\u1edbn r\u1ed7ng vi\u1ec1n v\u00e0 ng\u00f4i sao nh\u1ecf \u0111\u00ednh k\u1ec1 nh\u01b0 bi\u1ec3u t\u01b0\u1ee3ng c\u1ee7a s\u1ef1 \u0111\u1ed3ng h\u00e0nh v\u00e0 t\u1ecfa s\u00e1ng. T\u1eebng chi ti\u1ebft \u0111\u01b0\u1ee3c ch\u1ebf t\u00e1c tinh x\u1ea3o, mang \u0111\u1ebfn v\u1ebb ngo\u00e0i r\u1ea1ng r\u1ee1, c\u00e1 t\u00ednh nh\u01b0ng v\u1eabn gi\u1eef n\u00e9t tinh t\u1ebf.<\/p>","protected":false},"featured_media":6053,"comment_status":"open","ping_status":"closed","template":"","meta":[],"product_cat":[162,183,208],"product_tag":[],"class_list":{"0":"post-6573","1":"product","2":"type-product","3":"status-publish","4":"has-post-thumbnail","6":"product_cat-24k-gold","7":"product_cat-hoa-tai","8":"product_cat-ngoi-sao","10":"first","11":"instock","12":"shipping-taxable","13":"purchasable","14":"product-type-simple"},"acf":[],"_links":{"self":[{"href":"https:\/\/prima.com.vn\/en\/wp-json\/wp\/v2\/product\/6573","targetHints":{"allow":["GET"]}}],"collection":[{"href":"https:\/\/prima.com.vn\/en\/wp-json\/wp\/v2\/product"}],"about":[{"href":"https:\/\/prima.com.vn\/en\/wp-json\/wp\/v2\/types\/product"}],"replies":[{"embeddable":true,"href":"https:\/\/prima.com.vn\/en\/wp-json\/wp\/v2\/comments?post=6573"}],"version-history":[{"count":3,"href":"https:\/\/prima.com.vn\/en\/wp-json\/wp\/v2\/product\/6573\/revisions"}],"predecessor-version":[{"id":16119,"href":"https:\/\/prima.com.vn\/en\/wp-json\/wp\/v2\/product\/6573\/revisions\/16119"}],"wp:featuredmedia":[{"embeddable":true,"href":"https:\/\/prima.com.vn\/en\/wp-json\/wp\/v2\/media\/6053"}],"wp:attachment":[{"href":"https:\/\/prima.com.vn\/en\/wp-json\/wp\/v2\/media?parent=6573"}],"wp:term":[{"taxonomy":"product_cat","embeddable":true,"href":"https:\/\/prima.com.vn\/en\/wp-json\/wp\/v2\/product_cat?post=6573"},{"taxonomy":"product_tag","embeddable":true,"href":"https:\/\/prima.com.vn\/en\/wp-json\/wp\/v2\/product_tag?post=6573"}],"curies":[{"name":"wp","href":"https:\/\/api.w.org\/{rel}","templated":true}]}}