{"id":6572,"date":"2023-04-06T09:39:43","date_gmt":"2023-04-06T02:39:43","guid":{"rendered":"https:\/\/prima.com.vn\/product\/ch\u01b0a%20ph\u00e2n%20lo\u1ea1i\/bong-tai-vang-24k-prima-gold-hinh-hoa-mai-xinh-xan-canh-day-111e1466\/"},"modified":"2026-03-07T13:29:00","modified_gmt":"2026-03-07T06:29:00","slug":"bong-tai-vang-24k-prima-gold-hinh-hoa-mai-xinh-xan-canh-day-111e1466","status":"publish","type":"product","link":"https:\/\/prima.com.vn\/en\/product\/trang-suc\/metal\/\/bong-tai-vang-24k-prima-gold-hinh-hoa-mai-xinh-xan-canh-day-111e1466\/","title":{"rendered":"B\u00f4ng Tai V\u00e0ng 24K PRIMA GOLD &#8211; H\u00ecnh Hoa Mai xinh x\u1eafn c\u00e1nh d\u00e0y &#8211; 111E1466 (1 \u0111\u00f4i)"},"content":{"rendered":"<p>B\u00f4ng tai hoa mai V\u00e0ng xinh x\u1eafn \u0111\u01b0\u1ee3c l\u1ea5y c\u1ea3m h\u1ee9ng t\u1eeb lo\u00e0i hoa t\u01b0\u1ee3ng tr\u01b0ng cho m\u00f9a xu\u00e2n mang n\u00e9t \u0111\u1eb9p t\u01b0\u01a1i m\u1edbi, thanh xu\u00e2n v\u00e0 ng\u1ecdt ng\u00e0o. B\u00f4ng tai ph\u00f9 h\u1ee3p mix match trong m\u1ecdi ho\u00e0n c\u1ea3nh, l\u00e0m \u0111i\u1ec3m nh\u1ea5n cho g\u01b0\u01a1ng m\u1eb7t th\u00eam ph\u1ea7n xinh x\u1eafn v\u00e0 ng\u1ecdt ng\u00e0o.<\/p>","protected":false},"excerpt":{"rendered":"<p>\u0110\u00f4i b\u00f4ng tai k\u1ebf hoa n\u0103m c\u00e1nh m\u1ec1m m\u1ea1i v\u1edbi \u0111\u01b0\u1eddng v\u00e2n tinh x\u1ea3o g\u1ee3i c\u1ea3m gi\u00e1c nh\u1eb9 nh\u00e0ng, thanh tho\u00e1t -nh\u01b0 m\u1ed9t l\u1eddi nh\u1eafc d\u1ecbu d\u00e0ng r\u1eb1ng b\u1ea1n lu\u00f4n c\u00f3 th\u1ec3 t\u1ecfa s\u00e1ng theo c\u00e1ch c\u1ee7a ri\u00eang m\u00ecnh. D\u00f9 l\u00e0 ng\u00e0y th\u01b0\u1eddng hay kho\u1ea3nh kh\u1eafc \u0111\u1eb7c bi\u1ec7t, \u0111\u00e2y s\u1ebd l\u00e0 \u0111i\u1ec3m nh\u1ea5n v\u1eeba n\u1eef t\u00ednh, v\u1eeba \u0111\u1ea7y cu\u1ed1n h\u00fat.<\/p>","protected":false},"featured_media":6040,"comment_status":"open","ping_status":"closed","template":"","meta":[],"product_cat":[162,183],"product_tag":[],"class_list":{"0":"post-6572","1":"product","2":"type-product","3":"status-publish","4":"has-post-thumbnail","6":"product_cat-24k-gold","7":"product_cat-hoa-tai","9":"first","10":"instock","11":"shipping-taxable","12":"purchasable","13":"product-type-simple"},"acf":[],"_links":{"self":[{"href":"https:\/\/prima.com.vn\/en\/wp-json\/wp\/v2\/product\/6572","targetHints":{"allow":["GET"]}}],"collection":[{"href":"https:\/\/prima.com.vn\/en\/wp-json\/wp\/v2\/product"}],"about":[{"href":"https:\/\/prima.com.vn\/en\/wp-json\/wp\/v2\/types\/product"}],"replies":[{"embeddable":true,"href":"https:\/\/prima.com.vn\/en\/wp-json\/wp\/v2\/comments?post=6572"}],"version-history":[{"count":3,"href":"https:\/\/prima.com.vn\/en\/wp-json\/wp\/v2\/product\/6572\/revisions"}],"predecessor-version":[{"id":16118,"href":"https:\/\/prima.com.vn\/en\/wp-json\/wp\/v2\/product\/6572\/revisions\/16118"}],"wp:featuredmedia":[{"embeddable":true,"href":"https:\/\/prima.com.vn\/en\/wp-json\/wp\/v2\/media\/6040"}],"wp:attachment":[{"href":"https:\/\/prima.com.vn\/en\/wp-json\/wp\/v2\/media?parent=6572"}],"wp:term":[{"taxonomy":"product_cat","embeddable":true,"href":"https:\/\/prima.com.vn\/en\/wp-json\/wp\/v2\/product_cat?post=6572"},{"taxonomy":"product_tag","embeddable":true,"href":"https:\/\/prima.com.vn\/en\/wp-json\/wp\/v2\/product_tag?post=6572"}],"curies":[{"name":"wp","href":"https:\/\/api.w.org\/{rel}","templated":true}]}}