{"id":6568,"date":"2023-04-06T09:39:36","date_gmt":"2023-04-06T02:39:36","guid":{"rendered":"https:\/\/prima.com.vn\/product\/ch\u01b0a%20ph\u00e2n%20lo\u1ea1i\/bong-tai-vang-18k-prima-gold-bst-petite-tiara-hinh-vuong-mien-tiara-105e1323\/"},"modified":"2025-11-14T15:11:50","modified_gmt":"2025-11-14T08:11:50","slug":"bong-tai-vang-18k-prima-gold-bst-petite-tiara-hinh-vuong-mien-tiara-105e1323","status":"publish","type":"product","link":"https:\/\/prima.com.vn\/en\/product\/trang-suc\/metal\/\/bong-tai-vang-18k-prima-gold-bst-petite-tiara-hinh-vuong-mien-tiara-105e1323\/","title":{"rendered":"B\u00f4ng tai V\u00e0ng 18K PRIMA GOLD &#8211; BST Petite Tiara &#8211; H\u00ecnh V\u01b0\u01a1ng Mi\u1ec7n Tiara &#8211; 105E1323"},"content":{"rendered":"<p>L\u1ea5y \u00fd t\u01b0\u1edfng t\u1eeb chi\u1ebfc v\u01b0\u01a1ng mi\u1ec7n c\u1ee7a h\u00ecnh t\u01b0\u1ee3ng c\u00f4ng ch\u00faa quy\u1ec1n qu\u00fd, sang tr\u1ecdng, Petite Tiara \u0111\u01b0\u1ee3c ch\u1ebf t\u00e1c th\u1ee7 c\u00f4ng tr\u00ean ch\u1ea5t li\u1ec7u v\u00e0ng cao c\u1ea5p k\u1ebft h\u1ee3p c\u00f9ng nh\u1eefng vi\u00ean kim c\u01b0\u01a1ng qu\u00fd gi\u00e1, t\u1ea1o n\u00ean cho qu\u00fd c\u00f4 v\u1ebb ngo\u00e0i l\u1ed9ng l\u1eaby v\u00e0 t\u1ecfa ra s\u1ee9c h\u00fat l\u00f4i cu\u1ed1n c\u1ee7a ri\u00eang m\u00ecnh.<br \/>\nV\u1edbi ch\u1ea5t li\u1ec7u v\u00e0ng cao c\u1ea5p t\u1eeb Th\u1ee5y S\u0129 c\u00f9ng tay ngh\u1ec1 10 n\u0103m kinh nghi\u1ec7m t\u1eeb nh\u1eefng ng\u01b0\u1eddi th\u1ee3 kim ho\u00e0n h\u00e0ng \u0111\u1ea7u trong ng\u00e0nh, thi\u1ebft k\u1ebf c\u1ee7a b\u1ed9 s\u01b0u t\u1eadp Petite t\u01b0\u1ee3ng tr\u01b0ng cho s\u1ef1 \u0111\u1ed9c l\u1eadp, m\u1ea1nh m\u1ebd c\u1ee7a ng\u01b0\u1eddi ph\u1ee5 n\u1eef th\u1eddi \u0111\u1ea1i nh\u01b0ng v\u1eabn mang d\u00e1ng v\u1ebb m\u1ec1m m\u1ea1i, d\u1ecbu d\u00e0ng c\u1ee7a m\u1ed9t n\u00e0ng c\u00f4ng ch\u00faa.<\/p>","protected":false},"excerpt":{"rendered":"<p>Petite Tiara -V\u1ebb ki\u00eau h\u00e3nh trong phi\u00ean b\u1ea3n nh\u1ecf xinh<br \/>\nL\u1ea5y c\u1ea3m h\u1ee9ng t\u1eeb h\u00ecnh \u1ea3nh v\u01b0\u01a1ng mi\u1ec7n ho\u00e0ng gia, \u0111\u00f4i b\u00f4ng tai Petite Tiara \u0111\u01b0\u1ee3c ch\u1ebf t\u00e1c t\u1eeb v\u00e0ng 18K v\u00e0 \u0111\u00ednh \u0111\u00e1 l\u1ea5p l\u00e1nh, nh\u01b0 l\u1eddi t\u00f4n vinh nh\u1eefng ng\u01b0\u1eddi ph\u1ee5 n\u1eef bi\u1ebft c\u00e1ch t\u1ef1 t\u1ea1o n\u00ean v\u01b0\u01a1ng mi\u1ec7n cho ch\u00ednh m\u00ecnh. Thi\u1ebft k\u1ebf nh\u1ecf g\u1ecdn nh\u01b0ng \u0111\u1ea7y tinh t\u1ebf, mang l\u1ea1i c\u1ea3m gi\u00e1c thanh l\u1ecbch, quy\u1ec1n qu\u00fd m\u00e0 v\u1eabn d\u1ec5 d\u00e0ng k\u1ebft h\u1ee3p v\u1edbi phong c\u00e1ch h\u1eb1ng ng\u00e0y.<\/p>","protected":false},"featured_media":7509,"comment_status":"open","ping_status":"closed","template":"","meta":[],"product_cat":[161,183,155,205],"product_tag":[],"class_list":{"0":"post-6568","1":"product","2":"type-product","3":"status-publish","4":"has-post-thumbnail","6":"product_cat-18k-gold","7":"product_cat-hoa-tai","8":"product_cat-kim-cuong","9":"product_cat-petite-tiara","11":"first","12":"instock","13":"shipping-taxable","14":"purchasable","15":"product-type-simple"},"acf":[],"_links":{"self":[{"href":"https:\/\/prima.com.vn\/en\/wp-json\/wp\/v2\/product\/6568","targetHints":{"allow":["GET"]}}],"collection":[{"href":"https:\/\/prima.com.vn\/en\/wp-json\/wp\/v2\/product"}],"about":[{"href":"https:\/\/prima.com.vn\/en\/wp-json\/wp\/v2\/types\/product"}],"replies":[{"embeddable":true,"href":"https:\/\/prima.com.vn\/en\/wp-json\/wp\/v2\/comments?post=6568"}],"version-history":[{"count":2,"href":"https:\/\/prima.com.vn\/en\/wp-json\/wp\/v2\/product\/6568\/revisions"}],"predecessor-version":[{"id":16310,"href":"https:\/\/prima.com.vn\/en\/wp-json\/wp\/v2\/product\/6568\/revisions\/16310"}],"wp:featuredmedia":[{"embeddable":true,"href":"https:\/\/prima.com.vn\/en\/wp-json\/wp\/v2\/media\/7509"}],"wp:attachment":[{"href":"https:\/\/prima.com.vn\/en\/wp-json\/wp\/v2\/media?parent=6568"}],"wp:term":[{"taxonomy":"product_cat","embeddable":true,"href":"https:\/\/prima.com.vn\/en\/wp-json\/wp\/v2\/product_cat?post=6568"},{"taxonomy":"product_tag","embeddable":true,"href":"https:\/\/prima.com.vn\/en\/wp-json\/wp\/v2\/product_tag?post=6568"}],"curies":[{"name":"wp","href":"https:\/\/api.w.org\/{rel}","templated":true}]}}