{"id":6562,"date":"2023-04-06T09:39:22","date_gmt":"2023-04-06T02:39:22","guid":{"rendered":"https:\/\/prima.com.vn\/product\/ch\u01b0a%20ph\u00e2n%20lo\u1ea1i\/bong-tai-vang-9k-prima-gold-golden-9-hinh-trai-tim-dinh-da-991e1327\/"},"modified":"2025-11-14T15:11:49","modified_gmt":"2025-11-14T08:11:49","slug":"bong-tai-vang-9k-prima-gold-golden-9-hinh-trai-tim-dinh-da-991e1327","status":"publish","type":"product","link":"https:\/\/prima.com.vn\/en\/product\/trang-suc\/metal\/\/bong-tai-vang-9k-prima-gold-golden-9-hinh-trai-tim-dinh-da-991e1327\/","title":{"rendered":"B\u00f4ng Tai V\u00e0ng  9K PRIMA GOLD &#8211; Golden 9 &#8211; H\u00ecnh Tr\u00e1i Tim \u0110\u00ednh \u0110\u00e1 &#8211; 991E1327"},"content":{"rendered":"<p>V\u1edbi thi\u1ebft k\u1ebf c\u00e1 t\u00ednh v\u00e0 n\u1ed5i b\u1eadt, \u0111\u00f4i b\u00f4ng tai s\u1edf h\u1eefu thi\u1ebft k\u1ebf h\u00ecnh vu\u00f4ng \u0111\u01a1n gi\u1ea3n nh\u01b0ng l\u1ea1i l\u00e0 \u0111i\u1ec3m nh\u1ea5n l\u00e0m n\u1ed5i b\u1eadt v\u1ebb ngo\u00e0i c\u1ee7a c\u00e1c c\u00f4 n\u00e0ng. Kho\u00e1c l\u00ean m\u00ecnh v\u1ebb \u0111\u1eb9p sang tr\u1ecdng, b\u00f4ng tai thu\u1ed9c BST Golden 9 c\u1ef1c k\u1ef3 ph\u00f9 h\u1ee3p v\u1edbi nh\u1eefng c\u00f4 n\u00e0ng theo \u0111u\u1ed5i phong c\u00e1ch tr\u1ebb trung, c\u00e1 t\u00ednh v\u00e0 th\u1eddi th\u01b0\u1ee3ng.<br \/>\nN\u1ebfu y\u00eau th\u00edch ki\u1ec3u hoa tai nh\u1ecf, \u0111\u00e2y ch\u00ednh l\u00e0 m\u1ed9t g\u1ee3i \u00fd v\u00f4 c\u00f9ng ph\u00f9 h\u1ee3p v\u00ec n\u00f3 c\u00f3 th\u1ec3 \u0111eo k\u1ebft h\u1ee3p c\u00e1c hoa tai kh\u00e1c nhau c\u00f9ng l\u00fac, t\u1ea1o n\u00ean v\u1ebb ngo\u00e0i n\u1ed5i b\u1eadt . Ngo\u00e0i ra, n\u00e0ng c\u00f2n c\u00f3 th\u1ec3 k\u1ebft h\u1ee3p nh\u1eefng ph\u1ee5 ki\u1ec7n kh\u00e1c nh\u01b0 nh\u1eabn, l\u1eafc, v\u00f2ng t\u1ea1o n\u00ean v\u1ebb \u0111\u1eb9p tr\u1ebb trung v\u00e0 n\u0103ng \u0111\u1ed9ng.<br \/>\nV\u1edbi c\u00e1c s\u1ea3n ph\u1ea9m trong BST Golden 9, n\u00e0ng c\u00f3 th\u1ec3 d\u1ec5 d\u00e0ng k\u1ebft h\u1ee3p v\u1edbi nhi\u1ec1u m\u00f3n trang s\u1ee9c ho\u1eb7c ph\u1ee5 ki\u1ec7n kh\u00e1c nhau nh\u01b0 d\u00e2y c\u1ed5, l\u1eafc, v\u00f2ng \u0111\u1ec3 t\u1ea1o n\u00ean m\u1ed9t phong c\u00e1ch th\u1eddi trang c\u1ee7a ri\u00eang m\u00ecnh. Ngo\u00e0i ra, \u0111\u00e2y c\u00f2n l\u00e0 m\u1ed9t s\u1ef1 l\u1ef1a ch\u1ecdn h\u1ee3p l\u00fd \u0111\u1ec3 tr\u1edf th\u00e0nh m\u00f3n qu\u00e0 t\u1eb7ng \u00fd ngh\u0129a cho nh\u1eefng ng\u01b0\u1eddi m\u00e0 m\u00ecnh y\u00eau th\u01b0\u01a1ng.<\/p>","protected":false},"excerpt":{"rendered":"<p>Golden 9 &#8211; T\u1ecfa s\u00e1ng t\u1eeb nh\u1eefng \u0111i\u1ec1u gi\u1ea3n d\u1ecb.<br \/>\nH\u00e3y c\u00f9ng n\u00e2ng niu nh\u1eefng kho\u1ea3nh kh\u1eafc \u0111\u1eddi th\u01b0\u1eddng b\u1eb1ng s\u1eafc d\u1ecbu d\u00e0ng c\u1ee7a Golden 9 &#8211; b\u1ed9 s\u01b0u t\u1eadp kim c\u01b0\u01a1ng tinh x\u1ea3o, \u0111\u01b0\u1ee3c ch\u1ebf t\u00e1c tr\u00ean n\u1ec1n v\u00e0ng 9K v\u1edbi s\u1eafc v\u00e0ng l\u00e3ng m\u1ea1n \u0111\u01b0\u1ee3c y\u00eau th\u00edch t\u1ea1i Anh Qu\u1ed1c. M\u1ed7i thi\u1ebft k\u1ebf t\u1eeb b\u1ed9 s\u01b0u t\u1eadp l\u00e0 l\u1eddi ch\u00fac \u1ea5m \u00e1p, l\u00e0 m\u00f3n qu\u00e0 \u00fd ngh\u0129a cho ng\u01b0\u1eddi b\u1ea1n y\u00eau th\u01b0\u01a1ng ho\u1eb7c cho ch\u00ednh b\u1ea1n &#8211; mang \u0111\u1ebfn v\u1ebb \u0111\u1eb9p thanh l\u1ecbch, d\u1ecbu d\u00e0ng v\u00e0 d\u1ea5u \u1ea5n kh\u00f3 qu\u00ean trong t\u1eebng kho\u1ea3nh kh\u1eafc th\u01b0\u1eddng nh\u1eadt.<\/p>","protected":false},"featured_media":6561,"comment_status":"open","ping_status":"closed","template":"","meta":[],"product_cat":[163,164,200,183,155],"product_tag":[],"class_list":{"0":"post-6562","1":"product","2":"type-product","3":"status-publish","4":"has-post-thumbnail","6":"product_cat-9k-gold","7":"product_cat-bst-moi","8":"product_cat-golden-9","9":"product_cat-hoa-tai","10":"product_cat-kim-cuong","12":"first","13":"instock","14":"shipping-taxable","15":"purchasable","16":"product-type-simple"},"acf":[],"_links":{"self":[{"href":"https:\/\/prima.com.vn\/en\/wp-json\/wp\/v2\/product\/6562","targetHints":{"allow":["GET"]}}],"collection":[{"href":"https:\/\/prima.com.vn\/en\/wp-json\/wp\/v2\/product"}],"about":[{"href":"https:\/\/prima.com.vn\/en\/wp-json\/wp\/v2\/types\/product"}],"replies":[{"embeddable":true,"href":"https:\/\/prima.com.vn\/en\/wp-json\/wp\/v2\/comments?post=6562"}],"version-history":[{"count":3,"href":"https:\/\/prima.com.vn\/en\/wp-json\/wp\/v2\/product\/6562\/revisions"}],"predecessor-version":[{"id":16132,"href":"https:\/\/prima.com.vn\/en\/wp-json\/wp\/v2\/product\/6562\/revisions\/16132"}],"wp:featuredmedia":[{"embeddable":true,"href":"https:\/\/prima.com.vn\/en\/wp-json\/wp\/v2\/media\/6561"}],"wp:attachment":[{"href":"https:\/\/prima.com.vn\/en\/wp-json\/wp\/v2\/media?parent=6562"}],"wp:term":[{"taxonomy":"product_cat","embeddable":true,"href":"https:\/\/prima.com.vn\/en\/wp-json\/wp\/v2\/product_cat?post=6562"},{"taxonomy":"product_tag","embeddable":true,"href":"https:\/\/prima.com.vn\/en\/wp-json\/wp\/v2\/product_tag?post=6562"}],"curies":[{"name":"wp","href":"https:\/\/api.w.org\/{rel}","templated":true}]}}