{"id":6558,"date":"2023-04-06T09:39:08","date_gmt":"2023-04-06T02:39:08","guid":{"rendered":"https:\/\/prima.com.vn\/product\/ch\u01b0a%20ph\u00e2n%20lo\u1ea1i\/bong-tai-vang-9k-prima-gold-birth-flower-hinh-hoa-cuc-marigold-thang-10-991e1392\/"},"modified":"2025-11-14T15:11:46","modified_gmt":"2025-11-14T08:11:46","slug":"bong-tai-vang-9k-prima-gold-birth-flower-hinh-hoa-cuc-marigold-thang-10-991e1392","status":"publish","type":"product","link":"https:\/\/prima.com.vn\/en\/product\/trang-suc\/metal\/\/bong-tai-vang-9k-prima-gold-birth-flower-hinh-hoa-cuc-marigold-thang-10-991e1392\/","title":{"rendered":"B\u00f4ng Tai V\u00e0ng  9K PRIMA GOLD &#8211; Birth Flower &#8211; H\u00ecnh Hoa C\u00fac Marigold Th\u00e1ng 10 &#8211; 991E1392"},"content":{"rendered":"<p>B\u00f4ng tai hoa c\u00fac thu\u1ed9c BST Birth Flower \u0111\u01b0\u1ee3c thi\u1ebft k\u1ebf ki\u1ec3u d\u00e1ng c\u00e1 t\u00ednh, tinh t\u1ebf tr\u00ean ch\u1ea5t li\u1ec7u v\u00e0ng 9k s\u00e1ng l\u1ea5p l\u00e1nh l\u00e0m n\u1ec1n t\u1ea1o \u0111i\u1ec3m nh\u1ea5n gi\u00fap t\u00f4n l\u00ean v\u1ebb \u0111\u1eb9p c\u1ee7a n\u00e0ng, g\u00e2y \u1ea5n t\u01b0\u1ee3ng v\u1edbi nhi\u1ec1u ng\u01b0\u1eddi xung quanh.<br \/>\n D\u00f9 l\u00e0 cu\u1ed9c g\u1eb7p m\u1eb7t nh\u1eb9 nh\u00e0ng hay nh\u1eefng b\u1eefa ti\u1ec7c s\u00f4i \u0111\u1ed9ng, n\u00e0ng h\u00e3y lu\u00f4n to\u00e1t l\u00ean v\u1ebb thanh l\u1ecbch n\u1ed5i b\u1eadt c\u00e1 t\u00ednh v\u1edbi s\u1ef1 k\u1ebft h\u1ee3p ho\u00e0n h\u1ea3o c\u1ee7a m\u1ed9t chi\u1ebfc v\u00e1y \u0111en sang tr\u1ecdng c\u00f9ng \u0111\u00f4i b\u00f4ng tai phong c\u00e1ch trong b\u1ea5t k\u1ef3 ho\u00e0n c\u1ea3nh n\u00e0o<br \/>\nV\u1edbi c\u00e1c s\u1ea3n ph\u1ea9m trong BST Birth Flower, n\u00e0ng c\u00f3 th\u1ec3 d\u1ec5 d\u00e0ng k\u1ebft h\u1ee3p v\u1edbi nhi\u1ec1u m\u00f3n trang s\u1ee9c ho\u1eb7c ph\u1ee5 ki\u1ec7n kh\u00e1c nhau nh\u01b0 d\u00e2y c\u1ed5, l\u1eafc, v\u00f2ng \u0111\u1ec3 t\u1ea1o n\u00ean m\u1ed9t phong c\u00e1ch th\u1eddi trang c\u1ee7a ri\u00eang m\u00ecnh. Ngo\u00e0i ra, \u0111\u00e2y c\u00f2n l\u00e0 m\u1ed9t s\u1ef1 l\u1ef1a ch\u1ecdn h\u1ee3p l\u00fd \u0111\u1ec3 tr\u1edf th\u00e0nh m\u00f3n qu\u00e0 t\u1eb7ng \u00fd ngh\u0129a cho nh\u1eefng ng\u01b0\u1eddi m\u00e0 m\u00ecnh y\u00eau th\u01b0\u01a1ng.<\/p>","protected":false},"excerpt":{"rendered":"<p>Birth Flower &#8211; Khi m\u1ed7i th\u00e1ng sinh l\u00e0 m\u1ed9t \u0111\u00f3a hoa ri\u00eang bi\u1ec7t<\/p>\n<p>M\u1ed7i ng\u01b0\u1eddi sinh ra \u0111\u1ec1u mang trong m\u00ecnh m\u1ed9t b\u1ea3n s\u1eafc ri\u00eang &#8211; nh\u01b0 m\u1ed9t \u0111\u00f3a hoa n\u1edf \u0111\u00fang m\u00f9a, \u0111\u00fang th\u1eddi kh\u1eafc. L\u1ea5y c\u1ea3m h\u1ee9ng t\u1eeb v\u1ebb \u0111\u1eb9p v\u00e0 th\u00f4ng \u0111i\u1ec7p c\u1ee7a 12 lo\u00e0i hoa \u0111\u1ea1i di\u1ec7n cho c\u00e1c th\u00e1ng sinh, b\u1ed9 s\u01b0u t\u1eadp Birth Flower l\u00e0 l\u1eddi t\u00f4n vinh d\u1ecbu d\u00e0ng d\u00e0nh ri\u00eang cho b\u1ea1n &#8211; m\u1ed9t c\u00e1 th\u1ec3 duy nh\u1ea5t, m\u1ed9t c\u00e2u chuy\u1ec7n \u0111\u1eb7c bi\u1ec7t.<\/p>\n<p>Th\u00e1ng 1 &#8211; Hoa C\u1ea9m Ch\u01b0\u1edbng (Carnation): T\u00ecnh y\u00eau trong s\u00e1ng v\u00e0 s\u00e2u \u0111\u1eadm, ngo\u00e0i ra c\u00f2n \u0111\u1ea1i di\u1ec7n cho t\u00ecnh y\u00eau gi\u1eefa ng\u01b0\u1eddi th\u00e2n trong gia \u0111\u00ecnh v\u00e0 b\u1ea1n b\u00e8.<br \/>\nTh\u00e1ng 2 &#8211; Hoa Di\u00ean V\u1ef9 (Iris): T\u01b0\u1ee3ng tr\u01b0ng cho l\u00f2ng trung th\u1ee7y trong t\u00ecnh y\u00eau, l\u00e0 bi\u1ec3u t\u01b0\u1ee3ng c\u1ee7a s\u1ef1 th\u00f4ng minh v\u00e0 s\u1eafc s\u1ea3o.<br \/>\nTh\u00e1ng 3 &#8211; Hoa Tulip (Tulip): Mang \u00fd ngh\u0129a c\u1ee7a t\u00ecnh y\u00eau ho\u00e0n h\u1ea3o, l\u00e0 bi\u1ec3u tr\u01b0ng c\u1ee7a h\u1ea1nh ph\u00fac vi\u00ean m\u00e3n<br \/>\nTh\u00e1ng 4 &#8211; Hoa C\u00fac H\u1ecda Mi (Daisy): \u0110\u1ea1i di\u1ec7n cho s\u1ef1 ng\u00e2y th\u01a1, trong s\u00e1ng, mang \u00fd ngh\u0129a nh\u01b0 m\u1ed9t s\u1ef1 kh\u1edfi \u0111\u1ea7u m\u1edbi t\u1ed1t \u0111\u1eb9p.<br \/>\nTh\u00e1ng 5 &#8211; Hoa Ly (Lily): \u0110\u1ea1i di\u1ec7n c\u1ee7a s\u1ef1 thanh cao, qu\u00fd ph\u00e1i v\u00e0 ki\u00eau h\u00e3nh.<br \/>\nTh\u00e1ng 6 &#8211; Hoa H\u1ed3ng (Rose): Bi\u1ec3u t\u01b0\u1ee3ng c\u1ee7a s\u1ef1 quy\u1ebfn r\u0169 \u0111\u1ea7y m\u00ea ho\u1eb7c, t\u01b0\u1ee3ng tr\u01b0ng cho m\u1ed9t t\u00ecnh y\u00eau s\u00e2u s\u1eafc.<br \/>\nTh\u00e1ng 7 &#8211; Hoa Sen (Lotus): T\u00e1i hi\u1ec7n cho v\u1ebb \u0111\u1eb9p tinh kh\u00f4i v\u00e0 thanh tao, lu\u00f4n gi\u1eef \u0111\u01b0\u1ee3c s\u1ef1 b\u00ecnh y\u00ean cho t\u00e2m h\u1ed3n c\u1ee7a m\u00ecnh.<br \/>\nTh\u00e1ng 8 &#8211; Hoa Anh T\u00fac (Poppy): Mang th\u00f4ng \u0111i\u1ec7p v\u1ec1 s\u1ef1 b\u00ecnh y\u00ean cho t\u00e2m h\u1ed3n.<br \/>\nTh\u00e1ng 9 &#8211; Hoa B\u00ecm B\u00ecm (Morning Glory): \u0110\u1ea1i di\u1ec7n cho s\u1ef1 ki\u00ean tr\u00ec, s\u1ee9c s\u1ed1ng m\u00e3nh li\u1ec7t.<br \/>\nTh\u00e1ng 10 &#8211; Hoa C\u00fac \u0110\u00f3a (Marigold): T\u01b0\u1ee3ng tr\u01b0ng cho t\u00ecnh y\u00eau m\u00ecnh li\u1ec7t, nh\u1eefng c\u1ea3m x\u00fac s\u00e2u s\u1eafc trong t\u00ecnh y\u00eau l\u1ee9a \u0111\u00f4i.<br \/>\nTh\u00e1ng 11 &#8211; Hoa V\u1ea1n Th\u1ecd Ph\u00e1p (Chrysanthemum): Mang \u00fd ngh\u0129a c\u1ee7a s\u1ef1 v\u0129nh c\u1eefu, b\u1ea5t di\u1ec7t. Th\u1ec3 hi\u1ec7n \u01b0\u1edbc mu\u1ed1n v\u1ec1 s\u1ef1 b\u00ecnh an gi\u00e0nh cho gia \u0111\u00ecnh, ng\u01b0\u1eddi th\u00e2n.<br \/>\nTh\u00e1ng 12 &#8211; Hoa L\u00e1 Gi\u00e1ng Sinh (Holly): Lo\u00e0i hoa mang s\u1ee9c s\u1ed1ng m\u00e3nh li\u1ec7t, \u0111\u1ea1i di\u1ec7n cho s\u1ef1 may m\u1eafn. <\/p>","protected":false},"featured_media":6327,"comment_status":"open","ping_status":"closed","template":"","meta":[],"product_cat":[163,199,164,183,155],"product_tag":[],"class_list":{"0":"post-6558","1":"product","2":"type-product","3":"status-publish","4":"has-post-thumbnail","6":"product_cat-9k-gold","7":"product_cat-birth-flower","8":"product_cat-bst-moi","9":"product_cat-hoa-tai","10":"product_cat-kim-cuong","12":"first","13":"instock","14":"shipping-taxable","15":"purchasable","16":"product-type-simple"},"acf":[],"_links":{"self":[{"href":"https:\/\/prima.com.vn\/en\/wp-json\/wp\/v2\/product\/6558","targetHints":{"allow":["GET"]}}],"collection":[{"href":"https:\/\/prima.com.vn\/en\/wp-json\/wp\/v2\/product"}],"about":[{"href":"https:\/\/prima.com.vn\/en\/wp-json\/wp\/v2\/types\/product"}],"replies":[{"embeddable":true,"href":"https:\/\/prima.com.vn\/en\/wp-json\/wp\/v2\/comments?post=6558"}],"version-history":[{"count":3,"href":"https:\/\/prima.com.vn\/en\/wp-json\/wp\/v2\/product\/6558\/revisions"}],"predecessor-version":[{"id":16051,"href":"https:\/\/prima.com.vn\/en\/wp-json\/wp\/v2\/product\/6558\/revisions\/16051"}],"wp:featuredmedia":[{"embeddable":true,"href":"https:\/\/prima.com.vn\/en\/wp-json\/wp\/v2\/media\/6327"}],"wp:attachment":[{"href":"https:\/\/prima.com.vn\/en\/wp-json\/wp\/v2\/media?parent=6558"}],"wp:term":[{"taxonomy":"product_cat","embeddable":true,"href":"https:\/\/prima.com.vn\/en\/wp-json\/wp\/v2\/product_cat?post=6558"},{"taxonomy":"product_tag","embeddable":true,"href":"https:\/\/prima.com.vn\/en\/wp-json\/wp\/v2\/product_tag?post=6558"}],"curies":[{"name":"wp","href":"https:\/\/api.w.org\/{rel}","templated":true}]}}