{"id":6545,"date":"2023-04-06T09:39:01","date_gmt":"2023-04-06T02:39:01","guid":{"rendered":"https:\/\/prima.com.vn\/product\/ch\u01b0a%20ph\u00e2n%20lo\u1ea1i\/bong-tai-vang-9k-dinh-kim-cuong-hoa-tiet-chiec-la-monochic\/"},"modified":"2025-11-14T15:11:44","modified_gmt":"2025-11-14T08:11:44","slug":"bong-tai-vang-9k-dinh-kim-cuong-hoa-tiet-chiec-la-monochic","status":"publish","type":"product","link":"https:\/\/prima.com.vn\/en\/product\/trang-suc\/metal\/\/bong-tai-vang-9k-dinh-kim-cuong-hoa-tiet-chiec-la-monochic\/","title":{"rendered":"B\u00f4ng Tai V\u00e0ng  9K PRIMA GOLD &#8211; \u0111\u00ednh kim c\u01b0\u01a1ng h\u1ecda ti\u1ebft chi\u1ebfc l\u00e1 MONO CHIC"},"content":{"rendered":"<p>B\u00f4ng tai v\u00e0ng 9k h\u1ecda ti\u1ebft chi\u1ebfc l\u00e1 v\u1edbi ch\u1ea5t li\u1ec7u v\u00e0ng h\u1ed3ng tr\u1ebb trung v\u00e0 n\u1eef t\u00ednh s\u1ebd l\u00e0 m\u00f3n trang s\u1ee9c mang v\u1ebb \u0111\u1eb9p nh\u1eb9 nh\u00e0ng nh\u01b0ng kh\u00f4ng k\u00e9m ph\u1ea7n tinh t\u1ebf, ph\u00f9 h\u1ee3p \u0111\u1ec3 mix match m\u1ecdi ki\u1ec3u trang ph\u1ee5c.<\/p>","protected":false},"excerpt":{"rendered":"<p>Mono Chic &#8211; M\u1ed9t ch\u00fat duy\u00ean, c\u1ea3 ng\u00e0y xinh.<br \/>\nMono Chic mang \u0111\u1ebfn n\u00e9t ch\u1ea5m ph\u00e1 tinh ngh\u1ecbch cho phong c\u00e1ch t\u1ed1i gi\u1ea3n, v\u1edbi nh\u1eefng thi\u1ebft k\u1ebf nh\u1ecf xinh \u0111\u01b0\u1ee3c ch\u1ebf t\u00e1c t\u1eeb v\u00e0ng 24K, v\u00e0ng 18K v\u00e0 v\u00e0ng 9K. T\u1eebng m\u00f3n trang s\u1ee9c \u0111\u01b0\u1ee3c t\u1ea1o n\u00ean \u0111\u1ec3 b\u1ea1n d\u1ec5 d\u00e0ng ph\u1ed1i h\u1ee3p, s\u00e1ng t\u1ea1o v\u00e0 th\u1ec3 hi\u1ec7n phong c\u00e1ch ri\u00eang m\u1ed7i ng\u00e0y.<br \/>\n\u0110\u01a1n gi\u1ea3n &#8211; Nh\u1eb9 nh\u00e0ng &#8211; L\u00e0 ch\u00ednh b\u1ea1n<\/p>","protected":false},"featured_media":6332,"comment_status":"open","ping_status":"closed","template":"","meta":[],"product_cat":[163,164,183,155,182],"product_tag":[],"class_list":{"0":"post-6545","1":"product","2":"type-product","3":"status-publish","4":"has-post-thumbnail","6":"product_cat-9k-gold","7":"product_cat-bst-moi","8":"product_cat-hoa-tai","9":"product_cat-kim-cuong","10":"product_cat-monochic","12":"first","13":"instock","14":"shipping-taxable","15":"purchasable","16":"product-type-simple"},"acf":[],"_links":{"self":[{"href":"https:\/\/prima.com.vn\/en\/wp-json\/wp\/v2\/product\/6545","targetHints":{"allow":["GET"]}}],"collection":[{"href":"https:\/\/prima.com.vn\/en\/wp-json\/wp\/v2\/product"}],"about":[{"href":"https:\/\/prima.com.vn\/en\/wp-json\/wp\/v2\/types\/product"}],"replies":[{"embeddable":true,"href":"https:\/\/prima.com.vn\/en\/wp-json\/wp\/v2\/comments?post=6545"}],"version-history":[{"count":3,"href":"https:\/\/prima.com.vn\/en\/wp-json\/wp\/v2\/product\/6545\/revisions"}],"predecessor-version":[{"id":16272,"href":"https:\/\/prima.com.vn\/en\/wp-json\/wp\/v2\/product\/6545\/revisions\/16272"}],"wp:featuredmedia":[{"embeddable":true,"href":"https:\/\/prima.com.vn\/en\/wp-json\/wp\/v2\/media\/6332"}],"wp:attachment":[{"href":"https:\/\/prima.com.vn\/en\/wp-json\/wp\/v2\/media?parent=6545"}],"wp:term":[{"taxonomy":"product_cat","embeddable":true,"href":"https:\/\/prima.com.vn\/en\/wp-json\/wp\/v2\/product_cat?post=6545"},{"taxonomy":"product_tag","embeddable":true,"href":"https:\/\/prima.com.vn\/en\/wp-json\/wp\/v2\/product_tag?post=6545"}],"curies":[{"name":"wp","href":"https:\/\/api.w.org\/{rel}","templated":true}]}}