{"id":6540,"date":"2023-04-06T09:38:56","date_gmt":"2023-04-06T02:38:56","guid":{"rendered":"https:\/\/prima.com.vn\/product\/ch\u01b0a%20ph\u00e2n%20lo\u1ea1i\/nhan-vang-hong-9k-rosanna-nu-tinh-sang-trong\/"},"modified":"2025-11-14T15:11:43","modified_gmt":"2025-11-14T08:11:43","slug":"nhan-vang-hong-9k-rosanna-nu-tinh-sang-trong","status":"publish","type":"product","link":"https:\/\/prima.com.vn\/en\/product\/trang-suc\/metal\/\/nhan-vang-hong-9k-rosanna-nu-tinh-sang-trong\/","title":{"rendered":"Nh\u1eabn V\u00e0ng h\u1ed3ng  9K PRIMA GOLD &#8211; Rosanna n\u1eef t\u00ednh sang tr\u1ecdng"},"content":{"rendered":"<p>&#8220;Nh\u1eabn v\u00e0ng h\u1ed3ng 9k Rosanna h\u1ecda ti\u1ebft hoa h\u1ed3ng v\u1eeba ng\u1ecdt ng\u00e0o nh\u01b0ng kh\u00f4ng k\u00e9m ph\u1ea7n tinh t\u1ebf s\u1ebd l\u00e0 m\u00f3n \u0111\u1ed3 must have trong t\u1ee7 ph\u1ee5 ki\u1ec7n c\u1ee7a b\u1ea1n.<br \/>\nNh\u1eabn hoa h\u1ed3ng \u0111\u01b0\u1ee3c l\u1ea5y c\u1ea3m h\u1ee9ng t\u1eeb v\u1ebb \u0111\u1eb9p cao qu\u00fd, ki\u00eau h\u00e3nh c\u1ee7a hoa h\u1ed3ng &#8211; lo\u00e0i hoa \u0111\u01b0\u1ee3c m\u1ec7nh danh l\u00e0 N\u1eef ho\u00e0ng c\u1ee7a mu\u00f4n lo\u00e0i hoa, tuy m\u1ec1m m\u1ea1i, quy\u1ebfn r\u0169 nh\u01b0ng v\u1eabn r\u1ea1ng ng\u1eddi kh\u00ed ch\u1ea5t \u0111\u1ea7y ng\u01b0\u1ee1ng m\u1ed9 c\u1ee7a m\u1ed9t n\u1eef v\u01b0\u01a1ng. &#8220;<\/p>","protected":false},"excerpt":{"rendered":"<p>L\u1ea5y c\u1ea3m h\u1ee9ng t\u1eeb lo\u00e0i hoa h\u1ed3ng mang \u00e1nh v\u00e0ng ki\u00eau sa &#8211; Midas Touch, Rosanna t\u00e1i hi\u1ec7n v\u1ebb \u0111\u1eb9p \u1ea5y qua nh\u1eefng vi\u00ean kim c\u01b0\u01a1ng l\u1ea5p l\u00e1nh \u0111\u00ednh tr\u00ean n\u1ec1n v\u00e0ng h\u1ed3ng 9K l\u00e3ng m\u1ea1n, l\u00e0 bi\u1ec3u t\u01b0\u1ee3ng c\u1ee7a t\u00ecnh y\u00eau hi\u1ec7n \u0111\u1ea1i \u0111\u1ea7y h\u00e2n hoan. H\u00e3y \u0111\u1ec3 Rosanna \u0111\u1ed3ng h\u00e0nh c\u00f9ng b\u1ea1n trong nh\u1eefng kho\u1ea3nh kh\u1eafc \u0111\u1eb7c bi\u1ec7t, ho\u1eb7c tr\u1edf th\u00e0nh m\u00f3n qu\u00e0 trao g\u1eedi y\u00eau th\u01b0\u01a1ng ch\u00e2n th\u00e0nh d\u00e0nh cho ch\u00ednh b\u1ea1n ho\u1eb7c ng\u01b0\u1eddi m\u00e0 b\u1ea1n lu\u00f4n tr\u00e2n qu\u00fd.<\/p>","protected":false},"featured_media":6338,"comment_status":"open","ping_status":"closed","template":"","meta":[],"product_cat":[163,164,155,196,197],"product_tag":[],"class_list":{"0":"post-6540","1":"product","2":"type-product","3":"status-publish","4":"has-post-thumbnail","6":"product_cat-9k-gold","7":"product_cat-bst-moi","8":"product_cat-kim-cuong","9":"product_cat-mat-day","10":"product_cat-rosanna-9k","12":"first","13":"instock","14":"shipping-taxable","15":"purchasable","16":"product-type-simple"},"acf":[],"_links":{"self":[{"href":"https:\/\/prima.com.vn\/en\/wp-json\/wp\/v2\/product\/6540","targetHints":{"allow":["GET"]}}],"collection":[{"href":"https:\/\/prima.com.vn\/en\/wp-json\/wp\/v2\/product"}],"about":[{"href":"https:\/\/prima.com.vn\/en\/wp-json\/wp\/v2\/types\/product"}],"replies":[{"embeddable":true,"href":"https:\/\/prima.com.vn\/en\/wp-json\/wp\/v2\/comments?post=6540"}],"version-history":[{"count":4,"href":"https:\/\/prima.com.vn\/en\/wp-json\/wp\/v2\/product\/6540\/revisions"}],"predecessor-version":[{"id":16184,"href":"https:\/\/prima.com.vn\/en\/wp-json\/wp\/v2\/product\/6540\/revisions\/16184"}],"wp:featuredmedia":[{"embeddable":true,"href":"https:\/\/prima.com.vn\/en\/wp-json\/wp\/v2\/media\/6338"}],"wp:attachment":[{"href":"https:\/\/prima.com.vn\/en\/wp-json\/wp\/v2\/media?parent=6540"}],"wp:term":[{"taxonomy":"product_cat","embeddable":true,"href":"https:\/\/prima.com.vn\/en\/wp-json\/wp\/v2\/product_cat?post=6540"},{"taxonomy":"product_tag","embeddable":true,"href":"https:\/\/prima.com.vn\/en\/wp-json\/wp\/v2\/product_tag?post=6540"}],"curies":[{"name":"wp","href":"https:\/\/api.w.org\/{rel}","templated":true}]}}