{"id":6539,"date":"2023-04-06T09:38:55","date_gmt":"2023-04-06T02:38:55","guid":{"rendered":"https:\/\/prima.com.vn\/product\/ch\u01b0a%20ph\u00e2n%20lo\u1ea1i\/mat-day-vang-hong-9k-rosanna-hoa-hong-dep-quyen-ru\/"},"modified":"2025-11-14T15:11:43","modified_gmt":"2025-11-14T08:11:43","slug":"mat-day-vang-hong-9k-rosanna-hoa-hong-dep-quyen-ru","status":"publish","type":"product","link":"https:\/\/prima.com.vn\/en\/product\/trang-suc\/metal\/\/mat-day-vang-hong-9k-rosanna-hoa-hong-dep-quyen-ru\/","title":{"rendered":"M\u1eb7t d\u00e2y V\u00e0ng h\u1ed3ng  9K PRIMA GOLD &#8211; Rosanna hoa h\u1ed3ng \u0111\u1eb9p quy\u1ebfn r\u0169"},"content":{"rendered":"<p>&#8220;M\u1eb7t d\u00e2y v\u00e0ng h\u1ed3ng 9k v\u1edbi m\u00e0u s\u1eafc v\u00e0ng tr\u1ebb trung nh\u01b0ng c\u0169ng kh\u00f4ng k\u00e9m ph\u1ea7n ng\u1ecdt ng\u00e0o c\u00f9ng v\u1edbi h\u1ecda ti\u1ebft hoa h\u1ed3ng quy\u1ebfn r\u0169 s\u1ebd l\u00e0 m\u00f3n qu\u00e0 \u0111\u1eb7c bi\u1ec7t d\u00e0nh t\u1eb7ng t\u1edbi ng\u01b0\u1eddi bjn y\u00eau th\u01b0\u01a1ng.<br \/>\nM\u1eb7t d\u00e2y chuy\u1ec1n v\u00e0ng h\u1ed3ng 9k Rosanna c\u00f2n l\u00e0 m\u00f3n \u0111\u1ed3 mix match ph\u00f9 h\u1ee3p v\u1edbi m\u1ecdi phong kh\u00e1ch, t\u1ef1 th\u01b0\u1edfng cho b\u1ea3n th\u00e2n 1 m\u00f3n trang s\u1ee9c \u0111\u1ec3 gi\u00fap m\u00ecnh t\u1ef1 tin l\u00ean m\u1ed7i ng\u00e0y nh\u00e9!&#8221;<\/p>","protected":false},"excerpt":{"rendered":"<p>L\u1ea5y c\u1ea3m h\u1ee9ng t\u1eeb lo\u00e0i hoa h\u1ed3ng mang \u00e1nh v\u00e0ng ki\u00eau sa &#8211; Midas Touch, Rosanna t\u00e1i hi\u1ec7n v\u1ebb \u0111\u1eb9p \u1ea5y qua nh\u1eefng vi\u00ean kim c\u01b0\u01a1ng l\u1ea5p l\u00e1nh \u0111\u00ednh tr\u00ean n\u1ec1n v\u00e0ng h\u1ed3ng 9K l\u00e3ng m\u1ea1n, l\u00e0 bi\u1ec3u t\u01b0\u1ee3ng c\u1ee7a t\u00ecnh y\u00eau hi\u1ec7n \u0111\u1ea1i \u0111\u1ea7y h\u00e2n hoan. H\u00e3y \u0111\u1ec3 Rosanna \u0111\u1ed3ng h\u00e0nh c\u00f9ng b\u1ea1n trong nh\u1eefng kho\u1ea3nh kh\u1eafc \u0111\u1eb7c bi\u1ec7t, ho\u1eb7c tr\u1edf th\u00e0nh m\u00f3n qu\u00e0 trao g\u1eedi y\u00eau th\u01b0\u01a1ng ch\u00e2n th\u00e0nh d\u00e0nh cho ch\u00ednh b\u1ea1n ho\u1eb7c ng\u01b0\u1eddi m\u00e0 b\u1ea1n lu\u00f4n tr\u00e2n qu\u00fd.<\/p>","protected":false},"featured_media":6337,"comment_status":"open","ping_status":"closed","template":"","meta":[],"product_cat":[163,164,155,196,197],"product_tag":[],"class_list":{"0":"post-6539","1":"product","2":"type-product","3":"status-publish","4":"has-post-thumbnail","6":"product_cat-9k-gold","7":"product_cat-bst-moi","8":"product_cat-kim-cuong","9":"product_cat-mat-day","10":"product_cat-rosanna-9k","12":"first","13":"instock","14":"shipping-taxable","15":"purchasable","16":"product-type-simple"},"acf":[],"_links":{"self":[{"href":"https:\/\/prima.com.vn\/en\/wp-json\/wp\/v2\/product\/6539","targetHints":{"allow":["GET"]}}],"collection":[{"href":"https:\/\/prima.com.vn\/en\/wp-json\/wp\/v2\/product"}],"about":[{"href":"https:\/\/prima.com.vn\/en\/wp-json\/wp\/v2\/types\/product"}],"replies":[{"embeddable":true,"href":"https:\/\/prima.com.vn\/en\/wp-json\/wp\/v2\/comments?post=6539"}],"version-history":[{"count":4,"href":"https:\/\/prima.com.vn\/en\/wp-json\/wp\/v2\/product\/6539\/revisions"}],"predecessor-version":[{"id":16183,"href":"https:\/\/prima.com.vn\/en\/wp-json\/wp\/v2\/product\/6539\/revisions\/16183"}],"wp:featuredmedia":[{"embeddable":true,"href":"https:\/\/prima.com.vn\/en\/wp-json\/wp\/v2\/media\/6337"}],"wp:attachment":[{"href":"https:\/\/prima.com.vn\/en\/wp-json\/wp\/v2\/media?parent=6539"}],"wp:term":[{"taxonomy":"product_cat","embeddable":true,"href":"https:\/\/prima.com.vn\/en\/wp-json\/wp\/v2\/product_cat?post=6539"},{"taxonomy":"product_tag","embeddable":true,"href":"https:\/\/prima.com.vn\/en\/wp-json\/wp\/v2\/product_tag?post=6539"}],"curies":[{"name":"wp","href":"https:\/\/api.w.org\/{rel}","templated":true}]}}