{"id":6530,"date":"2023-04-06T09:37:41","date_gmt":"2023-04-06T02:37:41","guid":{"rendered":"https:\/\/prima.com.vn\/product\/ch\u01b0a%20ph\u00e2n%20lo\u1ea1i\/bong-tai-vang-24k-rosanna-hoa-hong-sang-trong\/"},"modified":"2026-03-07T13:29:09","modified_gmt":"2026-03-07T06:29:09","slug":"bong-tai-vang-24k-rosanna-hoa-hong-sang-trong","status":"publish","type":"product","link":"https:\/\/prima.com.vn\/en\/product\/trang-suc\/metal\/\/bong-tai-vang-24k-rosanna-hoa-hong-sang-trong\/","title":{"rendered":"B\u00f4ng tai V\u00e0ng 24K PRIMA GOLD &#8211; Rosanna hoa h\u1ed3ng sang tr\u1ecdng ( Chu\u00f4i &#038; Ch\u1ed1t  V\u00e0ng 18K) &#8211; 111E4140 ( 1 \u0110\u00f4i)"},"content":{"rendered":"<p>&#8220;B\u00f4ng tai v\u00e0ng 24k \u0111\u01b0\u1ee3c l\u1ea5y c\u1ea3m h\u1ee9ng t\u1eeb v\u1ebb \u0111\u1eb9p cao qu\u00fd, ki\u00eau h\u00e3nh c\u1ee7a hoa h\u1ed3ng &#8211; lo\u00e0i hoa \u0111\u01b0\u1ee3c m\u1ec7nh danh l\u00e0 N\u1eef ho\u00e0ng c\u1ee7a mu\u00f4n lo\u00e0i hoa, tuy m\u1ec1m m\u1ea1i, quy\u1ebfn r\u0169 nh\u01b0ng v\u1eabn r\u1ea1ng ng\u1eddi kh\u00ed ch\u1ea5t \u0111\u1ea7y ng\u01b0\u1ee1ng m\u1ed9 c\u1ee7a m\u1ed9t n\u1eef v\u01b0\u01a1ng.<br \/>\nB\u00f4ng tai v\u00e0ng 24k Rosanna s\u1ebd l\u00e0 m\u1ed9t m\u00f3n qu\u00e0 \u0111\u1eb7c bi\u1ec7t d\u00e0nh t\u1eb7ng cho ng\u01b0\u1eddi ph\u1ee5 n\u1eef m\u00e0 b\u1ea1n tr\u00e2n tr\u1ecdng v\u00e0 y\u00eau th\u01b0\u01a1ng. Nh\u1edd b\u1ed9 trang s\u1ee9c, c\u00e1c qu\u00fd c\u00f4 kh\u00f4ng nh\u1eefng to\u00e1t l\u00ean v\u1ebb \u0111\u1eb9p y\u00eau ki\u1ec1u, trang nh\u00e3 m\u00e0 c\u00f2n l\u00e0m n\u1ed5i b\u1eadt th\u1ea7n th\u00e1i t\u1ef1 tin, ki\u00eau h\u00e3nh, thu h\u00fat m\u1ecdi \u00e1nh nh\u00ecn.&#8221;<\/p>","protected":false},"excerpt":{"rendered":"<p>T\u00f4n vinh t\u00ecnh y\u00eau \u0111\u00edch th\u1ef1c qua t\u1eebng chi ti\u1ebft<br \/>\nRosanna l\u1ea5y c\u1ea3m h\u1ee9ng t\u1eeb hoa h\u1ed3ng Midas Touch &#8211; lo\u00e0i hoa r\u1ef1c r\u1ee1 s\u1eafc v\u00e0ng, bi\u1ec3u t\u01b0\u1ee3ng c\u1ee7a v\u1ebb \u0111\u1eb9p, s\u1ef1 l\u00e3ng m\u1ea1n v\u00e0 t\u00ecnh y\u00eau b\u1ec1n l\u00e2u. M\u1ed7i thi\u1ebft k\u1ebf trong b\u1ed9 s\u01b0u t\u1eadp \u0111\u01b0\u1ee3c ch\u1ebf t\u00e1c th\u1ee7 c\u00f4ng t\u1eeb v\u00e0ng 24K, \u0111i\u1ec3m xuy\u1ebft v\u1edbi k\u1ef9 thu\u1eadt &#8220;k\u00e9o l\u1ee5a&#8221; \u0111\u1eb7c tr\u01b0ng c\u1ee7a PRIMA, t\u00e1i hi\u1ec7n v\u1ebb m\u1ec1m m\u1ea1i v\u00e0 thanh tho\u00e1t c\u1ee7a \u0111\u00f3a h\u1ed3ng \u0111ang khoe s\u1eafc. Rosanna l\u00e0 l\u1ef1a ch\u1ecdn ho\u00e0n h\u1ea3o \u0111\u1ec3 l\u01b0u gi\u1eef nh\u1eefng kho\u1ea3nh kh\u1eafc y\u00eau th\u01b0\u01a1ng ho\u1eb7c trao g\u1eedi \u0111\u1ebfn ng\u01b0\u1eddi m\u00ecnh y\u00eau th\u01b0\u01a1ng. <\/p>","protected":false},"featured_media":6099,"comment_status":"open","ping_status":"closed","template":"","meta":[],"product_cat":[162,164,183,194],"product_tag":[],"class_list":{"0":"post-6530","1":"product","2":"type-product","3":"status-publish","4":"has-post-thumbnail","6":"product_cat-24k-gold","7":"product_cat-bst-moi","8":"product_cat-hoa-tai","9":"product_cat-rosanna","11":"first","12":"instock","13":"shipping-taxable","14":"purchasable","15":"product-type-simple"},"acf":[],"_links":{"self":[{"href":"https:\/\/prima.com.vn\/en\/wp-json\/wp\/v2\/product\/6530","targetHints":{"allow":["GET"]}}],"collection":[{"href":"https:\/\/prima.com.vn\/en\/wp-json\/wp\/v2\/product"}],"about":[{"href":"https:\/\/prima.com.vn\/en\/wp-json\/wp\/v2\/types\/product"}],"replies":[{"embeddable":true,"href":"https:\/\/prima.com.vn\/en\/wp-json\/wp\/v2\/comments?post=6530"}],"version-history":[{"count":4,"href":"https:\/\/prima.com.vn\/en\/wp-json\/wp\/v2\/product\/6530\/revisions"}],"predecessor-version":[{"id":16416,"href":"https:\/\/prima.com.vn\/en\/wp-json\/wp\/v2\/product\/6530\/revisions\/16416"}],"wp:featuredmedia":[{"embeddable":true,"href":"https:\/\/prima.com.vn\/en\/wp-json\/wp\/v2\/media\/6099"}],"wp:attachment":[{"href":"https:\/\/prima.com.vn\/en\/wp-json\/wp\/v2\/media?parent=6530"}],"wp:term":[{"taxonomy":"product_cat","embeddable":true,"href":"https:\/\/prima.com.vn\/en\/wp-json\/wp\/v2\/product_cat?post=6530"},{"taxonomy":"product_tag","embeddable":true,"href":"https:\/\/prima.com.vn\/en\/wp-json\/wp\/v2\/product_tag?post=6530"}],"curies":[{"name":"wp","href":"https:\/\/api.w.org\/{rel}","templated":true}]}}