{"id":6529,"date":"2023-04-06T09:37:40","date_gmt":"2023-04-06T02:37:40","guid":{"rendered":"https:\/\/prima.com.vn\/product\/ch\u01b0a%20ph\u00e2n%20lo\u1ea1i\/nhan-vang-24k-rosanna-hoa-hong-quyen-ru\/"},"modified":"2026-03-07T13:29:10","modified_gmt":"2026-03-07T06:29:10","slug":"nhan-vang-24k-rosanna-hoa-hong-quyen-ru","status":"publish","type":"product","link":"https:\/\/prima.com.vn\/en\/product\/trang-suc\/metal\/\/nhan-vang-24k-rosanna-hoa-hong-quyen-ru\/","title":{"rendered":"Nh\u1eabn V\u00e0ng 24K PRIMA GOLD &#8211; Rosanna hoa h\u1ed3ng quy\u1ebfn r\u0169"},"content":{"rendered":"<p>Nh\u1eabn v\u00e0ng 24K Rosanna v\u1edbi bi\u1ec3u t\u01b0\u1ee3ng hoa h\u1ed3ng\u201cLu\u00f4n ki\u00eau h\u00e3nh v\u00e0 t\u1ecfa s\u00e1ng nh\u01b0 m\u1ed9t N\u1eef ho\u00e0ng\u201d, \u0111\u01b0\u1ee3c ch\u1ebf t\u00e1c t\u1eeb v\u00e0ng 24K cao c\u1ea5p c\u00f9ng thi\u1ebft k\u1ebf sang tr\u1ecdng v\u00e0 tinh x\u1ea3o v\u00e0 ho\u00e0n to\u00e0n th\u1ee7 c\u00f4ng b\u1eb1ng k\u1ef9 thu\u1eadt k\u00e9o l\u1ee5a \u0111\u1ed9c quy\u1ec1n b\u1edfi nh\u1eefng ngh\u1ec7 nh\u00e2n kim ho\u00e0n l\u00e0nh ngh\u1ec1 t\u1ea1i Prima.<\/p>","protected":false},"excerpt":{"rendered":"<p>T\u00f4n vinh t\u00ecnh y\u00eau \u0111\u00edch th\u1ef1c qua t\u1eebng chi ti\u1ebft<br \/>\nRosanna l\u1ea5y c\u1ea3m h\u1ee9ng t\u1eeb hoa h\u1ed3ng Midas Touch &#8211; lo\u00e0i hoa r\u1ef1c r\u1ee1 s\u1eafc v\u00e0ng, bi\u1ec3u t\u01b0\u1ee3ng c\u1ee7a v\u1ebb \u0111\u1eb9p, s\u1ef1 l\u00e3ng m\u1ea1n v\u00e0 t\u00ecnh y\u00eau b\u1ec1n l\u00e2u. M\u1ed7i thi\u1ebft k\u1ebf trong b\u1ed9 s\u01b0u t\u1eadp \u0111\u01b0\u1ee3c ch\u1ebf t\u00e1c th\u1ee7 c\u00f4ng t\u1eeb v\u00e0ng 24K, \u0111i\u1ec3m xuy\u1ebft v\u1edbi k\u1ef9 thu\u1eadt &#8220;k\u00e9o l\u1ee5a&#8221; \u0111\u1eb7c tr\u01b0ng c\u1ee7a PRIMA, t\u00e1i hi\u1ec7n v\u1ebb m\u1ec1m m\u1ea1i v\u00e0 thanh tho\u00e1t c\u1ee7a \u0111\u00f3a h\u1ed3ng \u0111ang khoe s\u1eafc. Rosanna l\u00e0 l\u1ef1a ch\u1ecdn ho\u00e0n h\u1ea3o \u0111\u1ec3 l\u01b0u gi\u1eef nh\u1eefng kho\u1ea3nh kh\u1eafc y\u00eau th\u01b0\u01a1ng ho\u1eb7c trao g\u1eedi \u0111\u1ebfn ng\u01b0\u1eddi m\u00ecnh y\u00eau th\u01b0\u01a1ng. <\/p>","protected":false},"featured_media":6227,"comment_status":"open","ping_status":"closed","template":"","meta":[],"product_cat":[162,164,144,194],"product_tag":[],"class_list":{"0":"post-6529","1":"product","2":"type-product","3":"status-publish","4":"has-post-thumbnail","6":"product_cat-24k-gold","7":"product_cat-bst-moi","8":"product_cat-nhan","9":"product_cat-rosanna","11":"first","12":"instock","13":"shipping-taxable","14":"purchasable","15":"product-type-simple"},"acf":[],"_links":{"self":[{"href":"https:\/\/prima.com.vn\/en\/wp-json\/wp\/v2\/product\/6529","targetHints":{"allow":["GET"]}}],"collection":[{"href":"https:\/\/prima.com.vn\/en\/wp-json\/wp\/v2\/product"}],"about":[{"href":"https:\/\/prima.com.vn\/en\/wp-json\/wp\/v2\/types\/product"}],"replies":[{"embeddable":true,"href":"https:\/\/prima.com.vn\/en\/wp-json\/wp\/v2\/comments?post=6529"}],"version-history":[{"count":4,"href":"https:\/\/prima.com.vn\/en\/wp-json\/wp\/v2\/product\/6529\/revisions"}],"predecessor-version":[{"id":16415,"href":"https:\/\/prima.com.vn\/en\/wp-json\/wp\/v2\/product\/6529\/revisions\/16415"}],"wp:featuredmedia":[{"embeddable":true,"href":"https:\/\/prima.com.vn\/en\/wp-json\/wp\/v2\/media\/6227"}],"wp:attachment":[{"href":"https:\/\/prima.com.vn\/en\/wp-json\/wp\/v2\/media?parent=6529"}],"wp:term":[{"taxonomy":"product_cat","embeddable":true,"href":"https:\/\/prima.com.vn\/en\/wp-json\/wp\/v2\/product_cat?post=6529"},{"taxonomy":"product_tag","embeddable":true,"href":"https:\/\/prima.com.vn\/en\/wp-json\/wp\/v2\/product_tag?post=6529"}],"curies":[{"name":"wp","href":"https:\/\/api.w.org\/{rel}","templated":true}]}}