{"id":6528,"date":"2023-04-06T09:37:40","date_gmt":"2023-04-06T02:37:40","guid":{"rendered":"https:\/\/prima.com.vn\/product\/ch\u01b0a%20ph\u00e2n%20lo\u1ea1i\/nhan-vang-24k-blue-penna-dinh-da-blue-topaz-quy-gia\/"},"modified":"2025-11-14T15:11:42","modified_gmt":"2025-11-14T08:11:42","slug":"nhan-vang-24k-blue-penna-dinh-da-blue-topaz-quy-gia","status":"publish","type":"product","link":"https:\/\/prima.com.vn\/en\/product\/trang-suc\/metal\/\/nhan-vang-24k-blue-penna-dinh-da-blue-topaz-quy-gia\/","title":{"rendered":"Nh\u1eabn V\u00e0ng 24K PRIMA GOLD &#8211; Blue Penna \u0111\u00ednh \u0111\u00e1 Blue Topaz qu\u00fd gi\u00e1 &#8211; 165R0913"},"content":{"rendered":"<p>L\u1ea5y c\u1ea3m h\u1ee9ng t\u1eeb s\u1ee9c s\u1ed1ng m\u00e3nh li\u1ec7t c\u1ee7a h\u1ecda ti\u1ebft l\u00e1 d\u01b0\u01a1ng x\u1ec9, nh\u1eabn v\u00e0ng 24k Blue Penna l\u00e0 ki\u1ec7t t\u00e1c t\u1ea1o n\u00ean t\u1eeb v\u00e0ng k\u1ebft h\u1ee3p tinh t\u1ebf c\u00f9ng \u0111\u00e1 London Blue Topaz \u0111\u01b0\u1ee3c m\u1ec7nh danh l\u00e0 ho\u00e0ng ng\u1ecdc. C\u00f3 \u0111\u1ed9 c\u1ee9ng ch\u1ec9 x\u1ebfp sau nh\u00e0 Corundum v\u00e0 Kim c\u01b0\u01a1ng, lo\u1ea1i \u0111\u00e1 qu\u00fd n\u00e0y khi\u1ebfn trang s\u1ee9c tr\u1edf n\u00ean ki\u00eau sa l\u1ed9ng l\u1eaby h\u01a1n v\u1edbi m\u00e0u s\u1eafc n\u1ed5i b\u1eadt v\u1ed1n c\u00f3.<\/p>","protected":false},"excerpt":{"rendered":"<p>L\u1ea5y c\u1ea3m h\u1ee9ng t\u1eeb v\u1ebb \u0111\u1eb9p m\u1ec1m m\u1ea1i v\u00e0 tinh t\u1ebf, Blue Penna l\u00e0 s\u1ef1 k\u1ebft h\u1ee3p h\u00e0i h\u00f2a gi\u1eefa v\u00e0ng 24K cao c\u1ea5p v\u00e0 \u0111\u00e1 Blue Topaz s\u1eafc xanh l\u1ea5p l\u00e1nh. Nh\u1eefng \u0111\u01b0\u1eddng n\u00e9t u\u1ed1n l\u01b0\u1ee3n \u00f4m tr\u1ecdn vi\u00ean \u0111\u00e1 nh\u01b0 t\u00f4n vinh v\u1ebb \u0111\u1eb9p s\u00e2u l\u1eafng v\u00e0 b\u1ea3n l\u0129nh n\u1ed9i t\u00e2m c\u1ee7a ng\u01b0\u1eddi ph\u1ee5 n\u1eef. Blue Penna kh\u00f4ng ph\u00f4 tr\u01b0\u01a1ng, nh\u01b0ng lu\u00f4n \u0111\u1ee7 s\u1ee9c tr\u1edf th\u00e0nh \u0111i\u1ec3m nh\u1ea5n thanh l\u1ecbch v\u00e0 cu\u1ed1n h\u00fat trong m\u1ecdi \u00e1nh nh\u00ecn.<\/p>","protected":false},"featured_media":7516,"comment_status":"open","ping_status":"closed","template":"","meta":[],"product_cat":[162,192,193,164,144],"product_tag":[],"class_list":{"0":"post-6528","1":"product","2":"type-product","3":"status-publish","4":"has-post-thumbnail","6":"product_cat-24k-gold","7":"product_cat-blue-penna","8":"product_cat-blue-topaz","9":"product_cat-bst-moi","10":"product_cat-nhan","12":"first","13":"instock","14":"shipping-taxable","15":"purchasable","16":"product-type-simple"},"acf":[],"_links":{"self":[{"href":"https:\/\/prima.com.vn\/en\/wp-json\/wp\/v2\/product\/6528","targetHints":{"allow":["GET"]}}],"collection":[{"href":"https:\/\/prima.com.vn\/en\/wp-json\/wp\/v2\/product"}],"about":[{"href":"https:\/\/prima.com.vn\/en\/wp-json\/wp\/v2\/types\/product"}],"replies":[{"embeddable":true,"href":"https:\/\/prima.com.vn\/en\/wp-json\/wp\/v2\/comments?post=6528"}],"version-history":[{"count":5,"href":"https:\/\/prima.com.vn\/en\/wp-json\/wp\/v2\/product\/6528\/revisions"}],"predecessor-version":[{"id":16199,"href":"https:\/\/prima.com.vn\/en\/wp-json\/wp\/v2\/product\/6528\/revisions\/16199"}],"wp:featuredmedia":[{"embeddable":true,"href":"https:\/\/prima.com.vn\/en\/wp-json\/wp\/v2\/media\/7516"}],"wp:attachment":[{"href":"https:\/\/prima.com.vn\/en\/wp-json\/wp\/v2\/media?parent=6528"}],"wp:term":[{"taxonomy":"product_cat","embeddable":true,"href":"https:\/\/prima.com.vn\/en\/wp-json\/wp\/v2\/product_cat?post=6528"},{"taxonomy":"product_tag","embeddable":true,"href":"https:\/\/prima.com.vn\/en\/wp-json\/wp\/v2\/product_tag?post=6528"}],"curies":[{"name":"wp","href":"https:\/\/api.w.org\/{rel}","templated":true}]}}