{"id":6527,"date":"2023-04-06T09:37:40","date_gmt":"2023-04-06T02:37:40","guid":{"rendered":"https:\/\/prima.com.vn\/product\/ch\u01b0a%20ph\u00e2n%20lo\u1ea1i\/bong-tai-vang-24k-blue-penna-dinh-da-blue-topaz-quy-gia\/"},"modified":"2025-11-14T15:11:42","modified_gmt":"2025-11-14T08:11:42","slug":"bong-tai-vang-24k-blue-penna-dinh-da-blue-topaz-quy-gia","status":"publish","type":"product","link":"https:\/\/prima.com.vn\/en\/product\/trang-suc\/metal\/\/bong-tai-vang-24k-blue-penna-dinh-da-blue-topaz-quy-gia\/","title":{"rendered":"B\u00f4ng tai V\u00e0ng 24K PRIMA GOLD &#8211; Blue Penna \u0111\u00ednh \u0111\u00e1 Blue Topaz qu\u00fd gi\u00e1 ( Chu\u00f4i &#038; Ch\u1ed1t  V\u00e0ng 18K) &#8211; 165E0970 (1 \u0111\u00f4i)"},"content":{"rendered":"<p>&#8220;B\u00f4ng tai v\u00e0ng 24k Blue Penna ho\u00e0n m\u1ef9 \u0111\u1ebfn t\u1eebng chi ti\u1ebft ch\u1ea1m kh\u1eafc tinh t\u1ebf, v\u1edbi v\u00e0ng 24k \u0111i\u1ec3m xuy\u1ebfn c\u00f9ng s\u1eafc xanh sang tr\u1ecdng c\u1ee7a \u0111\u00e1 Blue Topaz, to\u00e1t l\u00ean v\u1ebb qu\u00fd ph\u00e1i c\u00f3 gi\u00e1 tr\u1ecb v\u01b0\u1ee3t th\u1eddi gian. C\u00e1c qu\u00fd c\u00f4 c\u00f3 th\u1ec3 t\u00f9y \u00fd k\u1ebft h\u1ee3p v\u1edbi trang ph\u1ee5c d\u1ea1 h\u1ed9i sang tr\u1ecdng cho nh\u1eefng b\u1eefa d\u1ea1 ti\u1ec7c cu\u1ed1i n\u0103m hay d\u1ecbp n\u0103m m\u1edbi \u0111\u1ec3 thu h\u00fat ngu\u1ed3n n\u0103ng l\u01b0\u1ee3ng t\u01b0\u01a1i m\u1edbi, c\u00f3 kh\u1edfi \u0111\u1ea7u m\u1edbi v\u1ea1n s\u1ef1 nh\u01b0 \u00fd.<br \/>\nBlue Penne &#8211; Ki\u00eau h\u00e3nh, t\u1ecfa s\u00e1ng phong th\u00e1i qu\u00fd c\u00f4!&#8221;<\/p>","protected":false},"excerpt":{"rendered":"<p>L\u1ea5y c\u1ea3m h\u1ee9ng t\u1eeb v\u1ebb \u0111\u1eb9p m\u1ec1m m\u1ea1i v\u00e0 tinh t\u1ebf, Blue Penna l\u00e0 s\u1ef1 k\u1ebft h\u1ee3p h\u00e0i h\u00f2a gi\u1eefa v\u00e0ng 24K cao c\u1ea5p v\u00e0 \u0111\u00e1 Blue Topaz s\u1eafc xanh l\u1ea5p l\u00e1nh. Nh\u1eefng \u0111\u01b0\u1eddng n\u00e9t u\u1ed1n l\u01b0\u1ee3n \u00f4m tr\u1ecdn vi\u00ean \u0111\u00e1 nh\u01b0 t\u00f4n vinh v\u1ebb \u0111\u1eb9p s\u00e2u l\u1eafng v\u00e0 b\u1ea3n l\u0129nh n\u1ed9i t\u00e2m c\u1ee7a ng\u01b0\u1eddi ph\u1ee5 n\u1eef. Blue Penna kh\u00f4ng ph\u00f4 tr\u01b0\u01a1ng, nh\u01b0ng lu\u00f4n \u0111\u1ee7 s\u1ee9c tr\u1edf th\u00e0nh \u0111i\u1ec3m nh\u1ea5n thanh l\u1ecbch v\u00e0 cu\u1ed1n h\u00fat trong m\u1ecdi \u00e1nh nh\u00ecn.<\/p>","protected":false},"featured_media":7636,"comment_status":"open","ping_status":"closed","template":"","meta":[],"product_cat":[162,192,193,164,183],"product_tag":[],"class_list":{"0":"post-6527","1":"product","2":"type-product","3":"status-publish","4":"has-post-thumbnail","6":"product_cat-24k-gold","7":"product_cat-blue-penna","8":"product_cat-blue-topaz","9":"product_cat-bst-moi","10":"product_cat-hoa-tai","12":"first","13":"instock","14":"shipping-taxable","15":"purchasable","16":"product-type-simple"},"acf":[],"_links":{"self":[{"href":"https:\/\/prima.com.vn\/en\/wp-json\/wp\/v2\/product\/6527","targetHints":{"allow":["GET"]}}],"collection":[{"href":"https:\/\/prima.com.vn\/en\/wp-json\/wp\/v2\/product"}],"about":[{"href":"https:\/\/prima.com.vn\/en\/wp-json\/wp\/v2\/types\/product"}],"replies":[{"embeddable":true,"href":"https:\/\/prima.com.vn\/en\/wp-json\/wp\/v2\/comments?post=6527"}],"version-history":[{"count":4,"href":"https:\/\/prima.com.vn\/en\/wp-json\/wp\/v2\/product\/6527\/revisions"}],"predecessor-version":[{"id":16198,"href":"https:\/\/prima.com.vn\/en\/wp-json\/wp\/v2\/product\/6527\/revisions\/16198"}],"wp:featuredmedia":[{"embeddable":true,"href":"https:\/\/prima.com.vn\/en\/wp-json\/wp\/v2\/media\/7636"}],"wp:attachment":[{"href":"https:\/\/prima.com.vn\/en\/wp-json\/wp\/v2\/media?parent=6527"}],"wp:term":[{"taxonomy":"product_cat","embeddable":true,"href":"https:\/\/prima.com.vn\/en\/wp-json\/wp\/v2\/product_cat?post=6527"},{"taxonomy":"product_tag","embeddable":true,"href":"https:\/\/prima.com.vn\/en\/wp-json\/wp\/v2\/product_tag?post=6527"}],"curies":[{"name":"wp","href":"https:\/\/api.w.org\/{rel}","templated":true}]}}