{"id":6526,"date":"2023-04-06T09:37:40","date_gmt":"2023-04-06T02:37:40","guid":{"rendered":"https:\/\/prima.com.vn\/product\/ch\u01b0a%20ph\u00e2n%20lo\u1ea1i\/vong-co-vang-24k-blue-penna-dinh-da-blue-topaz-quy-gia\/"},"modified":"2025-11-14T15:11:42","modified_gmt":"2025-11-14T08:11:42","slug":"vong-co-vang-24k-blue-penna-dinh-da-blue-topaz-quy-gia","status":"publish","type":"product","link":"https:\/\/prima.com.vn\/en\/product\/trang-suc\/metal\/\/vong-co-vang-24k-blue-penna-dinh-da-blue-topaz-quy-gia\/","title":{"rendered":"V\u00f2ng c\u1ed5 V\u00e0ng 24K PRIMA GOLD &#8211; Blue Penna \u0111\u00ednh \u0111\u00e1 Blue Topaz qu\u00fd gi\u00e1 &#8211; 165N0592"},"content":{"rendered":"<p>&#8220;V\u00f2ng c\u1ed5 v\u00e0ng 24k Blue Penna &#8211; Ki\u00eau h\u00e3nh, t\u1ecfa s\u00e1ng phong th\u00e1i qu\u00fd c\u00f4 nh\u1edd v\u00e0ng 24k \u0111i\u1ec3m xuy\u1ebfn c\u00f9ng s\u1eafc xanh sang tr\u1ecdng c\u1ee7a \u0111\u00e1 Blue Topaz, to\u00e1t l\u00ean v\u1ebb qu\u00fd ph\u00e1i c\u00f3 gi\u00e1 tr\u1ecb v\u01b0\u1ee3t th\u1eddi gian.<br \/>\n\u0110\u00e2y s\u1ebd l\u00e0 m\u00f3n qu\u00e0 ho\u00e0n h\u1ea3o g\u1eedi \u0111\u1ebfn ng\u01b0\u1eddi ph\u1ee5 n\u1eef m\u00e0 b\u1ea1n y\u00eau th\u01b0\u01a1ng v\u00e0 tr\u00e2n tr\u1ecdng.&#8221;<\/p>","protected":false},"excerpt":{"rendered":"<p>L\u1ea5y c\u1ea3m h\u1ee9ng t\u1eeb v\u1ebb \u0111\u1eb9p m\u1ec1m m\u1ea1i v\u00e0 tinh t\u1ebf, Blue Penna l\u00e0 s\u1ef1 k\u1ebft h\u1ee3p h\u00e0i h\u00f2a gi\u1eefa v\u00e0ng 24K cao c\u1ea5p v\u00e0 \u0111\u00e1 Blue Topaz s\u1eafc xanh l\u1ea5p l\u00e1nh. Nh\u1eefng \u0111\u01b0\u1eddng n\u00e9t u\u1ed1n l\u01b0\u1ee3n \u00f4m tr\u1ecdn vi\u00ean \u0111\u00e1 nh\u01b0 t\u00f4n vinh v\u1ebb \u0111\u1eb9p s\u00e2u l\u1eafng v\u00e0 b\u1ea3n l\u0129nh n\u1ed9i t\u00e2m c\u1ee7a ng\u01b0\u1eddi ph\u1ee5 n\u1eef. Blue Penna kh\u00f4ng ph\u00f4 tr\u01b0\u01a1ng, nh\u01b0ng lu\u00f4n \u0111\u1ee7 s\u1ee9c tr\u1edf th\u00e0nh \u0111i\u1ec3m nh\u1ea5n thanh l\u1ecbch v\u00e0 cu\u1ed1n h\u00fat trong m\u1ecdi \u00e1nh nh\u00ecn.<\/p>","protected":false},"featured_media":7632,"comment_status":"open","ping_status":"closed","template":"","meta":[],"product_cat":[162,192,193,164,188],"product_tag":[],"class_list":{"0":"post-6526","1":"product","2":"type-product","3":"status-publish","4":"has-post-thumbnail","6":"product_cat-24k-gold","7":"product_cat-blue-penna","8":"product_cat-blue-topaz","9":"product_cat-bst-moi","10":"product_cat-vong-co","12":"first","13":"instock","14":"shipping-taxable","15":"purchasable","16":"product-type-simple"},"acf":[],"_links":{"self":[{"href":"https:\/\/prima.com.vn\/en\/wp-json\/wp\/v2\/product\/6526","targetHints":{"allow":["GET"]}}],"collection":[{"href":"https:\/\/prima.com.vn\/en\/wp-json\/wp\/v2\/product"}],"about":[{"href":"https:\/\/prima.com.vn\/en\/wp-json\/wp\/v2\/types\/product"}],"replies":[{"embeddable":true,"href":"https:\/\/prima.com.vn\/en\/wp-json\/wp\/v2\/comments?post=6526"}],"version-history":[{"count":5,"href":"https:\/\/prima.com.vn\/en\/wp-json\/wp\/v2\/product\/6526\/revisions"}],"predecessor-version":[{"id":16197,"href":"https:\/\/prima.com.vn\/en\/wp-json\/wp\/v2\/product\/6526\/revisions\/16197"}],"wp:featuredmedia":[{"embeddable":true,"href":"https:\/\/prima.com.vn\/en\/wp-json\/wp\/v2\/media\/7632"}],"wp:attachment":[{"href":"https:\/\/prima.com.vn\/en\/wp-json\/wp\/v2\/media?parent=6526"}],"wp:term":[{"taxonomy":"product_cat","embeddable":true,"href":"https:\/\/prima.com.vn\/en\/wp-json\/wp\/v2\/product_cat?post=6526"},{"taxonomy":"product_tag","embeddable":true,"href":"https:\/\/prima.com.vn\/en\/wp-json\/wp\/v2\/product_tag?post=6526"}],"curies":[{"name":"wp","href":"https:\/\/api.w.org\/{rel}","templated":true}]}}