{"id":6519,"date":"2023-04-06T09:37:38","date_gmt":"2023-04-06T02:37:38","guid":{"rendered":"https:\/\/prima.com.vn\/product\/ch\u01b0a%20ph\u00e2n%20lo\u1ea1i\/vong-co-vang-24k-dinh-ngoc-trai-quyen-ru-sang-trong-hoa-tiet-hoa-perla-lily\/"},"modified":"2025-11-14T15:11:38","modified_gmt":"2025-11-14T08:11:38","slug":"vong-co-vang-24k-dinh-ngoc-trai-quyen-ru-sang-trong-hoa-tiet-hoa-perla-lily","status":"publish","type":"product","link":"https:\/\/prima.com.vn\/en\/product\/trang-suc\/metal\/\/vong-co-vang-24k-dinh-ngoc-trai-quyen-ru-sang-trong-hoa-tiet-hoa-perla-lily\/","title":{"rendered":"V\u00f2ng c\u1ed5 V\u00e0ng 24K \u0111\u00ednh ng\u1ecdc trai quy\u1ebfn r\u0169 sang tr\u1ecdng h\u1ecda ti\u1ebft hoa Perla Lily"},"content":{"rendered":"<p>V\u00f2ng c\u1ed5 v\u00e0ng 24k Perla Lily \u0111\u01b0\u1ee3c l\u1ea5y c\u1ea3m h\u1ee9ng t\u1eeb v\u1ebb \u0111\u1eb9p c\u1ee7a lo\u00e0i hoa c\u00f9ng t\u00ean &#8211; bi\u1ec3u t\u01b0\u1ee3ng c\u1ee7a s\u1ef1 thanh l\u1ecbch v\u00e0 m\u1ed9t t\u00ecnh y\u00eau cao th\u01b0\u1ee3ng. \u0110\u00e2y c\u0169ng ch\u00ednh l\u00e0 m\u00f3n qu\u00e0 m\u00e0 Prima Vietnam mu\u1ed1n g\u1eedi \u0111\u1ebfn &#8220;m\u1ed9t n\u1eeda kia th\u1ebf gi\u1edbi.<\/p>","protected":false},"excerpt":{"rendered":"<p>Perla Lily &#8211; Thanh khi\u1ebft v\u01b0\u01a1n m\u00ecnh trong n\u1eafng s\u1edbm<br \/>\nL\u1ea5y c\u1ea3m h\u1ee9ng t\u1eeb v\u1ebb \u0111\u1eb9p thu\u1ea7n khi\u1ebft v\u00e0 ki\u00eau sa c\u1ee7a hoa loa k\u00e8n, Perla Lily l\u00e0 b\u1ea3n ho\u00e0 ca d\u1ecbu d\u00e0ng gi\u1eefa v\u00e0ng 24K \u00f3ng \u00e1nh v\u00e0 s\u1eafc ng\u1ecdc trai tinh kh\u00f4i. M\u1ed7i thi\u1ebft k\u1ebf l\u00e0 m\u1ed9t c\u00e1nh hoa \u0111ang h\u00e9 n\u1edf, t\u00f4n vinh n\u00e9t \u0111\u1eb9p n\u1eef t\u00ednh, thanh tao m\u00e0 \u0111\u1ea7y b\u1ea3n l\u0129nh c\u1ee7a ng\u01b0\u1eddi ph\u1ee5 n\u1eef hi\u1ec7n \u0111\u1ea1i. B\u1ed9 s\u01b0u t\u1eadp l\u00e0 m\u1ed9t l\u1ef1a ch\u1ecdn l\u00fd t\u01b0\u1edfng \u0111\u1ec3 kh\u1edfi \u0111\u1ea7u ng\u00e0y m\u1edbi v\u1edbi phong th\u00e1i r\u1ea1ng r\u1ee1 v\u00e0 \u0111\u1ea7y t\u1ef1 tin.<\/p>","protected":false},"featured_media":6286,"comment_status":"open","ping_status":"closed","template":"","meta":[],"product_cat":[162,164,156,191,188],"product_tag":[],"class_list":{"0":"post-6519","1":"product","2":"type-product","3":"status-publish","4":"has-post-thumbnail","6":"product_cat-24k-gold","7":"product_cat-bst-moi","8":"product_cat-ngoc-trai","9":"product_cat-perla-lily","10":"product_cat-vong-co","12":"first","13":"instock","14":"shipping-taxable","15":"purchasable","16":"product-type-simple"},"acf":[],"_links":{"self":[{"href":"https:\/\/prima.com.vn\/en\/wp-json\/wp\/v2\/product\/6519","targetHints":{"allow":["GET"]}}],"collection":[{"href":"https:\/\/prima.com.vn\/en\/wp-json\/wp\/v2\/product"}],"about":[{"href":"https:\/\/prima.com.vn\/en\/wp-json\/wp\/v2\/types\/product"}],"replies":[{"embeddable":true,"href":"https:\/\/prima.com.vn\/en\/wp-json\/wp\/v2\/comments?post=6519"}],"version-history":[{"count":4,"href":"https:\/\/prima.com.vn\/en\/wp-json\/wp\/v2\/product\/6519\/revisions"}],"predecessor-version":[{"id":16305,"href":"https:\/\/prima.com.vn\/en\/wp-json\/wp\/v2\/product\/6519\/revisions\/16305"}],"wp:featuredmedia":[{"embeddable":true,"href":"https:\/\/prima.com.vn\/en\/wp-json\/wp\/v2\/media\/6286"}],"wp:attachment":[{"href":"https:\/\/prima.com.vn\/en\/wp-json\/wp\/v2\/media?parent=6519"}],"wp:term":[{"taxonomy":"product_cat","embeddable":true,"href":"https:\/\/prima.com.vn\/en\/wp-json\/wp\/v2\/product_cat?post=6519"},{"taxonomy":"product_tag","embeddable":true,"href":"https:\/\/prima.com.vn\/en\/wp-json\/wp\/v2\/product_tag?post=6519"}],"curies":[{"name":"wp","href":"https:\/\/api.w.org\/{rel}","templated":true}]}}