{"id":6517,"date":"2023-04-06T09:37:37","date_gmt":"2023-04-06T02:37:37","guid":{"rendered":"https:\/\/prima.com.vn\/product\/ch\u01b0a%20ph\u00e2n%20lo\u1ea1i\/vong-co-vang-24k-dinh-da-ruby-va-sapphire-dang-cap-hoa-tiet-hoa-anh-dao\/"},"modified":"2025-11-14T15:11:37","modified_gmt":"2025-11-14T08:11:37","slug":"vong-co-vang-24k-dinh-da-ruby-va-sapphire-dang-cap-hoa-tiet-hoa-anh-dao","status":"publish","type":"product","link":"https:\/\/prima.com.vn\/en\/product\/trang-suc\/metal\/\/vong-co-vang-24k-dinh-da-ruby-va-sapphire-dang-cap-hoa-tiet-hoa-anh-dao\/","title":{"rendered":"V\u00f2ng c\u1ed5 V\u00e0ng 24K PRIMA GOLD &#8211; \u0111\u00ednh \u0111\u00e1 Ruby v\u00e0 Sapphire \u0111\u1eb3ng c\u1ea5p h\u1ecda ti\u1ebft hoa anh \u0111\u00e0o"},"content":{"rendered":"<p>\u0110\u00e2y s\u1ebd l\u00e0 m\u00f3n qu\u00e0 qu\u00fd gi\u00e1 nh\u01b0ng kh\u00f4ng k\u00e9m ph\u1ea7n tinh t\u1ebf trao g\u1eedi \u0111\u1ebfn ng\u01b0\u1eddi ph\u1ee5 n\u1eef m\u00e0 b\u1ea1n tr\u00e2n tr\u1ecdng.<\/p>","protected":false},"excerpt":{"rendered":"<p>Oriental Blossom &#8211; Khi t\u00ecnh y\u00eau th\u0103ng hoa gi\u1eefa s\u1eafc xu\u00e2n r\u1ef1c r\u1ee1.<br \/>\nL\u1ea5y c\u1ea3m h\u1ee9ng t\u1eeb khu v\u01b0\u1eddn m\u00f9a xu\u00e2n ng\u1eadp tr\u00e0n s\u1ee9c s\u1ed1ng, b\u1ed9 s\u01b0u t\u1eadp Oriental Blossom t\u00e1i hi\u1ec7n v\u1ebb \u0111\u1eb9p c\u1ee7a t\u00ecnh y\u00eau \u0111ang \u0111\u1ed9 n\u1edf r\u1ed9 qua nh\u1eefng thi\u1ebft k\u1ebf t\u01b0\u01a1i s\u00e1ng v\u00e0 thanh tho\u00e1t. M\u1ed7i m\u00f3n trang s\u1ee9c \u0111\u01b0\u1ee3c ch\u1ebf t\u00e1c t\u1ec9 m\u1ec9 t\u1eeb v\u00e0ng 24K v\u00e0 18K, k\u1ebft h\u1ee3p tinh t\u1ebf c\u00f9ng \u0111\u00e1 qu\u00fd \u0111\u01b0\u1ee3c tuy\u1ec3n ch\u1ecdn k\u1ef9 l\u01b0\u1ee1ng &#8211; t\u1ea1o n\u00ean tuy\u1ec7t t\u00e1c mang \u0111\u1eadm ch\u1ea5t \u00c1 \u0110\u00f4ng, l\u00fd t\u01b0\u1edfng \u0111\u1ec3 \u0111\u1ed3ng h\u00e0nh trong nh\u1eefng kho\u1ea3nh kh\u1eafc \u00fd ngh\u0129a nh\u1ea5t.<\/p>","protected":false},"featured_media":6287,"comment_status":"open","ping_status":"closed","template":"","meta":[],"product_cat":[162,164,157,184,190,188],"product_tag":[],"class_list":{"0":"post-6517","1":"product","2":"type-product","3":"status-publish","4":"has-post-thumbnail","6":"product_cat-24k-gold","7":"product_cat-bst-moi","8":"product_cat-da-ruby","9":"product_cat-da-sapphire","10":"product_cat-oriental-blossom","11":"product_cat-vong-co","13":"first","14":"instock","15":"shipping-taxable","16":"purchasable","17":"product-type-simple"},"acf":[],"_links":{"self":[{"href":"https:\/\/prima.com.vn\/en\/wp-json\/wp\/v2\/product\/6517","targetHints":{"allow":["GET"]}}],"collection":[{"href":"https:\/\/prima.com.vn\/en\/wp-json\/wp\/v2\/product"}],"about":[{"href":"https:\/\/prima.com.vn\/en\/wp-json\/wp\/v2\/types\/product"}],"replies":[{"embeddable":true,"href":"https:\/\/prima.com.vn\/en\/wp-json\/wp\/v2\/comments?post=6517"}],"version-history":[{"count":4,"href":"https:\/\/prima.com.vn\/en\/wp-json\/wp\/v2\/product\/6517\/revisions"}],"predecessor-version":[{"id":16303,"href":"https:\/\/prima.com.vn\/en\/wp-json\/wp\/v2\/product\/6517\/revisions\/16303"}],"wp:featuredmedia":[{"embeddable":true,"href":"https:\/\/prima.com.vn\/en\/wp-json\/wp\/v2\/media\/6287"}],"wp:attachment":[{"href":"https:\/\/prima.com.vn\/en\/wp-json\/wp\/v2\/media?parent=6517"}],"wp:term":[{"taxonomy":"product_cat","embeddable":true,"href":"https:\/\/prima.com.vn\/en\/wp-json\/wp\/v2\/product_cat?post=6517"},{"taxonomy":"product_tag","embeddable":true,"href":"https:\/\/prima.com.vn\/en\/wp-json\/wp\/v2\/product_tag?post=6517"}],"curies":[{"name":"wp","href":"https:\/\/api.w.org\/{rel}","templated":true}]}}