{"id":6515,"date":"2023-04-06T09:37:36","date_gmt":"2023-04-06T02:37:36","guid":{"rendered":"https:\/\/prima.com.vn\/product\/ch\u01b0a%20ph\u00e2n%20lo\u1ea1i\/bong-tai-vang-24k-dinh-da-ruby-va-sapphire-dang-cap-hoa-tiet-hoa-anh-dao\/"},"modified":"2025-11-14T15:11:37","modified_gmt":"2025-11-14T08:11:37","slug":"bong-tai-vang-24k-dinh-da-ruby-va-sapphire-dang-cap-hoa-tiet-hoa-anh-dao","status":"publish","type":"product","link":"https:\/\/prima.com.vn\/en\/product\/trang-suc\/metal\/\/bong-tai-vang-24k-dinh-da-ruby-va-sapphire-dang-cap-hoa-tiet-hoa-anh-dao\/","title":{"rendered":"B\u00f4ng tai V\u00e0ng 24K PRIMA GOLD &#8211; \u0111\u00ednh \u0111\u00e1 Ruby v\u00e0 Sapphire \u0111\u1eb3ng c\u1ea5p h\u1ecda ti\u1ebft hoa anh \u0111\u00e0o ( Chu\u00f4i &#038; Ch\u1ed1t  V\u00e0ng 18K) -165E0942 (1 \u0111\u00f4i)"},"content":{"rendered":"<p>B\u00f4ng tai v\u00e0ng 24k Blossom sang tr\u1ecdng v\u00e0 ki\u00eau sa nh\u1edd ch\u1ea5t li\u1ec7u v\u00e0ng 24k k\u1ebft h\u1ee3p c\u00f9ng \u0111\u00e1 Ruby v\u00e0 Sapphire s\u1eafc h\u1ed3ng \u0111\u01b0\u1ee3c \u0111\u00ednh k\u1ebft l\u00ean m\u1ed7i b\u00f4ng hoa anh \u0111\u00e0o m\u1ed9t c\u00e1ch kh\u00e9o l\u00e9o v\u00e0 tinh t\u1ebf. M\u1ed7i m\u1eaft x\u00edch c\u1ee7a m\u1ed9t b\u00f4ng hoa \u0111\u1ec1u \u0111\u01b0\u1ee3c th\u1ee3 kim ho\u00e0n l\u00e0nh ngh\u1ec1 c\u1ee7a Prima \u0111\u00ednh k\u1ebft ho\u00e0n to\u00e0n th\u1ee7 c\u00f4ng v\u00e0 \u0111\u00f2i h\u1ecfi k\u0129 thu\u1eadt cao c\u0169ng nh\u01b0 s\u1ef1 t\u1ec9 m\u1ec9 trong m\u1ed7i c\u00f4ng \u0111o\u1ea1n.<\/p>","protected":false},"excerpt":{"rendered":"<p>Oriental Blossom &#8211; Khi t\u00ecnh y\u00eau th\u0103ng hoa gi\u1eefa s\u1eafc xu\u00e2n r\u1ef1c r\u1ee1.<br \/>\nL\u1ea5y c\u1ea3m h\u1ee9ng t\u1eeb khu v\u01b0\u1eddn m\u00f9a xu\u00e2n ng\u1eadp tr\u00e0n s\u1ee9c s\u1ed1ng, b\u1ed9 s\u01b0u t\u1eadp Oriental Blossom t\u00e1i hi\u1ec7n v\u1ebb \u0111\u1eb9p c\u1ee7a t\u00ecnh y\u00eau \u0111ang \u0111\u1ed9 n\u1edf r\u1ed9 qua nh\u1eefng thi\u1ebft k\u1ebf t\u01b0\u01a1i s\u00e1ng v\u00e0 thanh tho\u00e1t. M\u1ed7i m\u00f3n trang s\u1ee9c \u0111\u01b0\u1ee3c ch\u1ebf t\u00e1c t\u1ec9 m\u1ec9 t\u1eeb v\u00e0ng 24K v\u00e0 18K, k\u1ebft h\u1ee3p tinh t\u1ebf c\u00f9ng \u0111\u00e1 qu\u00fd \u0111\u01b0\u1ee3c tuy\u1ec3n ch\u1ecdn k\u1ef9 l\u01b0\u1ee1ng &#8211; t\u1ea1o n\u00ean tuy\u1ec7t t\u00e1c mang \u0111\u1eadm ch\u1ea5t \u00c1 \u0110\u00f4ng, l\u00fd t\u01b0\u1edfng \u0111\u1ec3 \u0111\u1ed3ng h\u00e0nh trong nh\u1eefng kho\u1ea3nh kh\u1eafc \u00fd ngh\u0129a nh\u1ea5t.<\/p>","protected":false},"featured_media":6271,"comment_status":"open","ping_status":"closed","template":"","meta":[],"product_cat":[162,164,157,184,183,190],"product_tag":[],"class_list":{"0":"post-6515","1":"product","2":"type-product","3":"status-publish","4":"has-post-thumbnail","6":"product_cat-24k-gold","7":"product_cat-bst-moi","8":"product_cat-da-ruby","9":"product_cat-da-sapphire","10":"product_cat-hoa-tai","11":"product_cat-oriental-blossom","13":"first","14":"instock","15":"shipping-taxable","16":"purchasable","17":"product-type-simple"},"acf":[],"_links":{"self":[{"href":"https:\/\/prima.com.vn\/en\/wp-json\/wp\/v2\/product\/6515","targetHints":{"allow":["GET"]}}],"collection":[{"href":"https:\/\/prima.com.vn\/en\/wp-json\/wp\/v2\/product"}],"about":[{"href":"https:\/\/prima.com.vn\/en\/wp-json\/wp\/v2\/types\/product"}],"replies":[{"embeddable":true,"href":"https:\/\/prima.com.vn\/en\/wp-json\/wp\/v2\/comments?post=6515"}],"version-history":[{"count":4,"href":"https:\/\/prima.com.vn\/en\/wp-json\/wp\/v2\/product\/6515\/revisions"}],"predecessor-version":[{"id":16301,"href":"https:\/\/prima.com.vn\/en\/wp-json\/wp\/v2\/product\/6515\/revisions\/16301"}],"wp:featuredmedia":[{"embeddable":true,"href":"https:\/\/prima.com.vn\/en\/wp-json\/wp\/v2\/media\/6271"}],"wp:attachment":[{"href":"https:\/\/prima.com.vn\/en\/wp-json\/wp\/v2\/media?parent=6515"}],"wp:term":[{"taxonomy":"product_cat","embeddable":true,"href":"https:\/\/prima.com.vn\/en\/wp-json\/wp\/v2\/product_cat?post=6515"},{"taxonomy":"product_tag","embeddable":true,"href":"https:\/\/prima.com.vn\/en\/wp-json\/wp\/v2\/product_tag?post=6515"}],"curies":[{"name":"wp","href":"https:\/\/api.w.org\/{rel}","templated":true}]}}