{"id":5935,"date":"2023-03-30T14:18:01","date_gmt":"2023-03-30T07:18:01","guid":{"rendered":"https:\/\/prima.com.vn\/product\/ch\u01b0a%20ph\u00e2n%20lo\u1ea1i\/bong-tai-vang-24k-prima-gold-mono-chic-hinh-cay-xuong-rong-xinh-xan-1-chiec-bong-tai-165e0856\/"},"modified":"2025-11-14T15:11:36","modified_gmt":"2025-11-14T08:11:36","slug":"bong-tai-vang-24k-prima-gold-mono-chic-hinh-cay-xuong-rong-xinh-xan-1-chiec-bong-tai-165e0856","status":"publish","type":"product","link":"https:\/\/prima.com.vn\/en\/product\/trang-suc\/metal\/\/bong-tai-vang-24k-prima-gold-mono-chic-hinh-cay-xuong-rong-xinh-xan-1-chiec-bong-tai-165e0856\/","title":{"rendered":"B\u00f4ng Tai V\u00e0ng 24K PRIMA GOLD MONO CHIC &#8211; H\u00ecnh C\u00e2y X\u01b0\u01a1ng R\u1ed3ng Xinh X\u1eafn  (Chu\u00f4i &#038; Ch\u1ed1t V\u00e0ng 18K) &#8211; 165E0856   (1 chi\u1ebfc)"},"content":{"rendered":"<p>\u0110\u01b0\u1ee3c ch\u1ebf t\u00e1c tinh x\u1ea3o t\u1eeb V\u00e0ng 24K, khuy\u00ean tai x\u01b0\u01a1ng r\u1ed3ng t\u1eeb BST Mono Chic v\u1edbi c\u1ea3m h\u1ee9ng \u0111\u1ebfn t\u1eeb nh\u1eefng g\u00ec gi\u1ea3n d\u1ecb nh\u1ea5t nh\u01b0ng v\u1eabn l\u1ea1 m\u1eaft v\u00e0 c\u00f3 \u201cch\u1ea5t\u201d ri\u00eang cho n\u00e0ng t\u1ef1 do mix-match. V\u1edbi thi\u1ebft k\u1ebf tr\u1ebb trung, s\u00e0nh \u0111i\u1ec7u, khuy\u00ean tai x\u01b0\u01a1ng r\u1ed3ng ch\u00ednh l\u00e0 l\u1ef1a ch\u1ecdn ho\u00e0n h\u1ea3o cho n\u00e0ng t\u1ef1 do th\u1ec3 hi\u1ec7n c\u00e1 t\u00ednh v\u00e0 t\u1ecfa s\u00e1ng theo c\u00e1ch c\u1ee7a ri\u00eang m\u00ecnh.<br \/>\nM\u1ed7i s\u1ea3n ph\u1ea9m \u0111\u01b0\u1ee3c \u0111\u1ec1u \u0111\u01b0\u1ee3c t\u1ea1o ra b\u1edfi b\u00e0n tay nh\u1eefng ng\u01b0\u1eddi th\u1ee3 th\u1ee7 c\u00f4ng b\u1eadc th\u1ea7y. Ch\u1ebf t\u00e1c t\u1eeb v\u00e0ng nguy\u00ean ch\u1ea5t 99,9% v\u00e0 \u0111\u01b0\u1ee3c t\u1ea1o ra v\u1edbi \u00fd ngh\u0129a ri\u00eang \u0111\u1eb7c bi\u1ec7t th\u00edch h\u1ee3p cho nhi\u1ec1u d\u1ecbp. M\u00f3n qu\u00e0 s\u00e1ng t\u1ea1o \u0111\u1ed9c \u0111\u00e1o ,qu\u00fd gi\u00e1 c\u00f3 \u00fd ngh\u0129a nh\u1ea5t, gi\u00fap ng\u01b0\u1eddi nh\u1eadn s\u1ebd tr\u00e2n tr\u1ecdng kho\u1ea3nh kh\u1eafc \u1ea5n t\u01b0\u1ee3ng khi nh\u00ecn th\u1ea5y t\u00e1c ph\u1ea9m n\u00e0y m\u00e3i m\u00e3i.<\/p>","protected":false},"excerpt":{"rendered":"<p>Mono Chic &#8211; M\u1ed9t ch\u00fat duy\u00ean, c\u1ea3 ng\u00e0y xinh.<br \/>\nMono Chic mang \u0111\u1ebfn n\u00e9t ch\u1ea5m ph\u00e1 tinh ngh\u1ecbch cho phong c\u00e1ch t\u1ed1i gi\u1ea3n, v\u1edbi nh\u1eefng thi\u1ebft k\u1ebf nh\u1ecf xinh \u0111\u01b0\u1ee3c ch\u1ebf t\u00e1c t\u1eeb v\u00e0ng 24K,  18K v\u00e0 9K. T\u1eebng m\u00f3n trang s\u1ee9c \u0111\u01b0\u1ee3c t\u1ea1o n\u00ean \u0111\u1ec3 b\u1ea1n d\u1ec5 d\u00e0ng ph\u1ed1i h\u1ee3p, s\u00e1ng t\u1ea1o v\u00e0 th\u1ec3 hi\u1ec7n phong c\u00e1ch ri\u00eang m\u1ed7i ng\u00e0y.<br \/>\n\u0110\u01a1n gi\u1ea3n &#8211; Nh\u1eb9 nh\u00e0ng &#8211; L\u00e0 ch\u00ednh b\u1ea1n<\/p>","protected":false},"featured_media":6444,"comment_status":"open","ping_status":"closed","template":"","meta":[],"product_cat":[162,184,183,182],"product_tag":[],"class_list":{"0":"post-5935","1":"product","2":"type-product","3":"status-publish","4":"has-post-thumbnail","6":"product_cat-24k-gold","7":"product_cat-da-sapphire","8":"product_cat-hoa-tai","9":"product_cat-monochic","11":"first","12":"instock","13":"shipping-taxable","14":"purchasable","15":"product-type-simple"},"acf":[],"_links":{"self":[{"href":"https:\/\/prima.com.vn\/en\/wp-json\/wp\/v2\/product\/5935","targetHints":{"allow":["GET"]}}],"collection":[{"href":"https:\/\/prima.com.vn\/en\/wp-json\/wp\/v2\/product"}],"about":[{"href":"https:\/\/prima.com.vn\/en\/wp-json\/wp\/v2\/types\/product"}],"replies":[{"embeddable":true,"href":"https:\/\/prima.com.vn\/en\/wp-json\/wp\/v2\/comments?post=5935"}],"version-history":[{"count":3,"href":"https:\/\/prima.com.vn\/en\/wp-json\/wp\/v2\/product\/5935\/revisions"}],"predecessor-version":[{"id":16261,"href":"https:\/\/prima.com.vn\/en\/wp-json\/wp\/v2\/product\/5935\/revisions\/16261"}],"wp:featuredmedia":[{"embeddable":true,"href":"https:\/\/prima.com.vn\/en\/wp-json\/wp\/v2\/media\/6444"}],"wp:attachment":[{"href":"https:\/\/prima.com.vn\/en\/wp-json\/wp\/v2\/media?parent=5935"}],"wp:term":[{"taxonomy":"product_cat","embeddable":true,"href":"https:\/\/prima.com.vn\/en\/wp-json\/wp\/v2\/product_cat?post=5935"},{"taxonomy":"product_tag","embeddable":true,"href":"https:\/\/prima.com.vn\/en\/wp-json\/wp\/v2\/product_tag?post=5935"}],"curies":[{"name":"wp","href":"https:\/\/api.w.org\/{rel}","templated":true}]}}