{"id":5923,"date":"2023-03-30T14:17:43","date_gmt":"2023-03-30T07:17:43","guid":{"rendered":"https:\/\/prima.com.vn\/product\/ch\u01b0a%20ph\u00e2n%20lo\u1ea1i\/bong-tai-vang-18k-dinh-kim-cuong-prima-gold-bst-mono-chic-hinh-ngoi-sao-may-man-1-chiec-bong-tai-105e1235\/"},"modified":"2025-11-14T15:11:35","modified_gmt":"2025-11-14T08:11:35","slug":"bong-tai-vang-18k-dinh-kim-cuong-prima-gold-bst-mono-chic-hinh-ngoi-sao-may-man-1-chiec-bong-tai-105e1235","status":"publish","type":"product","link":"https:\/\/prima.com.vn\/en\/product\/trang-suc\/metal\/\/bong-tai-vang-18k-dinh-kim-cuong-prima-gold-bst-mono-chic-hinh-ngoi-sao-may-man-1-chiec-bong-tai-105e1235\/","title":{"rendered":"B\u00f4ng Tai V\u00e0ng 18K \u0110\u00ednh Kim C\u01b0\u01a1ng PRIMA GOLD &#8211; MONO CHIC &#8211; H\u00ecnh Ng\u00f4i Sao May M\u1eafn (1 chi\u1ebfc b\u00f4ng tai) &#8211; 105E1235"},"content":{"rendered":"<p>\u0110\u01b0\u1ee3c ch\u1ebf t\u00e1c tinh x\u1ea3o t\u1eeb V\u00e0ng tr\u1eafng 18K, b\u00f4ng tai ng\u00f4i sao may m\u1eafn t\u1eeb BST Mono Chic v\u1edbi c\u1ea3m h\u1ee9ng \u0111\u1ebfn t\u1eeb nh\u1eefng g\u00ec gi\u1ea3n d\u1ecb nh\u1ea5t nh\u01b0ng v\u1eabn l\u1ea1 m\u1eaft v\u00e0 c\u00f3 \u201cch\u1ea5t\u201d ri\u00eang cho n\u00e0ng t\u1ef1 do mix-match. V\u1edbi thi\u1ebft k\u1ebf tr\u1ebb trung, s\u00e0nh \u0111i\u1ec7u, khuy\u00ean tai ng\u00f4i sao ch\u00ednh l\u00e0 l\u1ef1a ch\u1ecdn ho\u00e0n h\u1ea3o cho n\u00e0ng t\u1ef1 do th\u1ec3 hi\u1ec7n c\u00e1 t\u00ednh v\u00e0 t\u1ecfa s\u00e1ng theo c\u00e1ch c\u1ee7a ri\u00eang m\u00ecnh.<\/p>","protected":false},"excerpt":{"rendered":"<p>Mono Chic &#8211; M\u1ed9t ch\u00fat duy\u00ean, c\u1ea3 ng\u00e0y xinh.<br \/>\nMono Chic mang \u0111\u1ebfn n\u00e9t ch\u1ea5m ph\u00e1 tinh ngh\u1ecbch cho phong c\u00e1ch t\u1ed1i gi\u1ea3n, v\u1edbi nh\u1eefng thi\u1ebft k\u1ebf nh\u1ecf xinh \u0111\u01b0\u1ee3c ch\u1ebf t\u00e1c t\u1eeb v\u00e0ng 24K,  18K v\u00e0 9K. T\u1eebng m\u00f3n trang s\u1ee9c \u0111\u01b0\u1ee3c t\u1ea1o n\u00ean \u0111\u1ec3 b\u1ea1n d\u1ec5 d\u00e0ng ph\u1ed1i h\u1ee3p, s\u00e1ng t\u1ea1o v\u00e0 th\u1ec3 hi\u1ec7n phong c\u00e1ch ri\u00eang m\u1ed7i ng\u00e0y.<br \/>\n\u0110\u01a1n gi\u1ea3n &#8211; Nh\u1eb9 nh\u00e0ng &#8211; L\u00e0 ch\u00ednh b\u1ea1n<\/p>","protected":false},"featured_media":6352,"comment_status":"open","ping_status":"closed","template":"","meta":[],"product_cat":[161,183,155,182],"product_tag":[],"class_list":{"0":"post-5923","1":"product","2":"type-product","3":"status-publish","4":"has-post-thumbnail","6":"product_cat-18k-gold","7":"product_cat-hoa-tai","8":"product_cat-kim-cuong","9":"product_cat-monochic","11":"first","12":"instock","13":"shipping-taxable","14":"purchasable","15":"product-type-simple"},"acf":[],"_links":{"self":[{"href":"https:\/\/prima.com.vn\/en\/wp-json\/wp\/v2\/product\/5923","targetHints":{"allow":["GET"]}}],"collection":[{"href":"https:\/\/prima.com.vn\/en\/wp-json\/wp\/v2\/product"}],"about":[{"href":"https:\/\/prima.com.vn\/en\/wp-json\/wp\/v2\/types\/product"}],"replies":[{"embeddable":true,"href":"https:\/\/prima.com.vn\/en\/wp-json\/wp\/v2\/comments?post=5923"}],"version-history":[{"count":3,"href":"https:\/\/prima.com.vn\/en\/wp-json\/wp\/v2\/product\/5923\/revisions"}],"predecessor-version":[{"id":16256,"href":"https:\/\/prima.com.vn\/en\/wp-json\/wp\/v2\/product\/5923\/revisions\/16256"}],"wp:featuredmedia":[{"embeddable":true,"href":"https:\/\/prima.com.vn\/en\/wp-json\/wp\/v2\/media\/6352"}],"wp:attachment":[{"href":"https:\/\/prima.com.vn\/en\/wp-json\/wp\/v2\/media?parent=5923"}],"wp:term":[{"taxonomy":"product_cat","embeddable":true,"href":"https:\/\/prima.com.vn\/en\/wp-json\/wp\/v2\/product_cat?post=5923"},{"taxonomy":"product_tag","embeddable":true,"href":"https:\/\/prima.com.vn\/en\/wp-json\/wp\/v2\/product_tag?post=5923"}],"curies":[{"name":"wp","href":"https:\/\/api.w.org\/{rel}","templated":true}]}}