{"id":15850,"date":"2025-07-08T15:38:53","date_gmt":"2025-07-08T08:38:53","guid":{"rendered":"https:\/\/prima.com.vn\/?post_type=product&#038;p=15850"},"modified":"2026-01-02T14:19:33","modified_gmt":"2026-01-02T07:19:33","slug":"tuong-quan-the-am-bo-tat-prima-art-bieu-tuong-cua-long-tu-bi-tri-tue-va-binh-an-715u0011-01","status":"publish","type":"product","link":"https:\/\/prima.com.vn\/en\/product\/prima-art\/chu-de\/\/tuong-quan-the-am-bo-tat-prima-art-bieu-tuong-cua-long-tu-bi-tri-tue-va-binh-an-715u0011-01\/","title":{"rendered":"T\u01b0\u1ee3ng QUAN TH\u1ebe \u00c2M B\u1ed2 T\u00c1T PRIMA ART \u2013 Bi\u1ec3u T\u01b0\u1ee3ng C\u1ee7a L\u00f2ng T\u1eeb Bi, Tr\u00ed Tu\u1ec7 v\u00e0 B\u00ecnh An-715U0011-01"},"content":{"rendered":"<div class=\"product-detail page-product__detail\">\n<section class=\"I_DV_3\">\n<div class=\"Gf4Ro0\">\n<div class=\"e8lZp3\">\n<p class=\"QN2lPu\">T\u01b0\u1ee3ng QUAN TH\u1ebe \u00c2M B\u1ed2 T\u00c1T PRIMA ART \u2013 Bi\u1ec3u T\u01b0\u1ee3ng C\u1ee7a L\u00f2ng T\u1eeb Bi, Tr\u00ed Tu\u1ec7 v\u00e0 B\u00ecnh An-715U0011-01<\/p>\n<p class=\"QN2lPu\">K\u00edch Th\u01b0\u1edbc: 15x15x7cm<\/p>\n<p class=\"QN2lPu\">\ud83d\udc8cCH\u1ea4T LI\u1ec6U<\/p>\n<p class=\"QN2lPu\">Ch\u1ea5t Li\u1ec7u: T\u01b0\u1ee3ng \u0110\u1ed3ng v\u00e0 T\u1ea5m Ph\u1ee7 V\u00e0ng 24K<\/p>\n<\/div>\n<\/div>\n<\/section>\n<\/div>","protected":false},"excerpt":{"rendered":"<p class=\"QN2lPu\">Quan Th\u1ebf \u00c2m l\u00e0 v\u1ecb B\u1ed3 T\u00e1t c\u1ee7a l\u00f2ng y\u00eau th\u01b0\u01a1ng v\u00e0 l\u00f2ng t\u1eeb bi trong v\u0103n ho\u00e1 \u0110\u1ea1i th\u1eeba, v\u1edbi h\u00ecnh th\u1ebf ban ph\u01b0\u1edbc \u0111\u01b0\u1ee3c kh\u1eafc ho\u1ea1 trong d\u00e1ng \u0111\u1ee9ng tr\u00ean \u0111\u00e0i sen v\u00e0 to\u1ea3 h\u00e0o quang.<\/p>\n<p class=\"QN2lPu\">M\u1ed9t tay c\u1ea7m b\u00ecnh n\u01b0\u1edbc cam l\u1ed9, d\u00f2ng n\u01b0\u1edbc thi\u00eang mang l\u1ea1i s\u1ef1 thanh m\u00e1t, c\u1ee9u kh\u1ed5 c\u1ee9u n\u1ea1n, t\u1ea9y s\u1ea1ch phi\u1ec1n n\u00e3o. Tay c\u00f2n l\u1ea1i k\u1ebft \u1ea5n ban ph\u01b0\u1edbc, bi\u1ec3u tr\u01b0ng cho s\u1ef1 truy\u1ec1n t\u1ea3i tr\u00ed tu\u1ec7, t\u00e2m t\u1eeb bi, \u0111em l\u1ea1i an vui trong m\u1ecdi ho\u00e0n c\u1ea3nh.<\/p>\n<p class=\"QN2lPu\">Xung quanh Ng\u00e0i l\u00e0 v\u1ea7ng h\u00e0o quang t\u1ecfa s\u00e1ng, bi\u1ec3u tr\u01b0ng cho n\u0103ng l\u01b0\u1ee3ng t\u1eeb bi chi\u1ebfu r\u1ecdi kh\u1eafp mu\u00f4n n\u01a1i, gi\u00fap soi s\u00e1ng t\u00e2m tr\u00ed,khai m\u1edf t\u00e2m h\u1ed3n. Ph\u00eda sau Ng\u00e0i l\u00e0 t\u00f2a sen thanh t\u1ecbnh, nh\u1eafc nh\u1edf v\u1ec1 s\u1ef1 v\u01b0\u01a1n l\u00ean t\u1eeb b\u00f9n nh\u01a1 \u0111\u1ec3 \u0111\u1ea1t \u0111\u01b0\u1ee3c t\u00e2m h\u1ed3n trong s\u00e1ng, an l\u1ea1c.<\/p>\n<p class=\"QN2lPu\">T\u00e1c ph\u1ea9m Quan Th\u1ebf \u00c2m B\u1ed3 T\u00e1t \u0111\u01b0\u1ee3c ch\u1ebf t\u00e1c th\u1ee7 c\u00f4ng tinh x\u1ea3o b\u1eb1ng k\u1ef9 thu\u1eadt \u0111i\u00eau kh\u1eafc, t\u1ea1o h\u00ecnh t\u01b0\u1ee3ng \u0111\u1ed3ng; k\u00e8m nh\u00e1nh hoa sen thanh tho\u00e1t v\u00e0 v\u1ea7ng h\u00e0o quang r\u1ef1c r\u1ee1 ph\u1ee7 v\u00e0ng 24K, t\u00f4n vinh v\u1ebb \u0111\u1eb9p linh thi\u00eang v\u00e0 tr\u01b0\u1eddng t\u1ed3n theo th\u1eddi gian. T\u1eebng chi ti\u1ebft \u0111\u01b0\u1ee3c ch\u0103m ch\u00fat t\u1ec9 m\u1ec9 b\u1edfi ngh\u1ec7 nh\u00e2n l\u00e0nh ngh\u1ec1 c\u1ee7a PRIMA, th\u1ec3 hi\u1ec7n t\u00e2m huy\u1ebft, s\u1ef1 tinh x\u1ea3o v\u00e0 l\u00f2ng t\u00f4n k\u00ednh trang nghi\u00eam \u0111\u1ed1i v\u1edbi Ng\u00e0i.<\/p>\n<p class=\"QN2lPu\">V\u1eeba l\u00e0 t\u00e1c ph\u1ea9m t\u00e2m linh cao qu\u00fd, v\u1eeba m\u1ed9t t\u00e1c ph\u1ea9m ngh\u1ec7 thu\u1eadt s\u1eafc s\u1ea3o, t\u00f4n t\u01b0\u1ee3ng Quan Th\u1ebf \u00c2m B\u1ed3 T\u00e1t mang \u0111\u1ebfn ngu\u1ed3n n\u0103ng l\u01b0\u1ee3ng t\u00edch c\u1ef1c, ph\u00f9 tr\u1ee3 b\u00ecnh an, h\u00f2a thu\u1eadn, \u0111em l\u1ea1i ni\u1ec1m tin v\u00e0 hi v\u1ecdng cho m\u1ecdi gia \u0111\u00ecnh.<\/p>","protected":false},"featured_media":15851,"comment_status":"open","ping_status":"closed","template":"","meta":[],"product_cat":[164,346,124,347,262],"product_tag":[],"class_list":{"0":"post-15850","1":"product","2":"type-product","3":"status-publish","4":"has-post-thumbnail","6":"product_cat-bst-moi","7":"product_cat-phat-giao-bo-suu-tap","8":"product_cat-prima-art","9":"product_cat-ton-giao-chu-de","10":"product_cat-tuong-vang","12":"first","13":"instock","14":"shipping-taxable","15":"purchasable","16":"product-type-simple"},"acf":[],"_links":{"self":[{"href":"https:\/\/prima.com.vn\/en\/wp-json\/wp\/v2\/product\/15850","targetHints":{"allow":["GET"]}}],"collection":[{"href":"https:\/\/prima.com.vn\/en\/wp-json\/wp\/v2\/product"}],"about":[{"href":"https:\/\/prima.com.vn\/en\/wp-json\/wp\/v2\/types\/product"}],"replies":[{"embeddable":true,"href":"https:\/\/prima.com.vn\/en\/wp-json\/wp\/v2\/comments?post=15850"}],"version-history":[{"count":3,"href":"https:\/\/prima.com.vn\/en\/wp-json\/wp\/v2\/product\/15850\/revisions"}],"predecessor-version":[{"id":15855,"href":"https:\/\/prima.com.vn\/en\/wp-json\/wp\/v2\/product\/15850\/revisions\/15855"}],"wp:featuredmedia":[{"embeddable":true,"href":"https:\/\/prima.com.vn\/en\/wp-json\/wp\/v2\/media\/15851"}],"wp:attachment":[{"href":"https:\/\/prima.com.vn\/en\/wp-json\/wp\/v2\/media?parent=15850"}],"wp:term":[{"taxonomy":"product_cat","embeddable":true,"href":"https:\/\/prima.com.vn\/en\/wp-json\/wp\/v2\/product_cat?post=15850"},{"taxonomy":"product_tag","embeddable":true,"href":"https:\/\/prima.com.vn\/en\/wp-json\/wp\/v2\/product_tag?post=15850"}],"curies":[{"name":"wp","href":"https:\/\/api.w.org\/{rel}","templated":true}]}}