{"id":15842,"date":"2025-07-08T14:49:36","date_gmt":"2025-07-08T07:49:36","guid":{"rendered":"https:\/\/prima.com.vn\/?post_type=product&#038;p=15842"},"modified":"2026-01-02T14:18:51","modified_gmt":"2026-01-02T07:18:51","slug":"tuong-duc-phat-a-di-da-bieu-tuong-tiep-dan-tu-bi-size-11x11x16cm-715u0001-01","status":"publish","type":"product","link":"https:\/\/prima.com.vn\/en\/product\/prima-art\/chu-de\/\/tuong-duc-phat-a-di-da-bieu-tuong-tiep-dan-tu-bi-size-11x11x16cm-715u0001-01\/","title":{"rendered":"T\u01af\u1ee2NG \u0110\u1ee8C PH\u1eacT A \u0110I D\u00c0 PRIMA ART- BI\u1ec2U T\u01af\u1ee2NG TI\u1ebeP D\u1eaaN T\u1eea BI- size 11x11x16cm -715U0001-01"},"content":{"rendered":"<div class=\"product-detail page-product__detail\">\n<section class=\"I_DV_3\">\n<div class=\"Gf4Ro0\">\n<div class=\"e8lZp3\">\n<p class=\"QN2lPu\">T\u01af\u1ee2NG \u0110\u1ee8C PH\u1eacT A \u0110I D\u00c0 &#8211; BI\u1ec2U T\u01af\u1ee2NG TI\u1ebeP D\u1eaaN T\u1eea BI-715U0001-01<\/p>\n<p class=\"QN2lPu\">K\u00edch Th\u01b0\u1edbc: 11x11x16cm<\/p>\n<p class=\"QN2lPu\">\ud83d\udc8cCH\u1ea4T LI\u1ec6U &amp; C\u00c1CH S\u1eec D\u1ee4NG<\/p>\n<p class=\"QN2lPu\">Ch\u1ea5t Li\u1ec7u: T\u01b0\u1ee3ng \u0110\u1ed3ng v\u00e0 T\u1ea5m Ph\u1ee7 V\u00e0ng 24K<\/p>\n<\/div>\n<\/div>\n<\/section>\n<\/div>","protected":false},"excerpt":{"rendered":"<p class=\"QN2lPu\">H\u00ecnh t\u01b0\u1ee3ng \u0110\u1ee9c Ph\u1eadt A Di \u0110\u00e0 \u0111\u1ee9ng tr\u00ean t\u00f2a sen thanh t\u1ecbnh, d\u01b0\u1edbi b\u00f3ng l\u00e1 b\u1ed3 \u0111\u1ec1 thi\u00eang li\u00eang.<\/p>\n<p class=\"QN2lPu\">Tay ph\u1ea3i gi\u01a1 l\u00ean k\u1ebft \u1ea5n v\u00f4 \u00fay, ban n\u0103ng l\u01b0\u1ee3ng an l\u00e0nh, gi\u00fap v\u01b0\u1ee3t qua s\u1ee3 h\u00e3i, kh\u1ed5 \u0111au; trong khi \u0111\u00f3 tay tr\u00e1i h\u1ea1 xu\u1ed1ng dang r\u1ed9ng l\u00f2ng t\u1eeb bi, ti\u1ebfp d\u1eabn ch\u00fang sinh v\u1ec1 c\u00f5i T\u00e2y Ph\u01b0\u01a1ng C\u1ef1c L\u1ea1c.<\/p>\n<p class=\"QN2lPu\">T\u00f2a sen l\u00e0 bi\u1ec3u t\u01b0\u1ee3ng cho s\u1ef1 tinh khi\u1ebft gi\u1eefa tr\u1ea7n th\u1ebf. D\u00f9 m\u1ecdc t\u1eeb b\u00f9n l\u1ea7y, hoa sen v\u1eabn t\u1ecfa h\u01b0\u01a1ng thanh cao \u2013 c\u0169ng nh\u01b0 con ng\u01b0\u1eddi, c\u00f3 th\u1ec3 v\u01b0\u01a1n l\u00ean s\u1ed1ng thi\u1ec7n l\u00e0nh gi\u1eefa mu\u00f4n v\u00e0n th\u1eed th\u00e1ch.<\/p>\n<p class=\"QN2lPu\">L\u00e1 b\u1ed3 \u0111\u1ec1, n\u01a1i \u0110\u1ee9c Ph\u1eadt gi\u00e1c ng\u1ed9, t\u01b0\u1ee3ng tr\u01b0ng cho tr\u00ed tu\u1ec7 v\u00e0 s\u1ef1 t\u1ec9nh th\u1ee9c \u2013 nh\u01b0 l\u1eddi nh\u1eafc nh\u1edf nh\u1eb9 nh\u00e0ng: H\u00e3y quay v\u1ec1 v\u1edbi n\u1ed9i t\u00e2m, \u0111\u1ec3 t\u00ecm th\u1ea5y an l\u1ea1c \u0111\u00edch th\u1ef1c.<\/p>\n<p class=\"QN2lPu\">T\u00e1c ph\u1ea9m \u0110\u1ee9c Ph\u1eadt A Di \u0110\u00e0 \u0111\u01b0\u1ee3c ch\u1ebf t\u00e1c th\u1ee7 c\u00f4ng tinh x\u1ea3o b\u1eb1ng k\u1ef9 thu\u1eadt \u0111i\u00eau kh\u1eafc, t\u1ea1o h\u00ecnh t\u01b0\u1ee3ng \u0111\u1ed3ng; k\u00e8m nh\u00e1nh b\u1ed3 \u0111\u1ec1 thanh tho\u00e1t \u0111\u01b0\u1ee3c ph\u1ee7 v\u00e0ng 24K. M\u1ed7i \u0111\u01b0\u1eddng n\u00e9t \u0111\u01b0\u1ee3c ch\u1ea1m kh\u1eafc b\u1edfi ngh\u1ec7 nh\u00e2n l\u00e0nh ngh\u1ec1 c\u1ee7a PRIMA, th\u1ec3 hi\u1ec7n t\u00e2m huy\u1ebft, s\u1ef1 tinh x\u1ea3o v\u00e0 l\u00f2ng t\u00f4n k\u00ednh s\u00e2u s\u1eafc \u0111\u1ed1i v\u1edbi \u0110\u1ee9c Ph\u1eadt.<\/p>\n<p class=\"QN2lPu\">Kh\u00f4ng ch\u1ec9 l\u00e0 m\u1ed9t b\u1ee9c t\u01b0\u1ee3ng trang nghi\u00eam, \u0111\u00e2y l\u00e0 m\u1ed9t t\u00e1c ph\u1ea9m ngh\u1ec7 thu\u1eadt t\u00f4n gi\u00e1o s\u1ed1ng \u0111\u1ed9ng, mang \u0111\u1ebfn s\u1ef1 b\u00ecnh an, hi v\u1ecdng v\u00e0 thanh t\u1ecbnh cho kh\u00f4ng gian s\u1ed1ng, thi\u1ec1n th\u1ea5t hay ph\u00f2ng th\u1edd gia \u0111\u00ecnh.<\/p>\n<div class=\"wp-playlist wp-video-playlist wp-playlist-light\">\n\t\t<video controls=\"controls\" preload=\"none\" width=\"640\"\n\t\t height=\"360\"\t><\/video><\/p>\n<div class=\"wp-playlist-next\"><\/div>\n<div class=\"wp-playlist-prev\"><\/div>\n<p>\t<noscript><\/p>\n<ol>\n<li><a href='https:\/\/prima.com.vn\/wp-content\/uploads\/2025\/07\/FDownloader.Net_AQNdomBhQVRRAqL2rlm1FHhNP2sSqPqQli6r4ZxjTnBWup0QoqGxOwIyGF56SyqCuFvFRK_3Hpo6Sn24BMkD6fuv_720p_HD.mp4'>T\u01af\u1ee2NG \u0110\u1ee8C PH\u1eacT A \u0110I D\u00c0<\/a><\/li>\n<\/ol>\n<p>\t<\/noscript><br \/>\n\t<script type=\"application\/json\" class=\"wp-playlist-script\">{\"type\":\"video\",\"tracklist\":true,\"tracknumbers\":true,\"images\":true,\"artists\":true,\"tracks\":[{\"src\":\"https:\/\/prima.com.vn\/wp-content\/uploads\/2025\/07\/FDownloader.Net_AQNdomBhQVRRAqL2rlm1FHhNP2sSqPqQli6r4ZxjTnBWup0QoqGxOwIyGF56SyqCuFvFRK_3Hpo6Sn24BMkD6fuv_720p_HD.mp4\",\"type\":\"video\/mp4\",\"title\":\"T\\u01af\\u1ee2NG \\u0110\\u1ee8C PH\\u1eacT A \\u0110I D\\u00c0\",\"caption\":\"\",\"description\":\"\",\"meta\":{\"length_formatted\":\"0:27\"},\"dimensions\":{\"original\":{\"width\":1280,\"height\":720},\"resized\":{\"width\":640,\"height\":360}},\"image\":{\"src\":\"https:\/\/prima.com.vn\/wp-includes\/images\/media\/video.svg\",\"width\":48,\"height\":64},\"thumb\":{\"src\":\"https:\/\/prima.com.vn\/wp-includes\/images\/media\/video.svg\",\"width\":48,\"height\":64}}]}<\/script>\n<\/div>","protected":false},"featured_media":15848,"comment_status":"open","ping_status":"closed","template":"","meta":[],"product_cat":[164,346,124,347,262],"product_tag":[],"class_list":{"0":"post-15842","1":"product","2":"type-product","3":"status-publish","4":"has-post-thumbnail","6":"product_cat-bst-moi","7":"product_cat-phat-giao-bo-suu-tap","8":"product_cat-prima-art","9":"product_cat-ton-giao-chu-de","10":"product_cat-tuong-vang","12":"first","13":"instock","14":"shipping-taxable","15":"purchasable","16":"product-type-simple"},"acf":[],"_links":{"self":[{"href":"https:\/\/prima.com.vn\/en\/wp-json\/wp\/v2\/product\/15842","targetHints":{"allow":["GET"]}}],"collection":[{"href":"https:\/\/prima.com.vn\/en\/wp-json\/wp\/v2\/product"}],"about":[{"href":"https:\/\/prima.com.vn\/en\/wp-json\/wp\/v2\/types\/product"}],"replies":[{"embeddable":true,"href":"https:\/\/prima.com.vn\/en\/wp-json\/wp\/v2\/comments?post=15842"}],"version-history":[{"count":2,"href":"https:\/\/prima.com.vn\/en\/wp-json\/wp\/v2\/product\/15842\/revisions"}],"predecessor-version":[{"id":15849,"href":"https:\/\/prima.com.vn\/en\/wp-json\/wp\/v2\/product\/15842\/revisions\/15849"}],"wp:featuredmedia":[{"embeddable":true,"href":"https:\/\/prima.com.vn\/en\/wp-json\/wp\/v2\/media\/15848"}],"wp:attachment":[{"href":"https:\/\/prima.com.vn\/en\/wp-json\/wp\/v2\/media?parent=15842"}],"wp:term":[{"taxonomy":"product_cat","embeddable":true,"href":"https:\/\/prima.com.vn\/en\/wp-json\/wp\/v2\/product_cat?post=15842"},{"taxonomy":"product_tag","embeddable":true,"href":"https:\/\/prima.com.vn\/en\/wp-json\/wp\/v2\/product_tag?post=15842"}],"curies":[{"name":"wp","href":"https:\/\/api.w.org\/{rel}","templated":true}]}}