{"id":14757,"date":"2025-04-17T15:54:59","date_gmt":"2025-04-17T08:54:59","guid":{"rendered":"https:\/\/prima.com.vn\/?post_type=product&#038;p=14757"},"modified":"2025-11-14T15:13:29","modified_gmt":"2025-11-14T08:13:29","slug":"prima-bong-tai-vang-9k-ket-hop-kim-cuong-dline-collection-dang-vuong-991e1723","status":"publish","type":"product","link":"https:\/\/prima.com.vn\/en\/product\/trang-suc\/metal\/\/prima-bong-tai-vang-9k-ket-hop-kim-cuong-dline-collection-dang-vuong-991e1723\/","title":{"rendered":"PRIMA B\u00f4ng tai V\u00e0ng 9K k\u1ebft h\u1ee3p Kim C\u01b0\u01a1ng &#8211; Dline Collection &#8211; D\u00e1ng Vu\u00f4ng &#8211; 991E1723"},"content":{"rendered":"<p class=\"QN2lPu\">Dline Collection \u0111\u01b0\u1ee3c PRIMA l\u1ea5y c\u1ea3m h\u1ee9ng t\u1eeb v\u1ebb \u0111\u1eb9p t\u1ef1 tin c\u1ee7a ng\u01b0\u1eddi ph\u1ee5 n\u1eef hi\u1ec7n \u0111\u1ea1i, lu\u00f4n to\u1ea3 s\u00e1ng theo m\u1ed9t c\u00e1ch \u0111\u1ed9c b\u1ea3n b\u1eb1ng nh\u1eefng th\u1ebft k\u1ebf \u0111\u01b0\u1ee3c<\/p>\n<p class=\"QN2lPu\">bi\u1ebfn t\u1ea5u tinh t\u1ebf, \u0111an xen c\u00f9ng nh\u1eefng ho\u1ea1 ti\u1ebft mang phong c\u00e1ch hi\u1ec7n \u0111\u1ea1i.<\/p>\n<p class=\"QN2lPu\">BST \u0111\u01b0\u1ee3c ch\u1ebf t\u00e1c t\u1eeb v\u00e0ng 9K k\u1ebft h\u1ee3p c\u00f9ng kim c\u01b0\u01a1ng l\u1ea5p l\u00e1nh v\u00e0 sang tr\u1ecdng. BST \u0111\u01b0\u1ee3c nh\u1eefng ngh\u1ec7 nh\u00e2n PRIMA ch\u00fa tr\u1ecdng v\u00e0o k\u0129 thu\u1eadt \u0111\u00ednh k\u1ebft kim c\u01b0\u01a1ng t\u1ec9 m\u1ec9 \u0111\u01b0\u1ee3c k\u1ebft n\u1ed1i v\u1edbi nhau t\u1ea1o n\u00ean m\u1ed9t b\u1ea3n Dline \u1ea5n t\u01b0\u1ee3ng v\u00e0 l\u1ea5p l\u00e1nh tr\u00ean g\u01b0\u01a1ng m\u1eb7t c\u00f9ng \u0111\u00f4i b\u00e0n tay ng\u1ecdc ng\u00e0 c\u1ee7a qu\u00fd c\u00f4. K\u1ebft h\u1ee3p<\/p>\n<p class=\"QN2lPu\">Dline c\u00f9ng m\u1ecdi ki\u1ec3u trang ph\u1ee5c t\u1eeb nh\u1eb9 nh\u00e0ng thanh l\u1ecbch cho \u0111\u1ebfn c\u00e1 t\u00ednh, sang tr\u1ecdng \u0111\u1ec1u gi\u00fap qu\u00fd c\u00f4 n\u00e2ng t\u1ea7m t\u1ef1 tin, g\u00e2y \u1ea5n t\u01b0\u1ee3ng theo m\u1ed9t c\u00e1ch \u0111\u1ed9c b\u1ea3n v\u00e0 thu h\u00fat.<\/p>\n<p class=\"QN2lPu\">TH\u00d4NG TIN S\u1ea2N PH\u1ea8M<\/p>\n<p class=\"QN2lPu\">PRIMA B\u00f4ng tai V\u00e0ng 9K k\u1ebft h\u1ee3p Kim C\u01b0\u01a1ng &#8211; Dline Collection &#8211; D\u00e1ng Vu\u00f4ng &#8211; 991E1723<\/p>\n<div class=\"QN2lPu\">\n<div><picture class=\"UkIsx8\"><source class=\"UkIsx8\" srcset=\"https:\/\/down-vn.img.susercontent.com\/file\/vn-11134208-7ra0g-m8ob8lxmrpf2a5@resize_w875_nl.webp 1x, https:\/\/down-vn.img.susercontent.com\/file\/vn-11134208-7ra0g-m8ob8lxmrpf2a5@resize_w1750_nl.webp 2x\" type=\"image\/webp\" \/><img fetchpriority=\"high\" decoding=\"async\" class=\"uXN1L5 lazyload GqYslU\" src=\"https:\/\/down-vn.img.susercontent.com\/file\/vn-11134208-7ra0g-m8ob8lxmrpf2a5\" srcset=\"https:\/\/down-vn.img.susercontent.com\/file\/vn-11134208-7ra0g-m8ob8lxmrpf2a5@resize_w875_nl 1x, https:\/\/down-vn.img.susercontent.com\/file\/vn-11134208-7ra0g-m8ob8lxmrpf2a5@resize_w1750_nl 2x\" width=\"1041\" height=\"521\" \/><\/picture><\/div>\n<\/div>\n<p class=\"QN2lPu\">\ud83d\udc8c CH\u1ea4T LI\u1ec6U &amp; C\u00c1CH S\u1eec D\u1ee4NG<\/p>\n<p class=\"QN2lPu\">&#8211; Ch\u1ea5t li\u1ec7u: V\u00e0ng 9K<\/p>\n<p class=\"QN2lPu\">&#8211; Tr\u1ecdng l\u01b0\u1ee3ng kho\u1ea3ng 2.29 gram<\/p>\n<p class=\"QN2lPu\">\ud83d\udc8cCH\u00cdNH S\u00c1CH B\u1ea2O H\u00c0NH:<\/p>\n<p class=\"QN2lPu\">&#8211; B\u1ea3o h\u00e0nh mi\u1ec5n ph\u00ed l\u1ed7i k\u1ef9 thu\u1eadt<\/p>\n<p class=\"QN2lPu\">&#8211; B\u1ea3o h\u00e0nh \u0111\u00e1nh b\u00f3ng, l\u00e0m m\u1edbi mi\u1ec5n ph\u00ed tr\u1ecdn \u0111\u1eddi.<\/p>\n<p class=\"QN2lPu\">&#8211; \u0110\u1ed1i v\u1edbi S\u1ea3n ph\u1ea9m b\u1ecb oxy h\u00f3a, xu\u1ed1ng m\u00e0u, s\u1ebd \u0111\u01b0\u1ee3c l\u00e0m b\u00f3ng, l\u00e0m s\u1ea1ch b\u1eb1ng m\u00e1y chuy\u00ean d\u1ee5ng mi\u1ec5n ph\u00ed tr\u1ecdn \u0111\u1eddi t\u1ea1i c\u1eeda h\u00e0ng.<\/p>\n<p class=\"QN2lPu\">\ud83d\udeabKh\u00f4ng \u00e1p d\u1ee5ng b\u1ea3o h\u00e0nh cho c\u00e1c tr\u01b0\u1eddng h\u1ee3p sau:<\/p>\n<p class=\"QN2lPu\">\u274c Kh\u00e1ch h\u00e0ng cung c\u1ea5p th\u00f4ng tin truy l\u1ee5c h\u00f3a \u0111\u01a1n kh\u00f4ng ch\u00ednh x\u00e1c.<\/p>\n<p class=\"QN2lPu\">\u274cCh\u1ebf \u0111\u1ed9 b\u1ea3o h\u00e0nh c\u00f3 th\u1ec3 thay \u0111\u1ed5i theo ch\u00ednh s\u00e1ch Prima t\u1ea1i t\u1eebng th\u1eddi \u0111i\u1ec3m.<\/p>\n<p class=\"QN2lPu\">\ud83d\udc8cCH\u00cdNH S\u00c1CH TH\u00c2U \u0110\u1ed4I<\/p>\n<p class=\"QN2lPu\">&#8211; Th\u00e2u l\u1ea1i: Kh\u00f4ng \u00e1p d\u1ee5ng<\/p>\n<p class=\"QN2lPu\">&#8211; \u0110\u1ed5i h\u00e0ng: 50% gi\u00e1 tr\u1ecb tr\u00ean H\u00f3a \u0111\u01a1n trong v\u00f2ng 1 n\u0103m<\/p>","protected":false},"excerpt":{"rendered":"<p class=\"QN2lPu\">Dline Collection \u0111\u01b0\u1ee3c PRIMA l\u1ea5y c\u1ea3m h\u1ee9ng t\u1eeb v\u1ebb \u0111\u1eb9p t\u1ef1 tin c\u1ee7a ng\u01b0\u1eddi ph\u1ee5 n\u1eef hi\u1ec7n \u0111\u1ea1i, lu\u00f4n to\u1ea3 s\u00e1ng theo m\u1ed9t c\u00e1ch \u0111\u1ed9c b\u1ea3n b\u1eb1ng nh\u1eefng th\u1ebft k\u1ebf \u0111\u01b0\u1ee3c<\/p>\n<p class=\"QN2lPu\">bi\u1ebfn t\u1ea5u tinh t\u1ebf, \u0111an xen c\u00f9ng nh\u1eefng ho\u1ea1 ti\u1ebft mang phong c\u00e1ch hi\u1ec7n \u0111\u1ea1i.<\/p>\n<p class=\"QN2lPu\">BST \u0111\u01b0\u1ee3c ch\u1ebf t\u00e1c t\u1eeb v\u00e0ng 9K k\u1ebft h\u1ee3p c\u00f9ng kim c\u01b0\u01a1ng l\u1ea5p l\u00e1nh v\u00e0 sang tr\u1ecdng. BST \u0111\u01b0\u1ee3c nh\u1eefng ngh\u1ec7 nh\u00e2n PRIMA ch\u00fa tr\u1ecdng v\u00e0o k\u0129 thu\u1eadt \u0111\u00ednh k\u1ebft kim c\u01b0\u01a1ng t\u1ec9 m\u1ec9 \u0111\u01b0\u1ee3c k\u1ebft n\u1ed1i v\u1edbi nhau t\u1ea1o n\u00ean m\u1ed9t b\u1ea3n Dline \u1ea5n t\u01b0\u1ee3ng v\u00e0 l\u1ea5p l\u00e1nh tr\u00ean g\u01b0\u01a1ng m\u1eb7t c\u00f9ng \u0111\u00f4i b\u00e0n tay ng\u1ecdc ng\u00e0 c\u1ee7a qu\u00fd c\u00f4. K\u1ebft h\u1ee3p<\/p>\n<p class=\"QN2lPu\">Dline c\u00f9ng m\u1ecdi ki\u1ec3u trang ph\u1ee5c t\u1eeb nh\u1eb9 nh\u00e0ng thanh l\u1ecbch cho \u0111\u1ebfn c\u00e1 t\u00ednh, sang tr\u1ecdng \u0111\u1ec1u gi\u00fap qu\u00fd c\u00f4 n\u00e2ng t\u1ea7m t\u1ef1 tin, g\u00e2y \u1ea5n t\u01b0\u1ee3ng theo m\u1ed9t c\u00e1ch \u0111\u1ed9c b\u1ea3n v\u00e0 thu h\u00fat.<\/p>","protected":false},"featured_media":14751,"comment_status":"open","ping_status":"closed","template":"","meta":[],"product_cat":[163,164,135],"product_tag":[],"class_list":{"0":"post-14757","1":"product","2":"type-product","3":"status-publish","4":"has-post-thumbnail","6":"product_cat-9k-gold","7":"product_cat-bst-moi","8":"product_cat-trang-suc","10":"first","11":"instock","12":"shipping-taxable","13":"purchasable","14":"product-type-simple"},"acf":[],"_links":{"self":[{"href":"https:\/\/prima.com.vn\/en\/wp-json\/wp\/v2\/product\/14757","targetHints":{"allow":["GET"]}}],"collection":[{"href":"https:\/\/prima.com.vn\/en\/wp-json\/wp\/v2\/product"}],"about":[{"href":"https:\/\/prima.com.vn\/en\/wp-json\/wp\/v2\/types\/product"}],"replies":[{"embeddable":true,"href":"https:\/\/prima.com.vn\/en\/wp-json\/wp\/v2\/comments?post=14757"}],"version-history":[{"count":5,"href":"https:\/\/prima.com.vn\/en\/wp-json\/wp\/v2\/product\/14757\/revisions"}],"predecessor-version":[{"id":16583,"href":"https:\/\/prima.com.vn\/en\/wp-json\/wp\/v2\/product\/14757\/revisions\/16583"}],"wp:featuredmedia":[{"embeddable":true,"href":"https:\/\/prima.com.vn\/en\/wp-json\/wp\/v2\/media\/14751"}],"wp:attachment":[{"href":"https:\/\/prima.com.vn\/en\/wp-json\/wp\/v2\/media?parent=14757"}],"wp:term":[{"taxonomy":"product_cat","embeddable":true,"href":"https:\/\/prima.com.vn\/en\/wp-json\/wp\/v2\/product_cat?post=14757"},{"taxonomy":"product_tag","embeddable":true,"href":"https:\/\/prima.com.vn\/en\/wp-json\/wp\/v2\/product_tag?post=14757"}],"curies":[{"name":"wp","href":"https:\/\/api.w.org\/{rel}","templated":true}]}}