{"id":14737,"date":"2025-04-16T17:47:58","date_gmt":"2025-04-16T10:47:58","guid":{"rendered":"https:\/\/prima.com.vn\/?post_type=product&#038;p=14737"},"modified":"2026-01-02T14:17:55","modified_gmt":"2026-01-02T07:17:55","slug":"tranh-my-nghe-phu-vang-24k-prima-art-thuan-buom-xuoi-gio-kich-thuoc-18x20-cm-mgs-0015-14","status":"publish","type":"product","link":"https:\/\/prima.com.vn\/en\/product\/prima-art\/metal-prima-art\/\/tranh-my-nghe-phu-vang-24k-prima-art-thuan-buom-xuoi-gio-kich-thuoc-18x20-cm-mgs-0015-14\/","title":{"rendered":"Tranh treo t\u01b0\u1eddng M\u1ef9 Ngh\u1ec7 Ph\u1ee7 V\u00e0ng 24K PRIMA ART &#8211; Glory &#038; Luck- MGS-0015-14"},"content":{"rendered":"<p class=\"QN2lPu\">L\u1ea5y c\u1ea3m h\u1ee9ng t\u1eeb nh\u1eefng bi\u1ec3u t\u01b0\u1ee3ng may m\u1eafn v\u00e0 t\u00e0i l\u1ed9c, Glory &amp; Luck \u0111\u01b0\u1ee3c nh\u1eefng ngh\u1ec7 nh\u00e2n PRIMA k\u1ebft h\u1ee3p ho\u00e0n h\u1ea3o gi\u1eefa ch\u1ea5t li\u1ec7u v\u00e0ng 24K qu\u00fd gi\u00e1 c\u00f9ng nh\u1eefng vi\u00ean Pha L\u00ea tuy\u1ec7t \u0111\u1eb9p \u0111\u01b0\u1ee3c \u0111i\u1ec3m xuy\u1ebfn tinh t\u1ebf, t\u1ea1o n\u00ean m\u1ed9t b\u1ea3n thi\u1ebft k\u1ebf mang phong c\u00e1ch c\u1ed5 \u0111i\u1ec3n \u0111\u1ea7y \u1ea5n t\u01b0\u1ee3ng v\u00e0 sang tr\u1ecdng.<\/p>\n<p class=\"QN2lPu\">Trong phong thu\u1ef7, \u0111\u00e1 Pha L\u00ea c\u00f2n l\u00e0 bi\u1ec3u t\u01b0\u1ee3ng c\u1ee7a h\u1ea1nh ph\u00fac, vi\u00ean m\u00e3n, thu h\u00fat d\u01b0\u01a1ng kh\u00ed v\u00e0 may m\u1eafn cho qu\u00fd gia ch\u1ee7. B\u00e0y tr\u00ed tranh Glory &amp; Luck trong nh\u00e0 hay v\u0103n ph\u00f2ng kh\u00f4ng ch\u1ec9 gi\u00fap kh\u00f4ng gian th\u00eam ph\u1ea7n sang tr\u1ecdng v\u00e0 \u0111\u1eb3ng c\u1ea5p m\u00e0 c\u00f2n gi\u00fap thu h\u00fat v\u01b0\u1ee3ng kh\u00ed, may m\u1eafn v\u00e0 t\u00e0i l\u1ed9c, gi\u00fap gia ch\u1ee7 thu\u1eadn \u0111\u00e0 th\u00e0nh c\u00f4ng<\/p>\n<p class=\"QN2lPu\">\ud83d\udc8cCH\u1ea4T LI\u1ec6U &amp; C\u00c1CH S\u1eec D\u1ee4NG<\/p>\n<p class=\"QN2lPu\">Ch\u1ea5t li\u1ec7u: Tranh Ph\u1ee7 V\u00e0ng 24K<\/p>\n<p class=\"QN2lPu\">\ud83d\udc8cCH\u00cdNH S\u00c1CH B\u1ea2O H\u00c0NH<\/p>\n<p class=\"QN2lPu\">\u0110\u00e2y l\u00e0 s\u1ea3n ph\u1ea9m s\u00e1ng t\u1ea1o ch\u1ea5t l\u01b0\u1ee3ng cao c\u1ee7a th\u01b0\u01a1ng hi\u1ec7u PRIMA ART, \u0111\u01b0\u1ee3c thi\u1ebft k\u1ebf v\u00e0 ch\u1ebf t\u1ea1o quy tr\u00ecnh nghi\u00eam ng\u1eb7t c\u1ee7a Cty TNHH Pranda Vi\u1ec7t Nam, th\u00e0nh vi\u00ean c\u1ee7a T\u1eadp \u0111o\u00e0n Pranda, Th\u00e1i Lan. M\u1ed7i s\u1ea3n ph\u1ea9m PRIMA t\u00e1c ph\u1ea9m ngh\u1ec7 thu\u1eadt th\u1ee7 c\u00f4ng s\u1eed d\u1ee5ng v\u00e0ng 24K, ch\u1ebf t\u00e1c b\u1edfi c\u00e1c th\u1ee3 kim ho\u00e0n c\u00f3 tay ngh\u1ec1 cao v\u1edbi k\u1ef9 thu\u1eadt hi\u1ec7n \u0111\u1ea1i.<\/p>\n<div class=\"QN2lPu\">\n<div><picture class=\"UkIsx8\"><source class=\"UkIsx8\" srcset=\"https:\/\/down-vn.img.susercontent.com\/file\/vn-11134208-7ra0g-m8n399y9cay69c@resize_w875_nl.webp 1x, https:\/\/down-vn.img.susercontent.com\/file\/vn-11134208-7ra0g-m8n399y9cay69c@resize_w1750_nl.webp 2x\" type=\"image\/webp\" \/><img fetchpriority=\"high\" decoding=\"async\" class=\"uXN1L5 lazyload GqYslU\" src=\"https:\/\/down-vn.img.susercontent.com\/file\/vn-11134208-7ra0g-m8n399y9cay69c\" srcset=\"https:\/\/down-vn.img.susercontent.com\/file\/vn-11134208-7ra0g-m8n399y9cay69c@resize_w875_nl 1x, https:\/\/down-vn.img.susercontent.com\/file\/vn-11134208-7ra0g-m8n399y9cay69c@resize_w1750_nl 2x\" width=\"875\" height=\"438\" \/><\/picture><\/div>\n<\/div>\n<p class=\"QN2lPu\">\ud83d\udc8cQuy \u0111\u1ecbnh v\u00e0 \u0111i\u1ec1u ki\u1ec7n:<\/p>\n<p class=\"QN2lPu\">Th\u1eddi h\u1ea1n b\u1ea3o h\u00e0nh 02 n\u0103m k\u1ec3 t\u1eeb ng\u00e0y mua ghi tr\u00ean phi\u1ebfu\/th\u1ebb b\u1ea3o h\u00e0nh.<\/p>\n<p class=\"QN2lPu\">\u2714\ufe0fS\u1ea3n ph\u1ea9m \u0111\u01b0\u1ee3c b\u1ea3o h\u00e0nh trong c\u00e1c tr\u01b0\u1eddng h\u1ee3p sau:<\/p>\n<p class=\"QN2lPu\">&#8211; L\u1ed7i k\u1ef9 thu\u1eadt s\u1ea3n ph\u1ea9m ph\u00e1t sinh trong qu\u00e1 tr\u00ecnh s\u1ea3n xu\u1ea5t, \u0111\u01b0\u1ee3c ki\u1ec3m tra b\u1edfi Cty TNHH Pranda Vi\u1ec7t Nam.<\/p>\n<p class=\"QN2lPu\">&#8211; Th\u1eddi gian b\u1ea3o h\u00e0nh c\u00f2n hi\u1ec7u l\u1ef1c. Phi\u1ebfu\/th\u1ebb b\u1ea3o h\u00e0nh c\u00f2n nguy\u00ean v\u00e0 \u0111\u1ea7y \u0111\u1ee7 th\u00f4ng tin s\u1ea3n ph\u1ea9m.<\/p>\n<p class=\"QN2lPu\">\ud83d\udc8cS\u1ea3n ph\u1ea9m kh\u00f4ng \u0111\u01b0\u1ee3c b\u1ea3o h\u00e0nh trong c\u00e1c tr\u01b0\u1eddng h\u1ee3p sau:<\/p>\n<p class=\"QN2lPu\">&#8211; H\u01b0 h\u1ea1i do (i) s\u1eed d\u1ee5ng \/ v\u1eadn chuy\u1ec3n kh\u00f4ng \u0111\u00fang c\u00e1ch, sai m\u1ee5c \u0111\u00edch, t\u1ef1 \u00fd thay \u0111\u1ed5i \/ s\u1eeda ch\u1eefa c\u00e1c linh ki\u1ec7n v.v\u2026v\u00e0 s\u1ea3n ph\u1ea9m kh\u00f4ng c\u00f2n nguy\u00ean tr\u1ea1ng nh\u01b0 s\u1ea3n ph\u1ea9m ban \u0111\u1ea7u, (ii) b\u1ea5t kh\u1ea3 kh\u00e1ng (kh\u00ed h\u1eadu, chi\u1ebfn tranh, v.v).<\/p>\n<p class=\"QN2lPu\">&#8211; Kh\u00e1ch h\u00e0ng c\u00f3 th\u1ec3 ph\u1ea3i tr\u1ea3 ph\u00ed b\u1ea3o h\u00e0nh ho\u1eb7c s\u1eeda ch\u1eefa.<\/p>\n<p class=\"QN2lPu\">&#8211; Th\u1eddi gian b\u1ea3o h\u00e0nh ho\u1eb7c s\u1eeda ch\u1eefa t\u1eeb 10 ng\u00e0y t\u1ea1i H\u1ed3 Ch\u00ed Minh v\u00e0 t\u1eeb 14 ng\u00e0y t\u1ea1i H\u00e0 N\u1ed9i. C\u00e1c tr\u01b0\u1eddng h\u1ee3p s\u1ea3n ph\u1ea9m b\u1ecb h\u01b0 h\u1ecfng n\u1eb7ng \u0111\u01b0\u1ee3c quy\u1ebft \u0111\u1ecbnh b\u1edfi Cty TNHH Pranda Vi\u1ec7t Nam, th\u1eddi gian s\u1ebd m\u1ea5t kho\u1ea3ng t\u1eeb 25 \u0111\u1ebfn 30 ng\u00e0y t\u00f9y tr\u01b0\u1eddng h\u1ee3p.<\/p>\n<p class=\"QN2lPu\">\u2714\ufe0fCH\u00cdNH S\u00c1CH TH\u00c2U \u0110\u1ed4I<\/p>\n<p class=\"QN2lPu\">PRIMA Vi\u1ec7t Nam KH\u00d4NG NH\u1eacN TH\u00c2U \u0110\u1ed4I \u0110\u1ed0I V\u1edaI S\u1ea2N PH\u1ea8M TRANH &amp; QU\u00c0 T\u1eb6NG V\u00c0NG<\/p>\n<p class=\"QN2lPu\">*L\u01afU \u00dd: GI\u00c1 S\u1ea2N PH\u1ea8M CH\u01afA BAO G\u1ed2M PH\u00cd V\u1eacN CHUY\u1ec2N<\/p>\n<p>Exquisite handcrafted gold-coated artwork:<\/p>\n<p>\u2022PRIMA ART is crafted using a unique technique: Pure 24K gold is processed into fine particles and carefully coated onto a special base material. Skilled artisans then meticulously cut, carve, and assemble each detail by hand, creating vivid, dimensional, and highly valuable works of art. <\/p>","protected":false},"excerpt":{"rendered":"<p class=\"QN2lPu\">L\u1ea5y c\u1ea3m h\u1ee9ng t\u1eeb nh\u1eefng bi\u1ec3u t\u01b0\u1ee3ng may m\u1eafn v\u00e0 t\u00e0i l\u1ed9c, Glory &amp; Luck \u0111\u01b0\u1ee3c nh\u1eefng ngh\u1ec7 nh\u00e2n PRIMA k\u1ebft h\u1ee3p ho\u00e0n h\u1ea3o gi\u1eefa ch\u1ea5t li\u1ec7u v\u00e0ng 24K qu\u00fd gi\u00e1 c\u00f9ng nh\u1eefng vi\u00ean Pha L\u00ea tuy\u1ec7t \u0111\u1eb9p \u0111\u01b0\u1ee3c \u0111i\u1ec3m xuy\u1ebfn tinh t\u1ebf, t\u1ea1o n\u00ean m\u1ed9t b\u1ea3n thi\u1ebft k\u1ebf mang phong c\u00e1ch c\u1ed5 \u0111i\u1ec3n \u0111\u1ea7y \u1ea5n t\u01b0\u1ee3ng v\u00e0 sang tr\u1ecdng.<\/p>\n<p class=\"QN2lPu\">Trong phong thu\u1ef7, \u0111\u00e1 Pha L\u00ea c\u00f2n l\u00e0 bi\u1ec3u t\u01b0\u1ee3ng c\u1ee7a h\u1ea1nh ph\u00fac, vi\u00ean m\u00e3n, thu h\u00fat d\u01b0\u01a1ng kh\u00ed v\u00e0 may m\u1eafn cho qu\u00fd gia ch\u1ee7. B\u00e0y tr\u00ed tranh Glory &amp; Luck trong nh\u00e0 hay v\u0103n ph\u00f2ng kh\u00f4ng ch\u1ec9 gi\u00fap kh\u00f4ng gian th\u00eam ph\u1ea7n sang tr\u1ecdng v\u00e0 \u0111\u1eb3ng c\u1ea5p m\u00e0 c\u00f2n gi\u00fap thu h\u00fat v\u01b0\u1ee3ng kh\u00ed, may m\u1eafn v\u00e0 t\u00e0i l\u1ed9c, gi\u00fap gia ch\u1ee7 thu\u1eadn \u0111\u00e0 th\u00e0nh c\u00f4ng<\/p>","protected":false},"featured_media":14739,"comment_status":"open","ping_status":"closed","template":"","meta":[],"product_cat":[164,124,115,259],"product_tag":[],"class_list":{"0":"post-14737","1":"product","2":"type-product","3":"status-publish","4":"has-post-thumbnail","6":"product_cat-bst-moi","7":"product_cat-prima-art","8":"product_cat-qua-tang","9":"product_cat-vang-24k-metal-prima-art","11":"first","12":"instock","13":"shipping-taxable","14":"purchasable","15":"product-type-simple"},"acf":[],"_links":{"self":[{"href":"https:\/\/prima.com.vn\/en\/wp-json\/wp\/v2\/product\/14737","targetHints":{"allow":["GET"]}}],"collection":[{"href":"https:\/\/prima.com.vn\/en\/wp-json\/wp\/v2\/product"}],"about":[{"href":"https:\/\/prima.com.vn\/en\/wp-json\/wp\/v2\/types\/product"}],"replies":[{"embeddable":true,"href":"https:\/\/prima.com.vn\/en\/wp-json\/wp\/v2\/comments?post=14737"}],"version-history":[{"count":7,"href":"https:\/\/prima.com.vn\/en\/wp-json\/wp\/v2\/product\/14737\/revisions"}],"predecessor-version":[{"id":16024,"href":"https:\/\/prima.com.vn\/en\/wp-json\/wp\/v2\/product\/14737\/revisions\/16024"}],"wp:featuredmedia":[{"embeddable":true,"href":"https:\/\/prima.com.vn\/en\/wp-json\/wp\/v2\/media\/14739"}],"wp:attachment":[{"href":"https:\/\/prima.com.vn\/en\/wp-json\/wp\/v2\/media?parent=14737"}],"wp:term":[{"taxonomy":"product_cat","embeddable":true,"href":"https:\/\/prima.com.vn\/en\/wp-json\/wp\/v2\/product_cat?post=14737"},{"taxonomy":"product_tag","embeddable":true,"href":"https:\/\/prima.com.vn\/en\/wp-json\/wp\/v2\/product_tag?post=14737"}],"curies":[{"name":"wp","href":"https:\/\/api.w.org\/{rel}","templated":true}]}}