{"id":14692,"date":"2025-03-19T15:15:04","date_gmt":"2025-03-19T08:15:04","guid":{"rendered":"https:\/\/prima.com.vn\/?post_type=product&#038;p=14692"},"modified":"2025-11-14T15:13:29","modified_gmt":"2025-11-14T08:13:29","slug":"prima-bong-tai-kim-cuong-vang-9k-bst-huggie-no-991e1726-1-doi","status":"publish","type":"product","link":"https:\/\/prima.com.vn\/en\/product\/trang-suc\/metal\/\/prima-bong-tai-kim-cuong-vang-9k-bst-huggie-no-991e1726-1-doi\/","title":{"rendered":"PRIMA B\u00f4ng Tai Kim C\u01b0\u01a1ng &#8211; V\u00e0ng 9K &#8211; BST HUGGIE N\u01a1- 991E1726 ( 1 \u0111\u00f4i)"},"content":{"rendered":"<p class=\"QN2lPu\">C\u00f9ng n\u1eb1m trong BST Huggie, phi\u00ean b\u1ea3n BST Charm Huggie \u0111\u01b0\u1ee3c n\u00e2ng c\u1ea5p v\u1edbi nh\u1eefng thi\u1ebft k\u1ebf charm m\u1edbi l\u1ea1 h\u01a1n mang phong c\u00e1ch hi\u1ec7n \u0111\u1ea1i v\u00e0 tr\u1ebb trung c\u00f9ng ngu\u1ed3n n\u0103ng l\u01b0\u1ee3ng m\u00f9a h\u00e8 r\u1ef1c r\u1ee1 v\u00e0 n\u0103ng \u0111\u1ed9ng.<\/p>\n<p class=\"QN2lPu\">BST \u0111\u01b0\u1ee3c ch\u1ebf t\u00e1c t\u1eeb v\u00e0ng 9k v\u1edbi m\u00e0u v\u00e0ng h\u1ed3ng(Rose Gold) mang v\u1ebb \u0111\u1eb9p n\u1eef t\u00ednh k\u1ebft h\u1ee3p c\u00f9ng nh\u1eefng h\u1ecda ti\u1ebft \u0111\u00e1ng y\u00eau nh\u01b0 ng\u00f4i sao, n\u01a1, c\u1ecf 4 l\u00e1&#8230;, \u0111\u01b0\u1ee3c c\u00e1c ngh\u1ec7 nh\u00e2n Prima t\u1ea1o h\u00ecnh v\u00f4 c\u00f9ng s\u1ed1ng \u0111\u1ed9ng v\u00e0 c\u00e1 t\u00ednh. B\u00ean c\u1ea1nh \u0111\u00f3, nh\u1eefng chi\u1ebfc charm xinh x\u1eafn c\u00f2n \u0111\u01b0\u1ee3c \u0111i\u1ec3m xuy\u1ebfn th\u00eam nh\u1eefng vi\u00ean kim c\u01b0\u01a1ng l\u1ea5p l\u00e1nh, t\u1ea1o n\u00ean m\u1ed9t v\u1ebb \u0111\u1eb9p v\u1eeba ng\u1ecdt ng\u00e0o l\u1ea1i v\u1eeba tinh t\u1ebf.<\/p>\n<p class=\"QN2lPu\">\n<p class=\"QN2lPu\">\ud83d\udc8c CH\u1ea4T LI\u1ec6U &amp; C\u00c1CH S\u1eec D\u1ee4NG<\/p>\n<p class=\"QN2lPu\">PRIMA B\u00f4ng Tai Kim C\u01b0\u01a1ng &#8211; V\u00e0ng 9K &#8211; BST HUGGIE N\u01a1- 991E1726 ( 1 \u0111\u00f4i)<\/p>\n<p class=\"QN2lPu\">&#8211; Ch\u1ea5t li\u1ec7u: V\u00e0ng 9K &amp; Kim C\u01b0\u01a1ng<\/p>\n<p class=\"QN2lPu\">&#8211; B\u00ean trong h\u1ed9p s\u1ea3n ph\u1ea9m: 2 chi\u1ebfc b\u00f4ng tai, th\u1ebb b\u1ea3o h\u00e0nh, h\u00f3a \u0111\u01a1n, h\u1ed9p trang s\u1ee9c, t\u00fai gi\u1ea5y.<\/p>\n<p class=\"QN2lPu\">&#8211; Tr\u1ecdng l\u01b0\u1ee3ng: ~ 2.35 gram<\/p>\n<div class=\"QN2lPu\">\n<div><picture class=\"UkIsx8\"><source class=\"UkIsx8\" srcset=\"https:\/\/down-vn.img.susercontent.com\/file\/vn-11134208-7ra0g-m77i6i26k6g171@resize_w875_nl.webp 1x, https:\/\/down-vn.img.susercontent.com\/file\/vn-11134208-7ra0g-m77i6i26k6g171@resize_w1750_nl.webp 2x\" type=\"image\/webp\" \/><img fetchpriority=\"high\" decoding=\"async\" class=\"uXN1L5 lazyload GqYslU\" src=\"https:\/\/down-vn.img.susercontent.com\/file\/vn-11134208-7ra0g-m77i6i26k6g171\" srcset=\"https:\/\/down-vn.img.susercontent.com\/file\/vn-11134208-7ra0g-m77i6i26k6g171@resize_w875_nl 1x, https:\/\/down-vn.img.susercontent.com\/file\/vn-11134208-7ra0g-m77i6i26k6g171@resize_w1750_nl 2x\" width=\"875\" height=\"438\" \/><\/picture><\/div>\n<\/div>\n<p class=\"QN2lPu\">\ud83d\udc8cCH\u00cdNH S\u00c1CH B\u1ea2O H\u00c0NH<\/p>\n<p class=\"QN2lPu\">&#8211; B\u1ea3o h\u00e0nh mi\u1ec5n ph\u00ed l\u1ed7i k\u1ef9 thu\u1eadt<\/p>\n<p class=\"QN2lPu\">&#8211; B\u1ea3o h\u00e0nh \u0111\u00e1nh b\u00f3ng, l\u00e0m m\u1edbi mi\u1ec5n ph\u00ed tr\u1ecdn \u0111\u1eddi.<\/p>\n<p class=\"QN2lPu\">&#8211; \u0110\u1ed1i v\u1edbi S\u1ea3n ph\u1ea9m b\u1ecb oxy h\u00f3a, xu\u1ed1ng m\u00e0u, s\u1ebd \u0111\u01b0\u1ee3c l\u00e0m b\u00f3ng, l\u00e0m s\u1ea1ch b\u1eb1ng m\u00e1y chuy\u00ean d\u1ee5ng mi\u1ec5n ph\u00ed tr\u1ecdn \u0111\u1eddi t\u1ea1i c\u1eeda h\u00e0ng.<\/p>\n<p class=\"QN2lPu\">\n<p class=\"QN2lPu\">\ud83d\udeabKh\u00f4ng \u00e1p d\u1ee5ng b\u1ea3o h\u00e0nh cho c\u00e1c tr\u01b0\u1eddng h\u1ee3p sau:<\/p>\n<p class=\"QN2lPu\">\u274c Kh\u00e1ch h\u00e0ng cung c\u1ea5p th\u00f4ng tin truy l\u1ee5c h\u00f3a \u0111\u01a1n kh\u00f4ng ch\u00ednh x\u00e1c.<\/p>\n<p class=\"QN2lPu\">\u274cCh\u1ebf \u0111\u1ed9 b\u1ea3o h\u00e0nh c\u00f3 th\u1ec3 thay \u0111\u1ed5i theo ch\u00ednh s\u00e1ch Prima t\u1ea1i t\u1eebng th\u1eddi \u0111i\u1ec3m.<\/p>\n<p class=\"QN2lPu\">\n<p class=\"QN2lPu\">\ud83d\udc8cCH\u00cdNH S\u00c1CH TH\u00c2U \u0110\u1ed4I<\/p>\n<p class=\"QN2lPu\">S\u1ea2N PH\u1ea8M KH\u00d4NG \u00c1P D\u1ee4NG MUA L\u1ea0I<\/p>\n<p class=\"QN2lPu\">\u0110\u1ed5i h\u00e0ng : 50% gi\u00e1 tr\u1ecb tr\u00ean h\u00f3a \u0111\u01a1n trong v\u00f2ng 1 n\u0103m.<\/p>\n<p class=\"QN2lPu\">Kh\u00f4ng \u0111\u1ed5i s\u1ea3n ph\u1ea9m trong tr\u01b0\u1eddng h\u1ee3p kh\u00e1ch h\u00e0ng kh\u00f4ng \u01b0ng \u00fd.<\/p>\n<p class=\"QN2lPu\">Ch\u1ec9 \u0111\u1ed5i tr\u1ea3 tr\u01b0\u1eddng h\u1ee3p h\u00e0ng b\u1ecb l\u1ed7i k\u1ef9 thu\u1eadt.<\/p>","protected":false},"excerpt":{"rendered":"<p class=\"QN2lPu\">C\u00f9ng n\u1eb1m trong BST Huggie, phi\u00ean b\u1ea3n BST Charm Huggie \u0111\u01b0\u1ee3c n\u00e2ng c\u1ea5p v\u1edbi nh\u1eefng thi\u1ebft k\u1ebf charm m\u1edbi l\u1ea1 h\u01a1n mang phong c\u00e1ch hi\u1ec7n \u0111\u1ea1i v\u00e0 tr\u1ebb trung c\u00f9ng ngu\u1ed3n n\u0103ng l\u01b0\u1ee3ng m\u00f9a h\u00e8 r\u1ef1c r\u1ee1 v\u00e0 n\u0103ng \u0111\u1ed9ng.<\/p>\n<p class=\"QN2lPu\">BST \u0111\u01b0\u1ee3c ch\u1ebf t\u00e1c t\u1eeb v\u00e0ng 9k v\u1edbi m\u00e0u v\u00e0ng h\u1ed3ng(Rose Gold) mang v\u1ebb \u0111\u1eb9p n\u1eef t\u00ednh k\u1ebft h\u1ee3p c\u00f9ng nh\u1eefng h\u1ecda ti\u1ebft \u0111\u00e1ng y\u00eau nh\u01b0 ng\u00f4i sao, n\u01a1, c\u1ecf 4 l\u00e1&#8230;, \u0111\u01b0\u1ee3c c\u00e1c ngh\u1ec7 nh\u00e2n Prima t\u1ea1o h\u00ecnh v\u00f4 c\u00f9ng s\u1ed1ng \u0111\u1ed9ng v\u00e0 c\u00e1 t\u00ednh. B\u00ean c\u1ea1nh \u0111\u00f3, nh\u1eefng chi\u1ebfc charm xinh x\u1eafn c\u00f2n \u0111\u01b0\u1ee3c \u0111i\u1ec3m xuy\u1ebfn th\u00eam nh\u1eefng vi\u00ean kim c\u01b0\u01a1ng l\u1ea5p l\u00e1nh, t\u1ea1o n\u00ean m\u1ed9t v\u1ebb \u0111\u1eb9p v\u1eeba ng\u1ecdt ng\u00e0o l\u1ea1i v\u1eeba tinh t\u1ebf.<\/p>","protected":false},"featured_media":14680,"comment_status":"open","ping_status":"closed","template":"","meta":[],"product_cat":[163,164,155,135],"product_tag":[],"class_list":{"0":"post-14692","1":"product","2":"type-product","3":"status-publish","4":"has-post-thumbnail","6":"product_cat-9k-gold","7":"product_cat-bst-moi","8":"product_cat-kim-cuong","9":"product_cat-trang-suc","11":"first","12":"instock","13":"shipping-taxable","14":"purchasable","15":"product-type-simple"},"acf":[],"_links":{"self":[{"href":"https:\/\/prima.com.vn\/en\/wp-json\/wp\/v2\/product\/14692","targetHints":{"allow":["GET"]}}],"collection":[{"href":"https:\/\/prima.com.vn\/en\/wp-json\/wp\/v2\/product"}],"about":[{"href":"https:\/\/prima.com.vn\/en\/wp-json\/wp\/v2\/types\/product"}],"replies":[{"embeddable":true,"href":"https:\/\/prima.com.vn\/en\/wp-json\/wp\/v2\/comments?post=14692"}],"version-history":[{"count":2,"href":"https:\/\/prima.com.vn\/en\/wp-json\/wp\/v2\/product\/14692\/revisions"}],"predecessor-version":[{"id":14694,"href":"https:\/\/prima.com.vn\/en\/wp-json\/wp\/v2\/product\/14692\/revisions\/14694"}],"wp:featuredmedia":[{"embeddable":true,"href":"https:\/\/prima.com.vn\/en\/wp-json\/wp\/v2\/media\/14680"}],"wp:attachment":[{"href":"https:\/\/prima.com.vn\/en\/wp-json\/wp\/v2\/media?parent=14692"}],"wp:term":[{"taxonomy":"product_cat","embeddable":true,"href":"https:\/\/prima.com.vn\/en\/wp-json\/wp\/v2\/product_cat?post=14692"},{"taxonomy":"product_tag","embeddable":true,"href":"https:\/\/prima.com.vn\/en\/wp-json\/wp\/v2\/product_tag?post=14692"}],"curies":[{"name":"wp","href":"https:\/\/api.w.org\/{rel}","templated":true}]}}