{"id":14689,"date":"2025-03-18T11:40:21","date_gmt":"2025-03-18T04:40:21","guid":{"rendered":"https:\/\/prima.com.vn\/?post_type=product&#038;p=14689"},"modified":"2025-11-14T15:13:29","modified_gmt":"2025-11-14T08:13:29","slug":"prima-bong-tai-vang-9k-dinh-kim-cuong-bst-daisy-991e1743","status":"publish","type":"product","link":"https:\/\/prima.com.vn\/en\/product\/trang-suc\/metal\/\/prima-bong-tai-vang-9k-dinh-kim-cuong-bst-daisy-991e1743\/","title":{"rendered":"PRIMA B\u00f4ng Tai V\u00e0ng 9K \u0111\u00ednh Kim C\u01b0\u01a1ng &#8211; BST Daisy &#8211; 991E1743 ( c\u00f3 gi\u1ea5y ch\u1ee9ng nh\u1eadn GIA)"},"content":{"rendered":"<p class=\"QN2lPu\">L\u1ea5y c\u1ea3m h\u1ee9ng t\u1eeb h\u00ecnh \u1ea3nh hoa c\u00fac ho\u1ea1 mi, t\u01b0\u1ee3ng tr\u01b0ng cho v\u1ebb \u0111\u1eb9p thu\u1ea7n khi\u1ebft, thanh cao v\u00e0 nh\u1eb9 nh\u00e0ng nh\u01b0 tu\u1ed5i thanh xu\u00e2n c\u1ee7a ng\u01b0\u1eddi con g\u00e1i. Daisy collection mang \u0111\u1ebfn nh\u1eefng items kh\u1eafc ho\u1ea1 h\u00ecnh \u1ea3nh hoa c\u00fac ho\u1ea1 mi \u0111\u1ea7y s\u1eafc n\u00e9t, t\u00f4n l\u00ean v\u1ebb \u0111\u1eb9p n\u1eef t\u00ednh v\u00e0 thanh l\u1ecbch cho ph\u00e1i \u0111\u1eb9p.<\/p>\n<p class=\"QN2lPu\">BST \u0111\u01b0\u1ee3c nh\u1eefng ngh\u1ec7 nh\u00e2n PRIMA bi\u1ebfn t\u1ea5u t\u1eeb ch\u1ea5t li\u1ec7u v\u00e0ng 9K k\u1ebft h\u1ee3p c\u00f9ng Kim C\u01b0\u01a1ng trong thi\u1ebft k\u1ebf \u0111\u1ea7y tr\u1ebb trung v\u00e0 tinh t\u1ebf. T\u1eebng c\u00e1nh hoa nh\u1ecf \u0111\u01b0\u1ee3c t\u1ea1o t\u00e1c t\u1ec9 m\u1ec9 t\u1ea1o n\u00ean m\u1ed9t b\u1ea3n ph\u1ed1i c\u00fac ho\u1ea1 mi \u0111\u1ea7y n\u1eef t\u00ednh v\u00e0 cu\u1ed1n h\u00fat.<\/p>\n<p class=\"QN2lPu\">BST l\u00e0 s\u1ebd \u0111i\u1ec3m nh\u1ea5n tinh t\u1ebf trong nh\u1eefng trang ph\u1ee5c d\u1ea1o ph\u1ed1, c\u00f4ng s\u1edf nh\u1eb9 nh\u00e0ng v\u00e0 thanh l\u1ecbch, gi\u00fap n\u00e0ng to\u1ea3 s\u00e1ng v\u1ebb \u0111\u1eb9p thanh xu\u00e2n r\u1ef1c r\u1ee1 theo c\u00e1ch ri\u00eang c\u1ee7a m\u00ecnh<\/p>\n<p class=\"QN2lPu\">\ud83d\udc8cTH\u00d4NG TIN S\u1ea2N PH\u1ea8M<\/p>\n<p class=\"QN2lPu\">S\u1ea3n Ph\u1ea9m:PRIMA B\u00f4ng Tai V\u00e0ng 9K \u0111\u00ednh Kim C\u01b0\u01a1ng &#8211; BST Daisy &#8211; 991E1743<\/p>\n<p class=\"QN2lPu\">\ud83d\udc8c CH\u1ea4T LI\u1ec6U &amp; C\u00c1CH S\u1eec D\u1ee4NG<\/p>\n<p class=\"QN2lPu\">&#8211; Ch\u1ea5t li\u1ec7u: V\u00e0ng 9K<\/p>\n<p class=\"QN2lPu\">&#8211; Tr\u1ecdng l\u01b0\u1ee3ng : 1.91 gram<\/p>\n<div class=\"QN2lPu\">\n<div><picture class=\"UkIsx8\"><source class=\"UkIsx8\" srcset=\"https:\/\/down-vn.img.susercontent.com\/file\/vn-11134208-7ras8-m653dunkx3xy2f@resize_w875_nl.webp 1x, https:\/\/down-vn.img.susercontent.com\/file\/vn-11134208-7ras8-m653dunkx3xy2f@resize_w1750_nl.webp 2x\" type=\"image\/webp\" \/><img fetchpriority=\"high\" decoding=\"async\" class=\"uXN1L5 lazyload GqYslU\" src=\"https:\/\/down-vn.img.susercontent.com\/file\/vn-11134208-7ras8-m653dunkx3xy2f\" srcset=\"https:\/\/down-vn.img.susercontent.com\/file\/vn-11134208-7ras8-m653dunkx3xy2f@resize_w875_nl 1x, https:\/\/down-vn.img.susercontent.com\/file\/vn-11134208-7ras8-m653dunkx3xy2f@resize_w1750_nl 2x\" width=\"875\" height=\"438\" \/><\/picture><\/div>\n<\/div>\n<p class=\"QN2lPu\">\ud83d\udc8cCH\u00cdNH S\u00c1CH B\u1ea2O H\u00c0NH:<\/p>\n<p class=\"QN2lPu\">&#8211; B\u1ea3o h\u00e0nh mi\u1ec5n ph\u00ed l\u1ed7i k\u1ef9 thu\u1eadt<\/p>\n<p class=\"QN2lPu\">&#8211; B\u1ea3o h\u00e0nh \u0111\u00e1nh b\u00f3ng, l\u00e0m m\u1edbi mi\u1ec5n ph\u00ed tr\u1ecdn \u0111\u1eddi.<\/p>\n<p class=\"QN2lPu\">&#8211; \u0110\u1ed1i v\u1edbi S\u1ea3n ph\u1ea9m b\u1ecb oxy h\u00f3a, xu\u1ed1ng m\u00e0u, s\u1ebd \u0111\u01b0\u1ee3c l\u00e0m b\u00f3ng, l\u00e0m s\u1ea1ch b\u1eb1ng m\u00e1y chuy\u00ean d\u1ee5ng mi\u1ec5n ph\u00ed tr\u1ecdn \u0111\u1eddi t\u1ea1i c\u1eeda h\u00e0ng.<\/p>\n<p class=\"QN2lPu\">\ud83d\udeabKh\u00f4ng \u00e1p d\u1ee5ng b\u1ea3o h\u00e0nh cho c\u00e1c tr\u01b0\u1eddng h\u1ee3p sau:<\/p>\n<p class=\"QN2lPu\">\u274c Kh\u00e1ch h\u00e0ng cung c\u1ea5p th\u00f4ng tin truy l\u1ee5c h\u00f3a \u0111\u01a1n kh\u00f4ng ch\u00ednh x\u00e1c.<\/p>\n<p class=\"QN2lPu\">\u274cCh\u1ebf \u0111\u1ed9 b\u1ea3o h\u00e0nh c\u00f3 th\u1ec3 thay \u0111\u1ed5i theo ch\u00ednh s\u00e1ch Prima t\u1ea1i t\u1eebng th\u1eddi \u0111i\u1ec3m.<\/p>\n<p class=\"QN2lPu\">\ud83d\udc8cCH\u00cdNH S\u00c1CH TH\u00c2U \u0110\u1ed4I<\/p>\n<p class=\"QN2lPu\">&#8211; Th\u00e2u l\u1ea1i: Kh\u00f4ng \u00e1p d\u1ee5ng<\/p>\n<p class=\"QN2lPu\">&#8211; \u0110\u1ed5i h\u00e0ng: 50% gi\u00e1 tr\u1ecb tr\u00ean H\u00f3a \u0111\u01a1n trong v\u00f2ng 1 n\u0103m.<\/p>","protected":false},"excerpt":{"rendered":"<p class=\"QN2lPu\">L\u1ea5y c\u1ea3m h\u1ee9ng t\u1eeb h\u00ecnh \u1ea3nh hoa c\u00fac ho\u1ea1 mi, t\u01b0\u1ee3ng tr\u01b0ng cho v\u1ebb \u0111\u1eb9p thu\u1ea7n khi\u1ebft, thanh cao v\u00e0 nh\u1eb9 nh\u00e0ng nh\u01b0 tu\u1ed5i thanh xu\u00e2n c\u1ee7a ng\u01b0\u1eddi con g\u00e1i. Daisy collection mang \u0111\u1ebfn nh\u1eefng items kh\u1eafc ho\u1ea1 h\u00ecnh \u1ea3nh hoa c\u00fac ho\u1ea1 mi \u0111\u1ea7y s\u1eafc n\u00e9t, t\u00f4n l\u00ean v\u1ebb \u0111\u1eb9p n\u1eef t\u00ednh v\u00e0 thanh l\u1ecbch cho ph\u00e1i \u0111\u1eb9p.<\/p>\n<p class=\"QN2lPu\">BST \u0111\u01b0\u1ee3c nh\u1eefng ngh\u1ec7 nh\u00e2n PRIMA bi\u1ebfn t\u1ea5u t\u1eeb ch\u1ea5t li\u1ec7u v\u00e0ng 9K k\u1ebft h\u1ee3p c\u00f9ng Kim C\u01b0\u01a1ng trong thi\u1ebft k\u1ebf \u0111\u1ea7y tr\u1ebb trung v\u00e0 tinh t\u1ebf. T\u1eebng c\u00e1nh hoa nh\u1ecf \u0111\u01b0\u1ee3c t\u1ea1o t\u00e1c t\u1ec9 m\u1ec9 t\u1ea1o n\u00ean m\u1ed9t b\u1ea3n ph\u1ed1i c\u00fac ho\u1ea1 mi \u0111\u1ea7y n\u1eef t\u00ednh v\u00e0 cu\u1ed1n h\u00fat.<\/p>\n<p class=\"QN2lPu\">BST l\u00e0 s\u1ebd \u0111i\u1ec3m nh\u1ea5n tinh t\u1ebf trong nh\u1eefng trang ph\u1ee5c d\u1ea1o ph\u1ed1, c\u00f4ng s\u1edf nh\u1eb9 nh\u00e0ng v\u00e0 thanh l\u1ecbch, gi\u00fap n\u00e0ng to\u1ea3 s\u00e1ng v\u1ebb \u0111\u1eb9p thanh xu\u00e2n r\u1ef1c r\u1ee1 theo c\u00e1ch ri\u00eang c\u1ee7a m\u00ecnh<\/p>","protected":false},"featured_media":14676,"comment_status":"open","ping_status":"closed","template":"","meta":[],"product_cat":[163,164,135],"product_tag":[],"class_list":{"0":"post-14689","1":"product","2":"type-product","3":"status-publish","4":"has-post-thumbnail","6":"product_cat-9k-gold","7":"product_cat-bst-moi","8":"product_cat-trang-suc","10":"first","11":"instock","12":"shipping-taxable","13":"purchasable","14":"product-type-simple"},"acf":[],"_links":{"self":[{"href":"https:\/\/prima.com.vn\/en\/wp-json\/wp\/v2\/product\/14689","targetHints":{"allow":["GET"]}}],"collection":[{"href":"https:\/\/prima.com.vn\/en\/wp-json\/wp\/v2\/product"}],"about":[{"href":"https:\/\/prima.com.vn\/en\/wp-json\/wp\/v2\/types\/product"}],"replies":[{"embeddable":true,"href":"https:\/\/prima.com.vn\/en\/wp-json\/wp\/v2\/comments?post=14689"}],"version-history":[{"count":3,"href":"https:\/\/prima.com.vn\/en\/wp-json\/wp\/v2\/product\/14689\/revisions"}],"predecessor-version":[{"id":15958,"href":"https:\/\/prima.com.vn\/en\/wp-json\/wp\/v2\/product\/14689\/revisions\/15958"}],"wp:featuredmedia":[{"embeddable":true,"href":"https:\/\/prima.com.vn\/en\/wp-json\/wp\/v2\/media\/14676"}],"wp:attachment":[{"href":"https:\/\/prima.com.vn\/en\/wp-json\/wp\/v2\/media?parent=14689"}],"wp:term":[{"taxonomy":"product_cat","embeddable":true,"href":"https:\/\/prima.com.vn\/en\/wp-json\/wp\/v2\/product_cat?post=14689"},{"taxonomy":"product_tag","embeddable":true,"href":"https:\/\/prima.com.vn\/en\/wp-json\/wp\/v2\/product_tag?post=14689"}],"curies":[{"name":"wp","href":"https:\/\/api.w.org\/{rel}","templated":true}]}}