{"id":14637,"date":"2025-02-13T15:16:29","date_gmt":"2025-02-13T08:16:29","guid":{"rendered":"https:\/\/prima.com.vn\/?post_type=product&#038;p=14637"},"modified":"2026-01-02T14:16:04","modified_gmt":"2026-01-02T07:16:04","slug":"tranh-my-nghe-phu-vang-24k-prima-art-doi-hac-va-canh-mai-bst-fortune-and-love-kich-thuoc-18x18cm-vcg-0102-01","status":"publish","type":"product","link":"https:\/\/prima.com.vn\/en\/product\/prima-art\/chu-de\/\/tranh-my-nghe-phu-vang-24k-prima-art-doi-hac-va-canh-mai-bst-fortune-and-love-kich-thuoc-18x18cm-vcg-0102-01\/","title":{"rendered":"Tranh M\u1ef9 Ngh\u1ec7 Ph\u1ee7 V\u00e0ng 24K PRIMA ART &#8211; \u0110\u00d4I H\u1ea0C V\u00c0 C\u00c0NH MAI &#8211; BST FORTUNE AND LOVE- VCG-0102-01"},"content":{"rendered":"<p>C\u00e1 ch\u00e9p lu\u00f4n l\u00e0 bi\u1ec3u t\u01b0\u1ee3ng c\u1ee7a s\u1ef1 ki\u00ean tr\u00ec \u0111\u1ec3 v\u01b0\u01a1n t\u1edbi th\u00e0nh c\u00f4ng, b\u1ee9c tranh c\u00f2n c\u00f3 h\u00e0m \u00fd Khai c\u00f4ng \u0111\u1ea1i c\u00e1t, m\u1ee5c \u0111\u00edch s\u1eed d\u1ee5ng \u0111\u1ec3 l\u1ea3m qu\u00e0 t\u1eb7ng trong c\u00e1c d\u1ecbp khai tr\u01b0\u01a1ng, n\u0103m m\u1edbi, ho\u1eb7c b\u1eaft \u0111\u1ea7u k\u00fd k\u1ebft h\u1ee3p t\u00e1c v\u1edbi \u0111\u1ed1i t\u00e1c. M\u1ecdi th\u1ee9 s\u1ebd \u0111\u1ea1i c\u00e1t v\u00e0 ti\u1ebfn t\u1eddi th\u00e0nh c\u00f4ng <\/p>\n<p>\ud83d\udc8cCH\u00cdNH S\u00c1CH B\u1ea2O H\u00c0NH<\/p>\n<p>\u0110\u00e2y l\u00e0 s\u1ea3n ph\u1ea9m s\u00e1ng t\u1ea1o ch\u1ea5t l\u01b0\u1ee3ng cao c\u1ee7a th\u01b0\u01a1ng hi\u1ec7u PRIMA ART, \u0111\u01b0\u1ee3c thi\u1ebft k\u1ebf v\u00e0 ch\u1ebf t\u1ea1o quy tr\u00ecnh nghi\u00eam ng\u1eb7t c\u1ee7a Cty TNHH Pranda Vi\u1ec7t Nam, th\u00e0nh vi\u00ean c\u1ee7a T\u1eadp \u0111o\u00e0n Pranda, Th\u00e1i Lan. M\u1ed7i s\u1ea3n ph\u1ea9m PRIMA t\u00e1c ph\u1ea9m ngh\u1ec7 thu\u1eadt th\u1ee7 c\u00f4ng s\u1eed d\u1ee5ng v\u00e0ng 24K, ch\u1ebf t\u00e1c b\u1edfi c\u00e1c th\u1ee3 kim ho\u00e0n c\u00f3 tay ngh\u1ec1 cao v\u1edbi k\u1ef9 thu\u1eadt hi\u1ec7n \u0111\u1ea1i.<\/p>\n<p>\ud83d\udc8cQuy \u0111\u1ecbnh v\u00e0 \u0111i\u1ec1u ki\u1ec7n:<\/p>\n<p>Th\u1eddi h\u1ea1n b\u1ea3o h\u00e0nh 02 n\u0103m k\u1ec3 t\u1eeb ng\u00e0y mua ghi tr\u00ean phi\u1ebfu\/th\u1ebb b\u1ea3o h\u00e0nh.<\/p>\n<p>\u2714\ufe0fS\u1ea3n ph\u1ea9m \u0111\u01b0\u1ee3c b\u1ea3o h\u00e0nh trong c\u00e1c tr\u01b0\u1eddng h\u1ee3p sau:<\/p>\n<p>&#8211; L\u1ed7i k\u1ef9 thu\u1eadt s\u1ea3n ph\u1ea9m ph\u00e1t sinh trong qu\u00e1 tr\u00ecnh s\u1ea3n xu\u1ea5t, \u0111\u01b0\u1ee3c ki\u1ec3m tra b\u1edfi Cty TNHH Pranda Vi\u1ec7t Nam.<\/p>\n<p>&#8211; Th\u1eddi gian b\u1ea3o h\u00e0nh c\u00f2n hi\u1ec7u l\u1ef1c. Phi\u1ebfu\/th\u1ebb b\u1ea3o h\u00e0nh c\u00f2n nguy\u00ean v\u00e0 \u0111\u1ea7y \u0111\u1ee7 th\u00f4ng tin s\u1ea3n ph\u1ea9m.<\/p>\n<p>\ud83d\udc8cS\u1ea3n ph\u1ea9m kh\u00f4ng \u0111\u01b0\u1ee3c b\u1ea3o h\u00e0nh trong c\u00e1c tr\u01b0\u1eddng h\u1ee3p sau:<\/p>\n<p>&#8211; H\u01b0 h\u1ea1i do (i) s\u1eed d\u1ee5ng \/ v\u1eadn chuy\u1ec3n kh\u00f4ng \u0111\u00fang c\u00e1ch, sai m\u1ee5c \u0111\u00edch, t\u1ef1 \u00fd thay \u0111\u1ed5i \/ s\u1eeda ch\u1eefa c\u00e1c linh ki\u1ec7n v.v\u2026v\u00e0 s\u1ea3n ph\u1ea9m kh\u00f4ng c\u00f2n nguy\u00ean tr\u1ea1ng nh\u01b0 s\u1ea3n ph\u1ea9m ban \u0111\u1ea7u, (ii) b\u1ea5t kh\u1ea3 kh\u00e1ng (kh\u00ed h\u1eadu, chi\u1ebfn tranh, v.v).<\/p>\n<p>&#8211; Kh\u00e1ch h\u00e0ng c\u00f3 th\u1ec3 ph\u1ea3i tr\u1ea3 ph\u00ed b\u1ea3o h\u00e0nh ho\u1eb7c s\u1eeda ch\u1eefa.<\/p>\n<p>&#8211; Th\u1eddi gian b\u1ea3o h\u00e0nh ho\u1eb7c s\u1eeda ch\u1eefa t\u1eeb 10 ng\u00e0y t\u1ea1i H\u1ed3 Ch\u00ed Minh v\u00e0 t\u1eeb 14 ng\u00e0y t\u1ea1i H\u00e0 N\u1ed9i. C\u00e1c tr\u01b0\u1eddng h\u1ee3p s\u1ea3n ph\u1ea9m b\u1ecb h\u01b0 h\u1ecfng n\u1eb7ng \u0111\u01b0\u1ee3c quy\u1ebft \u0111\u1ecbnh b\u1edfi Cty TNHH Pranda Vi\u1ec7t Nam, th\u1eddi gian s\u1ebd m\u1ea5t kho\u1ea3ng t\u1eeb 25 \u0111\u1ebfn 30 ng\u00e0y t\u00f9y tr\u01b0\u1eddng h\u1ee3p.<\/p>\n<p>\u2714\ufe0fCH\u00cdNH S\u00c1CH TH\u00c2U \u0110\u1ed4I<\/p>\n<p>PRIMA Vi\u1ec7t Nam KH\u00d4NG NH\u1eacN TH\u00c2U \u0110\u1ed4I \u0110\u1ed0I V\u1edaI S\u1ea2N PH\u1ea8M TRANH &amp; QU\u00c0 T\u1eb6NG V\u00c0NG<\/p>\n<p>*L\u01afU \u00dd: GI\u00c1 S\u1ea2N PH\u1ea8M CH\u01afA BAO G\u1ed2M PH\u00cd V\u1eacN CHUY\u1ec2N<\/p>\n<p>\ud83d\udc8c MI\u1ec4N PH\u00cd V\u1eacN CHUY\u1ec2N khu v\u1ef1c n\u1ed9i th\u00e0nh H\u1ed2 CH\u00cd MINH v\u00e0 H\u00c0 N\u1ed8I<\/p>\n<p>Exquisite handcrafted gold-coated artwork:<\/p>\n<p>\u2022PRIMA ART is crafted using a unique technique: Pure 24K gold is processed into fine particles and carefully coated onto a special base material. Skilled artisans then meticulously cut, carve, and assemble each detail by hand, creating vivid, dimensional, and highly valuable works of art. <\/p>","protected":false},"excerpt":{"rendered":"<p>T\u00e1c ph\u1ea9m Shine of Spring l\u1ea5y c\u1ea3m h\u1ee9ng t\u1eeb h\u00ecnh \u1ea3nh thanh tho\u00e1t v\u00e0 duy\u00ean d\u00e1ng c\u1ee7a lo\u00e0i h\u1ea1c &#8211; bi\u1ec3u t\u01b0\u1ee3ng c\u1ee7a tr\u01b0\u1eddng th\u1ecd, b\u00ecnh an v\u00e0 th\u1ecbnh v\u01b0\u1ee3ng trong v\u0103n h\u00f3a \u00c1 \u0110\u00f4ng. Thu\u1ed9c B\u1ed9 s\u01b0u t\u1eadp Phong Th\u1ee7y, t\u00e1c ph\u1ea9m kh\u00f4ng ch\u1ec9 l\u00e0 v\u1eadt ph\u1ea9m trang tr\u00ed tinh t\u1ebf m\u00e0 c\u00f2n l\u00e0 ph\u00e1p kh\u00ed phong th\u1ee7y mang \u00fd ngh\u0129a thu h\u00fat ngu\u1ed3n n\u0103ng l\u01b0\u1ee3ng t\u00edch c\u1ef1c, s\u1ef1 h\u00f2a h\u1ee3p v\u00e0 may m\u1eafn cho gia ch\u1ee7. H\u00ecnh \u1ea3nh \u0111\u00f4i h\u1ea1c nh\u1eb9 nh\u00e0ng \u0111\u1ee9ng gi\u1eefa s\u1eafc hoa xu\u00e2n r\u1ef1c r\u1ee1, \u0111\u01b0\u1ee3c ch\u1ebf t\u00e1c t\u1ec9 m\u1ec9 t\u1eeb v\u00e0ng l\u1ea5p l\u00e1nh, g\u1eedi g\u1eafm l\u1eddi ch\u00fac v\u1ec1 m\u1ed9t cu\u1ed9c s\u1ed1ng an nhi\u00ean, tr\u01b0\u1eddng th\u1ecd v\u00e0 vi\u00ean m\u00e3n. M\u1ed7i chi ti\u1ebft \u0111\u1ec1u th\u1ec3 hi\u1ec7n s\u1ef1 tinh x\u1ea3o v\u00e0 v\u1ebb \u0111\u1eb9p v\u01b0\u1ee3t th\u1eddi gian, gi\u00fap Shine of Spring tr\u1edf th\u00e0nh \u0111i\u1ec3m nh\u1ea5n l\u00fd t\u01b0\u1edfng, t\u00f4n l\u00ean gi\u00e1 tr\u1ecb th\u1ea9m m\u1ef9 l\u1eabn \u00fd ngh\u0129a phong th\u1ee7y cho m\u1ecdi kh\u00f4ng gian s\u1ed1ng.<\/p>","protected":false},"featured_media":14638,"comment_status":"open","ping_status":"closed","template":"","meta":[],"product_cat":[382,134,372,379,247,249,381,378,375,127,259],"product_tag":[],"class_list":{"0":"post-14637","1":"product","2":"type-product","3":"status-publish","4":"has-post-thumbnail","6":"product_cat-may-man-chu-de","7":"product_cat-phong-thuy-thinh-vuong","8":"product_cat-qua-mung-tan-gia","9":"product_cat-qua-mung-thang-tien-qua-tang-tri-anqua-tang","10":"product_cat-qua-tang-sinh-nhat","11":"product_cat-qua-tang-tri-an","12":"product_cat-sung-tuc-thinh-vuong","13":"product_cat-trang-tri-nha-cua-qua-tang-tri-anqua-tang","14":"product_cat-trang-tri-van-phong","15":"product_cat-tranh-vang","16":"product_cat-vang-24k-metal-prima-art","18":"first","19":"instock","20":"shipping-taxable","21":"purchasable","22":"product-type-simple"},"acf":[],"_links":{"self":[{"href":"https:\/\/prima.com.vn\/en\/wp-json\/wp\/v2\/product\/14637","targetHints":{"allow":["GET"]}}],"collection":[{"href":"https:\/\/prima.com.vn\/en\/wp-json\/wp\/v2\/product"}],"about":[{"href":"https:\/\/prima.com.vn\/en\/wp-json\/wp\/v2\/types\/product"}],"replies":[{"embeddable":true,"href":"https:\/\/prima.com.vn\/en\/wp-json\/wp\/v2\/comments?post=14637"}],"version-history":[{"count":7,"href":"https:\/\/prima.com.vn\/en\/wp-json\/wp\/v2\/product\/14637\/revisions"}],"predecessor-version":[{"id":16389,"href":"https:\/\/prima.com.vn\/en\/wp-json\/wp\/v2\/product\/14637\/revisions\/16389"}],"wp:featuredmedia":[{"embeddable":true,"href":"https:\/\/prima.com.vn\/en\/wp-json\/wp\/v2\/media\/14638"}],"wp:attachment":[{"href":"https:\/\/prima.com.vn\/en\/wp-json\/wp\/v2\/media?parent=14637"}],"wp:term":[{"taxonomy":"product_cat","embeddable":true,"href":"https:\/\/prima.com.vn\/en\/wp-json\/wp\/v2\/product_cat?post=14637"},{"taxonomy":"product_tag","embeddable":true,"href":"https:\/\/prima.com.vn\/en\/wp-json\/wp\/v2\/product_tag?post=14637"}],"curies":[{"name":"wp","href":"https:\/\/api.w.org\/{rel}","templated":true}]}}