{"id":14633,"date":"2025-02-13T10:23:36","date_gmt":"2025-02-13T03:23:36","guid":{"rendered":"https:\/\/prima.com.vn\/?post_type=product&#038;p=14633"},"modified":"2026-01-02T14:16:17","modified_gmt":"2026-01-02T07:16:17","slug":"tranh-my-nghe-phu-vang-24k-prima-art-ngua-tai-loc-kich-thuoc-18x18cm-cgs-0718-10","status":"publish","type":"product","link":"https:\/\/prima.com.vn\/en\/product\/prima-art\/chu-de\/\/tranh-my-nghe-phu-vang-24k-prima-art-ngua-tai-loc-kich-thuoc-18x18cm-cgs-0718-10\/","title":{"rendered":"Tranh M\u1ef9 Ngh\u1ec7 Ph\u1ee7 V\u00e0ng 24K PRIMA ART &#8211; NG\u1ef0A T\u00c0I L\u1ed8C &#8211; CGS-0718-10"},"content":{"rendered":"<p class=\"QN2lPu\">TH\u00d4NG TIN S\u1ea2N PH\u1ea8M<\/p>\n<p class=\"QN2lPu\">\u2022 S\u1ea3n Ph\u1ea9m: Tranh M\u1ef9 Ngh\u1ec7 Ph\u1ee7 V\u00e0ng 24K PRIMA ART &#8211; NG\u1ef0A T\u00c0I L\u1ed8C &#8211; K\u00edch th\u01b0\u1edbc 18x18cm &#8211; CGS-0718-10<\/p>\n<p class=\"QN2lPu\">Con ng\u1ef1a, v\u1edbi s\u1ef1 xu\u1ea5t hi\u1ec7n m\u1ea1nh m\u1ebd, n\u0103ng \u0111\u1ed9ng v\u00e0 nhanh nh\u1eb9n, t\u01b0\u1ee3ng tr\u01b0ng cho s\u1ef1 ti\u1ebfn b\u1ed9 trong c\u00f4ng vi\u1ec7c v\u00e0 s\u1ef1 th\u1ecbnh v\u01b0\u1ee3ng trong cu\u1ed9c s\u1ed1ng.<\/p>\n<p class=\"QN2lPu\">\ud83d\udc8cCH\u1ea4T LI\u1ec6U &amp; C\u00c1CH S\u1eec D\u1ee4NG<\/p>\n<p class=\"QN2lPu\">\u2022 Ch\u1ea5t li\u1ec7u: V\u00e0ng 24K<\/p>\n<p class=\"QN2lPu\">\u2022 Xu\u1ea5t x\u1ee9: Vi\u1ec7t Nam<\/p>\n<p class=\"QN2lPu\">\ud83d\udc8cCH\u00cdNH S\u00c1CH B\u1ea2O H\u00c0NH<\/p>\n<p class=\"QN2lPu\">\u0110\u00e2y l\u00e0 s\u1ea3n ph\u1ea9m s\u00e1ng t\u1ea1o ch\u1ea5t l\u01b0\u1ee3ng cao c\u1ee7a th\u01b0\u01a1ng hi\u1ec7u PRIMA ART, \u0111\u01b0\u1ee3c thi\u1ebft k\u1ebf v\u00e0 ch\u1ebf t\u1ea1o quy tr\u00ecnh nghi\u00eam ng\u1eb7t c\u1ee7a Cty TNHH Pranda Vi\u1ec7t Nam, th\u00e0nh vi\u00ean c\u1ee7a T\u1eadp \u0111o\u00e0n Pranda, Th\u00e1i Lan. M\u1ed7i s\u1ea3n ph\u1ea9m PRIMA t\u00e1c ph\u1ea9m ngh\u1ec7 thu\u1eadt th\u1ee7 c\u00f4ng s\u1eed d\u1ee5ng v\u00e0ng 24K, ch\u1ebf t\u00e1c b\u1edfi c\u00e1c th\u1ee3 kim ho\u00e0n c\u00f3 tay ngh\u1ec1 cao v\u1edbi k\u1ef9 thu\u1eadt hi\u1ec7n \u0111\u1ea1i.<\/p>\n<p class=\"QN2lPu\">\ud83d\udc8cQuy \u0111\u1ecbnh v\u00e0 \u0111i\u1ec1u ki\u1ec7n:<\/p>\n<p class=\"QN2lPu\">Th\u1eddi h\u1ea1n b\u1ea3o h\u00e0nh 02 n\u0103m k\u1ec3 t\u1eeb ng\u00e0y mua ghi tr\u00ean phi\u1ebfu\/th\u1ebb b\u1ea3o h\u00e0nh.<\/p>\n<p class=\"QN2lPu\">\u2714\ufe0fS\u1ea3n ph\u1ea9m \u0111\u01b0\u1ee3c b\u1ea3o h\u00e0nh trong c\u00e1c tr\u01b0\u1eddng h\u1ee3p sau:<\/p>\n<p class=\"QN2lPu\">&#8211; L\u1ed7i k\u1ef9 thu\u1eadt s\u1ea3n ph\u1ea9m ph\u00e1t sinh trong qu\u00e1 tr\u00ecnh s\u1ea3n xu\u1ea5t, \u0111\u01b0\u1ee3c ki\u1ec3m tra b\u1edfi Cty TNHH Pranda Vi\u1ec7t Nam.<\/p>\n<p class=\"QN2lPu\">&#8211; Th\u1eddi gian b\u1ea3o h\u00e0nh c\u00f2n hi\u1ec7u l\u1ef1c. Phi\u1ebfu\/th\u1ebb b\u1ea3o h\u00e0nh c\u00f2n nguy\u00ean v\u00e0 \u0111\u1ea7y \u0111\u1ee7 th\u00f4ng tin s\u1ea3n ph\u1ea9m.<\/p>\n<p class=\"QN2lPu\">\ud83d\udc8cS\u1ea3n ph\u1ea9m kh\u00f4ng \u0111\u01b0\u1ee3c b\u1ea3o h\u00e0nh trong c\u00e1c tr\u01b0\u1eddng h\u1ee3p sau:<\/p>\n<p class=\"QN2lPu\">&#8211; H\u01b0 h\u1ea1i do (i) s\u1eed d\u1ee5ng \/ v\u1eadn chuy\u1ec3n kh\u00f4ng \u0111\u00fang c\u00e1ch, sai m\u1ee5c \u0111\u00edch, t\u1ef1 \u00fd thay \u0111\u1ed5i \/ s\u1eeda ch\u1eefa c\u00e1c linh ki\u1ec7n v.v\u2026v\u00e0 s\u1ea3n ph\u1ea9m kh\u00f4ng c\u00f2n nguy\u00ean tr\u1ea1ng nh\u01b0 s\u1ea3n ph\u1ea9m ban \u0111\u1ea7u, (ii) b\u1ea5t kh\u1ea3 kh\u00e1ng (kh\u00ed h\u1eadu, chi\u1ebfn tranh, v.v).<\/p>\n<p class=\"QN2lPu\">&#8211; Kh\u00e1ch h\u00e0ng c\u00f3 th\u1ec3 ph\u1ea3i tr\u1ea3 ph\u00ed b\u1ea3o h\u00e0nh ho\u1eb7c s\u1eeda ch\u1eefa.<\/p>\n<p class=\"QN2lPu\">&#8211; Th\u1eddi gian b\u1ea3o h\u00e0nh ho\u1eb7c s\u1eeda ch\u1eefa t\u1eeb 10 ng\u00e0y t\u1ea1i H\u1ed3 Ch\u00ed Minh v\u00e0 t\u1eeb 14 ng\u00e0y t\u1ea1i H\u00e0 N\u1ed9i. C\u00e1c tr\u01b0\u1eddng h\u1ee3p s\u1ea3n ph\u1ea9m b\u1ecb h\u01b0 h\u1ecfng n\u1eb7ng \u0111\u01b0\u1ee3c quy\u1ebft \u0111\u1ecbnh b\u1edfi Cty TNHH Pranda Vi\u1ec7t Nam, th\u1eddi gian s\u1ebd m\u1ea5t kho\u1ea3ng t\u1eeb 25 \u0111\u1ebfn 30 ng\u00e0y t\u00f9y tr\u01b0\u1eddng h\u1ee3p.<\/p>\n<p>&nbsp;<\/p>\n<p class=\"QN2lPu\">\u2714\ufe0fCH\u00cdNH S\u00c1CH TH\u00c2U \u0110\u1ed4I<\/p>\n<p class=\"QN2lPu\">PRIMA Vi\u1ec7t Nam KH\u00d4NG NH\u1eacN TH\u00c2U \u0110\u1ed4I \u0110\u1ed0I V\u1edaI S\u1ea2N PH\u1ea8M TRANH &amp; QU\u00c0 T\u1eb6NG V\u00c0NG<\/p>\n<p class=\"QN2lPu\">*L\u01afU \u00dd: GI\u00c1 S\u1ea2N PH\u1ea8M CH\u01afA BAO G\u1ed2M PH\u00cd V\u1eacN CHUY\u1ec2N<\/p>\n<p>Exquisite handcrafted gold-coated artwork:<\/p>\n<p>\u2022PRIMA ART is crafted using a unique technique: Pure 24K gold is processed into fine particles and carefully coated onto a special base material. Skilled artisans then meticulously cut, carve, and assemble each detail by hand, creating vivid, dimensional, and highly valuable works of art. <\/p>","protected":false},"excerpt":{"rendered":"<p>T\u00e1c ph\u1ea9m  Ng\u1ef1a Phi N\u01b0\u1edbc \u0110\u1ea1i t\u01b0\u1ee3ng tr\u01b0ng cho s\u1ee9c m\u1ea1nh, s\u1ef1 gi\u00e0u c\u00f3 v\u00e0 \u00fd ch\u00ed ki\u00ean \u0111\u1ecbnh. H\u00ecnh \u1ea3nh ch\u00fa ng\u1ef1a tung v\u00f3 m\u1ea1nh m\u1ebd tr\u00ean \u0111\u1ec9nh nh\u1eefng th\u1ecfi v\u00e0ng \u0111\u01b0\u1ee3c ch\u1ebf t\u00e1c tinh x\u1ea3o, th\u1ec3 hi\u1ec7n ngu\u1ed3n n\u0103ng l\u01b0\u1ee3ng d\u1ed3i d\u00e0o, th\u1ecbnh v\u01b0\u1ee3ng v\u00e0 kh\u00e1t khao chinh ph\u1ee5c m\u1ee5c ti\u00eau. B\u1ee9c tranh ph\u00f9 h\u1ee3p v\u1edbi m\u1ecdi kh\u00f4ng gian tr\u01b0ng b\u00e0y, mang l\u1ea1i c\u1ea3m gi\u00e1c m\u1ea1nh m\u1ebd v\u00e0 th\u1ecbnh v\u01b0\u1ee3ng, truy\u1ec1n c\u1ea3m h\u1ee9ng cho s\u1ef1 ti\u1ebfn l\u00ean v\u00e0 \u0111\u1ea1t \u0111\u01b0\u1ee3c \u01b0\u1edbc m\u01a1 v\u1edbi s\u1ef1 m\u00e3nh li\u1ec7t v\u00e0 ki\u00ean tr\u00ec.<\/p>","protected":false},"featured_media":14634,"comment_status":"open","ping_status":"closed","template":"","meta":[],"product_cat":[382,134,372,379,247,381,378,375,127,259],"product_tag":[],"class_list":{"0":"post-14633","1":"product","2":"type-product","3":"status-publish","4":"has-post-thumbnail","6":"product_cat-may-man-chu-de","7":"product_cat-phong-thuy-thinh-vuong","8":"product_cat-qua-mung-tan-gia","9":"product_cat-qua-mung-thang-tien-qua-tang-tri-anqua-tang","10":"product_cat-qua-tang-sinh-nhat","11":"product_cat-sung-tuc-thinh-vuong","12":"product_cat-trang-tri-nha-cua-qua-tang-tri-anqua-tang","13":"product_cat-trang-tri-van-phong","14":"product_cat-tranh-vang","15":"product_cat-vang-24k-metal-prima-art","17":"first","18":"instock","19":"shipping-taxable","20":"purchasable","21":"product-type-simple"},"acf":[],"_links":{"self":[{"href":"https:\/\/prima.com.vn\/en\/wp-json\/wp\/v2\/product\/14633","targetHints":{"allow":["GET"]}}],"collection":[{"href":"https:\/\/prima.com.vn\/en\/wp-json\/wp\/v2\/product"}],"about":[{"href":"https:\/\/prima.com.vn\/en\/wp-json\/wp\/v2\/types\/product"}],"replies":[{"embeddable":true,"href":"https:\/\/prima.com.vn\/en\/wp-json\/wp\/v2\/comments?post=14633"}],"version-history":[{"count":7,"href":"https:\/\/prima.com.vn\/en\/wp-json\/wp\/v2\/product\/14633\/revisions"}],"predecessor-version":[{"id":16323,"href":"https:\/\/prima.com.vn\/en\/wp-json\/wp\/v2\/product\/14633\/revisions\/16323"}],"wp:featuredmedia":[{"embeddable":true,"href":"https:\/\/prima.com.vn\/en\/wp-json\/wp\/v2\/media\/14634"}],"wp:attachment":[{"href":"https:\/\/prima.com.vn\/en\/wp-json\/wp\/v2\/media?parent=14633"}],"wp:term":[{"taxonomy":"product_cat","embeddable":true,"href":"https:\/\/prima.com.vn\/en\/wp-json\/wp\/v2\/product_cat?post=14633"},{"taxonomy":"product_tag","embeddable":true,"href":"https:\/\/prima.com.vn\/en\/wp-json\/wp\/v2\/product_tag?post=14633"}],"curies":[{"name":"wp","href":"https:\/\/api.w.org\/{rel}","templated":true}]}}