{"id":14608,"date":"2025-02-12T17:24:16","date_gmt":"2025-02-12T10:24:16","guid":{"rendered":"https:\/\/prima.com.vn\/?post_type=product&#038;p=14608"},"modified":"2025-11-14T15:13:24","modified_gmt":"2025-11-14T08:13:24","slug":"prima-vong-co-vang-9k-dinh-kim-cuong-bst-love-letter-991n0027","status":"publish","type":"product","link":"https:\/\/prima.com.vn\/en\/product\/trang-suc\/metal\/\/prima-vong-co-vang-9k-dinh-kim-cuong-bst-love-letter-991n0027\/","title":{"rendered":"PRIMA V\u00f2ng C\u1ed5 V\u00e0ng 9K \u0111\u00ednh Kim C\u01b0\u01a1ng &#8211; BST Love Letter &#8211; 991N0027"},"content":{"rendered":"<p class=\"QN2lPu\">Trong kh\u00f4ng kh\u00ed ng\u1ecdt ng\u00e0o c\u1ee7a m\u00f9a Valentine, &#8220;Love Letter&#8221; ra \u0111\u1eddi nh\u01b0 m\u1ed9t b\u1ee9c th\u01b0 t\u00ecnh v\u00f4 gi\u00e1, g\u1eedi g\u1eafm nh\u1eefng l\u1eddi y\u00eau th\u01b0\u01a1ng ch\u00e2n th\u00e0nh qua t\u1eebng thi\u1ebft k\u1ebf trang s\u1ee9c tinh x\u1ea3o. Love Letter kh\u1eafc ho\u1ea1 bi\u1ec3u t\u01b0\u1ee3ng c\u1ee7a t\u00ecnh y\u00eau c\u00f9ng v\u1edbi ho\u1ea1 ti\u1ebft ch\u1eef &#8220;LOVE&#8221; \u0111\u01b0\u1ee3c bi\u1ebfn t\u1ea5u \u0111\u00e1ng y\u00eau v\u00e0 \u0111\u1ea7y tinh t\u1ebf.<\/p>\n<p class=\"QN2lPu\">BST \u0111\u01b0\u1ee3c ch\u1ebf t\u00e1c t\u1eeb v\u00e0ng 9K v\u1edbi m\u00e0u v\u00e0ng h\u1ed3ng (Rose Gold) tr\u1ebb trung v\u00e0 n\u1eef t\u00ednh k\u1ebft h\u1ee3p c\u00f9ng Kim C\u01b0\u01a1ng l\u1ea5p l\u00e1nh v\u00e0 sang tr\u1ecdng. Love Letter kh\u00f4ng ch\u1ec9 l\u00e0 b\u1ee9c th\u01b0 t\u00ecnh ng\u1ecdt ng\u00e0o m\u00e0 c\u00f2n l\u00e0 \u0111i\u1ec3m nh\u1ea5n \u0111\u1eb7c bi\u1ec7t mang \u0111\u1ea7y t\u00ednh n\u1eef v\u00e0 \u1ea5n t\u01b0\u1ee3ng d\u00e0nh cho n\u00e0ng. Love Letter d\u1ec5 d\u00e0ng k\u1ebft h\u1ee3p c\u00f9ng nhi\u1ec1u outfit t\u1eeb d\u1ea1o ph\u1ed1, h\u1eb9n h\u00f2 cho \u0111\u1ebfn c\u00f4ng s\u1edf hay nh\u1eefng b\u1eefa ti\u1ec7c sang tr\u1ecdng, ch\u00ednh l\u00e0 \u0111i\u1ec3m xuy\u1ebfn tinh t\u1ebf khi\u1ebfn n\u00e0ng lu\u00f4n n\u1ed5i b\u1eadt v\u00e0 thu h\u00fat<\/p>\n<p class=\"QN2lPu\">\ud83d\udc8c TH\u00d4NG TIN S\u1ea2N PH\u1ea8M<\/p>\n<p class=\"QN2lPu\">S\u1ea3n Ph\u1ea9m: PRIMA V\u00f2ng C\u1ed5 V\u00e0ng 9K \u0111\u00ednh Kim C\u01b0\u01a1ng &#8211; BST Love Letter &#8211; 991N0027<\/p>\n<p class=\"QN2lPu\">\ud83d\udc8c CH\u1ea4T LI\u1ec6U &amp; C\u00c1CH S\u1eec D\u1ee4NG<\/p>\n<p class=\"QN2lPu\">&#8211; Ch\u1ea5t li\u1ec7u: V\u00e0ng 9K<\/p>\n<p class=\"QN2lPu\">&#8211; Tr\u1ecdng l\u01b0\u1ee3ng : 3.44 gram<\/p>\n<div class=\"QN2lPu\">\n<div><picture class=\"UkIsx8\"><source class=\"UkIsx8\" srcset=\"https:\/\/down-vn.img.susercontent.com\/file\/vn-11134208-7ras8-m653dunkx3xy2f@resize_w875_nl.webp 1x, https:\/\/down-vn.img.susercontent.com\/file\/vn-11134208-7ras8-m653dunkx3xy2f@resize_w1750_nl.webp 2x\" type=\"image\/webp\" \/><img fetchpriority=\"high\" decoding=\"async\" class=\"uXN1L5 lazyload GqYslU\" src=\"https:\/\/down-vn.img.susercontent.com\/file\/vn-11134208-7ras8-m653dunkx3xy2f\" srcset=\"https:\/\/down-vn.img.susercontent.com\/file\/vn-11134208-7ras8-m653dunkx3xy2f@resize_w875_nl 1x, https:\/\/down-vn.img.susercontent.com\/file\/vn-11134208-7ras8-m653dunkx3xy2f@resize_w1750_nl 2x\" width=\"875\" height=\"438\" \/><\/picture><\/div>\n<\/div>\n<p class=\"QN2lPu\">\ud83d\udc8cCH\u00cdNH S\u00c1CH B\u1ea2O H\u00c0NH:<\/p>\n<p class=\"QN2lPu\">&#8211; B\u1ea3o h\u00e0nh mi\u1ec5n ph\u00ed l\u1ed7i k\u1ef9 thu\u1eadt<\/p>\n<p class=\"QN2lPu\">&#8211; B\u1ea3o h\u00e0nh \u0111\u00e1nh b\u00f3ng, l\u00e0m m\u1edbi mi\u1ec5n ph\u00ed tr\u1ecdn \u0111\u1eddi.<\/p>\n<p class=\"QN2lPu\">&#8211; \u0110\u1ed1i v\u1edbi S\u1ea3n ph\u1ea9m b\u1ecb oxy h\u00f3a, xu\u1ed1ng m\u00e0u, s\u1ebd \u0111\u01b0\u1ee3c l\u00e0m b\u00f3ng, l\u00e0m s\u1ea1ch b\u1eb1ng m\u00e1y chuy\u00ean d\u1ee5ng mi\u1ec5n ph\u00ed tr\u1ecdn \u0111\u1eddi t\u1ea1i c\u1eeda h\u00e0ng.<\/p>\n<p class=\"QN2lPu\">\n<p class=\"QN2lPu\">\ud83d\udeabKh\u00f4ng \u00e1p d\u1ee5ng b\u1ea3o h\u00e0nh cho c\u00e1c tr\u01b0\u1eddng h\u1ee3p sau:<\/p>\n<p class=\"QN2lPu\">\u274c Kh\u00e1ch h\u00e0ng cung c\u1ea5p th\u00f4ng tin truy l\u1ee5c h\u00f3a \u0111\u01a1n kh\u00f4ng ch\u00ednh x\u00e1c.<\/p>\n<p class=\"QN2lPu\">\u274cCh\u1ebf \u0111\u1ed9 b\u1ea3o h\u00e0nh c\u00f3 th\u1ec3 thay \u0111\u1ed5i theo ch\u00ednh s\u00e1ch Prima t\u1ea1i t\u1eebng th\u1eddi \u0111i\u1ec3m.<\/p>\n<p class=\"QN2lPu\">\n<p class=\"QN2lPu\">\ud83d\udc8cCH\u00cdNH S\u00c1CH TH\u00c2U \u0110\u1ed4I<\/p>\n<p class=\"QN2lPu\">&#8211; Th\u00e2u l\u1ea1i: Kh\u00f4ng \u00e1p d\u1ee5ng<\/p>\n<p class=\"QN2lPu\">&#8211; \u0110\u1ed5i h\u00e0ng: 50% gi\u00e1 tr\u1ecb tr\u00ean H\u00f3a \u0111\u01a1n trong v\u00f2ng 1 n\u0103m.<\/p>","protected":false},"excerpt":{"rendered":"<p>Trong kh\u00f4ng kh\u00ed ng\u1ecdt ng\u00e0o c\u1ee7a m\u00f9a Valentine, &#8220;Love Letter&#8221; ra \u0111\u1eddi nh\u01b0 m\u1ed9t b\u1ee9c th\u01b0 t\u00ecnh v\u00f4 gi\u00e1, g\u1eedi<\/p>","protected":false},"featured_media":14609,"comment_status":"open","ping_status":"closed","template":"","meta":[],"product_cat":[163,164,135],"product_tag":[],"class_list":{"0":"post-14608","1":"product","2":"type-product","3":"status-publish","4":"has-post-thumbnail","6":"product_cat-9k-gold","7":"product_cat-bst-moi","8":"product_cat-trang-suc","9":"product_shipping_class-gold","11":"first","12":"instock","13":"shipping-taxable","14":"purchasable","15":"product-type-simple"},"acf":[],"_links":{"self":[{"href":"https:\/\/prima.com.vn\/en\/wp-json\/wp\/v2\/product\/14608","targetHints":{"allow":["GET"]}}],"collection":[{"href":"https:\/\/prima.com.vn\/en\/wp-json\/wp\/v2\/product"}],"about":[{"href":"https:\/\/prima.com.vn\/en\/wp-json\/wp\/v2\/types\/product"}],"replies":[{"embeddable":true,"href":"https:\/\/prima.com.vn\/en\/wp-json\/wp\/v2\/comments?post=14608"}],"version-history":[{"count":2,"href":"https:\/\/prima.com.vn\/en\/wp-json\/wp\/v2\/product\/14608\/revisions"}],"predecessor-version":[{"id":16510,"href":"https:\/\/prima.com.vn\/en\/wp-json\/wp\/v2\/product\/14608\/revisions\/16510"}],"wp:featuredmedia":[{"embeddable":true,"href":"https:\/\/prima.com.vn\/en\/wp-json\/wp\/v2\/media\/14609"}],"wp:attachment":[{"href":"https:\/\/prima.com.vn\/en\/wp-json\/wp\/v2\/media?parent=14608"}],"wp:term":[{"taxonomy":"product_cat","embeddable":true,"href":"https:\/\/prima.com.vn\/en\/wp-json\/wp\/v2\/product_cat?post=14608"},{"taxonomy":"product_tag","embeddable":true,"href":"https:\/\/prima.com.vn\/en\/wp-json\/wp\/v2\/product_tag?post=14608"}],"curies":[{"name":"wp","href":"https:\/\/api.w.org\/{rel}","templated":true}]}}