{"id":14579,"date":"2025-01-13T16:54:14","date_gmt":"2025-01-13T09:54:14","guid":{"rendered":"https:\/\/prima.com.vn\/?post_type=product&#038;p=14579"},"modified":"2026-03-07T13:28:59","modified_gmt":"2026-03-07T06:28:59","slug":"prima-bong-tai-vang-24k-hinh-vuong-mien-bst-wonderland-chuoi-chot-18k-111e4296","status":"publish","type":"product","link":"https:\/\/prima.com.vn\/en\/product\/trang-suc\/metal\/\/prima-bong-tai-vang-24k-hinh-vuong-mien-bst-wonderland-chuoi-chot-18k-111e4296\/","title":{"rendered":"PRIMA B\u00f4ng Tai V\u00e0ng 24K &#8211; H\u00ecnh V\u01b0\u01a1ng Mi\u1ec7n &#8211; BST Wonderland (Chu\u00f4i+ Ch\u1ed1t 18k) &#8211; 111E4296"},"content":{"rendered":"<p class=\"QN2lPu\">L\u1ea5y c\u1ea3m h\u1ee9ng t\u1eeb ti\u1ec3u thuy\u1ebft x\u1ee9 s\u1edf th\u1ea7n ti\u00ean Wonderland, Prima \u0111\u00e3 cho ra m\u1eaft BST c\u00f9ng t\u00ean t\u00e1i hi\u1ec7n sinh \u0111\u1ed9ng v\u1ebb \u0111\u1eb9p m\u1ed9ng m\u01a1 v\u00e0 \u0111\u1ea7y ng\u1ecdt ng\u00e0o nh\u01b0 t\u00ean g\u1ecdi c\u1ee7a v\u00f9ng \u0111\u1ea5t di\u1ec7u k\u1ef3 n\u00e0y. Wonderland mang \u0111\u1ebfn nh\u1eefng item hoa tai v\u1edbi nhi\u1ec1u ho\u1ea1 ti\u1ebft k\u1eb9o ng\u1ecdt nh\u01b0 c\u00e2y n\u1ea5m, hoa h\u1ed3ng, tr\u00e1i tim, v\u01b0\u01a1ng mi\u1ec7n&#8230; t\u1eeb ch\u1ea5t li\u1ec7u v\u00e0ng 24K \u0111\u1ea7y tr\u1ebb trung v\u00e0 m\u1edbi m\u1ebb. BST l\u00e0 \u0111i\u1ec3m nh\u1ea5n v\u1eeba c\u00e1 t\u00ednh l\u1ea1i v\u1eeba \u0111\u00e1ng y\u00eau d\u00e0nh cho n\u00e0ng trong nh\u1eefng outfit n\u0103ng \u0111\u1ed9ng h\u00e0ng ng\u00e0y.<\/p>\n<p class=\"QN2lPu\">TH\u00d4NG TIN S\u1ea2N PH\u1ea8M<\/p>\n<p class=\"QN2lPu\">PRIMA B\u00f4ng Tai V\u00e0ng 24K &#8211; H\u00ecnh V\u01b0\u01a1ng Mi\u1ec7n &#8211; BST Wonderland (Chu\u00f4i+ Ch\u1ed1t 18k) &#8211; 111E4296<\/p>\n<p class=\"QN2lPu\">Xu\u1ea5t x\u1ee9: Vi\u1ec7t Nam<\/p>\n<p class=\"QN2lPu\">Tr\u1ecdng l\u01b0\u1ee3ng: 1.04 gram<\/p>\n<div class=\"QN2lPu\">\n<div><picture class=\"UkIsx8\"><source class=\"UkIsx8\" srcset=\"https:\/\/down-vn.img.susercontent.com\/file\/vn-11134208-7ras8-m4ss7hh1ou3b88@resize_w875_nl.webp 1x, https:\/\/down-vn.img.susercontent.com\/file\/vn-11134208-7ras8-m4ss7hh1ou3b88@resize_w1750_nl.webp 2x\" type=\"image\/webp\" \/><img fetchpriority=\"high\" decoding=\"async\" class=\"uXN1L5 lazyload GqYslU\" src=\"https:\/\/down-vn.img.susercontent.com\/file\/vn-11134208-7ras8-m4ss7hh1ou3b88\" srcset=\"https:\/\/down-vn.img.susercontent.com\/file\/vn-11134208-7ras8-m4ss7hh1ou3b88@resize_w875_nl 1x, https:\/\/down-vn.img.susercontent.com\/file\/vn-11134208-7ras8-m4ss7hh1ou3b88@resize_w1750_nl 2x\" width=\"875\" height=\"438\" \/><\/picture><\/div>\n<\/div>\n<p class=\"QN2lPu\">\ud83d\udc8cCH\u00cdNH S\u00c1CH B\u1ea2O H\u00c0NH:<\/p>\n<p class=\"QN2lPu\">&#8211; B\u1ea3o h\u00e0nh mi\u1ec5n ph\u00ed l\u1ed7i k\u1ef9 thu\u1eadt<\/p>\n<p class=\"QN2lPu\">&#8211; B\u1ea3o h\u00e0nh \u0111\u00e1nh b\u00f3ng, l\u00e0m m\u1edbi mi\u1ec5n ph\u00ed tr\u1ecdn \u0111\u1eddi.<\/p>\n<p class=\"QN2lPu\">&#8211; \u0110\u1ed1i v\u1edbi S\u1ea3n ph\u1ea9m b\u1ecb oxy h\u00f3a, xu\u1ed1ng m\u00e0u, s\u1ebd \u0111\u01b0\u1ee3c l\u00e0m b\u00f3ng, l\u00e0m s\u1ea1ch b\u1eb1ng m\u00e1y chuy\u00ean d\u1ee5ng mi\u1ec5n ph\u00ed tr\u1ecdn \u0111\u1eddi t\u1ea1i c\u1eeda h\u00e0ng.<\/p>\n<p class=\"QN2lPu\">\ud83d\udeabKh\u00f4ng \u00e1p d\u1ee5ng b\u1ea3o h\u00e0nh cho c\u00e1c tr\u01b0\u1eddng h\u1ee3p sau:<\/p>\n<p class=\"QN2lPu\">\u274c Kh\u00e1ch h\u00e0ng cung c\u1ea5p th\u00f4ng tin truy l\u1ee5c h\u00f3a \u0111\u01a1n kh\u00f4ng ch\u00ednh x\u00e1c.<\/p>\n<p class=\"QN2lPu\">\u274cCh\u1ebf \u0111\u1ed9 b\u1ea3o h\u00e0nh c\u00f3 th\u1ec3 thay \u0111\u1ed5i theo ch\u00ednh s\u00e1ch Prima t\u1ea1i t\u1eebng th\u1eddi \u0111i\u1ec3m.<\/p>\n<p class=\"QN2lPu\">\ud83d\udc8cCH\u00cdNH S\u00c1CH TH\u00c2U \u0110\u1ed4I<\/p>\n<p class=\"QN2lPu\">&#8211; Mua l\u1ea1i: \u00c1p d\u1ee5ng theo ch\u00ednh s\u00e1ch c\u00f4ng ty<\/p>\n<p class=\"QN2lPu\">\ud83d\udccd \u0110\u1ec3 \u0111\u1ea3m b\u1ea3o \u0111\u1ed9 ch\u1eafc ch\u1eafn c\u1ee7a s\u1ea3n ph\u1ea9m , Prima s\u1eed d\u1ee5ng v\u00e0ng 18K \u0111\u1ec3 l\u00e0m Chu\u00f4i v\u00e0 Ch\u1ed1t.<\/p>\n<p class=\"QN2lPu\">\ud83d\udccd Khi Th\u00e2u \u0111\u1ed5i s\u1ebd gi\u1eef nguy\u00ean tr\u1ecdng l\u01b0\u1ee3ng 24K cho to\u00e0n b\u1ed9 s\u1ea3n ph\u1ea9m<\/p>\n<p class=\"QN2lPu\">*L\u01afU \u00dd: GI\u00c1 S\u1ea2N PH\u1ea8M CH\u01afA BAO G\u1ed2M PH\u00cd V\u1eacN CHUY\u1ec2N<\/p>","protected":false},"excerpt":{"rendered":"<p>L\u1ea5y c\u1ea3m h\u1ee9ng t\u1eeb ti\u1ec3u thuy\u1ebft x\u1ee9 s\u1edf th\u1ea7n ti\u00ean Wonderland, Prima \u0111\u00e3 cho ra m\u1eaft BST c\u00f9ng t\u00ean t\u00e1i<\/p>","protected":false},"featured_media":14580,"comment_status":"open","ping_status":"closed","template":"","meta":[],"product_cat":[162,164,135],"product_tag":[],"class_list":{"0":"post-14579","1":"product","2":"type-product","3":"status-publish","4":"has-post-thumbnail","6":"product_cat-24k-gold","7":"product_cat-bst-moi","8":"product_cat-trang-suc","10":"first","11":"instock","12":"shipping-taxable","13":"purchasable","14":"product-type-simple"},"acf":[],"_links":{"self":[{"href":"https:\/\/prima.com.vn\/en\/wp-json\/wp\/v2\/product\/14579","targetHints":{"allow":["GET"]}}],"collection":[{"href":"https:\/\/prima.com.vn\/en\/wp-json\/wp\/v2\/product"}],"about":[{"href":"https:\/\/prima.com.vn\/en\/wp-json\/wp\/v2\/types\/product"}],"replies":[{"embeddable":true,"href":"https:\/\/prima.com.vn\/en\/wp-json\/wp\/v2\/comments?post=14579"}],"version-history":[{"count":4,"href":"https:\/\/prima.com.vn\/en\/wp-json\/wp\/v2\/product\/14579\/revisions"}],"predecessor-version":[{"id":16502,"href":"https:\/\/prima.com.vn\/en\/wp-json\/wp\/v2\/product\/14579\/revisions\/16502"}],"wp:featuredmedia":[{"embeddable":true,"href":"https:\/\/prima.com.vn\/en\/wp-json\/wp\/v2\/media\/14580"}],"wp:attachment":[{"href":"https:\/\/prima.com.vn\/en\/wp-json\/wp\/v2\/media?parent=14579"}],"wp:term":[{"taxonomy":"product_cat","embeddable":true,"href":"https:\/\/prima.com.vn\/en\/wp-json\/wp\/v2\/product_cat?post=14579"},{"taxonomy":"product_tag","embeddable":true,"href":"https:\/\/prima.com.vn\/en\/wp-json\/wp\/v2\/product_tag?post=14579"}],"curies":[{"name":"wp","href":"https:\/\/api.w.org\/{rel}","templated":true}]}}