{"id":12193,"date":"2024-09-06T15:48:03","date_gmt":"2024-09-06T08:48:03","guid":{"rendered":"https:\/\/prima.com.vn\/?post_type=product&#038;p=12193"},"modified":"2026-03-07T13:29:01","modified_gmt":"2026-03-07T06:29:01","slug":"bong-tai-vang-24k-prima-gold-hinh-kim-cuong-chuoi-chot-18k-111e3867","status":"publish","type":"product","link":"https:\/\/prima.com.vn\/en\/product\/trang-suc\/metal\/\/bong-tai-vang-24k-prima-gold-hinh-kim-cuong-chuoi-chot-18k-111e3867\/","title":{"rendered":"B\u00f4ng Tai V\u00e0ng 24K PRIMA GOLD &#8211; H\u00ecnh Kim C\u01b0\u01a1ng ( Chu\u00f4i + Ch\u1ed1t 18K) &#8211; 111E3867"},"content":{"rendered":"<p class=\"QN2lPu\">TH\u00d4NG TIN S\u1ea2N PH\u1ea8M<\/p>\n<p class=\"QN2lPu\">PRIMA B\u00f4ng Tai V\u00e0ng 24K &#8211; H\u00ecnh Kim C\u01b0\u01a1ng ( Chu\u00f4i + Ch\u1ed1t 18K) &#8211; 111E3867<\/p>\n<p class=\"QN2lPu\">Xu\u1ea5t x\u1ee9: Vi\u1ec7t Nam<\/p>\n<p class=\"QN2lPu\">Thi\u1ebft k\u1ebf \u0111\u1ed9c \u0111\u00e1o v\u00e0 hi\u1ec7n \u0111\u1ea1i, mang \u0111\u1eadm phong c\u00e1ch th\u1eddi trang. C\u1eb7p khuy\u00ean tai n\u00e0y bao g\u1ed3m hai ph\u1ea7n ch\u00ednh:<\/p>\n<p class=\"QN2lPu\">+ Ph\u1ea7n khuy\u00ean tai nh\u1ecf: \u0110\u00e2y l\u00e0 m\u1ed9t chi\u1ebfc khuy\u00ean tai \u0111\u01a1n gi\u1ea3n v\u1edbi thi\u1ebft k\u1ebf h\u00ecnh vi\u00ean kim c\u01b0\u01a1ng \u0111\u01b0\u1ee3c c\u00e1ch \u0111i\u1ec7u. Vi\u00ean kim c\u01b0\u01a1ng n\u00e0y c\u00f3 h\u00ecnh d\u00e1ng tinh x\u1ea3o, v\u1edbi c\u00e1c \u0111\u01b0\u1eddng n\u00e9t s\u1eafc s\u1ea3o v\u00e0 m\u1eb7t c\u1eaft tinh t\u1ebf.<\/p>\n<p class=\"QN2lPu\">+ Ph\u1ea7n khuy\u00ean tai d\u00e0i: B\u00ean c\u1ea1nh chi\u1ebfc khuy\u00ean tai nh\u1ecf l\u00e0 m\u1ed9t chi\u1ebfc khuy\u00ean tai d\u00e0i h\u01a1n, \u0111\u01b0\u1ee3c k\u1ebft n\u1ed1i b\u1eb1ng m\u1ed9t s\u1ee3i d\u00e2y x\u00edch nh\u1ecf nh\u1eafn. Ph\u1ea7n d\u01b0\u1edbi c\u1ee7a d\u00e2y x\u00edch c\u0169ng l\u00e0 m\u1ed9t vi\u00ean kim c\u01b0\u01a1ng nh\u1ecf, t\u01b0\u01a1ng t\u1ef1 nh\u01b0 vi\u00ean kim c\u01b0\u01a1ng \u1edf khuy\u00ean tai nh\u1ecf.<\/p>\n<div class=\"QN2lPu\">\n<div>\n<div class=\"P7IbkE\"><img decoding=\"async\" class=\"GqYslU hnult1\" src=\"https:\/\/down-vn.img.susercontent.com\/file\/vn-11134208-7r98o-lzh4wjzult8t87\" width=\"invalid-value\" height=\"invalid-value\" \/><\/div>\n<\/div>\n<\/div>\n<p class=\"QN2lPu\">\ud83d\udc8cCH\u1ea4T LI\u1ec6U &amp; C\u00c1CH S\u1eec D\u1ee4NG<\/p>\n<p class=\"QN2lPu\">&#8211; Ch\u1ea5t li\u1ec7u: V\u00e0ng 24K +18K<\/p>\n<p class=\"QN2lPu\">&#8211; Tr\u1ecdng l\u01b0\u1ee3ng: 1.633 gram<\/p>\n<p class=\"QN2lPu\">&#8211; L\u00e0 s\u1ea3n ph\u1ea9m v\u00e0ng 24K nguy\u00ean ch\u1ea5t 99,9% v\u00e0 \u0111\u01b0\u1ee3c ch\u1ebf t\u00e1c th\u1ee7 c\u00f4ng n\u00ean tr\u1ecdng l\u01b0\u1ee3ng thay \u0111\u1ed5i theo t\u1eebng s\u1ea3n ph\u1ea9m.<\/p>\n<p class=\"QN2lPu\">&#8211; Ph\u1ea7n chu\u00f4i + ch\u1ed1t \u0111\u01b0\u1ee3c l\u00e0m t\u1eeb v\u00e0ng 18k \u0111\u1ec3 \u0111\u1ea3m b\u1ea3o \u0111\u1ed9 ch\u1eafc ch\u1eafn c\u1ee7a s\u1ea3n ph\u1ea9m khi s\u1eed d\u1ee5ng.<\/p>\n<p class=\"QN2lPu\">&#8211; B\u00ean trong h\u1ed9p s\u1ea3n ph\u1ea9m: b\u00f4ng tai, th\u1ebb b\u1ea3o h\u00e0nh, h\u00f3a \u0111\u01a1n, h\u1ed9p trang s\u1ee9c, t\u00fai gi\u1ea5y.<\/p>\n<p class=\"QN2lPu\">\ud83d\udc8cCH\u00cdNH S\u00c1CH B\u1ea2O H\u00c0NH:<\/p>\n<p class=\"QN2lPu\">&#8211; B\u1ea3o h\u00e0nh mi\u1ec5n ph\u00ed l\u1ed7i k\u1ef9 thu\u1eadt<\/p>\n<p class=\"QN2lPu\">&#8211; B\u1ea3o h\u00e0nh \u0111\u00e1nh b\u00f3ng, l\u00e0m m\u1edbi mi\u1ec5n ph\u00ed tr\u1ecdn \u0111\u1eddi.<\/p>\n<p class=\"QN2lPu\">&#8211; \u0110\u1ed1i v\u1edbi S\u1ea3n ph\u1ea9m b\u1ecb oxy h\u00f3a, xu\u1ed1ng m\u00e0u, s\u1ebd \u0111\u01b0\u1ee3c l\u00e0m b\u00f3ng, l\u00e0m s\u1ea1ch b\u1eb1ng m\u00e1y chuy\u00ean d\u1ee5ng mi\u1ec5n ph\u00ed tr\u1ecdn \u0111\u1eddi t\u1ea1i c\u1eeda h\u00e0ng.<\/p>\n<p class=\"QN2lPu\">\ud83d\udeabKh\u00f4ng \u00e1p d\u1ee5ng b\u1ea3o h\u00e0nh cho c\u00e1c tr\u01b0\u1eddng h\u1ee3p sau:<\/p>\n<p class=\"QN2lPu\">\u274c Kh\u00e1ch h\u00e0ng cung c\u1ea5p th\u00f4ng tin truy l\u1ee5c h\u00f3a \u0111\u01a1n kh\u00f4ng ch\u00ednh x\u00e1c.<\/p>\n<p class=\"QN2lPu\">\u274cCh\u1ebf \u0111\u1ed9 b\u1ea3o h\u00e0nh c\u00f3 th\u1ec3 thay \u0111\u1ed5i theo ch\u00ednh s\u00e1ch Prima t\u1ea1i t\u1eebng th\u1eddi \u0111i\u1ec3m.<\/p>\n<p class=\"QN2lPu\">\ud83d\udc8cCH\u00cdNH S\u00c1CH TH\u00c2U \u0110\u1ed4I<\/p>\n<p class=\"QN2lPu\">&#8211; Mua l\u1ea1i: \u00c1p d\u1ee5ng theo ch\u00ednh s\u00e1ch c\u00f4ng ty<\/p>\n<p class=\"QN2lPu\">&#8211; \u0110\u1ed5i h\u00e0ng: 50% gi\u00e1 tr\u1ecb tr\u00ean H\u00f3a \u0111\u01a1n trong v\u00f2ng 1 n\u0103m<\/p>\n<p class=\"QN2lPu\">*L\u01afU \u00dd: GI\u00c1 S\u1ea2N PH\u1ea8M CH\u01afA BAO G\u1ed2M PH\u00cd V\u1eacN CHUY\u1ec2N<\/p>","protected":false},"excerpt":{"rendered":"<p>TH\u00d4NG TIN S\u1ea2N PH\u1ea8M PRIMA B\u00f4ng Tai V\u00e0ng 24K &#8211; H\u00ecnh Kim C\u01b0\u01a1ng ( Chu\u00f4i + Ch\u1ed1t 18K) &#8211; 111E3867<\/p>","protected":false},"featured_media":12194,"comment_status":"open","ping_status":"closed","template":"","meta":[],"product_cat":[162,164,136,183,139,135],"product_tag":[],"class_list":{"0":"post-12193","1":"product","2":"type-product","3":"status-publish","4":"has-post-thumbnail","6":"product_cat-24k-gold","7":"product_cat-bst-moi","8":"product_cat-danh-muc-trang-suc","9":"product_cat-hoa-tai","10":"product_cat-metal","11":"product_cat-trang-suc","13":"first","14":"instock","15":"shipping-taxable","16":"purchasable","17":"product-type-simple"},"acf":[],"_links":{"self":[{"href":"https:\/\/prima.com.vn\/en\/wp-json\/wp\/v2\/product\/12193","targetHints":{"allow":["GET"]}}],"collection":[{"href":"https:\/\/prima.com.vn\/en\/wp-json\/wp\/v2\/product"}],"about":[{"href":"https:\/\/prima.com.vn\/en\/wp-json\/wp\/v2\/types\/product"}],"replies":[{"embeddable":true,"href":"https:\/\/prima.com.vn\/en\/wp-json\/wp\/v2\/comments?post=12193"}],"version-history":[{"count":3,"href":"https:\/\/prima.com.vn\/en\/wp-json\/wp\/v2\/product\/12193\/revisions"}],"predecessor-version":[{"id":16511,"href":"https:\/\/prima.com.vn\/en\/wp-json\/wp\/v2\/product\/12193\/revisions\/16511"}],"wp:featuredmedia":[{"embeddable":true,"href":"https:\/\/prima.com.vn\/en\/wp-json\/wp\/v2\/media\/12194"}],"wp:attachment":[{"href":"https:\/\/prima.com.vn\/en\/wp-json\/wp\/v2\/media?parent=12193"}],"wp:term":[{"taxonomy":"product_cat","embeddable":true,"href":"https:\/\/prima.com.vn\/en\/wp-json\/wp\/v2\/product_cat?post=12193"},{"taxonomy":"product_tag","embeddable":true,"href":"https:\/\/prima.com.vn\/en\/wp-json\/wp\/v2\/product_tag?post=12193"}],"curies":[{"name":"wp","href":"https:\/\/api.w.org\/{rel}","templated":true}]}}