{"id":10382,"date":"2023-07-07T17:04:42","date_gmt":"2023-07-07T10:04:42","guid":{"rendered":"https:\/\/prima.com.vn\/product\/ch\u01b0a%20ph\u00e2n%20lo\u1ea1i\/tu-ngu-quan-hoi\/"},"modified":"2026-01-02T14:20:24","modified_gmt":"2026-01-02T07:20:24","slug":"tu-ngu-quan-hoi","status":"publish","type":"product","link":"https:\/\/prima.com.vn\/en\/product\/prima-art\/chu-de\/\/tu-ngu-quan-hoi\/","title":{"rendered":"Tranh M\u1ef9 Ngh\u1ec7 Ph\u1ee7 V\u00e0ng 24K PRIMA ART -T\u1ee9 Ng\u01b0 Qu\u1ea7n H\u1ed9i &#8211; CGS-0653-01"},"content":{"rendered":"<p>Tranh c\u00e1 ch\u00e9p hoa sen mang \u00fd ngh\u0129a c\u1ee7a s\u1ef1 sung t\u00fac v\u00e0 d\u01b0 d\u1ea3 li\u00ean t\u1ee5c su\u1ed1t 365 ng\u00e0y trong n\u0103m. &#8230; c\u00f4ng th\u00e0nh, danh to\u1ea1i v\u00e0 ti\u1ec1n t\u00e0i d\u01b0 d\u1ea3 su\u1ed1t 4 m\u00f9a trong n\u0103m.<\/p>\n<p>Exquisite handcrafted gold-coated artwork:<\/p>\n<p>\u2022PRIMA ART is crafted using a unique technique: Pure 24K gold is processed into fine particles and carefully coated onto a special base material. Skilled artisans then meticulously cut, carve, and assemble each detail by hand, creating vivid, dimensional, and highly valuable works of art. <\/p>","protected":false},"excerpt":{"rendered":"<p>T\u00e1c ph\u1ea9m T\u1ee9 Ng\u01b0 Qu\u1ea7n H\u1ed9i kh\u1eafc h\u1ecda sinh \u0111\u1ed9ng h\u00ecnh \u1ea3nh b\u1ed1n ch\u00fa c\u00e1 tung t\u0103ng b\u01a1i l\u1ed9i, bi\u1ec3u tr\u01b0ng cho s\u1ef1 sum v\u1ea7y, h\u00f2a h\u1ee3p v\u00e0 t\u00e0i l\u1ed9c d\u1ed3i d\u00e0o. Trong phong th\u1ee7y, c\u00e1 (ng\u01b0) \u0111\u1ed3ng \u00e2m v\u1edbi &#8220;d\u01b0&#8221;, mang \u00fd ngh\u0129a v\u1ec1 s\u1ef1 d\u01b0 d\u1ea3, sung t\u00fac l\u00e2u d\u00e0i. K\u1ebft h\u1ee3p n\u1ec1n \u0111\u1ecf th\u1eafm c\u00f9ng c\u00e1c chi ti\u1ebft sen v\u00e0 tr\u00fac v\u00e0ng l\u1ea5p l\u00e1nh, t\u00e1c ph\u1ea9m kh\u00f4ng ch\u1ec9 t\u1ecfa ra v\u1ebb \u0111\u1eb9p sang tr\u1ecdng m\u00e0 c\u00f2n g\u1eedi g\u1eafm l\u1eddi ch\u00fac th\u1ecbnh v\u01b0\u1ee3ng, b\u00ecnh an v\u00e0 t\u00e0i l\u1ed9c vi\u00ean m\u00e3n cho gia ch\u1ee7.<\/p>","protected":false},"featured_media":9815,"comment_status":"open","ping_status":"closed","template":"","meta":[],"product_cat":[340,341,250,249,127,259],"product_tag":[],"class_list":{"0":"post-10382","1":"product","2":"type-product","3":"status-publish","4":"has-post-thumbnail","6":"product_cat-linh-vat-bo-suu-tap","7":"product_cat-phong-thuy","8":"product_cat-qua-mung-cuoi","9":"product_cat-qua-tang-tri-an","10":"product_cat-tranh-vang","11":"product_cat-vang-24k-metal-prima-art","13":"first","14":"instock","15":"shipping-taxable","16":"purchasable","17":"product-type-simple"},"acf":[],"_links":{"self":[{"href":"https:\/\/prima.com.vn\/en\/wp-json\/wp\/v2\/product\/10382","targetHints":{"allow":["GET"]}}],"collection":[{"href":"https:\/\/prima.com.vn\/en\/wp-json\/wp\/v2\/product"}],"about":[{"href":"https:\/\/prima.com.vn\/en\/wp-json\/wp\/v2\/types\/product"}],"replies":[{"embeddable":true,"href":"https:\/\/prima.com.vn\/en\/wp-json\/wp\/v2\/comments?post=10382"}],"version-history":[{"count":8,"href":"https:\/\/prima.com.vn\/en\/wp-json\/wp\/v2\/product\/10382\/revisions"}],"predecessor-version":[{"id":16397,"href":"https:\/\/prima.com.vn\/en\/wp-json\/wp\/v2\/product\/10382\/revisions\/16397"}],"wp:featuredmedia":[{"embeddable":true,"href":"https:\/\/prima.com.vn\/en\/wp-json\/wp\/v2\/media\/9815"}],"wp:attachment":[{"href":"https:\/\/prima.com.vn\/en\/wp-json\/wp\/v2\/media?parent=10382"}],"wp:term":[{"taxonomy":"product_cat","embeddable":true,"href":"https:\/\/prima.com.vn\/en\/wp-json\/wp\/v2\/product_cat?post=10382"},{"taxonomy":"product_tag","embeddable":true,"href":"https:\/\/prima.com.vn\/en\/wp-json\/wp\/v2\/product_tag?post=10382"}],"curies":[{"name":"wp","href":"https:\/\/api.w.org\/{rel}","templated":true}]}}